{"id":12807,"date":"2026-05-05T08:54:28","date_gmt":"2026-05-05T07:54:28","guid":{"rendered":"https:\/\/festival.hfd.digital\/de\/?page_id=12807"},"modified":"2026-05-05T08:54:28","modified_gmt":"2026-05-05T07:54:28","slug":"programm-stages-2026","status":"publish","type":"page","link":"https:\/\/festival.hfd.digital\/de\/programm-stages-2026\/","title":{"rendered":"\u00dcber die Stages 2026"},"content":{"rendered":"\n<p><strong>Garden:Stage Berlin (22. &amp; 23. Juni):<\/strong>&nbsp;Die physische Hauptb\u00fchne des Festivals. Hier werden geladene Keynotes und ausgew\u00e4hlte Beitr\u00e4ge aus der Community gezeigt.<\/p>\n\n\n\n<p><strong>Landing:Stage Berlin<\/strong>&nbsp;<strong>(22. &amp; 23. Juni):<\/strong>&nbsp;Eine physische B\u00fchne in Berlin, die live auf die Startseite der Eventplattform \u00fcbertragen wird.<\/p>\n\n\n\n<p><strong>NRW:Stage in Essen<\/strong> (22. Juni): Die B\u00fchne in Essen wird von <a href=\"https:\/\/www.orca.nrw\/\" id=\"https:\/\/www.orca.nrw\/\">ORCA.nrw<\/a> organisiert. Inhaltlich steht Innovative Learning im Mittelpunkt.<\/p>\n\n\n\n<p><strong>Future-Tech:Stage &amp; Media Lab:Stage <strong>in Braunschweig<\/strong> (23. Juni):<\/strong>&nbsp;Die beiden B\u00fchne in Braunschweig werden organisiert von der&nbsp;<a href=\"https:\/\/www.tu-braunschweig.de\/\">Technischen Universit\u00e4t Braunschweig<\/a>. Schwerpunkt: Future Tech.<\/p>\n\n\n\n<p><strong>AI Force:Stage in Graz (23. Juni):<\/strong>&nbsp;Die B\u00fchne in Graz wird von der&nbsp;<a href=\"https:\/\/www.tugraz.at\/\">TU Graz<\/a> organisiert. Inhaltlich geht es um die Bedeutung von K\u00fcnstlicher Intelligenz f\u00fcr Hochschulen.<\/p>\n\n\n\n<p><strong>Shifting-Stage N\u00fcrnberg (23. Juni):<\/strong>&nbsp;Die N\u00fcrnberger B\u00fchne des Festivals, organisiert von der&nbsp;<a href=\"https:\/\/www.th-nuernberg.de\/\" target=\"_blank\" rel=\"noreferrer noopener\">Technischen Hochschule N\u00fcrnberg<\/a>&nbsp;und der&nbsp;<a href=\"https:\/\/www.utn.de\/\" target=\"_blank\" rel=\"noreferrer noopener\">Technischen Universit\u00e4t N\u00fcrnberg<\/a>. Schwerpunkt: Innovative Lehr-Lernans\u00e4tze.<\/p>\n\n\n\n<p><strong>Open for Change:Stage in Hamburg<\/strong> (24. Juni): Die B\u00fchne in Hamburg wird von der <a href=\"https:\/\/www.uni-hamburg.de\/\">Universit\u00e4t Hamburg<\/a>&nbsp;und dem <a href=\"https:\/\/oercamp.de\/\">#OERcamp<\/a>&nbsp;veranstaltet.<\/p>\n\n\n\n<p><strong>Track-Stages (DIGITAL) &amp; Workshops 1-4: <\/strong>Digitale B\u00fchnen mit Beitr\u00e4gen aus allen Tracks.<\/p>\n\n\n\n<p><strong>Pr\u00e4senz-Workshop &amp; Labs Berlin\/Essen\/Braunschweig\/Graz\/N\u00fcrnberg &amp; Hamburg<\/strong>:&nbsp;Workshops und Netzwerkevents, die nur vor Ort an einer der Pr\u00e4senzb\u00fchnen stattfinden. An diesen Programmpunkten k\u00f6nnen sie nur teilnehmen, wenn sie ein Ticket f\u00fcr die jeweilige B\u00fchne haben und vor Ort sind.<\/p>\n\n\n\n<figure class=\"wp-block-image size-large\"><img loading=\"lazy\" decoding=\"async\" width=\"700\" height=\"394\" src=\"https:\/\/festival.hfd.digital\/de\/wp-content\/uploads\/sites\/3\/2026\/04\/1-1-700x394.png\" alt=\"\" class=\"wp-image-12989\" srcset=\"https:\/\/festival.hfd.digital\/de\/wp-content\/uploads\/sites\/3\/2026\/04\/1-1-700x394.png 700w, https:\/\/festival.hfd.digital\/de\/wp-content\/uploads\/sites\/3\/2026\/04\/1-1-250x141.png 250w, https:\/\/festival.hfd.digital\/de\/wp-content\/uploads\/sites\/3\/2026\/04\/1-1-768x432.png 768w, https:\/\/festival.hfd.digital\/de\/wp-content\/uploads\/sites\/3\/2026\/04\/1-1-1536x864.png 1536w, https:\/\/festival.hfd.digital\/de\/wp-content\/uploads\/sites\/3\/2026\/04\/1-1-2048x1152.png 2048w, https:\/\/festival.hfd.digital\/de\/wp-content\/uploads\/sites\/3\/2026\/04\/1-1-120x68.png 120w\" sizes=\"auto, (max-width: 700px) 100vw, 700px\" \/><\/figure>\n","protected":false},"excerpt":{"rendered":"Garden:Stage Berlin (22. &amp; 23. Juni):&nbsp;Die physische Hauptb\u00fchne des Festivals. Hier werden geladene Keynotes und ausgew\u00e4hlte Beitr\u00e4ge aus der Community gezeigt. Landing:Stage Berlin&nbsp;(22. &amp; 23. Juni):&nbsp;Eine physische B\u00fchne in Berlin, die live auf die Startseite der Eventplattform \u00fcbertragen wird. NRW:Stage in Essen (22. Juni): Die B\u00fchne in Essen wird von ORCA.nrw organisiert. Inhaltlich steht Innovative&#8230; <a class=\"view-article\" href=\"https:\/\/festival.hfd.digital\/de\/programm-stages-2026\/\">View Article<\/a>","protected":false},"author":24,"featured_media":0,"parent":0,"menu_order":0,"comment_status":"closed","ping_status":"closed","template":"","meta":{"_acf_changed":false,"inline_featured_image":false,"footnotes":""},"class_list":["post-12807","page","type-page","status-publish","hentry"],"acf":[],"yoast_head":"<!-- This site is optimized with the Yoast SEO plugin v27.3 - https:\/\/yoast.com\/product\/yoast-seo-wordpress\/ -->\n<title>\u00dcber die Stages 2026 - University:Future Festival 2026<\/title>\n<meta name=\"robots\" content=\"index, follow, max-snippet:-1, max-image-preview:large, max-video-preview:-1\" \/>\n<link rel=\"canonical\" href=\"https:\/\/festival.hfd.digital\/de\/programm-stages-2026\/\" \/>\n<meta property=\"og:locale\" content=\"de_DE\" \/>\n<meta property=\"og:type\" content=\"article\" \/>\n<meta property=\"og:title\" content=\"\u00dcber die Stages 2026 - University:Future Festival 2026\" \/>\n<meta property=\"og:description\" content=\"Garden:Stage Berlin (22. &amp; 23. Juni):&nbsp;Die physische Hauptb\u00fchne des Festivals. Hier werden geladene Keynotes und ausgew\u00e4hlte Beitr\u00e4ge aus der Community gezeigt. Landing:Stage Berlin&nbsp;(22. &amp; 23. Juni):&nbsp;Eine physische B\u00fchne in Berlin, die live auf die Startseite der Eventplattform \u00fcbertragen wird. NRW:Stage in Essen (22. Juni): Die B\u00fchne in Essen wird von ORCA.nrw organisiert. Inhaltlich steht Innovative... View Article\" \/>\n<meta property=\"og:url\" content=\"https:\/\/festival.hfd.digital\/de\/programm-stages-2026\/\" \/>\n<meta property=\"og:site_name\" content=\"University:Future Festival 2026\" \/>\n<meta property=\"og:image\" content=\"https:\/\/festival.hfd.digital\/de\/wp-content\/uploads\/sites\/3\/2026\/04\/1-1-scaled.png\" \/>\n\t<meta property=\"og:image:width\" content=\"2560\" \/>\n\t<meta property=\"og:image:height\" content=\"1440\" \/>\n\t<meta property=\"og:image:type\" content=\"image\/png\" \/>\n<meta name=\"twitter:card\" content=\"summary_large_image\" \/>\n<meta name=\"twitter:label1\" content=\"Gesch\u00e4tzte Lesezeit\" \/>\n\t<meta name=\"twitter:data1\" content=\"2\u00a0Minuten\" \/>\n<script type=\"application\/ld+json\" class=\"yoast-schema-graph\">{\"@context\":\"https:\\\/\\\/schema.org\",\"@graph\":[{\"@type\":\"WebPage\",\"@id\":\"https:\\\/\\\/festival.hfd.digital\\\/de\\\/programm-stages-2026\\\/\",\"url\":\"https:\\\/\\\/festival.hfd.digital\\\/de\\\/programm-stages-2026\\\/\",\"name\":\"\u00dcber die Stages 2026 - University:Future Festival 2026\",\"isPartOf\":{\"@id\":\"https:\\\/\\\/festival.hfd.digital\\\/de\\\/#website\"},\"primaryImageOfPage\":{\"@id\":\"https:\\\/\\\/festival.hfd.digital\\\/de\\\/programm-stages-2026\\\/#primaryimage\"},\"image\":{\"@id\":\"https:\\\/\\\/festival.hfd.digital\\\/de\\\/programm-stages-2026\\\/#primaryimage\"},\"thumbnailUrl\":\"https:\\\/\\\/festival.hfd.digital\\\/de\\\/wp-content\\\/uploads\\\/sites\\\/3\\\/2026\\\/04\\\/1-1-700x394.png\",\"datePublished\":\"2026-05-05T07:54:28+00:00\",\"inLanguage\":\"de\",\"potentialAction\":[{\"@type\":\"ReadAction\",\"target\":[\"https:\\\/\\\/festival.hfd.digital\\\/de\\\/programm-stages-2026\\\/\"]}]},{\"@type\":\"ImageObject\",\"inLanguage\":\"de\",\"@id\":\"https:\\\/\\\/festival.hfd.digital\\\/de\\\/programm-stages-2026\\\/#primaryimage\",\"url\":\"https:\\\/\\\/festival.hfd.digital\\\/de\\\/wp-content\\\/uploads\\\/sites\\\/3\\\/2026\\\/04\\\/1-1-scaled.png\",\"contentUrl\":\"https:\\\/\\\/festival.hfd.digital\\\/de\\\/wp-content\\\/uploads\\\/sites\\\/3\\\/2026\\\/04\\\/1-1-scaled.png\",\"width\":2560,\"height\":1440},{\"@type\":\"WebSite\",\"@id\":\"https:\\\/\\\/festival.hfd.digital\\\/de\\\/#website\",\"url\":\"https:\\\/\\\/festival.hfd.digital\\\/de\\\/\",\"name\":\"University:Future Festival 2026\",\"description\":\"Das j\u00e4hrliche Festival zur Zukunft der Hochschulbildung.\",\"potentialAction\":[{\"@type\":\"SearchAction\",\"target\":{\"@type\":\"EntryPoint\",\"urlTemplate\":\"https:\\\/\\\/festival.hfd.digital\\\/de\\\/?s={search_term_string}\"},\"query-input\":{\"@type\":\"PropertyValueSpecification\",\"valueRequired\":true,\"valueName\":\"search_term_string\"}}],\"inLanguage\":\"de\"}]}<\/script>\n<!-- \/ Yoast SEO plugin. -->","yoast_head_json":{"title":"\u00dcber die Stages 2026 - University:Future Festival 2026","robots":{"index":"index","follow":"follow","max-snippet":"max-snippet:-1","max-image-preview":"max-image-preview:large","max-video-preview":"max-video-preview:-1"},"canonical":"https:\/\/festival.hfd.digital\/de\/programm-stages-2026\/","og_locale":"de_DE","og_type":"article","og_title":"\u00dcber die Stages 2026 - University:Future Festival 2026","og_description":"Garden:Stage Berlin (22. &amp; 23. Juni):&nbsp;Die physische Hauptb\u00fchne des Festivals. Hier werden geladene Keynotes und ausgew\u00e4hlte Beitr\u00e4ge aus der Community gezeigt. Landing:Stage Berlin&nbsp;(22. &amp; 23. Juni):&nbsp;Eine physische B\u00fchne in Berlin, die live auf die Startseite der Eventplattform \u00fcbertragen wird. NRW:Stage in Essen (22. Juni): Die B\u00fchne in Essen wird von ORCA.nrw organisiert. Inhaltlich steht Innovative... View Article","og_url":"https:\/\/festival.hfd.digital\/de\/programm-stages-2026\/","og_site_name":"University:Future Festival 2026","og_image":[{"width":2560,"height":1440,"url":"https:\/\/festival.hfd.digital\/de\/wp-content\/uploads\/sites\/3\/2026\/04\/1-1-scaled.png","type":"image\/png"}],"twitter_card":"summary_large_image","twitter_misc":{"Gesch\u00e4tzte Lesezeit":"2\u00a0Minuten"},"schema":{"@context":"https:\/\/schema.org","@graph":[{"@type":"WebPage","@id":"https:\/\/festival.hfd.digital\/de\/programm-stages-2026\/","url":"https:\/\/festival.hfd.digital\/de\/programm-stages-2026\/","name":"\u00dcber die Stages 2026 - University:Future Festival 2026","isPartOf":{"@id":"https:\/\/festival.hfd.digital\/de\/#website"},"primaryImageOfPage":{"@id":"https:\/\/festival.hfd.digital\/de\/programm-stages-2026\/#primaryimage"},"image":{"@id":"https:\/\/festival.hfd.digital\/de\/programm-stages-2026\/#primaryimage"},"thumbnailUrl":"https:\/\/festival.hfd.digital\/de\/wp-content\/uploads\/sites\/3\/2026\/04\/1-1-700x394.png","datePublished":"2026-05-05T07:54:28+00:00","inLanguage":"de","potentialAction":[{"@type":"ReadAction","target":["https:\/\/festival.hfd.digital\/de\/programm-stages-2026\/"]}]},{"@type":"ImageObject","inLanguage":"de","@id":"https:\/\/festival.hfd.digital\/de\/programm-stages-2026\/#primaryimage","url":"https:\/\/festival.hfd.digital\/de\/wp-content\/uploads\/sites\/3\/2026\/04\/1-1-scaled.png","contentUrl":"https:\/\/festival.hfd.digital\/de\/wp-content\/uploads\/sites\/3\/2026\/04\/1-1-scaled.png","width":2560,"height":1440},{"@type":"WebSite","@id":"https:\/\/festival.hfd.digital\/de\/#website","url":"https:\/\/festival.hfd.digital\/de\/","name":"University:Future Festival 2026","description":"Das j\u00e4hrliche Festival zur Zukunft der Hochschulbildung.","potentialAction":[{"@type":"SearchAction","target":{"@type":"EntryPoint","urlTemplate":"https:\/\/festival.hfd.digital\/de\/?s={search_term_string}"},"query-input":{"@type":"PropertyValueSpecification","valueRequired":true,"valueName":"search_term_string"}}],"inLanguage":"de"}]}},"_links":{"self":[{"href":"https:\/\/festival.hfd.digital\/de\/wp-json\/wp\/v2\/pages\/12807","targetHints":{"allow":["GET"]}}],"collection":[{"href":"https:\/\/festival.hfd.digital\/de\/wp-json\/wp\/v2\/pages"}],"about":[{"href":"https:\/\/festival.hfd.digital\/de\/wp-json\/wp\/v2\/types\/page"}],"author":[{"embeddable":true,"href":"https:\/\/festival.hfd.digital\/de\/wp-json\/wp\/v2\/users\/24"}],"replies":[{"embeddable":true,"href":"https:\/\/festival.hfd.digital\/de\/wp-json\/wp\/v2\/comments?post=12807"}],"version-history":[{"count":8,"href":"https:\/\/festival.hfd.digital\/de\/wp-json\/wp\/v2\/pages\/12807\/revisions"}],"predecessor-version":[{"id":12991,"href":"https:\/\/festival.hfd.digital\/de\/wp-json\/wp\/v2\/pages\/12807\/revisions\/12991"}],"wp:attachment":[{"href":"https:\/\/festival.hfd.digital\/de\/wp-json\/wp\/v2\/media?parent=12807"}],"curies":[{"name":"wp","href":"https:\/\/api.w.org\/{rel}","templated":true}]}}