{"id":12713,"date":"2026-05-05T14:31:53","date_gmt":"2026-05-05T13:31:53","guid":{"rendered":"https:\/\/festival.hfd.digital\/de\/?page_id=12713"},"modified":"2026-05-05T17:35:55","modified_gmt":"2026-05-05T16:35:55","slug":"praesenzbuehne-essen-2026","status":"publish","type":"page","link":"https:\/\/festival.hfd.digital\/de\/praesenzbuehne-essen-2026\/","title":{"rendered":"NRW:Stage Essen"},"content":{"rendered":"\n<p>Auf der NRW:Stage steht das Thema Innovative Learning im Mittelpunkt. Dabei geht es um aktuelle Ans\u00e4tze und Entwicklungen rund um digitale Lehre, Barrierefreiheit und die Lehr- und Lernmethoden der Zukunft. Im Fokus steht die gesamte Bandbreite der Angebote in NRW.&nbsp;<\/p>\n\n\n<div class=\"wp-block-image is-style-default\">\n<figure class=\"aligncenter size-large\"><img loading=\"lazy\" decoding=\"async\" width=\"700\" height=\"394\" src=\"https:\/\/festival.hfd.digital\/de\/wp-content\/uploads\/sites\/3\/2026\/04\/Stage-Sharepic_Essen-700x394.png\" alt=\"\" class=\"wp-image-12715\" srcset=\"https:\/\/festival.hfd.digital\/de\/wp-content\/uploads\/sites\/3\/2026\/04\/Stage-Sharepic_Essen-700x394.png 700w, https:\/\/festival.hfd.digital\/de\/wp-content\/uploads\/sites\/3\/2026\/04\/Stage-Sharepic_Essen-250x141.png 250w, https:\/\/festival.hfd.digital\/de\/wp-content\/uploads\/sites\/3\/2026\/04\/Stage-Sharepic_Essen-768x432.png 768w, https:\/\/festival.hfd.digital\/de\/wp-content\/uploads\/sites\/3\/2026\/04\/Stage-Sharepic_Essen-1536x864.png 1536w, https:\/\/festival.hfd.digital\/de\/wp-content\/uploads\/sites\/3\/2026\/04\/Stage-Sharepic_Essen-120x68.png 120w, https:\/\/festival.hfd.digital\/de\/wp-content\/uploads\/sites\/3\/2026\/04\/Stage-Sharepic_Essen.png 1920w\" sizes=\"auto, (max-width: 700px) 100vw, 700px\" \/><\/figure>\n<\/div>\n\n\n<p><\/p>\n\n\n\n<p>Die Pr\u00e4senzb\u00fchne in Essen wird organisiert von <a href=\"http:\/\/orca.nrw\/\" id=\"http:\/\/orca.nrw\/\">ORCA.nrw<\/a> in Zusammenarbeit mit der Rechtsinformationsstelle ORCA.nrw, den Hochschuldidaktiknetzwerken hdw nrw und Hochschuldidaktik NRW, den LMS-Kompetenzzentren Moodle.nrw und ILIAS.nrw, KI:edu.nrw, dem Kompetenzzentrum Digitale Barrierefreiheit.nrw sowie dem Universit\u00e4tsverbund digiLL.<\/p>\n\n\n\n<div class=\"wp-block-buttons is-layout-flex wp-block-buttons-is-layout-flex\">\n<div class=\"wp-block-button\"><a class=\"wp-block-button__link wp-element-button\" href=\"https:\/\/festival.hfd.digital\/de\/tickets-2026\/\">Sichern Sie sich hier ihr Ticket<\/a><\/div>\n<\/div>\n\n\n\n<p><strong>Eckdaten<\/strong>: ORCA.nrw l\u00e4dt in Zusammenarbeit mit der Rechtsinformationsstelle ORCA.nrw, den Hochschuldidaktiknetzwerken hdw nrw und Hochschuldidaktik NRW, den LMS-Kompetenzzentren Moodle.nrw und ILIAS.nrw, KI:edu.nrw, dem Kompetenzzentrum Digitale Barrierefreiheit.nrw sowie dem Universit\u00e4tsverbund digiLL am 22. Juni ins Unperfekthaus in Essen ein. Das Programm auf der NRW:Stage startet um 9:30 Uhr und endet um 17:30 Uhr.<br><br><strong>Location<\/strong>: Unperfekthaus, Friedrich-Ebert-Stra\u00dfe 18-20, 45127 Essen.<br><br><strong>Anreise<\/strong>: <br>Mit <strong>\u00d6PNV<\/strong>: F\u00fcr die Anreise nutzen Sie ab Essen Hauptbahnhof den \u00f6ffentlichen Nahverkehr und steigen Sie an der Haltestelle \u201eBerliner Platz\u201c aus. <br>Mit dem <strong>Auto<\/strong>: Alternativ k\u00f6nnen Sie im 24h-Parkhaus am Weberplatz parken. <br>Mit dem <strong>Fahrrad<\/strong>: Fahrradst\u00e4nder finden Sie direkt vor dem Unperfekthaus.<\/p>\n\n\n\n<p><a href=\"#keynotes\">Keynote-Speaker:innen<\/a><br><a href=\"#rahmenprogramm\">Rahmenprogramm<\/a><br><a href=\"#b\u00fchnenprogramm\">B\u00fchnenprogramm<\/a><\/p>\n\n\n\n<h2 class=\"wp-block-heading\" id=\"keynotes\">Keynote-Speaker:innen (Auswahl)<\/h2>\n\n\n\n<div class=\"wp-block-columns is-layout-flex wp-container-core-columns-is-layout-9d6595d7 wp-block-columns-is-layout-flex\">\n<div class=\"wp-block-column is-layout-flow wp-block-column-is-layout-flow\">\n<figure class=\"wp-block-image size-full is-style-rounded wp-duotone-unset-1\"><img loading=\"lazy\" decoding=\"async\" width=\"1920\" height=\"2560\" src=\"https:\/\/festival.hfd.digital\/de\/wp-content\/uploads\/sites\/3\/2026\/04\/Silke-Kirberg_sw-3-scaled.jpg\" alt=\"\" class=\"wp-image-12833\" style=\"aspect-ratio:1;object-fit:cover\" srcset=\"https:\/\/festival.hfd.digital\/de\/wp-content\/uploads\/sites\/3\/2026\/04\/Silke-Kirberg_sw-3-scaled.jpg 1920w, https:\/\/festival.hfd.digital\/de\/wp-content\/uploads\/sites\/3\/2026\/04\/Silke-Kirberg_sw-3-250x333.jpg 250w, https:\/\/festival.hfd.digital\/de\/wp-content\/uploads\/sites\/3\/2026\/04\/Silke-Kirberg_sw-3-700x933.jpg 700w, https:\/\/festival.hfd.digital\/de\/wp-content\/uploads\/sites\/3\/2026\/04\/Silke-Kirberg_sw-3-768x1024.jpg 768w, https:\/\/festival.hfd.digital\/de\/wp-content\/uploads\/sites\/3\/2026\/04\/Silke-Kirberg_sw-3-1152x1536.jpg 1152w, https:\/\/festival.hfd.digital\/de\/wp-content\/uploads\/sites\/3\/2026\/04\/Silke-Kirberg_sw-3-1536x2048.jpg 1536w, https:\/\/festival.hfd.digital\/de\/wp-content\/uploads\/sites\/3\/2026\/04\/Silke-Kirberg_sw-3-120x160.jpg 120w\" sizes=\"auto, (max-width: 1920px) 100vw, 1920px\" \/><\/figure>\n\n\n\n<p class=\"has-text-align-center\"><strong>Silke Kirberg<\/strong><br>Leitet den Arbeitsbereich eLearning im Ressort f\u00fcr Studium und Lehre an der Hochschule Niederrhein<\/p>\n<\/div>\n\n\n\n<div class=\"wp-block-column is-layout-flow wp-block-column-is-layout-flow\"><div class=\"wp-block-image is-style-rounded wp-duotone-unset-2\">\n<figure class=\"aligncenter size-full\"><img loading=\"lazy\" decoding=\"async\" width=\"1280\" height=\"1536\" src=\"https:\/\/festival.hfd.digital\/de\/wp-content\/uploads\/sites\/3\/2026\/04\/serap-bilgin.jpg\" alt=\"\" class=\"wp-image-12835\" style=\"aspect-ratio:1;object-fit:cover\" srcset=\"https:\/\/festival.hfd.digital\/de\/wp-content\/uploads\/sites\/3\/2026\/04\/serap-bilgin.jpg 1280w, https:\/\/festival.hfd.digital\/de\/wp-content\/uploads\/sites\/3\/2026\/04\/serap-bilgin-250x300.jpg 250w, https:\/\/festival.hfd.digital\/de\/wp-content\/uploads\/sites\/3\/2026\/04\/serap-bilgin-700x840.jpg 700w, https:\/\/festival.hfd.digital\/de\/wp-content\/uploads\/sites\/3\/2026\/04\/serap-bilgin-768x922.jpg 768w, https:\/\/festival.hfd.digital\/de\/wp-content\/uploads\/sites\/3\/2026\/04\/serap-bilgin-120x144.jpg 120w\" sizes=\"auto, (max-width: 1280px) 100vw, 1280px\" \/><\/figure>\n<\/div>\n\n\n<p class=\"has-text-align-center\"><strong>Serap Biligin<\/strong><br>Rechtsinformationsstelle ORCA.nrw (FernUniversit\u00e4t Hagen)<\/p>\n<\/div>\n\n\n\n<div class=\"wp-block-column is-layout-flow wp-block-column-is-layout-flow\"><div class=\"wp-block-image is-style-rounded wp-duotone-unset-3\">\n<figure class=\"aligncenter size-full\"><img loading=\"lazy\" decoding=\"async\" width=\"2560\" height=\"1703\" src=\"https:\/\/festival.hfd.digital\/de\/wp-content\/uploads\/sites\/3\/2026\/04\/CarsterBender-scaled.jpg\" alt=\"\" class=\"wp-image-12836\" style=\"aspect-ratio:1;object-fit:cover\" srcset=\"https:\/\/festival.hfd.digital\/de\/wp-content\/uploads\/sites\/3\/2026\/04\/CarsterBender-scaled.jpg 2560w, https:\/\/festival.hfd.digital\/de\/wp-content\/uploads\/sites\/3\/2026\/04\/CarsterBender-250x166.jpg 250w, https:\/\/festival.hfd.digital\/de\/wp-content\/uploads\/sites\/3\/2026\/04\/CarsterBender-700x466.jpg 700w, https:\/\/festival.hfd.digital\/de\/wp-content\/uploads\/sites\/3\/2026\/04\/CarsterBender-768x511.jpg 768w, https:\/\/festival.hfd.digital\/de\/wp-content\/uploads\/sites\/3\/2026\/04\/CarsterBender-1536x1022.jpg 1536w, https:\/\/festival.hfd.digital\/de\/wp-content\/uploads\/sites\/3\/2026\/04\/CarsterBender-2048x1363.jpg 2048w, https:\/\/festival.hfd.digital\/de\/wp-content\/uploads\/sites\/3\/2026\/04\/CarsterBender-120x80.jpg 120w\" sizes=\"auto, (max-width: 2560px) 100vw, 2560px\" \/><\/figure>\n<\/div>\n\n\n<p class=\"has-text-align-center\"><strong>Carsten Bender<\/strong><br>Kompetenzzentrum Digitale Barrierefreiheit.nrw (TU Dortmund)<\/p>\n<\/div>\n<\/div>\n\n\n\n<h2 class=\"wp-block-heading\" id=\"rahmenprogramm\"><strong>Rahmenprogramm<\/strong><\/h2>\n\n\n\n<p>Auch abseits des B\u00fchnenprogramms der NRW:Stage haben Sie den ganzen Tag \u00fcber vielf\u00e4ltige M\u00f6glichkeiten, Personen und Institutionen rund um digitale Lehre und Lernen in NRW kennenzulernen. Zahlreiche Workshops laden dazu ein, sich inspirieren zu lassen. Die Landesinitiative f\u00fcr Forschungsdatenmanagement \u2013 fdm.nrw pr\u00e4sentiert sich mit einem Stand. Au\u00dferdem macht das Projekt KlimaOER mit seinem Klimakoffer den Klimawandel experimentell erfahrbar.<\/p>\n\n\n\n<p>Das Community-Treffen des Kompetenzzentrums Digitale Barrierefreiheit.nrw ist in das Rahmenprogramm des Tages auf der U:FF NRW:Stage in Essen eingebettet und findet am Vormittag statt. Vier Jahre Kompetenzzentrum Digitale Barrierefreiheit.nrw bedeuten auch vier Jahre Netzwerkarbeit der Hochschulen in NRW f\u00fcr mehr Barrierefreiheit in Studium und Lehre. In drei Netzwerken tauschen sich die Akteur*innen regelm\u00e4\u00dfig \u00fcber Good Practice und Synergien in den Bereichen barrierefreie Webauftritte, digitale Anwendungen in Studium und Lehre sowie den Einsatz von assistiven Technologien aus. Beim University:Future Festival treffen sich die Netzwerke erstmals in Pr\u00e4senz. Das Kompetenzzentrum organisiert ein Austausch- und Workshopprogramm, das auch f\u00fcr interessierte Besucher*innen der NRW:Stage offensteht.<\/p>\n\n\n\n<p>Am Nachmittag laden wir zur Teaching Clinic ein: Ab 14:15 Uhr k\u00f6nnen Sie Ihre Fragen rund um die Lehre direkt an die Expert*innen von KI:edu.nrw, Moodle.nrw, ILIAS.nrw, dem Netzwerk hdw nrw, dem Netzwerk Hochschuldidaktik NRW, dem Kompetenzzentrum Digitale Barrierefreiheit.nrw und dem Universit\u00e4tsverbund digiLL richten. Sie haben die M\u00f6glichkeit, vor der Veranstaltung Slots zu buchen. Au\u00dferdem laden wir im Nachmittagsbereich zum Austausch und zur Vernetzung im Wintergarten, unserem Community Space mit Dachterrasse, ein.<\/p>\n\n\n\n<h2 class=\"wp-block-heading\" id=\"b\u00fchnenprogramm\">B\u00fchnenprogramm<\/h2>\n","protected":false},"excerpt":{"rendered":"Auf der NRW:Stage steht das Thema Innovative Learning im Mittelpunkt. Dabei geht es um aktuelle Ans\u00e4tze und Entwicklungen rund um digitale Lehre, Barrierefreiheit und die Lehr- und Lernmethoden der Zukunft. Im Fokus steht die gesamte Bandbreite der Angebote in NRW.&nbsp; Die Pr\u00e4senzb\u00fchne in Essen wird organisiert von ORCA.nrw in Zusammenarbeit mit der Rechtsinformationsstelle ORCA.nrw, den&#8230; <a class=\"view-article\" href=\"https:\/\/festival.hfd.digital\/de\/praesenzbuehne-essen-2026\/\">View Article<\/a>","protected":false},"author":3,"featured_media":0,"parent":0,"menu_order":0,"comment_status":"closed","ping_status":"closed","template":"template-sessionize-buehne.php","meta":{"_acf_changed":false,"inline_featured_image":false,"footnotes":""},"class_list":["post-12713","page","type-page","status-publish","hentry"],"acf":[],"yoast_head":"<!-- This site is optimized with the Yoast SEO plugin v27.3 - https:\/\/yoast.com\/product\/yoast-seo-wordpress\/ -->\n<title>NRW:Stage Essen - University:Future Festival 2026<\/title>\n<meta name=\"description\" content=\"Auf der NRW:Stage steht das Thema Innovative Learning im Mittelpunkt. Digitale Lehre, Barrierefreiheit und die Lehr- und Lernmethoden der Zukunft.\" \/>\n<meta name=\"robots\" content=\"index, follow, max-snippet:-1, max-image-preview:large, max-video-preview:-1\" \/>\n<link rel=\"canonical\" href=\"https:\/\/festival.hfd.digital\/de\/praesenzbuehne-essen-2026\/\" \/>\n<meta property=\"og:locale\" content=\"de_DE\" \/>\n<meta property=\"og:type\" content=\"article\" \/>\n<meta property=\"og:title\" content=\"NRW:Stage Essen - University:Future Festival 2026\" \/>\n<meta property=\"og:description\" content=\"Auf der NRW:Stage steht das Thema Innovative Learning im Mittelpunkt. Digitale Lehre, Barrierefreiheit und die Lehr- und Lernmethoden der Zukunft.\" \/>\n<meta property=\"og:url\" content=\"https:\/\/festival.hfd.digital\/de\/praesenzbuehne-essen-2026\/\" \/>\n<meta property=\"og:site_name\" content=\"University:Future Festival 2026\" \/>\n<meta property=\"article:modified_time\" content=\"2026-05-05T16:35:55+00:00\" \/>\n<meta property=\"og:image\" content=\"https:\/\/festival.hfd.digital\/de\/wp-content\/uploads\/sites\/3\/2026\/04\/Stage-Sharepic_Essen-700x394.png\" \/>\n\t<meta property=\"og:image:width\" content=\"700\" \/>\n\t<meta property=\"og:image:height\" content=\"394\" \/>\n\t<meta property=\"og:image:type\" content=\"image\/png\" \/>\n<meta name=\"twitter:card\" content=\"summary_large_image\" \/>\n<meta name=\"twitter:label1\" content=\"Gesch\u00e4tzte Lesezeit\" \/>\n\t<meta name=\"twitter:data1\" content=\"4\u00a0Minuten\" \/>\n<script type=\"application\/ld+json\" class=\"yoast-schema-graph\">{\"@context\":\"https:\\\/\\\/schema.org\",\"@graph\":[{\"@type\":\"WebPage\",\"@id\":\"https:\\\/\\\/festival.hfd.digital\\\/de\\\/praesenzbuehne-essen-2026\\\/\",\"url\":\"https:\\\/\\\/festival.hfd.digital\\\/de\\\/praesenzbuehne-essen-2026\\\/\",\"name\":\"NRW:Stage Essen - University:Future Festival 2026\",\"isPartOf\":{\"@id\":\"https:\\\/\\\/festival.hfd.digital\\\/de\\\/#website\"},\"primaryImageOfPage\":{\"@id\":\"https:\\\/\\\/festival.hfd.digital\\\/de\\\/praesenzbuehne-essen-2026\\\/#primaryimage\"},\"image\":{\"@id\":\"https:\\\/\\\/festival.hfd.digital\\\/de\\\/praesenzbuehne-essen-2026\\\/#primaryimage\"},\"thumbnailUrl\":\"https:\\\/\\\/festival.hfd.digital\\\/de\\\/wp-content\\\/uploads\\\/sites\\\/3\\\/2026\\\/04\\\/Stage-Sharepic_Essen-700x394.png\",\"datePublished\":\"2026-05-05T13:31:53+00:00\",\"dateModified\":\"2026-05-05T16:35:55+00:00\",\"description\":\"Auf der NRW:Stage steht das Thema Innovative Learning im Mittelpunkt. Digitale Lehre, Barrierefreiheit und die Lehr- und Lernmethoden der Zukunft.\",\"inLanguage\":\"de\",\"potentialAction\":[{\"@type\":\"ReadAction\",\"target\":[\"https:\\\/\\\/festival.hfd.digital\\\/de\\\/praesenzbuehne-essen-2026\\\/\"]}]},{\"@type\":\"ImageObject\",\"inLanguage\":\"de\",\"@id\":\"https:\\\/\\\/festival.hfd.digital\\\/de\\\/praesenzbuehne-essen-2026\\\/#primaryimage\",\"url\":\"https:\\\/\\\/festival.hfd.digital\\\/de\\\/wp-content\\\/uploads\\\/sites\\\/3\\\/2026\\\/04\\\/Stage-Sharepic_Essen.png\",\"contentUrl\":\"https:\\\/\\\/festival.hfd.digital\\\/de\\\/wp-content\\\/uploads\\\/sites\\\/3\\\/2026\\\/04\\\/Stage-Sharepic_Essen.png\",\"width\":1920,\"height\":1080},{\"@type\":\"WebSite\",\"@id\":\"https:\\\/\\\/festival.hfd.digital\\\/de\\\/#website\",\"url\":\"https:\\\/\\\/festival.hfd.digital\\\/de\\\/\",\"name\":\"University:Future Festival 2026\",\"description\":\"Das j\u00e4hrliche Festival zur Zukunft der Hochschulbildung.\",\"potentialAction\":[{\"@type\":\"SearchAction\",\"target\":{\"@type\":\"EntryPoint\",\"urlTemplate\":\"https:\\\/\\\/festival.hfd.digital\\\/de\\\/?s={search_term_string}\"},\"query-input\":{\"@type\":\"PropertyValueSpecification\",\"valueRequired\":true,\"valueName\":\"search_term_string\"}}],\"inLanguage\":\"de\"}]}<\/script>\n<!-- \/ Yoast SEO plugin. -->","yoast_head_json":{"title":"NRW:Stage Essen - University:Future Festival 2026","description":"Auf der NRW:Stage steht das Thema Innovative Learning im Mittelpunkt. Digitale Lehre, Barrierefreiheit und die Lehr- und Lernmethoden der Zukunft.","robots":{"index":"index","follow":"follow","max-snippet":"max-snippet:-1","max-image-preview":"max-image-preview:large","max-video-preview":"max-video-preview:-1"},"canonical":"https:\/\/festival.hfd.digital\/de\/praesenzbuehne-essen-2026\/","og_locale":"de_DE","og_type":"article","og_title":"NRW:Stage Essen - University:Future Festival 2026","og_description":"Auf der NRW:Stage steht das Thema Innovative Learning im Mittelpunkt. Digitale Lehre, Barrierefreiheit und die Lehr- und Lernmethoden der Zukunft.","og_url":"https:\/\/festival.hfd.digital\/de\/praesenzbuehne-essen-2026\/","og_site_name":"University:Future Festival 2026","article_modified_time":"2026-05-05T16:35:55+00:00","og_image":[{"width":700,"height":394,"url":"https:\/\/festival.hfd.digital\/de\/wp-content\/uploads\/sites\/3\/2026\/04\/Stage-Sharepic_Essen-700x394.png","type":"image\/png"}],"twitter_card":"summary_large_image","twitter_misc":{"Gesch\u00e4tzte Lesezeit":"4\u00a0Minuten"},"schema":{"@context":"https:\/\/schema.org","@graph":[{"@type":"WebPage","@id":"https:\/\/festival.hfd.digital\/de\/praesenzbuehne-essen-2026\/","url":"https:\/\/festival.hfd.digital\/de\/praesenzbuehne-essen-2026\/","name":"NRW:Stage Essen - University:Future Festival 2026","isPartOf":{"@id":"https:\/\/festival.hfd.digital\/de\/#website"},"primaryImageOfPage":{"@id":"https:\/\/festival.hfd.digital\/de\/praesenzbuehne-essen-2026\/#primaryimage"},"image":{"@id":"https:\/\/festival.hfd.digital\/de\/praesenzbuehne-essen-2026\/#primaryimage"},"thumbnailUrl":"https:\/\/festival.hfd.digital\/de\/wp-content\/uploads\/sites\/3\/2026\/04\/Stage-Sharepic_Essen-700x394.png","datePublished":"2026-05-05T13:31:53+00:00","dateModified":"2026-05-05T16:35:55+00:00","description":"Auf der NRW:Stage steht das Thema Innovative Learning im Mittelpunkt. Digitale Lehre, Barrierefreiheit und die Lehr- und Lernmethoden der Zukunft.","inLanguage":"de","potentialAction":[{"@type":"ReadAction","target":["https:\/\/festival.hfd.digital\/de\/praesenzbuehne-essen-2026\/"]}]},{"@type":"ImageObject","inLanguage":"de","@id":"https:\/\/festival.hfd.digital\/de\/praesenzbuehne-essen-2026\/#primaryimage","url":"https:\/\/festival.hfd.digital\/de\/wp-content\/uploads\/sites\/3\/2026\/04\/Stage-Sharepic_Essen.png","contentUrl":"https:\/\/festival.hfd.digital\/de\/wp-content\/uploads\/sites\/3\/2026\/04\/Stage-Sharepic_Essen.png","width":1920,"height":1080},{"@type":"WebSite","@id":"https:\/\/festival.hfd.digital\/de\/#website","url":"https:\/\/festival.hfd.digital\/de\/","name":"University:Future Festival 2026","description":"Das j\u00e4hrliche Festival zur Zukunft der Hochschulbildung.","potentialAction":[{"@type":"SearchAction","target":{"@type":"EntryPoint","urlTemplate":"https:\/\/festival.hfd.digital\/de\/?s={search_term_string}"},"query-input":{"@type":"PropertyValueSpecification","valueRequired":true,"valueName":"search_term_string"}}],"inLanguage":"de"}]}},"_links":{"self":[{"href":"https:\/\/festival.hfd.digital\/de\/wp-json\/wp\/v2\/pages\/12713","targetHints":{"allow":["GET"]}}],"collection":[{"href":"https:\/\/festival.hfd.digital\/de\/wp-json\/wp\/v2\/pages"}],"about":[{"href":"https:\/\/festival.hfd.digital\/de\/wp-json\/wp\/v2\/types\/page"}],"author":[{"embeddable":true,"href":"https:\/\/festival.hfd.digital\/de\/wp-json\/wp\/v2\/users\/3"}],"replies":[{"embeddable":true,"href":"https:\/\/festival.hfd.digital\/de\/wp-json\/wp\/v2\/comments?post=12713"}],"version-history":[{"count":25,"href":"https:\/\/festival.hfd.digital\/de\/wp-json\/wp\/v2\/pages\/12713\/revisions"}],"predecessor-version":[{"id":13244,"href":"https:\/\/festival.hfd.digital\/de\/wp-json\/wp\/v2\/pages\/12713\/revisions\/13244"}],"wp:attachment":[{"href":"https:\/\/festival.hfd.digital\/de\/wp-json\/wp\/v2\/media?parent=12713"}],"curies":[{"name":"wp","href":"https:\/\/api.w.org\/{rel}","templated":true}]}}