{"id":12708,"date":"2026-05-05T14:37:46","date_gmt":"2026-05-05T13:37:46","guid":{"rendered":"https:\/\/festival.hfd.digital\/de\/?page_id=12708"},"modified":"2026-05-05T16:55:26","modified_gmt":"2026-05-05T15:55:26","slug":"praesenzbuehne-hamburg-2026","status":"publish","type":"page","link":"https:\/\/festival.hfd.digital\/de\/praesenzbuehne-hamburg-2026\/","title":{"rendered":"Open for Change:Stage Hamburg"},"content":{"rendered":"\n<p>Die Open for Change:Stage in Hamburg r\u00fcckt Offenheit als zentrale Antwort auf gesellschaftlichen Wandel in den Fokus. Bildungseinrichtungen und Lehrkr\u00e4fte sind gefordert, Ver\u00e4nderung aktiv mitzugestalten und neue Rollen einzunehmen. Die B\u00fchne wird von der Universit\u00e4t Hamburg und dem OERcamp gestaltet und l\u00e4dt dazu ein, gemeinsam zu erkunden, wie Offenheit als Haltung und Prinzip Schule und Lehrkr\u00e4ftebildung f\u00fcr die Zukunft pr\u00e4gen kann.<\/p>\n\n\n<div class=\"wp-block-image is-style-default\">\n<figure class=\"aligncenter size-large\"><img loading=\"lazy\" decoding=\"async\" width=\"700\" height=\"394\" src=\"https:\/\/festival.hfd.digital\/de\/wp-content\/uploads\/sites\/3\/2026\/04\/Stage-Sharepic_Hamburg-700x394.png\" alt=\"\" class=\"wp-image-12710\" srcset=\"https:\/\/festival.hfd.digital\/de\/wp-content\/uploads\/sites\/3\/2026\/04\/Stage-Sharepic_Hamburg-700x394.png 700w, https:\/\/festival.hfd.digital\/de\/wp-content\/uploads\/sites\/3\/2026\/04\/Stage-Sharepic_Hamburg-250x141.png 250w, https:\/\/festival.hfd.digital\/de\/wp-content\/uploads\/sites\/3\/2026\/04\/Stage-Sharepic_Hamburg-768x432.png 768w, https:\/\/festival.hfd.digital\/de\/wp-content\/uploads\/sites\/3\/2026\/04\/Stage-Sharepic_Hamburg-1536x864.png 1536w, https:\/\/festival.hfd.digital\/de\/wp-content\/uploads\/sites\/3\/2026\/04\/Stage-Sharepic_Hamburg-120x68.png 120w, https:\/\/festival.hfd.digital\/de\/wp-content\/uploads\/sites\/3\/2026\/04\/Stage-Sharepic_Hamburg.png 1920w\" sizes=\"auto, (max-width: 700px) 100vw, 700px\" \/><\/figure>\n<\/div>\n\n\n<p><\/p>\n\n\n\n<p>Die Pr\u00e4senzb\u00fchne in Hamburg wird organisiert von der <a href=\"https:\/\/www.uni-hamburg.de\/\" id=\"https:\/\/www.uni-hamburg.de\/\">Universit\u00e4t Hamburg<\/a> und dem <a href=\"https:\/\/oercamp.de\/\" id=\"https:\/\/oercamp.de\/\">OERcamp<\/a>.<br>Das OERcamp ist Teil der OER-Strategie und wird vom Bundesministerium f\u00fcr Bildung, Familie, Senioren, Frauen und Jugend gef\u00f6rdert.&nbsp;<\/p>\n\n\n\n<div class=\"wp-block-buttons is-layout-flex wp-block-buttons-is-layout-flex\">\n<div class=\"wp-block-button\"><a class=\"wp-block-button__link wp-element-button\" href=\"https:\/\/festival.hfd.digital\/de\/tickets-2026\/\">Sichern Sie sich hier ihr Ticket<\/a><\/div>\n<\/div>\n\n\n\n<p><strong>Eckdaten<\/strong>: Am 22. Juni startet das Online-Barcamp, hosted by OERcamp. Zwei Tage sp\u00e4ter, am 24. Juni, erwartet euch in Hamburg zwischen 9 und 17 Uhr ein abwechslungsreiches und vielf\u00e4ltiges Programm mit spannenden Beitr\u00e4gen und Austauschm\u00f6glichkeiten.<\/p>\n\n\n\n<p><strong>Location<\/strong>: YU GARDEN, Feldbrunnenstra\u00dfe 67, 20148 Hamburg<\/p>\n\n\n\n<p><strong>Anreise<\/strong>: <br>\u2026<strong> mit S-Bahn und Bus:<\/strong> Ab dem Hamburger Hauptbahnhof fahren Sie mit der S2 oder S5 bis zur Haltestelle \u201eDammtor\u201d. Von dort aus sind es 14 Minuten Fu\u00dfweg (oder 2 Busstationen mit der Linie 114) zum Yu Garden.<\/p>\n\n\n\n<p>\u2026 <strong>mit der U-Bahn:<\/strong> Ab dem Hamburger Hauptbahnhof fahren Sie mit der U1 bis zur Haltestelle \u201eHallerstra\u00dfe\u201d. Von dort aus sind es noch ca. 10 Minuten Fu\u00dfweg bis zum YU GARDEN.<\/p>\n\n\n\n<p>\u2026 <strong>mit dem Auto:<\/strong> In den umliegenden Stra\u00dfen stehen sehr begrenzt kostenpflichtige Parkpl\u00e4tze zur Verf\u00fcgung. Wir empfehlen euch daher die Anreise mit den \u00f6ffentlichen Verkehrsmitteln.&nbsp;<br>\u2026 <strong>mit dem Fahrrad:<\/strong> Fahrr\u00e4der k\u00f6nnen direkt am YU GARDEN abgestellt werden.<\/p>\n\n\n\n<p><a href=\"#keynotes\">Keynote-Speaker:innen<\/a><br><a href=\"#rahmenprogramm\">Rahmenprogramm<\/a><br><a href=\"#abendveranstaltung\" id=\"#abendveranstaltung\">Abendveranstaltung<\/a><br><a href=\"#buehnenprogramm\">B\u00fchnenprogramm<\/a><\/p>\n\n\n\n<h2 class=\"wp-block-heading\" id=\"keynotes\">Keynote-Speaker:innen <\/h2>\n\n\n\n<div class=\"wp-block-columns is-layout-flex wp-container-core-columns-is-layout-9d6595d7 wp-block-columns-is-layout-flex\">\n<div class=\"wp-block-column is-layout-flow wp-block-column-is-layout-flow\">\n<figure class=\"wp-block-image size-full is-resized is-style-rounded wp-duotone-unset-1\"><img loading=\"lazy\" decoding=\"async\" width=\"1920\" height=\"2560\" src=\"https:\/\/festival.hfd.digital\/de\/wp-content\/uploads\/sites\/3\/2026\/04\/2026-OERcamp-UFF-Julia-Borggaerfe-scaled.jpg\" alt=\"\" class=\"wp-image-12849\" style=\"aspect-ratio:1;object-fit:cover;width:400px\" srcset=\"https:\/\/festival.hfd.digital\/de\/wp-content\/uploads\/sites\/3\/2026\/04\/2026-OERcamp-UFF-Julia-Borggaerfe-scaled.jpg 1920w, https:\/\/festival.hfd.digital\/de\/wp-content\/uploads\/sites\/3\/2026\/04\/2026-OERcamp-UFF-Julia-Borggaerfe-250x333.jpg 250w, https:\/\/festival.hfd.digital\/de\/wp-content\/uploads\/sites\/3\/2026\/04\/2026-OERcamp-UFF-Julia-Borggaerfe-700x933.jpg 700w, https:\/\/festival.hfd.digital\/de\/wp-content\/uploads\/sites\/3\/2026\/04\/2026-OERcamp-UFF-Julia-Borggaerfe-768x1024.jpg 768w, https:\/\/festival.hfd.digital\/de\/wp-content\/uploads\/sites\/3\/2026\/04\/2026-OERcamp-UFF-Julia-Borggaerfe-1152x1536.jpg 1152w, https:\/\/festival.hfd.digital\/de\/wp-content\/uploads\/sites\/3\/2026\/04\/2026-OERcamp-UFF-Julia-Borggaerfe-1536x2048.jpg 1536w, https:\/\/festival.hfd.digital\/de\/wp-content\/uploads\/sites\/3\/2026\/04\/2026-OERcamp-UFF-Julia-Borggaerfe-120x160.jpg 120w\" sizes=\"auto, (max-width: 1920px) 100vw, 1920px\" \/><\/figure>\n\n\n\n<p class=\"has-text-align-center\"><strong>Julia Borggr\u00e4fe<\/strong><br>Autorin &amp; Beraterin f\u00fcr strategische Transformation und Organisationsentwicklung<\/p>\n<\/div>\n\n\n\n<div class=\"wp-block-column is-layout-flow wp-block-column-is-layout-flow\"><div class=\"wp-block-image is-style-rounded wp-duotone-unset-2\">\n<figure class=\"aligncenter size-full is-resized\"><img loading=\"lazy\" decoding=\"async\" width=\"2560\" height=\"1703\" src=\"https:\/\/festival.hfd.digital\/de\/wp-content\/uploads\/sites\/3\/2026\/04\/2026-OERcamp-UFF-Monika-Strausberg-scaled.jpeg\" alt=\"\" class=\"wp-image-12848\" style=\"aspect-ratio:1;object-fit:cover;width:400px\" srcset=\"https:\/\/festival.hfd.digital\/de\/wp-content\/uploads\/sites\/3\/2026\/04\/2026-OERcamp-UFF-Monika-Strausberg-scaled.jpeg 2560w, https:\/\/festival.hfd.digital\/de\/wp-content\/uploads\/sites\/3\/2026\/04\/2026-OERcamp-UFF-Monika-Strausberg-250x166.jpeg 250w, https:\/\/festival.hfd.digital\/de\/wp-content\/uploads\/sites\/3\/2026\/04\/2026-OERcamp-UFF-Monika-Strausberg-700x466.jpeg 700w, https:\/\/festival.hfd.digital\/de\/wp-content\/uploads\/sites\/3\/2026\/04\/2026-OERcamp-UFF-Monika-Strausberg-768x511.jpeg 768w, https:\/\/festival.hfd.digital\/de\/wp-content\/uploads\/sites\/3\/2026\/04\/2026-OERcamp-UFF-Monika-Strausberg-1536x1022.jpeg 1536w, https:\/\/festival.hfd.digital\/de\/wp-content\/uploads\/sites\/3\/2026\/04\/2026-OERcamp-UFF-Monika-Strausberg-2048x1362.jpeg 2048w, https:\/\/festival.hfd.digital\/de\/wp-content\/uploads\/sites\/3\/2026\/04\/2026-OERcamp-UFF-Monika-Strausberg-120x80.jpeg 120w\" sizes=\"auto, (max-width: 2560px) 100vw, 2560px\" \/><\/figure>\n<\/div>\n\n\n<p class=\"has-text-align-center\"><strong>Monika Strausberg<\/strong><br>Schulleiterin der Beruflichen Schule ITECH Elbinsel Wilhelmsburg, Hamburg<\/p>\n<\/div>\n\n\n\n<div class=\"wp-block-column is-layout-flow wp-block-column-is-layout-flow\"><div class=\"wp-block-image is-style-rounded wp-duotone-unset-3\">\n<figure class=\"aligncenter size-full is-resized\"><img loading=\"lazy\" decoding=\"async\" width=\"300\" height=\"300\" src=\"https:\/\/festival.hfd.digital\/de\/wp-content\/uploads\/sites\/3\/2026\/04\/2026-OERcamp-UFF-jim-groom-headshot-300x300-1.jpg\" alt=\"\" class=\"wp-image-12847\" style=\"aspect-ratio:1;object-fit:cover;width:400px\" srcset=\"https:\/\/festival.hfd.digital\/de\/wp-content\/uploads\/sites\/3\/2026\/04\/2026-OERcamp-UFF-jim-groom-headshot-300x300-1.jpg 300w, https:\/\/festival.hfd.digital\/de\/wp-content\/uploads\/sites\/3\/2026\/04\/2026-OERcamp-UFF-jim-groom-headshot-300x300-1-250x250.jpg 250w, https:\/\/festival.hfd.digital\/de\/wp-content\/uploads\/sites\/3\/2026\/04\/2026-OERcamp-UFF-jim-groom-headshot-300x300-1-150x150.jpg 150w, https:\/\/festival.hfd.digital\/de\/wp-content\/uploads\/sites\/3\/2026\/04\/2026-OERcamp-UFF-jim-groom-headshot-300x300-1-120x120.jpg 120w\" sizes=\"auto, (max-width: 300px) 100vw, 300px\" \/><\/figure>\n<\/div>\n\n\n<p class=\"has-text-align-center\"><strong>Jim Groom<\/strong><br>\u201eEDUPUNK Posterboy\u201c (Wikipedia) und Retro-Technologist<\/p>\n<\/div>\n<\/div>\n\n\n\n<h2 class=\"wp-block-heading\" id=\"rahmenprogramm\">B\u00fchnenprogramm<\/h2>\n\n\n\n<h3 class=\"wp-block-heading\">Er\u00f6ffnung der Hamburger Partnerb\u00fchne mit:<\/h3>\n\n\n\n<ul class=\"wp-block-list\">\n<li class=\"has-medium-font-size\">Christina Schwalbe, Co-Host der Open for Change:Stage von Universit\u00e4t Hamburg und OERcamp<\/li>\n\n\n\n<li class=\"has-medium-font-size\">Natalia Filatkina, Vizepr\u00e4sidentin f\u00fcr Studium und Lehre der Universit\u00e4t Hamburg<\/li>\n\n\n\n<li class=\"has-medium-font-size\">Esther Bishop, Teamleitung Austausch &amp; Vernetzung, Stiftung f\u00fcr Innovation in der Hochschullehre<\/li>\n\n\n\n<li class=\"has-medium-font-size\">Kerstin Mayrberger, Professorin f\u00fcr Lehren und Lernen an der Hochschule mit Schwerpunkt Mediendidaktik an der Universit\u00e4t Hamburg und Co-Vorsitzende im Beirat zur Umsetzung der OER-Strategie des Bundesministeriums f\u00fcr Bildung, Familie, Senioren, Frauen und Jugend (BMBFSFJ)<\/li>\n<\/ul>\n\n\n\n<h3 class=\"wp-block-heading\">Unser vielf\u00e4ltiges Programm:<\/h3>\n\n\n\n<p class=\"has-medium-font-size\">Auf der Hauptb\u00fchne erwarten Sie inspirierende Keynotes, spannende Panels und pointierte Lightning Talks zu zentralen Zukunftsfragen von Bildung und Transformation.<\/p>\n\n\n\n<ul class=\"wp-block-list\">\n<li class=\"has-medium-font-size\">Unter Druck professionell werden. Was Schulen im Wandel von der Lehrkr\u00e4ftebildung verlangen, Monika Strausberg<\/li>\n\n\n\n<li class=\"has-medium-font-size\">Transformation ist mehr als Anpassung. Zukunftsf\u00e4higkeit als institutionelle Aufgabe, Dr. Julia Borggr\u00e4fe<\/li>\n\n\n\n<li class=\"has-medium-font-size\">LERNREISE &#8211; Partizipative Lehrkr\u00e4ftebildung f\u00fcr zukunftsf\u00e4hige Schulen, Louisa Schnetzer &amp; Maren Plaum<\/li>\n\n\n\n<li class=\"has-medium-font-size\">Lightning Talk: Nurturing Openness: Wie wir Open Education an Hochschulen st\u00e4rken, Nadine Linschinger &amp; Kristina Neub\u00f6ck<\/li>\n\n\n\n<li class=\"has-medium-font-size\">Lightning Talk: Warum es Studierende im Open Science Movement braucht, Robin Wensky, Laura Ragab &amp; Johannes Wagner<\/li>\n\n\n\n<li class=\"has-medium-font-size\">Lightning Talk: 2040 Tassen Kaffee f\u00fcr digitale Souver\u00e4nit\u00e4t: Die MoodleMoot DACH 2025, Anja Lorenz<\/li>\n\n\n\n<li class=\"has-medium-font-size\">Wie geht Zukunftsbildung? Wanda M\u00f6ller<\/li>\n\n\n\n<li class=\"has-medium-font-size\">Is punk dead (in education)? What does EDUPUNK mean in 2026? Jim Groom<\/li>\n\n\n\n<li class=\"has-medium-font-size\">Panel Diskussion: Crossing Borders, OER als Verbindung von Wirtschaft, beruflicher und akademischer Bildung, Henning Klaffke, Axel Grimm, Rainer Karcher &amp; Anthea Wagner&nbsp;<\/li>\n\n\n\n<li class=\"has-medium-font-size\">KI und Ko-Kreation im Klassenzimmer &#8211; Impulse f\u00fcr die Lehrkr\u00e4ftebildung, Celestine Kleinesper<\/li>\n\n\n\n<li class=\"has-medium-font-size\">Social Media Arbeit f\u00fcr Drittmittelprojekte: Transfer, Haltung, Widerspruch, Christine Kolbe<\/li>\n\n\n\n<li class=\"has-medium-font-size\">Panel Diskussion: Openess an Hochschulen:Strukturen, Kooperationen, Noreen Krause, Anja Lorenz &amp; David Stoellger<\/li>\n\n\n\n<li class=\"has-medium-font-size\">Teaching Analytics &#8211; wer nutzt eigentlich meine OER Materialien? Marco Winzker<\/li>\n<\/ul>\n\n\n\n<h3 class=\"wp-block-heading\">Abseits der Open for Change:Stage<\/h3>\n\n\n\n<p>Auch jenseits der B\u00fchnenbeitr\u00e4ge l\u00e4dt die Partnerb\u00fchne Open for Change:Stage dazu ein, ins Gespr\u00e4ch zu kommen, neue Perspektiven zu entdecken und Zukunft aktiv mitzugestalten. In einer offenen Atmosph\u00e4re entstehen R\u00e4ume f\u00fcr Austausch, spontane Begegnungen und gemeinsames Weiterdenken \u2013 zwischen Praxis, Wissenschaft und Gesellschaft. Hier geht es nicht nur ums Zuh\u00f6ren, sondern ums Mitmachen, Vernetzen und Erleben.<\/p>\n\n\n\n<p><strong>Workshops und Live-Podcasts im Teehaus<\/strong><\/p>\n\n\n\n<p>Im Teehaus entstehen in inspirierender Atmosph\u00e4re praxisnahe Workshops, die Raum f\u00fcr kreatives Arbeiten, vertieften Austausch und gemeinsames Ausprobieren bieten.<\/p>\n\n\n\n<ul class=\"wp-block-list\">\n<li class=\"has-medium-font-size\">Bildung brennt \u2013 kann Lehrkr\u00e4ftebildung sie retten? (Live-Podcast \u201eUpdate Hochschule\u201c) mit Ronny R\u00f6wert &amp; Franz Verg\u00f6hl<\/li>\n\n\n\n<li class=\"has-medium-font-size\">Open Education unter Druck: Lasst uns die OER-Bewegung retten! Workshop mit Nadine Linschinger &amp; Kristina Neub\u00f6ck<\/li>\n\n\n\n<li class=\"has-medium-font-size\">Is EDUPUNK dead? A conversation between Jim Groom, the \u201c\u2018poster boy\u2019 for edupunk\u2019\u201d and J\u00f6ran Muu\u00df-Merholz (Live-Podcast)<\/li>\n\n\n\n<li class=\"has-medium-font-size\">Hack the Infrastructure! Workshop mit Kathrin Rabsch &amp; Anna Neuenfeld<\/li>\n<\/ul>\n\n\n\n<p><strong>Co-Working und Networking Area mit Arts &amp; Experience Angebot vor Ort<\/strong><\/p>\n\n\n\n<p>In unserer Co-Working- und Networking-Area erwarten Sie interaktive Formate, die zum Ausprobieren, Diskutieren und Reflektieren einladen:<\/p>\n\n\n\n<ul class=\"wp-block-list\">\n<li class=\"has-medium-font-size\"><strong>Universit\u00e4t f\u00fcr neue Wirklichkeiten<\/strong><strong><br><\/strong>Die <em>Universit\u00e4t f\u00fcr neue Wirklichkeiten <\/em>stellt gewohnte Bildungslogiken auf den Kopf: Statt ECTS stehen gesellschaftliche Wirkung und Pers\u00f6nlichkeitsentwicklung im Mittelpunkt. Studierende arbeiten an realen SDG-Challenges und sammeln f\u00fcr ihre erzielte Wirkung sogenannte \u201eImpact Coins\u201c. Diese machen individuelle Kompetenzprofile sichtbar und er\u00f6ffnen neue Wege, Lernen und Leistung zu verstehen.<br>Durchgef\u00fchrt von: Ann-Christin J\u00fcrgensen, Annett Lehmann &amp; Sophie Heins<\/li>\n\n\n\n<li class=\"has-medium-font-size\"><strong>Transform.Ed \u2013 Schule der Zukunft<\/strong><strong><em><br><\/em><\/strong><em>Transform.Ed \u2013 Schule der Zukunft <\/em>pr\u00e4sentiert zwei innovative Prototypen f\u00fcr interaktive Schulentwicklung: In einem Serious Game schl\u00fcpfen Sie in die Rolle einer Schulleitung und treffen richtungsweisende Entscheidungen. Erg\u00e4nzend bietet das \u201eKoopendium\u201c praxisnahe Einblicke in Erfahrungen und Empfehlungen der Leuphana Innovation Community \u2013 f\u00fcr alle, die Schule aktiv weiterdenken wollen.<br>Durchgef\u00fchrt von: Ninja M\u00fcller &amp; Dennis Wohlfeil<\/li>\n<\/ul>\n\n\n\n<h2 class=\"wp-block-heading\" id=\"abendveranstaltung\">Abendveranstaltung<\/h2>\n\n\n\n<p>Wir schlie\u00dfen den Tag mit einem entspannten Get-together: ein bewusst geschaffener Raum, um ins Gespr\u00e4ch zu kommen, Gedanken weiterzuspinnen und neue Kontakte zu kn\u00fcpfen. In der wundersch\u00f6nen Atmosph\u00e4re des YU GARDEN, drinnen und drau\u00dfen, bietet sich die Gelegenheit, Themen aus dem Tag zu vertiefen, Ankn\u00fcpfungspunkte f\u00fcr Zusammenarbeit zu entdecken und sich informell zu vernetzen.<\/p>\n\n\n\n<h2 class=\"wp-block-heading\" id=\"buehnenprogramm\">B\u00fchnenprogramm<\/h2>\n","protected":false},"excerpt":{"rendered":"Die Open for Change:Stage in Hamburg r\u00fcckt Offenheit als zentrale Antwort auf gesellschaftlichen Wandel in den Fokus. Bildungseinrichtungen und Lehrkr\u00e4fte sind gefordert, Ver\u00e4nderung aktiv mitzugestalten und neue Rollen einzunehmen. Die B\u00fchne wird von der Universit\u00e4t Hamburg und dem OERcamp gestaltet und l\u00e4dt dazu ein, gemeinsam zu erkunden, wie Offenheit als Haltung und Prinzip Schule und&#8230; <a class=\"view-article\" href=\"https:\/\/festival.hfd.digital\/de\/praesenzbuehne-hamburg-2026\/\">View Article<\/a>","protected":false},"author":3,"featured_media":0,"parent":0,"menu_order":0,"comment_status":"closed","ping_status":"closed","template":"template-sessionize-buehne.php","meta":{"_acf_changed":false,"inline_featured_image":false,"footnotes":""},"class_list":["post-12708","page","type-page","status-publish","hentry"],"acf":[],"yoast_head":"<!-- This site is optimized with the Yoast SEO plugin v27.3 - https:\/\/yoast.com\/product\/yoast-seo-wordpress\/ -->\n<title>Open for Change:Stage Hamburg - University:Future Festival 2026<\/title>\n<meta name=\"description\" content=\"Die Open for Change:Stage in Hamburg erkundet, wie Offenheit Schule und Lehrkr\u00e4ftebildung f\u00fcr die Zukunft pr\u00e4gen kann.\" \/>\n<meta name=\"robots\" content=\"index, follow, max-snippet:-1, max-image-preview:large, max-video-preview:-1\" \/>\n<link rel=\"canonical\" href=\"https:\/\/festival.hfd.digital\/de\/praesenzbuehne-hamburg-2026\/\" \/>\n<meta property=\"og:locale\" content=\"de_DE\" \/>\n<meta property=\"og:type\" content=\"article\" \/>\n<meta property=\"og:title\" content=\"Open for Change:Stage Hamburg - University:Future Festival 2026\" \/>\n<meta property=\"og:description\" content=\"Die Open for Change:Stage in Hamburg erkundet, wie Offenheit Schule und Lehrkr\u00e4ftebildung f\u00fcr die Zukunft pr\u00e4gen kann.\" \/>\n<meta property=\"og:url\" content=\"https:\/\/festival.hfd.digital\/de\/praesenzbuehne-hamburg-2026\/\" \/>\n<meta property=\"og:site_name\" content=\"University:Future Festival 2026\" \/>\n<meta property=\"article:modified_time\" content=\"2026-05-05T15:55:26+00:00\" \/>\n<meta property=\"og:image\" content=\"https:\/\/festival.hfd.digital\/de\/wp-content\/uploads\/sites\/3\/2026\/04\/Stage-Sharepic_Hamburg-700x394.png\" \/>\n\t<meta property=\"og:image:width\" content=\"700\" \/>\n\t<meta property=\"og:image:height\" content=\"394\" \/>\n\t<meta property=\"og:image:type\" content=\"image\/png\" \/>\n<meta name=\"twitter:card\" content=\"summary_large_image\" \/>\n<meta name=\"twitter:label1\" content=\"Gesch\u00e4tzte Lesezeit\" \/>\n\t<meta name=\"twitter:data1\" content=\"6\u00a0Minuten\" \/>\n<script type=\"application\/ld+json\" class=\"yoast-schema-graph\">{\"@context\":\"https:\\\/\\\/schema.org\",\"@graph\":[{\"@type\":\"WebPage\",\"@id\":\"https:\\\/\\\/festival.hfd.digital\\\/de\\\/praesenzbuehne-hamburg-2026\\\/\",\"url\":\"https:\\\/\\\/festival.hfd.digital\\\/de\\\/praesenzbuehne-hamburg-2026\\\/\",\"name\":\"Open for Change:Stage Hamburg - University:Future Festival 2026\",\"isPartOf\":{\"@id\":\"https:\\\/\\\/festival.hfd.digital\\\/de\\\/#website\"},\"primaryImageOfPage\":{\"@id\":\"https:\\\/\\\/festival.hfd.digital\\\/de\\\/praesenzbuehne-hamburg-2026\\\/#primaryimage\"},\"image\":{\"@id\":\"https:\\\/\\\/festival.hfd.digital\\\/de\\\/praesenzbuehne-hamburg-2026\\\/#primaryimage\"},\"thumbnailUrl\":\"https:\\\/\\\/festival.hfd.digital\\\/de\\\/wp-content\\\/uploads\\\/sites\\\/3\\\/2026\\\/04\\\/Stage-Sharepic_Hamburg-700x394.png\",\"datePublished\":\"2026-05-05T13:37:46+00:00\",\"dateModified\":\"2026-05-05T15:55:26+00:00\",\"description\":\"Die Open for Change:Stage in Hamburg erkundet, wie Offenheit Schule und Lehrkr\u00e4ftebildung f\u00fcr die Zukunft pr\u00e4gen kann.\",\"inLanguage\":\"de\",\"potentialAction\":[{\"@type\":\"ReadAction\",\"target\":[\"https:\\\/\\\/festival.hfd.digital\\\/de\\\/praesenzbuehne-hamburg-2026\\\/\"]}]},{\"@type\":\"ImageObject\",\"inLanguage\":\"de\",\"@id\":\"https:\\\/\\\/festival.hfd.digital\\\/de\\\/praesenzbuehne-hamburg-2026\\\/#primaryimage\",\"url\":\"https:\\\/\\\/festival.hfd.digital\\\/de\\\/wp-content\\\/uploads\\\/sites\\\/3\\\/2026\\\/04\\\/Stage-Sharepic_Hamburg.png\",\"contentUrl\":\"https:\\\/\\\/festival.hfd.digital\\\/de\\\/wp-content\\\/uploads\\\/sites\\\/3\\\/2026\\\/04\\\/Stage-Sharepic_Hamburg.png\",\"width\":1920,\"height\":1080},{\"@type\":\"WebSite\",\"@id\":\"https:\\\/\\\/festival.hfd.digital\\\/de\\\/#website\",\"url\":\"https:\\\/\\\/festival.hfd.digital\\\/de\\\/\",\"name\":\"University:Future Festival 2026\",\"description\":\"Das j\u00e4hrliche Festival zur Zukunft der Hochschulbildung.\",\"potentialAction\":[{\"@type\":\"SearchAction\",\"target\":{\"@type\":\"EntryPoint\",\"urlTemplate\":\"https:\\\/\\\/festival.hfd.digital\\\/de\\\/?s={search_term_string}\"},\"query-input\":{\"@type\":\"PropertyValueSpecification\",\"valueRequired\":true,\"valueName\":\"search_term_string\"}}],\"inLanguage\":\"de\"}]}<\/script>\n<!-- \/ Yoast SEO plugin. -->","yoast_head_json":{"title":"Open for Change:Stage Hamburg - University:Future Festival 2026","description":"Die Open for Change:Stage in Hamburg erkundet, wie Offenheit Schule und Lehrkr\u00e4ftebildung f\u00fcr die Zukunft pr\u00e4gen kann.","robots":{"index":"index","follow":"follow","max-snippet":"max-snippet:-1","max-image-preview":"max-image-preview:large","max-video-preview":"max-video-preview:-1"},"canonical":"https:\/\/festival.hfd.digital\/de\/praesenzbuehne-hamburg-2026\/","og_locale":"de_DE","og_type":"article","og_title":"Open for Change:Stage Hamburg - University:Future Festival 2026","og_description":"Die Open for Change:Stage in Hamburg erkundet, wie Offenheit Schule und Lehrkr\u00e4ftebildung f\u00fcr die Zukunft pr\u00e4gen kann.","og_url":"https:\/\/festival.hfd.digital\/de\/praesenzbuehne-hamburg-2026\/","og_site_name":"University:Future Festival 2026","article_modified_time":"2026-05-05T15:55:26+00:00","og_image":[{"width":700,"height":394,"url":"https:\/\/festival.hfd.digital\/de\/wp-content\/uploads\/sites\/3\/2026\/04\/Stage-Sharepic_Hamburg-700x394.png","type":"image\/png"}],"twitter_card":"summary_large_image","twitter_misc":{"Gesch\u00e4tzte Lesezeit":"6\u00a0Minuten"},"schema":{"@context":"https:\/\/schema.org","@graph":[{"@type":"WebPage","@id":"https:\/\/festival.hfd.digital\/de\/praesenzbuehne-hamburg-2026\/","url":"https:\/\/festival.hfd.digital\/de\/praesenzbuehne-hamburg-2026\/","name":"Open for Change:Stage Hamburg - University:Future Festival 2026","isPartOf":{"@id":"https:\/\/festival.hfd.digital\/de\/#website"},"primaryImageOfPage":{"@id":"https:\/\/festival.hfd.digital\/de\/praesenzbuehne-hamburg-2026\/#primaryimage"},"image":{"@id":"https:\/\/festival.hfd.digital\/de\/praesenzbuehne-hamburg-2026\/#primaryimage"},"thumbnailUrl":"https:\/\/festival.hfd.digital\/de\/wp-content\/uploads\/sites\/3\/2026\/04\/Stage-Sharepic_Hamburg-700x394.png","datePublished":"2026-05-05T13:37:46+00:00","dateModified":"2026-05-05T15:55:26+00:00","description":"Die Open for Change:Stage in Hamburg erkundet, wie Offenheit Schule und Lehrkr\u00e4ftebildung f\u00fcr die Zukunft pr\u00e4gen kann.","inLanguage":"de","potentialAction":[{"@type":"ReadAction","target":["https:\/\/festival.hfd.digital\/de\/praesenzbuehne-hamburg-2026\/"]}]},{"@type":"ImageObject","inLanguage":"de","@id":"https:\/\/festival.hfd.digital\/de\/praesenzbuehne-hamburg-2026\/#primaryimage","url":"https:\/\/festival.hfd.digital\/de\/wp-content\/uploads\/sites\/3\/2026\/04\/Stage-Sharepic_Hamburg.png","contentUrl":"https:\/\/festival.hfd.digital\/de\/wp-content\/uploads\/sites\/3\/2026\/04\/Stage-Sharepic_Hamburg.png","width":1920,"height":1080},{"@type":"WebSite","@id":"https:\/\/festival.hfd.digital\/de\/#website","url":"https:\/\/festival.hfd.digital\/de\/","name":"University:Future Festival 2026","description":"Das j\u00e4hrliche Festival zur Zukunft der Hochschulbildung.","potentialAction":[{"@type":"SearchAction","target":{"@type":"EntryPoint","urlTemplate":"https:\/\/festival.hfd.digital\/de\/?s={search_term_string}"},"query-input":{"@type":"PropertyValueSpecification","valueRequired":true,"valueName":"search_term_string"}}],"inLanguage":"de"}]}},"_links":{"self":[{"href":"https:\/\/festival.hfd.digital\/de\/wp-json\/wp\/v2\/pages\/12708","targetHints":{"allow":["GET"]}}],"collection":[{"href":"https:\/\/festival.hfd.digital\/de\/wp-json\/wp\/v2\/pages"}],"about":[{"href":"https:\/\/festival.hfd.digital\/de\/wp-json\/wp\/v2\/types\/page"}],"author":[{"embeddable":true,"href":"https:\/\/festival.hfd.digital\/de\/wp-json\/wp\/v2\/users\/3"}],"replies":[{"embeddable":true,"href":"https:\/\/festival.hfd.digital\/de\/wp-json\/wp\/v2\/comments?post=12708"}],"version-history":[{"count":35,"href":"https:\/\/festival.hfd.digital\/de\/wp-json\/wp\/v2\/pages\/12708\/revisions"}],"predecessor-version":[{"id":13237,"href":"https:\/\/festival.hfd.digital\/de\/wp-json\/wp\/v2\/pages\/12708\/revisions\/13237"}],"wp:attachment":[{"href":"https:\/\/festival.hfd.digital\/de\/wp-json\/wp\/v2\/media?parent=12708"}],"curies":[{"name":"wp","href":"https:\/\/api.w.org\/{rel}","templated":true}]}}