{"id":12703,"date":"2026-05-04T10:30:48","date_gmt":"2026-05-04T09:30:48","guid":{"rendered":"https:\/\/festival.hfd.digital\/de\/?page_id=12703"},"modified":"2026-05-05T17:08:58","modified_gmt":"2026-05-05T16:08:58","slug":"praesenzbuehne-braunschweig-2026","status":"publish","type":"page","link":"https:\/\/festival.hfd.digital\/de\/praesenzbuehne-braunschweig-2026\/","title":{"rendered":"Future-Tech:Stage Braunschweig"},"content":{"rendered":"\n<p>Die Technologien der Zukunft, ihre Bedeutung, m\u00f6glichen Auswirkungen, Chancen und Risiken f\u00fcr Hochschulen stehen in Braunschweig im Fokus. Ob Weltraum (Rabea Rogge), Kommunikationsraum (Udbhav Tiwari), virtueller Raum (Prof. Dr. Frank Steinicke) oder spekulativer Raum (Theresa Hannig und Prof. Dr. Eckart Voigts): die Future-Tech:Stage \u00f6ffnet die B\u00fchne f\u00fcr viele Szenarien.<br><\/p>\n\n\n<div class=\"wp-block-image is-style-default\">\n<figure class=\"aligncenter size-large\"><img loading=\"lazy\" decoding=\"async\" width=\"700\" height=\"394\" src=\"https:\/\/festival.hfd.digital\/de\/wp-content\/uploads\/sites\/3\/2026\/04\/Stage-Sharepic_Braunschweig-700x394.png\" alt=\"\" class=\"wp-image-12706\" srcset=\"https:\/\/festival.hfd.digital\/de\/wp-content\/uploads\/sites\/3\/2026\/04\/Stage-Sharepic_Braunschweig-700x394.png 700w, https:\/\/festival.hfd.digital\/de\/wp-content\/uploads\/sites\/3\/2026\/04\/Stage-Sharepic_Braunschweig-250x141.png 250w, https:\/\/festival.hfd.digital\/de\/wp-content\/uploads\/sites\/3\/2026\/04\/Stage-Sharepic_Braunschweig-768x432.png 768w, https:\/\/festival.hfd.digital\/de\/wp-content\/uploads\/sites\/3\/2026\/04\/Stage-Sharepic_Braunschweig-1536x864.png 1536w, https:\/\/festival.hfd.digital\/de\/wp-content\/uploads\/sites\/3\/2026\/04\/Stage-Sharepic_Braunschweig-120x68.png 120w, https:\/\/festival.hfd.digital\/de\/wp-content\/uploads\/sites\/3\/2026\/04\/Stage-Sharepic_Braunschweig.png 1920w\" sizes=\"auto, (max-width: 700px) 100vw, 700px\" \/><\/figure>\n<\/div>\n\n\n<p><\/p>\n\n\n\n<p>Die Pr\u00e4senzb\u00fchne in Braunschweig wird organisiert vom Emerging Tech Lab und Media Lab des Projekthauses der TU Braunschweig<em>.<\/em><\/p>\n\n\n\n<div class=\"wp-block-buttons is-layout-flex wp-block-buttons-is-layout-flex\">\n<div class=\"wp-block-button\"><a class=\"wp-block-button__link wp-element-button\" href=\"https:\/\/festival.hfd.digital\/de\/tickets-2026\/\">Sichern Sie sich hier ihr Ticket<\/a><\/div>\n<\/div>\n\n\n\n<p><strong>Eckdaten<\/strong>: Ab 9 Uhr startet im historischen Zentralgeb\u00e4ude der TU Braunschweig die Akkreditierung der Partnerb\u00fchne. Um 09:30 Uhr beginnt das Programm auf der Hauptb\u00fchne, bald danach auch auf der Media Lab Stage sowie in den diversen Workshop- und Ausstellungsr\u00e4umen. Nach dem programmatischen Ende um 18:30 Uhr geht das Festival nahtlos in die beliebten Feierabendbeats \u00fcber, ehe um 22:00 Uhr auch dieser Ausklang ein Ende findet.<\/p>\n\n\n\n<p><strong>Location<\/strong>: Technische Universit\u00e4t Braunschweig, <a href=\"https:\/\/maps.app.goo.gl\/4E6eaFb3kS3GXHDs6\">Altgeb\u00e4ude im Zentral-Campus<\/a> und <a href=\"https:\/\/maps.app.goo.gl\/y68jcpgLGrBijLqYA\">Media Lab<\/a>, Pockelsstra\u00dfe 4, 38106 Braunschweig<\/p>\n\n\n\n<p><strong>Anreise<\/strong>: Mit \u00f6ffentlichen Verkehrsmitteln ab Hauptbahnhof Braunschweig mit den Buslinien 436 Braunschweig Flughafen oder 419 Amalienplatz bis Haltestelle Pockelsstra\u00dfe sowie mit den Stra\u00dfenbahnen 2 und 10 bis Haltestelle M\u00fchlenpfordtstra\u00dfe fahren. Mit dem Auto den Parkplatz Mensa Katharinenstra\u00dfe 1 und die umliegenden Stra\u00dfen nutzen. Parkpl\u00e4tze sind begrenzt. Behindertenparkpl\u00e4tze und ein barrierefreier Zugang befinden sich auf der R\u00fcckseite des Veranstaltungsgeb\u00e4udes, Zufahrt \u00fcber die Abt-Jerusalem-Stra\u00dfe.<\/p>\n\n\n\n<p><a href=\"#keynotes\">Keynote-Speaker:innen<\/a><br><a href=\"#rahmenprogramm\" id=\"#Rahmenprogramm\">Rahmenprogramm<br><\/a><a href=\"#abendveranstaltung\" id=\"#abendveranstaltung\">Abendveranstaltung<\/a><br><a href=\"#buehnenprogramm\">B\u00fchnenprogramm<\/a><\/p>\n\n\n\n<h2 class=\"wp-block-heading\" id=\"keynotes\">Keynote-Speaker:innen <\/h2>\n\n\n\n<div class=\"wp-block-columns is-layout-flex wp-container-core-columns-is-layout-9d6595d7 wp-block-columns-is-layout-flex\">\n<div class=\"wp-block-column is-layout-flow wp-block-column-is-layout-flow\">\n<figure class=\"wp-block-image is-style-rounded\"><img decoding=\"async\" src=\"https:\/\/sessionize.com\/image\/94fa-400o400o1-f3QkvUdZuWu7g3kxwZFrbd.jpg\" alt=\"Rabea Rogge, Astronautin, Robotikforscherin und Expertin f\u00fcr Exploration in extremen Umgebungen\" \/><\/figure>\n\n\n\n<p class=\"has-text-align-center\"><strong>Rabea Rogge <\/strong><br>Astronautin \/ Elektroingenieurin, NTNU \/ SpaceX)<\/p>\n<\/div>\n\n\n\n<div class=\"wp-block-column is-layout-flow wp-block-column-is-layout-flow\">\n<figure class=\"wp-block-image is-style-rounded\"><img decoding=\"async\" src=\"https:\/\/sessionize.com\/image\/8ea7-400o400o1-ULnSBUFdjz5N9jY6o9Y2ay.jpg\" alt=\"Udbhav Tiwari, VP, Strategy and Global Affairs, Signal\" \/><\/figure>\n\n\n\n<p class=\"has-text-align-center\"><strong>Udbhav Tiwari<\/strong> Vizepr\u00e4sident f\u00fcr Strategie und globale Angelegenheiten, Signal<\/p>\n<\/div>\n\n\n\n<div class=\"wp-block-column is-layout-flow wp-block-column-is-layout-flow\">\n<figure class=\"wp-block-image is-style-rounded\"><img decoding=\"async\" src=\"https:\/\/sessionize.com\/image\/bbad-400o400o1-3PBJ3rFBd2mnPLHFJsMYan.jpg\" alt=\"Frank Steinicke, Professor f\u00fcr Mensch-Computer-Interaktion\" \/><\/figure>\n\n\n\n<p class=\"has-text-align-center\"><strong>Prof. Dr. Frank Steinicke<\/strong> Professor f\u00fcr Mensch-Computer-Interaktion<\/p>\n<\/div>\n<\/div>\n\n\n\n<div class=\"wp-block-columns is-layout-flex wp-container-core-columns-is-layout-9d6595d7 wp-block-columns-is-layout-flex\">\n<div class=\"wp-block-column is-layout-flow wp-block-column-is-layout-flow\">\n<figure class=\"wp-block-image is-style-rounded\"><img decoding=\"async\" src=\"https:\/\/sessionize.com\/image\/39cd-400o400o1-7sWxWennfpbWgyJjCGy7Vp.jpg\" alt=\"Eckart Voigts, Professor f\u00fcr Anglistische Literatur- und Kulturwissenschaft an der Technischen Universit\u00e4t Braunschweig\" \/><\/figure>\n\n\n\n<p class=\"has-text-align-center\"><strong>Prof. Dr. Eckart Voigts<\/strong> <br>Professor f\u00fcr anglistische Literatur- und Kulturwissenschaften<\/p>\n<\/div>\n\n\n\n<div class=\"wp-block-column is-layout-flow wp-block-column-is-layout-flow\">\n<figure class=\"wp-block-image\"><img decoding=\"async\" src=\"https:\/\/festival.hfd.digital\/de\/wp-content\/themes\/university-future-festival\/assets\/img\/avatar_speaker_2026.svg\" alt=\"Theresa Hannig, Meine Tagline: Autorin f\u00fcr gesellschaftskritische Science-Fiction, Stadt- &amp; Kreisr\u00e4tin, Berufsoptimistin\" \/><\/figure>\n\n\n\n<p class=\"has-text-align-center\"><strong>Theresa Hannig<br><\/strong>Autorin f\u00fcr gesellschaftskritische Science-Fiction, Stadt- &amp; Kreisr\u00e4tin<\/p>\n<\/div>\n\n\n\n<div class=\"wp-block-column is-layout-flow wp-block-column-is-layout-flow\"><\/div>\n<\/div>\n\n\n\n<h2 class=\"wp-block-heading\" id=\"rahmenprogramm\"><strong>Rahmenprogramm<\/strong><\/h2>\n\n\n\n<p>Neben dem Programm auf der Future-Tech:Stage und der Media Lab Stage finden diverse weitere Highlights im Rahmen des U:FF 2026 in Braunschweig statt.&nbsp;<\/p>\n\n\n\n<p><strong>Im Erdgeschoss<\/strong> k\u00f6nnen im <strong>Science and Art Lab<\/strong> spannende Vortr\u00e4ge und Workshops rund um die Verkn\u00fcpfung von Wissenschaft und Kunst erlebt werden. Der <strong>Sandkasten <\/strong>\u00f6ffnet seine Pforten, um einen Blick hinter die Erfolgsgeschichte dieser niedrigschwelligen Campusbeteiligung zu werfen. Hier besteht die Chance, neben Studium und Lehre auch ehrenamtlich aktiv zu werden: Mit Unterst\u00fctzung der digitalen Plattform \u201eSandkasten\u201c k\u00f6nnen eigene Ideen umgesetzt und so das Stadt- und Campusleben aktiv mitgestaltet werden. Hier findet sich nicht nur Inspiration und Kontakt zu Gleichgesinnten, sondern auch alles, was f\u00fcr eine Umsetzung ben\u00f6tigt wird \u2013 vom Equipment zum Ausleihen bis hin zur finanziellen Unterst\u00fctzung f\u00fcr das Projekt. Ob nun Dinge nachhaltig ver\u00e4ndern und selbst gestalten werden sollen oder man einfach nur dabei sein m\u00f6chte: Die Sandkasten-Plattform unterst\u00fctzt bei diesen Vorhaben. Zudem wird im hinteren Teil des Sandkastens mit <strong>Polylog_ik<\/strong> eine Telefonzelle f\u00fcr die Zukunft ein tempor\u00e4res Zuhause finden.<\/p>\n\n\n\n<p><strong>Im ersten Stock<\/strong> erm\u00f6glicht das <strong>Ecoversity Hub<\/strong> einen direkten Austausch mit unseren Keynotes. Geladene G\u00e4ste k\u00f6nnen hier exklusive Gespr\u00e4che zu den jeweiligen Fachthemen f\u00fchren. In unseren Workshopr\u00e4umen sind spannende Beteiligungsformate angesiedelt. Au\u00dferdem wird hier mit <strong>Synthropy <\/strong>ein ganzer Raum zu einer Biotechnologie-Projektion umgewandelt &#8211; die perfekte M\u00f6glichkeit, dem Festivalstress zu entkommen. Entspannt wird es auch in unserer Lounge, sei es analog auf einer bunten Auswahl an verschiedenen M\u00f6beln oder in der VR-Entspannungsstation <strong>Asfixia.<\/strong><br><br>In der <strong>Mittagspause <\/strong>bietet das Hochschulsportzentrum im Rahmen der betrieblichen Gesundheitsf\u00f6rderung etwas Bewegung an. Der 15-min\u00fctige <strong>PausenExpress<\/strong> besteht aus einem Wechsel von Mobilisations-, Kr\u00e4ftigungs- und Dehn\u00fcbungen. Vor allem der Schulter-, Nacken- und R\u00fcckenbereich wird mobilisiert, trainiert und gelockert.\u00a0<\/p>\n\n\n\n<p><\/p>\n\n\n\n<h2 class=\"wp-block-heading\" id=\"abendveranstaltung\"><strong>Abendveranstaltung<\/strong><\/h2>\n\n\n\n<p>Nach dem Programm auf der Future-Tech:Stage um 18:30 Uhr beginnt mit den beliebten Feierabendbeats die Afterhour. <strong>\u201eFeierabendbeats<\/strong>\u201c ist eine von Studierenden f\u00fcr Studierende organisierte Musikveranstaltung, die in den Abendstunden Schwung in den Uni-Alltag bringt. Kommt vorbei und tanzt gemeinsam im Innenhof des Altgeb\u00e4udes in die sommerliche Nacht hinein! Das Team sorgt mit satten Beats lokaler DJs, k\u00fchlen Spa\u00dfgetr\u00e4nken und jeder Menge guter Laune f\u00fcr die perfekte Stimmung. Ob ihr den Tag entspannt ausklingen lassen wollt oder bis zum Sonnenuntergang tanzen m\u00f6chtet \u2013 wir sind von 18:30 bis 22:00 Uhr f\u00fcr euch da<\/p>\n\n\n\n<h2 class=\"wp-block-heading\" id=\"buehnenprogramm\">B\u00fchnenprogramm<\/h2>\n\n\n\n<p><\/p>\n","protected":false},"excerpt":{"rendered":"Die Technologien der Zukunft, ihre Bedeutung, m\u00f6glichen Auswirkungen, Chancen und Risiken f\u00fcr Hochschulen stehen in Braunschweig im Fokus. Ob Weltraum (Rabea Rogge), Kommunikationsraum (Udbhav Tiwari), virtueller Raum (Prof. Dr. Frank Steinicke) oder spekulativer Raum (Theresa Hannig und Prof. Dr. Eckart Voigts): die Future-Tech:Stage \u00f6ffnet die B\u00fchne f\u00fcr viele Szenarien. Die Pr\u00e4senzb\u00fchne in Braunschweig wird organisiert&#8230; <a class=\"view-article\" href=\"https:\/\/festival.hfd.digital\/de\/praesenzbuehne-braunschweig-2026\/\">View Article<\/a>","protected":false},"author":3,"featured_media":0,"parent":0,"menu_order":0,"comment_status":"closed","ping_status":"closed","template":"template-sessionize-buehne.php","meta":{"_acf_changed":false,"inline_featured_image":false,"footnotes":""},"class_list":["post-12703","page","type-page","status-publish","hentry"],"acf":[],"yoast_head":"<!-- This site is optimized with the Yoast SEO plugin v27.3 - https:\/\/yoast.com\/product\/yoast-seo-wordpress\/ -->\n<title>Future-Tech:Stage Braunschweig - University:Future Festival 2026<\/title>\n<meta name=\"description\" content=\"Die Technologien der Zukunft, ihre Bedeutung, m\u00f6glichen Auswirkungen, Chancen und Risiken f\u00fcr Hochschulen stehen in Braunschweig im Fokus.\" \/>\n<meta name=\"robots\" content=\"index, follow, max-snippet:-1, max-image-preview:large, max-video-preview:-1\" \/>\n<link rel=\"canonical\" href=\"https:\/\/festival.hfd.digital\/de\/praesenzbuehne-braunschweig-2026\/\" \/>\n<meta property=\"og:locale\" content=\"de_DE\" \/>\n<meta property=\"og:type\" content=\"article\" \/>\n<meta property=\"og:title\" content=\"Future-Tech:Stage Braunschweig - University:Future Festival 2026\" \/>\n<meta property=\"og:description\" content=\"Die Technologien der Zukunft, ihre Bedeutung, m\u00f6glichen Auswirkungen, Chancen und Risiken f\u00fcr Hochschulen stehen in Braunschweig im Fokus.\" \/>\n<meta property=\"og:url\" content=\"https:\/\/festival.hfd.digital\/de\/praesenzbuehne-braunschweig-2026\/\" \/>\n<meta property=\"og:site_name\" content=\"University:Future Festival 2026\" \/>\n<meta property=\"article:modified_time\" content=\"2026-05-05T16:08:58+00:00\" \/>\n<meta property=\"og:image\" content=\"https:\/\/festival.hfd.digital\/de\/wp-content\/uploads\/sites\/3\/2026\/04\/Stage-Sharepic_Braunschweig-700x394.png\" \/>\n\t<meta property=\"og:image:width\" content=\"700\" \/>\n\t<meta property=\"og:image:height\" content=\"394\" \/>\n\t<meta property=\"og:image:type\" content=\"image\/png\" \/>\n<meta name=\"twitter:card\" content=\"summary_large_image\" \/>\n<meta name=\"twitter:label1\" content=\"Gesch\u00e4tzte Lesezeit\" \/>\n\t<meta name=\"twitter:data1\" content=\"5\u00a0Minuten\" \/>\n<script type=\"application\/ld+json\" class=\"yoast-schema-graph\">{\"@context\":\"https:\\\/\\\/schema.org\",\"@graph\":[{\"@type\":\"WebPage\",\"@id\":\"https:\\\/\\\/festival.hfd.digital\\\/de\\\/praesenzbuehne-braunschweig-2026\\\/\",\"url\":\"https:\\\/\\\/festival.hfd.digital\\\/de\\\/praesenzbuehne-braunschweig-2026\\\/\",\"name\":\"Future-Tech:Stage Braunschweig - University:Future Festival 2026\",\"isPartOf\":{\"@id\":\"https:\\\/\\\/festival.hfd.digital\\\/de\\\/#website\"},\"primaryImageOfPage\":{\"@id\":\"https:\\\/\\\/festival.hfd.digital\\\/de\\\/praesenzbuehne-braunschweig-2026\\\/#primaryimage\"},\"image\":{\"@id\":\"https:\\\/\\\/festival.hfd.digital\\\/de\\\/praesenzbuehne-braunschweig-2026\\\/#primaryimage\"},\"thumbnailUrl\":\"https:\\\/\\\/festival.hfd.digital\\\/de\\\/wp-content\\\/uploads\\\/sites\\\/3\\\/2026\\\/04\\\/Stage-Sharepic_Braunschweig-700x394.png\",\"datePublished\":\"2026-05-04T09:30:48+00:00\",\"dateModified\":\"2026-05-05T16:08:58+00:00\",\"description\":\"Die Technologien der Zukunft, ihre Bedeutung, m\u00f6glichen Auswirkungen, Chancen und Risiken f\u00fcr Hochschulen stehen in Braunschweig im Fokus.\",\"inLanguage\":\"de\",\"potentialAction\":[{\"@type\":\"ReadAction\",\"target\":[\"https:\\\/\\\/festival.hfd.digital\\\/de\\\/praesenzbuehne-braunschweig-2026\\\/\"]}]},{\"@type\":\"ImageObject\",\"inLanguage\":\"de\",\"@id\":\"https:\\\/\\\/festival.hfd.digital\\\/de\\\/praesenzbuehne-braunschweig-2026\\\/#primaryimage\",\"url\":\"https:\\\/\\\/festival.hfd.digital\\\/de\\\/wp-content\\\/uploads\\\/sites\\\/3\\\/2026\\\/04\\\/Stage-Sharepic_Braunschweig.png\",\"contentUrl\":\"https:\\\/\\\/festival.hfd.digital\\\/de\\\/wp-content\\\/uploads\\\/sites\\\/3\\\/2026\\\/04\\\/Stage-Sharepic_Braunschweig.png\",\"width\":1920,\"height\":1080},{\"@type\":\"WebSite\",\"@id\":\"https:\\\/\\\/festival.hfd.digital\\\/de\\\/#website\",\"url\":\"https:\\\/\\\/festival.hfd.digital\\\/de\\\/\",\"name\":\"University:Future Festival 2026\",\"description\":\"Das j\u00e4hrliche Festival zur Zukunft der Hochschulbildung.\",\"potentialAction\":[{\"@type\":\"SearchAction\",\"target\":{\"@type\":\"EntryPoint\",\"urlTemplate\":\"https:\\\/\\\/festival.hfd.digital\\\/de\\\/?s={search_term_string}\"},\"query-input\":{\"@type\":\"PropertyValueSpecification\",\"valueRequired\":true,\"valueName\":\"search_term_string\"}}],\"inLanguage\":\"de\"}]}<\/script>\n<!-- \/ Yoast SEO plugin. -->","yoast_head_json":{"title":"Future-Tech:Stage Braunschweig - University:Future Festival 2026","description":"Die Technologien der Zukunft, ihre Bedeutung, m\u00f6glichen Auswirkungen, Chancen und Risiken f\u00fcr Hochschulen stehen in Braunschweig im Fokus.","robots":{"index":"index","follow":"follow","max-snippet":"max-snippet:-1","max-image-preview":"max-image-preview:large","max-video-preview":"max-video-preview:-1"},"canonical":"https:\/\/festival.hfd.digital\/de\/praesenzbuehne-braunschweig-2026\/","og_locale":"de_DE","og_type":"article","og_title":"Future-Tech:Stage Braunschweig - University:Future Festival 2026","og_description":"Die Technologien der Zukunft, ihre Bedeutung, m\u00f6glichen Auswirkungen, Chancen und Risiken f\u00fcr Hochschulen stehen in Braunschweig im Fokus.","og_url":"https:\/\/festival.hfd.digital\/de\/praesenzbuehne-braunschweig-2026\/","og_site_name":"University:Future Festival 2026","article_modified_time":"2026-05-05T16:08:58+00:00","og_image":[{"width":700,"height":394,"url":"https:\/\/festival.hfd.digital\/de\/wp-content\/uploads\/sites\/3\/2026\/04\/Stage-Sharepic_Braunschweig-700x394.png","type":"image\/png"}],"twitter_card":"summary_large_image","twitter_misc":{"Gesch\u00e4tzte Lesezeit":"5\u00a0Minuten"},"schema":{"@context":"https:\/\/schema.org","@graph":[{"@type":"WebPage","@id":"https:\/\/festival.hfd.digital\/de\/praesenzbuehne-braunschweig-2026\/","url":"https:\/\/festival.hfd.digital\/de\/praesenzbuehne-braunschweig-2026\/","name":"Future-Tech:Stage Braunschweig - University:Future Festival 2026","isPartOf":{"@id":"https:\/\/festival.hfd.digital\/de\/#website"},"primaryImageOfPage":{"@id":"https:\/\/festival.hfd.digital\/de\/praesenzbuehne-braunschweig-2026\/#primaryimage"},"image":{"@id":"https:\/\/festival.hfd.digital\/de\/praesenzbuehne-braunschweig-2026\/#primaryimage"},"thumbnailUrl":"https:\/\/festival.hfd.digital\/de\/wp-content\/uploads\/sites\/3\/2026\/04\/Stage-Sharepic_Braunschweig-700x394.png","datePublished":"2026-05-04T09:30:48+00:00","dateModified":"2026-05-05T16:08:58+00:00","description":"Die Technologien der Zukunft, ihre Bedeutung, m\u00f6glichen Auswirkungen, Chancen und Risiken f\u00fcr Hochschulen stehen in Braunschweig im Fokus.","inLanguage":"de","potentialAction":[{"@type":"ReadAction","target":["https:\/\/festival.hfd.digital\/de\/praesenzbuehne-braunschweig-2026\/"]}]},{"@type":"ImageObject","inLanguage":"de","@id":"https:\/\/festival.hfd.digital\/de\/praesenzbuehne-braunschweig-2026\/#primaryimage","url":"https:\/\/festival.hfd.digital\/de\/wp-content\/uploads\/sites\/3\/2026\/04\/Stage-Sharepic_Braunschweig.png","contentUrl":"https:\/\/festival.hfd.digital\/de\/wp-content\/uploads\/sites\/3\/2026\/04\/Stage-Sharepic_Braunschweig.png","width":1920,"height":1080},{"@type":"WebSite","@id":"https:\/\/festival.hfd.digital\/de\/#website","url":"https:\/\/festival.hfd.digital\/de\/","name":"University:Future Festival 2026","description":"Das j\u00e4hrliche Festival zur Zukunft der Hochschulbildung.","potentialAction":[{"@type":"SearchAction","target":{"@type":"EntryPoint","urlTemplate":"https:\/\/festival.hfd.digital\/de\/?s={search_term_string}"},"query-input":{"@type":"PropertyValueSpecification","valueRequired":true,"valueName":"search_term_string"}}],"inLanguage":"de"}]}},"_links":{"self":[{"href":"https:\/\/festival.hfd.digital\/de\/wp-json\/wp\/v2\/pages\/12703","targetHints":{"allow":["GET"]}}],"collection":[{"href":"https:\/\/festival.hfd.digital\/de\/wp-json\/wp\/v2\/pages"}],"about":[{"href":"https:\/\/festival.hfd.digital\/de\/wp-json\/wp\/v2\/types\/page"}],"author":[{"embeddable":true,"href":"https:\/\/festival.hfd.digital\/de\/wp-json\/wp\/v2\/users\/3"}],"replies":[{"embeddable":true,"href":"https:\/\/festival.hfd.digital\/de\/wp-json\/wp\/v2\/comments?post=12703"}],"version-history":[{"count":25,"href":"https:\/\/festival.hfd.digital\/de\/wp-json\/wp\/v2\/pages\/12703\/revisions"}],"predecessor-version":[{"id":13241,"href":"https:\/\/festival.hfd.digital\/de\/wp-json\/wp\/v2\/pages\/12703\/revisions\/13241"}],"wp:attachment":[{"href":"https:\/\/festival.hfd.digital\/de\/wp-json\/wp\/v2\/media?parent=12703"}],"curies":[{"name":"wp","href":"https:\/\/api.w.org\/{rel}","templated":true}]}}