{"id":12696,"date":"2026-05-05T14:54:55","date_gmt":"2026-05-05T13:54:55","guid":{"rendered":"https:\/\/festival.hfd.digital\/de\/?page_id=12696"},"modified":"2026-05-05T16:54:27","modified_gmt":"2026-05-05T15:54:27","slug":"praesenzbuehne-nuernberg-2026","status":"publish","type":"page","link":"https:\/\/festival.hfd.digital\/de\/praesenzbuehne-nuernberg-2026\/","title":{"rendered":"Shifting:Stage N\u00fcrnberg"},"content":{"rendered":"\n<p>Am Dienstag, den 23. Juni 2026, wird die Shifting:Stage in N\u00fcrnberg zur Plattform f\u00fcr zukunftsweisende Lehr\u2011 und Lernkonzepte. Im Festival\u2011Track <a href=\"https:\/\/festival.hfd.digital\/de\/tracks-2026\/\" id=\"12221\">\u201eInnovative Learning<\/a>\u201c erwarten die Besucher:innen inspirierende Einblicke in neueste Forschungsergebnisse und innovative Bildungsans\u00e4tze. Die Partnerb\u00fchne wird gemeinsam von der Technischen Hochschule N\u00fcrnberg Georg Simon Ohm und der Technischen Universit\u00e4t N\u00fcrnberg ausgerichtet.<\/p>\n\n\n<div class=\"wp-block-image is-style-default\">\n<figure class=\"aligncenter size-large\"><img loading=\"lazy\" decoding=\"async\" width=\"700\" height=\"394\" src=\"https:\/\/festival.hfd.digital\/de\/wp-content\/uploads\/sites\/3\/2026\/04\/Stage-Sharepic_Shifting-Stage-Nuernberg-700x394.png\" alt=\"\" class=\"wp-image-12699\" srcset=\"https:\/\/festival.hfd.digital\/de\/wp-content\/uploads\/sites\/3\/2026\/04\/Stage-Sharepic_Shifting-Stage-Nuernberg-700x394.png 700w, https:\/\/festival.hfd.digital\/de\/wp-content\/uploads\/sites\/3\/2026\/04\/Stage-Sharepic_Shifting-Stage-Nuernberg-250x141.png 250w, https:\/\/festival.hfd.digital\/de\/wp-content\/uploads\/sites\/3\/2026\/04\/Stage-Sharepic_Shifting-Stage-Nuernberg-768x432.png 768w, https:\/\/festival.hfd.digital\/de\/wp-content\/uploads\/sites\/3\/2026\/04\/Stage-Sharepic_Shifting-Stage-Nuernberg-1536x864.png 1536w, https:\/\/festival.hfd.digital\/de\/wp-content\/uploads\/sites\/3\/2026\/04\/Stage-Sharepic_Shifting-Stage-Nuernberg-120x68.png 120w, https:\/\/festival.hfd.digital\/de\/wp-content\/uploads\/sites\/3\/2026\/04\/Stage-Sharepic_Shifting-Stage-Nuernberg.png 1920w\" sizes=\"auto, (max-width: 700px) 100vw, 700px\" \/><\/figure>\n<\/div>\n\n\n<p><\/p>\n\n\n\n<p>Die Pr\u00e4senzb\u00fchne in N\u00fcrnberg wird gemeinsam organisiert von der <a href=\"https:\/\/www.th-nuernberg.de\/\" id=\"https:\/\/www.th-nuernberg.de\/\">Technischen Hochschule N\u00fcrnberg Georg Simon Ohm<\/a> und der <a href=\"https:\/\/www.utn.de\/\" id=\"https:\/\/www.utn.de\/\">Technischen Universit\u00e4t N\u00fcrnberg<\/a>.<\/p>\n\n\n\n<div class=\"wp-block-buttons is-layout-flex wp-block-buttons-is-layout-flex\">\n<div class=\"wp-block-button\"><a class=\"wp-block-button__link wp-element-button\" href=\"https:\/\/festival.hfd.digital\/de\/tickets-2026\/\">Sichern Sie sich hier ihr Ticket<\/a><\/div>\n<\/div>\n\n\n\n<p><strong>Eckdaten<\/strong>: Das Programm beginnt um 09:00 Uhr und endet um 16:40 Uhr. Danach laden wir bis 18:30 Uhr herzlich zum weiteren Austausch bei H\u00e4ppchen, Getr\u00e4nken und Musik ein \u2013 bei sch\u00f6nem Wetter auf der Dachterrasse.<br><br><strong>Location<\/strong>: Ohm Innovation Center, Brucknerstra\u00dfe 11, 90429 N\u00fcrnberg. Die Location ist barrierefrei.<br><br><strong>Anreise<\/strong>: \u00a0Wir empfehlen die Anreise mit den \u00f6ffentlichen Verkehrsmitteln. Vom N\u00fcrnberger Hauptbahnhof erreichen Sie den Veranstaltungsort mit der U1 Richtung F\u00fcrth. Bitte steigen Sie an der Haltestelle <strong>\u201eEberhardshof\u201c<\/strong> aus und nutzen Sie den Ausgang <strong>Raabstra\u00dfe<\/strong>. Der Fu\u00dfweg zum OIC betr\u00e4gt etwa 10 Minuten.Parkm\u00f6glichkeiten stehen ausschlie\u00dflich in Form \u00f6ffentlicher Parkpl\u00e4tze (v.a. in der <strong>Muggenhofer Stra\u00dfe<\/strong>) zur Verf\u00fcgung.<\/p>\n\n\n\n<figure class=\"wp-block-image size-large is-resized\"><img loading=\"lazy\" decoding=\"async\" width=\"700\" height=\"700\" src=\"https:\/\/festival.hfd.digital\/de\/wp-content\/uploads\/sites\/3\/2026\/04\/Anfahrt_OIC_UBahn-700x700.png\" alt=\"\" class=\"wp-image-12777\" style=\"aspect-ratio:1.5;object-fit:cover;width:326px;height:auto\" srcset=\"https:\/\/festival.hfd.digital\/de\/wp-content\/uploads\/sites\/3\/2026\/04\/Anfahrt_OIC_UBahn-700x700.png 700w, https:\/\/festival.hfd.digital\/de\/wp-content\/uploads\/sites\/3\/2026\/04\/Anfahrt_OIC_UBahn-250x250.png 250w, https:\/\/festival.hfd.digital\/de\/wp-content\/uploads\/sites\/3\/2026\/04\/Anfahrt_OIC_UBahn-150x150.png 150w, https:\/\/festival.hfd.digital\/de\/wp-content\/uploads\/sites\/3\/2026\/04\/Anfahrt_OIC_UBahn-768x768.png 768w, https:\/\/festival.hfd.digital\/de\/wp-content\/uploads\/sites\/3\/2026\/04\/Anfahrt_OIC_UBahn-1536x1536.png 1536w, https:\/\/festival.hfd.digital\/de\/wp-content\/uploads\/sites\/3\/2026\/04\/Anfahrt_OIC_UBahn-2048x2048.png 2048w, https:\/\/festival.hfd.digital\/de\/wp-content\/uploads\/sites\/3\/2026\/04\/Anfahrt_OIC_UBahn-120x120.png 120w\" sizes=\"auto, (max-width: 700px) 100vw, 700px\" \/><\/figure>\n\n\n\n<p><\/p>\n\n\n\n<p><a href=\"#keynotes\">Keynote-Speaker:innen<\/a><br><a href=\"#rahmenprogramm\">Rahmenprogramm<br><\/a><a href=\"#abendprogramm\">Abendprogramm<\/a><br><a href=\"#buehnenprogramm\">B\u00fchnenprogramm<\/a><\/p>\n\n\n\n<p><\/p>\n\n\n\n<h2 class=\"wp-block-heading\" id=\"keynotes\">Keynote-Speaker:innen (Auswahl)<\/h2>\n\n\n\n<div class=\"wp-block-columns is-layout-flex wp-container-core-columns-is-layout-9d6595d7 wp-block-columns-is-layout-flex\">\n<div class=\"wp-block-column is-layout-flow wp-block-column-is-layout-flow\">\n<figure class=\"wp-block-image is-resized is-style-rounded\"><img decoding=\"async\" src=\"https:\/\/sessionize.com\/image\/e035-400o400o1-gPtQnvmUmDsD6Usinzs4s.jpg\" alt=\"Isa Jahnke, Gr\u00fcndungsvizepr\u00e4sdentin f\u00fcr Studium, Lehre, und Internationales sowie Professorin f\u00fcr Learning Technologies an der Technischen Universit\u00e4t N\u00fcrnberg (UTN)\" style=\"aspect-ratio:1;object-fit:cover;width:400px\" \/><\/figure>\n\n\n\n<p class=\"has-text-align-center\"><strong>Isa Jahnke<br><\/strong>Gr\u00fcndungsvizepr\u00e4sdentin f\u00fcr Studium, Lehre, und Internationales sowie Professorin f\u00fcr Learning Technologies an der Technischen Universit\u00e4t N\u00fcrnberg (UTN)<\/p>\n<\/div>\n\n\n\n<div class=\"wp-block-column is-layout-flow wp-block-column-is-layout-flow\">\n<figure class=\"wp-block-image is-resized is-style-rounded\"><img decoding=\"async\" src=\"https:\/\/sessionize.com\/image\/32c8-400o400o1-NARnETKUHwMRSdhMFFJ3cU.jpg\" alt=\"Stephanie M\u00fcller-Otto, Wissen. Netzwerk. Reflexion. Wirksames Agendasetting in der Hochschullehre.\" style=\"aspect-ratio:1;object-fit:cover;width:400px\" \/><\/figure>\n\n\n\n<p class=\"has-text-align-center\"><strong>Stephanie M\u00fcller-Otto<\/strong><br>Wissen. Netzwerk. Reflexion. Wirksames Agendasetting in der Hochschullehre.<\/p>\n<\/div>\n\n\n\n<div class=\"wp-block-column is-layout-flow wp-block-column-is-layout-flow\">\n<figure class=\"wp-block-image is-resized is-style-rounded\"><img decoding=\"async\" src=\"https:\/\/sessionize.com\/image\/ab53-400o400o1-se5A8stHSLQZRjNESRhjJk.jpg\" alt=\"Dietmar Wiegand, Lasst uns endlich aufh\u00f6ren, junge Menschen in der Bildung zu bevormunden!\" style=\"aspect-ratio:1;object-fit:cover;width:400px\" \/><\/figure>\n\n\n\n<p class=\"has-text-align-center\"><strong>Dietmar Wiegand<\/strong><br>Lasst uns endlich aufh\u00f6ren, junge Menschen in der Bildung zu bevormunden!<\/p>\n<\/div>\n<\/div>\n\n\n\n<h2 class=\"wp-block-heading\" id=\"rahmenprogramm\"><strong>Rahmenprogramm<\/strong><\/h2>\n\n\n\n<p><strong>Mini Sprint: Wie k\u00f6nnen Studierende KI-Lernbots gestalten?<\/strong> (Workshop)<br><strong>Uhrzeit: <\/strong>10:00-13:00 Uhr<br><strong>Durchgef\u00fchrt von: <\/strong>Andrea de Santiago, Carina Ziegler<br>Der Workshop bringt Lehrende, Studierende und Mitarbeitende aus dem Supportbereich in einem Mini Design Sprint zusammen, um ein kursunabh\u00e4ngiges Lehr-Lern-Format f\u00fcr die Hochschullehre zu entwickeln. Im Mittelpunkt steht die Frage, wie Studierende Custom GPTs oder Microsoft Agents gestalten und nutzen k\u00f6nnen, dass KI ihr Lernen zielgerichtet unterst\u00fctzt \u2013 etwa beim Planen, Verstehen, Reflektieren und Strukturieren \u2013 statt als Abk\u00fcrzung eingesetzt zu werden. Gemeinsam erarbeiten wir praxisnahe Gestaltungsprinzipien, Einsatzszenarien und Rahmenbedingungen f\u00fcr einen verantwortungsvollen und reflektierten KI-Einsatz.<\/p>\n\n\n\n<p><strong>Demokratiebildung in der Hochschullehre<\/strong> (Workshop)<br><strong>Uhrzeit: <\/strong>14:15-15:35 Uhr<br><strong>Durchgef\u00fchrt von:<\/strong> <a href=\"https:\/\/sessionize.com\/app\/organizer\/speaker\/21575\/fe51ec81-8573-423c-8475-63ff1a7343dd\">Marius Hofmeister<\/a>, <a href=\"https:\/\/sessionize.com\/app\/organizer\/speaker\/21575\/ad25f721-f97c-490a-b4af-1dac12ae5057\">Anna-Sophia Schwin<\/a><br>Demokratische Werte und Institutionen stehen in einem Klima zunehmender Polarisierung, Desinformation und globaler Krisen unter Druck. Als Orte des kritischen Denkens und gesellschaftlichen Austauschs kommt Hochschulen in diesen Zeiten eine zentrale Rolle zu. Der Workshop l\u00e4dt Lehrende dazu ein, sich mit der Rolle von Demokratiekompetenz in Studium und Lehre auseinanderzusetzen. Teilnehmende lernen aktuelle didaktische Modelle zu Demokratiekompetenz und zentralen Prinzipien wie Gerechtigkeit, Partizipation oder Meinungsfreiheit kennen. Kurze Inputs geben Einblick in den Bildungsauftrag von Hochschulen und zeigen konkrete Handlungsspielr\u00e4ume in der Lehre auf. Im interaktiven Teil reflektieren die Teilnehmenden ihre eigene Lehrpraxis, diskutieren Chancen, Risiken und Grenzen und entwickeln Ideen, wie demokratisches Denken und Handeln ihre Veranstaltungen bereichern k\u00f6nnen.<\/p>\n\n\n\n<p><strong>Vom Druck zum Design: Learning Experience Design f\u00fcr zukunftsf\u00e4hige Hochschullehre<\/strong> (Workshop)<br><strong>Uhrzeit: <\/strong>15:35-16:40 Uhr<br><strong>Durchgef\u00fchrt von:<\/strong> <a href=\"https:\/\/sessionize.com\/app\/organizer\/speaker\/21575\/eb8d51f2-b10a-40af-8a66-7209307a3511\">Daniel Goldberg<\/a>, <a href=\"https:\/\/sessionize.com\/app\/organizer\/speaker\/21575\/c4b9f55c-b927-46fe-8a0d-2f918033473c\">Jannik Henze<\/a> und <a href=\"https:\/\/sessionize.com\/app\/organizer\/speaker\/21575\/b01e195a-a572-45dd-a9cb-a232e0a64483\" id=\"https:\/\/sessionize.com\/app\/organizer\/speaker\/21575\/b01e195a-a572-45dd-a9cb-a232e0a64483\">Sergej Gil<\/a><br>Lehrende stehen vor der Aufgabe, Lern- und Kompetenzziele und Erwartungen unter steigendem Druck sinnvoll zusammenzubringen \u2013 oft unter begrenzten Ressourcen, festgefahrenen didaktischen Ans\u00e4tzen und sich wandelnden Rahmenbedingungen. Learning Experience Design erm\u00f6glicht etwa durch Prozessoffenheit sowie Iteration und Ko-Kreation bestehende Lernsettings zu hinterfragen und Ideen weiterzuentwickeln. Das Ziel: Eine agile Anpassung an ver\u00e4nderte Bed\u00fcrfnisse, technologische Entwicklungen oder neue Rahmenbedingungen. Auf Basis von Methoden aus Design Thinking und User Experience Design und auch mithilfe von KI analysieren die Teilnehmenden Szenarien aus der Lehre, pr\u00fcfen deren Passung zu etwa den jeweiligen Lernzielen und entwickeln im ko-kreativen Arbeiten mithilfe des \u201eWie k\u00f6nnen wir\u2026\u201c-Ansatz und dem LXD-Canvas wirksame, zukunftsf\u00e4hige Entw\u00fcrfe f\u00fcr die eigene Praxis.<\/p>\n\n\n\n<h2 class=\"wp-block-heading\"><strong>Netzwerken und weitere Aktionen<\/strong><\/h2>\n\n\n\n<p><strong>Virtuelle Hochschule Bayern: das Netzwerk f\u00fcr die hochschul\u00fcbergreifende digitale Lehre in Bayern<\/strong><br>Die Virtuelle Hochschule Bayern (vhb) f\u00f6rdert und koordiniert als Verbundeinrichtung von 37 bayerischen Hochschulen das Teilen und Vernetzen von digitalen Wissensangeboten &#8211; sowohl hochschul\u00fcbergreifend f\u00fcr Studierende als auch \u00f6ffentlich zug\u00e4nglich f\u00fcr alle Interessierten. Dabei erg\u00e4nzen wir seit 25 Jahren das Pr\u00e4senzstudium und die individuellen E-Learning-Aktivit\u00e4ten der Hochschulen, generieren Skaleneffekte und sorgen f\u00fcr einen effizienten Mittel- und Ressourceneinsatz.<br>Lernen Sie uns und unsere Angebote an unserem Stand bei der U:FF-Partnerb\u00fchne in N\u00fcrnberg kennen \u2013 wir freuen uns auf Sie!<\/p>\n\n\n\n<p><strong>Kleine Auszeit in Virtual Reality<\/strong><br>Im Veranstaltungssaal wartet eine VR\u2011Relax\u2011Oase auf die Teilnehmenden der Shifting:Stage: Mit einer immersiven VR\u2011Anwendung k\u00f6nnen die Besucher*innen f\u00fcr einen Moment dem Festivaltrubel entfliehen, zur Ruhe kommen und neue Energie tanken.<\/p>\n\n\n\n<h2 class=\"wp-block-heading\" id=\"abendprogramm\"><strong>Abendveranstaltung<\/strong><\/h2>\n\n\n\n<p>Im Anschluss an das Programm laden wir bis 18:30 Uhr herzlich zum weiteren Austausch bei H\u00e4ppchen, Getr\u00e4nken und Musik ein \u2013 bei sch\u00f6nem Wetter auf der Dachterrasse.<\/p>\n\n\n\n<h2 class=\"wp-block-heading\" id=\"buehnenprogramm\">B\u00fchnenprogramm<\/h2>\n","protected":false},"excerpt":{"rendered":"Am Dienstag, den 23. Juni 2026, wird die Shifting:Stage in N\u00fcrnberg zur Plattform f\u00fcr zukunftsweisende Lehr\u2011 und Lernkonzepte. Im Festival\u2011Track \u201eInnovative Learning\u201c erwarten die Besucher:innen inspirierende Einblicke in neueste Forschungsergebnisse und innovative Bildungsans\u00e4tze. Die Partnerb\u00fchne wird gemeinsam von der Technischen Hochschule N\u00fcrnberg Georg Simon Ohm und der Technischen Universit\u00e4t N\u00fcrnberg ausgerichtet. Die Pr\u00e4senzb\u00fchne in N\u00fcrnberg&#8230; <a class=\"view-article\" href=\"https:\/\/festival.hfd.digital\/de\/praesenzbuehne-nuernberg-2026\/\">View Article<\/a>","protected":false},"author":3,"featured_media":0,"parent":0,"menu_order":0,"comment_status":"closed","ping_status":"closed","template":"template-sessionize-buehne.php","meta":{"_acf_changed":false,"inline_featured_image":false,"footnotes":""},"class_list":["post-12696","page","type-page","status-publish","hentry"],"acf":[],"yoast_head":"<!-- This site is optimized with the Yoast SEO plugin v27.3 - https:\/\/yoast.com\/product\/yoast-seo-wordpress\/ -->\n<title>Shifting:Stage N\u00fcrnberg - University:Future Festival 2026<\/title>\n<meta name=\"description\" content=\"Die Shifting:Stage in N\u00fcrnberg wird zur Plattform f\u00fcr zukunftsweisende Lehr\u2011 und Lernkonzepte, mit Einblicke in neueste Forschungsergebnisse\" \/>\n<meta name=\"robots\" content=\"index, follow, max-snippet:-1, max-image-preview:large, max-video-preview:-1\" \/>\n<link rel=\"canonical\" href=\"https:\/\/festival.hfd.digital\/de\/praesenzbuehne-nuernberg-2026\/\" \/>\n<meta property=\"og:locale\" content=\"de_DE\" \/>\n<meta property=\"og:type\" content=\"article\" \/>\n<meta property=\"og:title\" content=\"Shifting:Stage N\u00fcrnberg - University:Future Festival 2026\" \/>\n<meta property=\"og:description\" content=\"Die Shifting:Stage in N\u00fcrnberg wird zur Plattform f\u00fcr zukunftsweisende Lehr\u2011 und Lernkonzepte, mit Einblicke in neueste Forschungsergebnisse\" \/>\n<meta property=\"og:url\" content=\"https:\/\/festival.hfd.digital\/de\/praesenzbuehne-nuernberg-2026\/\" \/>\n<meta property=\"og:site_name\" content=\"University:Future Festival 2026\" \/>\n<meta property=\"article:modified_time\" content=\"2026-05-05T15:54:27+00:00\" \/>\n<meta property=\"og:image\" content=\"https:\/\/festival.hfd.digital\/de\/wp-content\/uploads\/sites\/3\/2026\/04\/Stage-Sharepic_Shifting-Stage-Nuernberg.png\" \/>\n\t<meta property=\"og:image:width\" content=\"1920\" \/>\n\t<meta property=\"og:image:height\" content=\"1080\" \/>\n\t<meta property=\"og:image:type\" content=\"image\/png\" \/>\n<meta name=\"twitter:card\" content=\"summary_large_image\" \/>\n<meta name=\"twitter:label1\" content=\"Gesch\u00e4tzte Lesezeit\" \/>\n\t<meta name=\"twitter:data1\" content=\"6\u00a0Minuten\" \/>\n<script type=\"application\/ld+json\" class=\"yoast-schema-graph\">{\"@context\":\"https:\\\/\\\/schema.org\",\"@graph\":[{\"@type\":\"WebPage\",\"@id\":\"https:\\\/\\\/festival.hfd.digital\\\/de\\\/praesenzbuehne-nuernberg-2026\\\/\",\"url\":\"https:\\\/\\\/festival.hfd.digital\\\/de\\\/praesenzbuehne-nuernberg-2026\\\/\",\"name\":\"Shifting:Stage N\u00fcrnberg - University:Future Festival 2026\",\"isPartOf\":{\"@id\":\"https:\\\/\\\/festival.hfd.digital\\\/de\\\/#website\"},\"primaryImageOfPage\":{\"@id\":\"https:\\\/\\\/festival.hfd.digital\\\/de\\\/praesenzbuehne-nuernberg-2026\\\/#primaryimage\"},\"image\":{\"@id\":\"https:\\\/\\\/festival.hfd.digital\\\/de\\\/praesenzbuehne-nuernberg-2026\\\/#primaryimage\"},\"thumbnailUrl\":\"https:\\\/\\\/festival.hfd.digital\\\/de\\\/wp-content\\\/uploads\\\/sites\\\/3\\\/2026\\\/04\\\/Stage-Sharepic_Shifting-Stage-Nuernberg-700x394.png\",\"datePublished\":\"2026-05-05T13:54:55+00:00\",\"dateModified\":\"2026-05-05T15:54:27+00:00\",\"description\":\"Die Shifting:Stage in N\u00fcrnberg wird zur Plattform f\u00fcr zukunftsweisende Lehr\u2011 und Lernkonzepte, mit Einblicke in neueste Forschungsergebnisse\",\"inLanguage\":\"de\",\"potentialAction\":[{\"@type\":\"ReadAction\",\"target\":[\"https:\\\/\\\/festival.hfd.digital\\\/de\\\/praesenzbuehne-nuernberg-2026\\\/\"]}]},{\"@type\":\"ImageObject\",\"inLanguage\":\"de\",\"@id\":\"https:\\\/\\\/festival.hfd.digital\\\/de\\\/praesenzbuehne-nuernberg-2026\\\/#primaryimage\",\"url\":\"https:\\\/\\\/festival.hfd.digital\\\/de\\\/wp-content\\\/uploads\\\/sites\\\/3\\\/2026\\\/04\\\/Stage-Sharepic_Shifting-Stage-Nuernberg.png\",\"contentUrl\":\"https:\\\/\\\/festival.hfd.digital\\\/de\\\/wp-content\\\/uploads\\\/sites\\\/3\\\/2026\\\/04\\\/Stage-Sharepic_Shifting-Stage-Nuernberg.png\",\"width\":1920,\"height\":1080},{\"@type\":\"WebSite\",\"@id\":\"https:\\\/\\\/festival.hfd.digital\\\/de\\\/#website\",\"url\":\"https:\\\/\\\/festival.hfd.digital\\\/de\\\/\",\"name\":\"University:Future Festival 2026\",\"description\":\"Das j\u00e4hrliche Festival zur Zukunft der Hochschulbildung.\",\"potentialAction\":[{\"@type\":\"SearchAction\",\"target\":{\"@type\":\"EntryPoint\",\"urlTemplate\":\"https:\\\/\\\/festival.hfd.digital\\\/de\\\/?s={search_term_string}\"},\"query-input\":{\"@type\":\"PropertyValueSpecification\",\"valueRequired\":true,\"valueName\":\"search_term_string\"}}],\"inLanguage\":\"de\"}]}<\/script>\n<!-- \/ Yoast SEO plugin. -->","yoast_head_json":{"title":"Shifting:Stage N\u00fcrnberg - University:Future Festival 2026","description":"Die Shifting:Stage in N\u00fcrnberg wird zur Plattform f\u00fcr zukunftsweisende Lehr\u2011 und Lernkonzepte, mit Einblicke in neueste Forschungsergebnisse","robots":{"index":"index","follow":"follow","max-snippet":"max-snippet:-1","max-image-preview":"max-image-preview:large","max-video-preview":"max-video-preview:-1"},"canonical":"https:\/\/festival.hfd.digital\/de\/praesenzbuehne-nuernberg-2026\/","og_locale":"de_DE","og_type":"article","og_title":"Shifting:Stage N\u00fcrnberg - University:Future Festival 2026","og_description":"Die Shifting:Stage in N\u00fcrnberg wird zur Plattform f\u00fcr zukunftsweisende Lehr\u2011 und Lernkonzepte, mit Einblicke in neueste Forschungsergebnisse","og_url":"https:\/\/festival.hfd.digital\/de\/praesenzbuehne-nuernberg-2026\/","og_site_name":"University:Future Festival 2026","article_modified_time":"2026-05-05T15:54:27+00:00","og_image":[{"width":1920,"height":1080,"url":"https:\/\/festival.hfd.digital\/de\/wp-content\/uploads\/sites\/3\/2026\/04\/Stage-Sharepic_Shifting-Stage-Nuernberg.png","type":"image\/png"}],"twitter_card":"summary_large_image","twitter_misc":{"Gesch\u00e4tzte Lesezeit":"6\u00a0Minuten"},"schema":{"@context":"https:\/\/schema.org","@graph":[{"@type":"WebPage","@id":"https:\/\/festival.hfd.digital\/de\/praesenzbuehne-nuernberg-2026\/","url":"https:\/\/festival.hfd.digital\/de\/praesenzbuehne-nuernberg-2026\/","name":"Shifting:Stage N\u00fcrnberg - University:Future Festival 2026","isPartOf":{"@id":"https:\/\/festival.hfd.digital\/de\/#website"},"primaryImageOfPage":{"@id":"https:\/\/festival.hfd.digital\/de\/praesenzbuehne-nuernberg-2026\/#primaryimage"},"image":{"@id":"https:\/\/festival.hfd.digital\/de\/praesenzbuehne-nuernberg-2026\/#primaryimage"},"thumbnailUrl":"https:\/\/festival.hfd.digital\/de\/wp-content\/uploads\/sites\/3\/2026\/04\/Stage-Sharepic_Shifting-Stage-Nuernberg-700x394.png","datePublished":"2026-05-05T13:54:55+00:00","dateModified":"2026-05-05T15:54:27+00:00","description":"Die Shifting:Stage in N\u00fcrnberg wird zur Plattform f\u00fcr zukunftsweisende Lehr\u2011 und Lernkonzepte, mit Einblicke in neueste Forschungsergebnisse","inLanguage":"de","potentialAction":[{"@type":"ReadAction","target":["https:\/\/festival.hfd.digital\/de\/praesenzbuehne-nuernberg-2026\/"]}]},{"@type":"ImageObject","inLanguage":"de","@id":"https:\/\/festival.hfd.digital\/de\/praesenzbuehne-nuernberg-2026\/#primaryimage","url":"https:\/\/festival.hfd.digital\/de\/wp-content\/uploads\/sites\/3\/2026\/04\/Stage-Sharepic_Shifting-Stage-Nuernberg.png","contentUrl":"https:\/\/festival.hfd.digital\/de\/wp-content\/uploads\/sites\/3\/2026\/04\/Stage-Sharepic_Shifting-Stage-Nuernberg.png","width":1920,"height":1080},{"@type":"WebSite","@id":"https:\/\/festival.hfd.digital\/de\/#website","url":"https:\/\/festival.hfd.digital\/de\/","name":"University:Future Festival 2026","description":"Das j\u00e4hrliche Festival zur Zukunft der Hochschulbildung.","potentialAction":[{"@type":"SearchAction","target":{"@type":"EntryPoint","urlTemplate":"https:\/\/festival.hfd.digital\/de\/?s={search_term_string}"},"query-input":{"@type":"PropertyValueSpecification","valueRequired":true,"valueName":"search_term_string"}}],"inLanguage":"de"}]}},"_links":{"self":[{"href":"https:\/\/festival.hfd.digital\/de\/wp-json\/wp\/v2\/pages\/12696","targetHints":{"allow":["GET"]}}],"collection":[{"href":"https:\/\/festival.hfd.digital\/de\/wp-json\/wp\/v2\/pages"}],"about":[{"href":"https:\/\/festival.hfd.digital\/de\/wp-json\/wp\/v2\/types\/page"}],"author":[{"embeddable":true,"href":"https:\/\/festival.hfd.digital\/de\/wp-json\/wp\/v2\/users\/3"}],"replies":[{"embeddable":true,"href":"https:\/\/festival.hfd.digital\/de\/wp-json\/wp\/v2\/comments?post=12696"}],"version-history":[{"count":52,"href":"https:\/\/festival.hfd.digital\/de\/wp-json\/wp\/v2\/pages\/12696\/revisions"}],"predecessor-version":[{"id":13236,"href":"https:\/\/festival.hfd.digital\/de\/wp-json\/wp\/v2\/pages\/12696\/revisions\/13236"}],"wp:attachment":[{"href":"https:\/\/festival.hfd.digital\/de\/wp-json\/wp\/v2\/media?parent=12696"}],"curies":[{"name":"wp","href":"https:\/\/api.w.org\/{rel}","templated":true}]}}