{"id":12689,"date":"2026-04-22T12:29:10","date_gmt":"2026-04-22T11:29:10","guid":{"rendered":"https:\/\/festival.hfd.digital\/de\/?page_id=12689"},"modified":"2026-05-05T17:21:37","modified_gmt":"2026-05-05T16:21:37","slug":"praesenzbuehne-graz-2026","status":"publish","type":"page","link":"https:\/\/festival.hfd.digital\/de\/praesenzbuehne-graz-2026\/","title":{"rendered":"AI Force:Stage Graz"},"content":{"rendered":"\n<p>Am Dienstag, den 23. Juni 2026, gibt die AI Force:Stage Graz einen Einblick in die neuesten Entwicklungen im Bereich der Artificial Intelligence und deren Grenzen. Die Partnerb\u00fchne wird von der Technischen Universit\u00e4t Graz in Kooperation zwischen der Abteilung Lehr- und Lerntechnologien und dem Digital University Hub veranstaltet.<\/p>\n\n\n<div class=\"wp-block-image is-style-default\">\n<figure class=\"aligncenter size-large\"><img loading=\"lazy\" decoding=\"async\" width=\"700\" height=\"394\" src=\"https:\/\/festival.hfd.digital\/de\/wp-content\/uploads\/sites\/3\/2026\/04\/Stage-Sharepic_Graz-1-700x394.png\" alt=\"\" class=\"wp-image-12844\" srcset=\"https:\/\/festival.hfd.digital\/de\/wp-content\/uploads\/sites\/3\/2026\/04\/Stage-Sharepic_Graz-1-700x394.png 700w, https:\/\/festival.hfd.digital\/de\/wp-content\/uploads\/sites\/3\/2026\/04\/Stage-Sharepic_Graz-1-250x141.png 250w, https:\/\/festival.hfd.digital\/de\/wp-content\/uploads\/sites\/3\/2026\/04\/Stage-Sharepic_Graz-1-768x432.png 768w, https:\/\/festival.hfd.digital\/de\/wp-content\/uploads\/sites\/3\/2026\/04\/Stage-Sharepic_Graz-1-1536x864.png 1536w, https:\/\/festival.hfd.digital\/de\/wp-content\/uploads\/sites\/3\/2026\/04\/Stage-Sharepic_Graz-1-120x68.png 120w, https:\/\/festival.hfd.digital\/de\/wp-content\/uploads\/sites\/3\/2026\/04\/Stage-Sharepic_Graz-1.png 1920w\" sizes=\"auto, (max-width: 700px) 100vw, 700px\" \/><\/figure>\n<\/div>\n\n\n<p><\/p>\n\n\n\n<p>Die Pr\u00e4senzb\u00fchne in Graz wird organisiert von der <a href=\"https:\/\/www.tugraz.at\/home\">Technischen Universit\u00e4t Graz<\/a>, der Abteilung Lehr- und Lerntechnologien, sowie dem <a href=\"https:\/\/www.digitaluniversityhub.eu\/\">Digital University Hub<\/a>.<\/p>\n\n\n\n<div class=\"wp-block-buttons is-layout-flex wp-block-buttons-is-layout-flex\">\n<div class=\"wp-block-button\"><a class=\"wp-block-button__link wp-element-button\" href=\"https:\/\/festival.hfd.digital\/de\/tickets-2026\/\">Sichern Sie sich hier ihr Ticket<\/a><\/div>\n<\/div>\n\n\n\n<p><strong>Eckdaten<\/strong>: Das Programm beginnt am 23. Juni 2026 um 09.30 Uhr und endet um ca. 17.20 Uhr. F\u00fcr den gem\u00fctlichen Austausch bei Getr\u00e4nke und Snacks ist tags\u00fcber gesorgt, daf\u00fcr bedankt sich die B\u00fchne in Graz beim \u00f6sterreichischen <a href=\"https:\/\/www.bmfwf.gv.at\/\">Bundesministerium f\u00fcr Frauen, Wissenschaft und Forschung<\/a>.<\/p>\n\n\n\n<p><strong>Location<\/strong>: Erdgeschoss des Geb\u00e4udes der Stremayrgasse 30, 8010 Graz, \u00d6sterreich.<\/p>\n\n\n\n<p><strong>Anreise<\/strong>: Vom Bahnhof Graz bzw. Verkehrsknotenpunkt Jakominiplatz auskommend nehmen Sie bitte die Stra\u00dfenbahnlinie 6 Richtung \u201cSt. Peter Schulzentrum\u201d bis zur Haltestelle \u201cNeue Technik\u201d. Von dort sind es ca. 5 Gehminuten bis zur Partnerb\u00fchne im Erdgeschoss des Geb\u00e4udes der Stremayrgasse 30, 8010 Graz.<\/p>\n\n\n\n<p><a href=\"#keynotes\">Keynote-Speaker:innen<\/a><br><a href=\"#rahmenprogramm\">Rahmenprogramm<\/a><br><a href=\"#b\u00fchnenprogramm\">B\u00fchnenprogramm<\/a><\/p>\n\n\n\n<h2 class=\"wp-block-heading\" id=\"keynotes\">Keynote-Speaker:innen (Auswahl)<\/h2>\n\n\n\n<div class=\"wp-block-columns is-layout-flex wp-container-core-columns-is-layout-9d6595d7 wp-block-columns-is-layout-flex\">\n<div class=\"wp-block-column is-layout-flow wp-block-column-is-layout-flow\"><div class=\"wp-block-image is-style-rounded wp-duotone-unset-1\">\n<figure class=\"aligncenter size-full is-resized\"><img loading=\"lazy\" decoding=\"async\" width=\"2560\" height=\"1707\" src=\"https:\/\/festival.hfd.digital\/de\/wp-content\/uploads\/sites\/3\/2026\/04\/Horst-Bischof-by-Lunghammer-tugraz-edited-3-scaled.jpg\" alt=\"\" class=\"wp-image-12795\" style=\"aspect-ratio:1;object-fit:cover;width:300px\" srcset=\"https:\/\/festival.hfd.digital\/de\/wp-content\/uploads\/sites\/3\/2026\/04\/Horst-Bischof-by-Lunghammer-tugraz-edited-3-scaled.jpg 2560w, https:\/\/festival.hfd.digital\/de\/wp-content\/uploads\/sites\/3\/2026\/04\/Horst-Bischof-by-Lunghammer-tugraz-edited-3-250x167.jpg 250w, https:\/\/festival.hfd.digital\/de\/wp-content\/uploads\/sites\/3\/2026\/04\/Horst-Bischof-by-Lunghammer-tugraz-edited-3-700x467.jpg 700w, https:\/\/festival.hfd.digital\/de\/wp-content\/uploads\/sites\/3\/2026\/04\/Horst-Bischof-by-Lunghammer-tugraz-edited-3-768x512.jpg 768w, https:\/\/festival.hfd.digital\/de\/wp-content\/uploads\/sites\/3\/2026\/04\/Horst-Bischof-by-Lunghammer-tugraz-edited-3-1536x1024.jpg 1536w, https:\/\/festival.hfd.digital\/de\/wp-content\/uploads\/sites\/3\/2026\/04\/Horst-Bischof-by-Lunghammer-tugraz-edited-3-2048x1366.jpg 2048w, https:\/\/festival.hfd.digital\/de\/wp-content\/uploads\/sites\/3\/2026\/04\/Horst-Bischof-by-Lunghammer-tugraz-edited-3-120x80.jpg 120w\" sizes=\"auto, (max-width: 2560px) 100vw, 2560px\" \/><\/figure>\n<\/div>\n\n\n<p class=\"has-text-align-center\"><strong><strong>Horst Bischof<\/strong><\/strong><br>Rektor der Technischen Universit\u00e4t Graz<\/p>\n<\/div>\n\n\n\n<div class=\"wp-block-column is-layout-flow wp-block-column-is-layout-flow\"><div class=\"wp-block-image is-style-rounded wp-duotone-unset-2\">\n<figure class=\"aligncenter size-full is-resized\"><img loading=\"lazy\" decoding=\"async\" width=\"707\" height=\"1061\" src=\"https:\/\/festival.hfd.digital\/de\/wp-content\/uploads\/sites\/3\/2026\/04\/Birgit-Phillips-edited-6.png\" alt=\"\" class=\"wp-image-12803\" style=\"aspect-ratio:1;object-fit:cover;width:300px\" srcset=\"https:\/\/festival.hfd.digital\/de\/wp-content\/uploads\/sites\/3\/2026\/04\/Birgit-Phillips-edited-6.png 707w, https:\/\/festival.hfd.digital\/de\/wp-content\/uploads\/sites\/3\/2026\/04\/Birgit-Phillips-edited-6-250x375.png 250w, https:\/\/festival.hfd.digital\/de\/wp-content\/uploads\/sites\/3\/2026\/04\/Birgit-Phillips-edited-6-700x1050.png 700w, https:\/\/festival.hfd.digital\/de\/wp-content\/uploads\/sites\/3\/2026\/04\/Birgit-Phillips-edited-6-120x180.png 120w\" sizes=\"auto, (max-width: 707px) 100vw, 707px\" \/><\/figure>\n<\/div>\n\n\n<p class=\"has-text-align-center\"><strong><strong>Birgit Phillips<\/strong><\/strong><br>Leitung der Abteilung Learning, Innovation and Technology an der FH JOANNEUM<\/p>\n<\/div>\n<\/div>\n\n\n\n<h2 class=\"wp-block-heading\" id=\"rahmenprogramm\"><strong>Rahmenprogramm<\/strong><\/h2>\n\n\n\n<p><strong>Kernthema<\/strong>: Einblicke in die Bedeutung von K\u00fcnstlicher Intelligenz (KI) f\u00fcr Hochschulen.<br>Angesichts der Fortschritte und der Auswirkungen von KI-Technologien auf verschiedene Lebensbereiche \u2013 insbesondere eben aber auch im Hochschulbereich \u2013 ist die Notwendigkeit oder gem\u00e4\u00df dem Tagungsmotto \u201cdie Pressure\u201d zur aktiven Mitgestaltung an der Bildungslandschaft von morgen unmittelbar gegeben. <br>Durch den Austausch von Ideen, Erfahrungen, Praxisberichten und ersten Evidenzen wollen wir das Verst\u00e4ndnis f\u00fcr den KI-Einsatz an der Hochschule f\u00f6rdern und deren Potenzial f\u00fcr die Zukunft aufzeigen. Diese Partnerb\u00fchne widmet sich diesen dringenden und aktuellen Fragen bzw. ruft zur gemeinsamen Diskussion auf.<\/p>\n\n\n\n<p><strong>Neben den Hauptprogramm werden Workshops, Meetups, St\u00e4nde, Vernetzungsm\u00f6glichkeiten und vieles mehr <\/strong>auf der U:FF-Partnerb\u00fchne AI Force:Stage Graz den Besucher:innen geboten.&nbsp;<\/p>\n\n\n\n<p>\u201e<strong>Beautiful Land<\/strong>\u201c ist eine virtuelle Einwanderungskontrollstelle, an der Besucher zu Antragstellern eines fiktiven Staates werden. Gefangen in einem Interview, das nur vorw\u00e4rts verl\u00e4uft (kein Ausweg, keine R\u00fccknahme), sp\u00fcren sie, wie die \u201eHandlungsf\u00e4higkeit\u201c unter dem Druck zusammenbricht. Das System erfasst Z\u00f6gern und Haltung und bewertet die Antragsteller nach den Kriterien Produktivit\u00e4t, Gehorsam und Prominenz, um \u00fcber die Einreise oder Ablehnung zu entscheiden, wodurch Migration zu einem kalten Strom aus Risiko, Angst und Daten wird.<\/p>\n\n\n\n<p>\u201e<strong>transitional roads<\/strong>\u201c ist eine Kombination aus zwei eigenst\u00e4ndigen Spielen. Beide sind tief in der Erfahrung der Entdeckung der eigenen Geschlechtsidentit\u00e4t und dem Druck, der mit diesem Prozess einhergeht, verwurzelt. Das Werk handelt vom Durchbrechen von Konventionen, von der Gleichzeitigkeit von Trauma und Realit\u00e4tsflucht, von Wahlfreiheit und Ohnmacht, von Enden und Neuanf\u00e4ngen.<\/p>\n\n\n\n<h2 class=\"wp-block-heading\" id=\"b\u00fchnenprogramm\">B\u00fchnenprogramm<\/h2>\n\n\n\n<p><\/p>\n","protected":false},"excerpt":{"rendered":"Am Dienstag, den 23. Juni 2026, gibt die AI Force:Stage Graz einen Einblick in die neuesten Entwicklungen im Bereich der Artificial Intelligence und deren Grenzen. Die Partnerb\u00fchne wird von der Technischen Universit\u00e4t Graz in Kooperation zwischen der Abteilung Lehr- und Lerntechnologien und dem Digital University Hub veranstaltet. Die Pr\u00e4senzb\u00fchne in Graz wird organisiert von der&#8230; <a class=\"view-article\" href=\"https:\/\/festival.hfd.digital\/de\/praesenzbuehne-graz-2026\/\">View Article<\/a>","protected":false},"author":3,"featured_media":0,"parent":0,"menu_order":0,"comment_status":"closed","ping_status":"closed","template":"template-sessionize-buehne.php","meta":{"_acf_changed":false,"inline_featured_image":false,"footnotes":""},"class_list":["post-12689","page","type-page","status-publish","hentry"],"acf":[],"yoast_head":"<!-- This site is optimized with the Yoast SEO plugin v27.3 - https:\/\/yoast.com\/product\/yoast-seo-wordpress\/ -->\n<title>AI Force:Stage Graz - University:Future Festival 2026<\/title>\n<meta name=\"description\" content=\"Am Dienstag, den 23. Juni 2026, gibt die AI Force:Stage Graz einen Einblick in die neuesten Entwicklungen im Bereich der Artificial Intelligence.\" \/>\n<meta name=\"robots\" content=\"index, follow, max-snippet:-1, max-image-preview:large, max-video-preview:-1\" \/>\n<link rel=\"canonical\" href=\"https:\/\/festival.hfd.digital\/de\/praesenzbuehne-graz-2026\/\" \/>\n<meta property=\"og:locale\" content=\"de_DE\" \/>\n<meta property=\"og:type\" content=\"article\" \/>\n<meta property=\"og:title\" content=\"AI Force:Stage Graz - University:Future Festival 2026\" \/>\n<meta property=\"og:description\" content=\"Am Dienstag, den 23. Juni 2026, gibt die AI Force:Stage Graz einen Einblick in die neuesten Entwicklungen im Bereich der Artificial Intelligence.\" \/>\n<meta property=\"og:url\" content=\"https:\/\/festival.hfd.digital\/de\/praesenzbuehne-graz-2026\/\" \/>\n<meta property=\"og:site_name\" content=\"University:Future Festival 2026\" \/>\n<meta property=\"article:modified_time\" content=\"2026-05-05T16:21:37+00:00\" \/>\n<meta property=\"og:image\" content=\"https:\/\/festival.hfd.digital\/de\/wp-content\/uploads\/sites\/3\/2026\/04\/Stage-Sharepic_Graz-1-700x394.png\" \/>\n\t<meta property=\"og:image:width\" content=\"700\" \/>\n\t<meta property=\"og:image:height\" content=\"394\" \/>\n\t<meta property=\"og:image:type\" content=\"image\/png\" \/>\n<meta name=\"twitter:card\" content=\"summary_large_image\" \/>\n<meta name=\"twitter:label1\" content=\"Gesch\u00e4tzte Lesezeit\" \/>\n\t<meta name=\"twitter:data1\" content=\"4\u00a0Minuten\" \/>\n<script type=\"application\/ld+json\" class=\"yoast-schema-graph\">{\"@context\":\"https:\\\/\\\/schema.org\",\"@graph\":[{\"@type\":\"WebPage\",\"@id\":\"https:\\\/\\\/festival.hfd.digital\\\/de\\\/praesenzbuehne-graz-2026\\\/\",\"url\":\"https:\\\/\\\/festival.hfd.digital\\\/de\\\/praesenzbuehne-graz-2026\\\/\",\"name\":\"AI Force:Stage Graz - University:Future Festival 2026\",\"isPartOf\":{\"@id\":\"https:\\\/\\\/festival.hfd.digital\\\/de\\\/#website\"},\"primaryImageOfPage\":{\"@id\":\"https:\\\/\\\/festival.hfd.digital\\\/de\\\/praesenzbuehne-graz-2026\\\/#primaryimage\"},\"image\":{\"@id\":\"https:\\\/\\\/festival.hfd.digital\\\/de\\\/praesenzbuehne-graz-2026\\\/#primaryimage\"},\"thumbnailUrl\":\"https:\\\/\\\/festival.hfd.digital\\\/de\\\/wp-content\\\/uploads\\\/sites\\\/3\\\/2026\\\/04\\\/Stage-Sharepic_Graz-1-700x394.png\",\"datePublished\":\"2026-04-22T11:29:10+00:00\",\"dateModified\":\"2026-05-05T16:21:37+00:00\",\"description\":\"Am Dienstag, den 23. Juni 2026, gibt die AI Force:Stage Graz einen Einblick in die neuesten Entwicklungen im Bereich der Artificial Intelligence.\",\"inLanguage\":\"de\",\"potentialAction\":[{\"@type\":\"ReadAction\",\"target\":[\"https:\\\/\\\/festival.hfd.digital\\\/de\\\/praesenzbuehne-graz-2026\\\/\"]}]},{\"@type\":\"ImageObject\",\"inLanguage\":\"de\",\"@id\":\"https:\\\/\\\/festival.hfd.digital\\\/de\\\/praesenzbuehne-graz-2026\\\/#primaryimage\",\"url\":\"https:\\\/\\\/festival.hfd.digital\\\/de\\\/wp-content\\\/uploads\\\/sites\\\/3\\\/2026\\\/04\\\/Stage-Sharepic_Graz-1.png\",\"contentUrl\":\"https:\\\/\\\/festival.hfd.digital\\\/de\\\/wp-content\\\/uploads\\\/sites\\\/3\\\/2026\\\/04\\\/Stage-Sharepic_Graz-1.png\",\"width\":1920,\"height\":1080},{\"@type\":\"WebSite\",\"@id\":\"https:\\\/\\\/festival.hfd.digital\\\/de\\\/#website\",\"url\":\"https:\\\/\\\/festival.hfd.digital\\\/de\\\/\",\"name\":\"University:Future Festival 2026\",\"description\":\"Das j\u00e4hrliche Festival zur Zukunft der Hochschulbildung.\",\"potentialAction\":[{\"@type\":\"SearchAction\",\"target\":{\"@type\":\"EntryPoint\",\"urlTemplate\":\"https:\\\/\\\/festival.hfd.digital\\\/de\\\/?s={search_term_string}\"},\"query-input\":{\"@type\":\"PropertyValueSpecification\",\"valueRequired\":true,\"valueName\":\"search_term_string\"}}],\"inLanguage\":\"de\"}]}<\/script>\n<!-- \/ Yoast SEO plugin. -->","yoast_head_json":{"title":"AI Force:Stage Graz - University:Future Festival 2026","description":"Am Dienstag, den 23. Juni 2026, gibt die AI Force:Stage Graz einen Einblick in die neuesten Entwicklungen im Bereich der Artificial Intelligence.","robots":{"index":"index","follow":"follow","max-snippet":"max-snippet:-1","max-image-preview":"max-image-preview:large","max-video-preview":"max-video-preview:-1"},"canonical":"https:\/\/festival.hfd.digital\/de\/praesenzbuehne-graz-2026\/","og_locale":"de_DE","og_type":"article","og_title":"AI Force:Stage Graz - University:Future Festival 2026","og_description":"Am Dienstag, den 23. Juni 2026, gibt die AI Force:Stage Graz einen Einblick in die neuesten Entwicklungen im Bereich der Artificial Intelligence.","og_url":"https:\/\/festival.hfd.digital\/de\/praesenzbuehne-graz-2026\/","og_site_name":"University:Future Festival 2026","article_modified_time":"2026-05-05T16:21:37+00:00","og_image":[{"width":700,"height":394,"url":"https:\/\/festival.hfd.digital\/de\/wp-content\/uploads\/sites\/3\/2026\/04\/Stage-Sharepic_Graz-1-700x394.png","type":"image\/png"}],"twitter_card":"summary_large_image","twitter_misc":{"Gesch\u00e4tzte Lesezeit":"4\u00a0Minuten"},"schema":{"@context":"https:\/\/schema.org","@graph":[{"@type":"WebPage","@id":"https:\/\/festival.hfd.digital\/de\/praesenzbuehne-graz-2026\/","url":"https:\/\/festival.hfd.digital\/de\/praesenzbuehne-graz-2026\/","name":"AI Force:Stage Graz - University:Future Festival 2026","isPartOf":{"@id":"https:\/\/festival.hfd.digital\/de\/#website"},"primaryImageOfPage":{"@id":"https:\/\/festival.hfd.digital\/de\/praesenzbuehne-graz-2026\/#primaryimage"},"image":{"@id":"https:\/\/festival.hfd.digital\/de\/praesenzbuehne-graz-2026\/#primaryimage"},"thumbnailUrl":"https:\/\/festival.hfd.digital\/de\/wp-content\/uploads\/sites\/3\/2026\/04\/Stage-Sharepic_Graz-1-700x394.png","datePublished":"2026-04-22T11:29:10+00:00","dateModified":"2026-05-05T16:21:37+00:00","description":"Am Dienstag, den 23. Juni 2026, gibt die AI Force:Stage Graz einen Einblick in die neuesten Entwicklungen im Bereich der Artificial Intelligence.","inLanguage":"de","potentialAction":[{"@type":"ReadAction","target":["https:\/\/festival.hfd.digital\/de\/praesenzbuehne-graz-2026\/"]}]},{"@type":"ImageObject","inLanguage":"de","@id":"https:\/\/festival.hfd.digital\/de\/praesenzbuehne-graz-2026\/#primaryimage","url":"https:\/\/festival.hfd.digital\/de\/wp-content\/uploads\/sites\/3\/2026\/04\/Stage-Sharepic_Graz-1.png","contentUrl":"https:\/\/festival.hfd.digital\/de\/wp-content\/uploads\/sites\/3\/2026\/04\/Stage-Sharepic_Graz-1.png","width":1920,"height":1080},{"@type":"WebSite","@id":"https:\/\/festival.hfd.digital\/de\/#website","url":"https:\/\/festival.hfd.digital\/de\/","name":"University:Future Festival 2026","description":"Das j\u00e4hrliche Festival zur Zukunft der Hochschulbildung.","potentialAction":[{"@type":"SearchAction","target":{"@type":"EntryPoint","urlTemplate":"https:\/\/festival.hfd.digital\/de\/?s={search_term_string}"},"query-input":{"@type":"PropertyValueSpecification","valueRequired":true,"valueName":"search_term_string"}}],"inLanguage":"de"}]}},"_links":{"self":[{"href":"https:\/\/festival.hfd.digital\/de\/wp-json\/wp\/v2\/pages\/12689","targetHints":{"allow":["GET"]}}],"collection":[{"href":"https:\/\/festival.hfd.digital\/de\/wp-json\/wp\/v2\/pages"}],"about":[{"href":"https:\/\/festival.hfd.digital\/de\/wp-json\/wp\/v2\/types\/page"}],"author":[{"embeddable":true,"href":"https:\/\/festival.hfd.digital\/de\/wp-json\/wp\/v2\/users\/3"}],"replies":[{"embeddable":true,"href":"https:\/\/festival.hfd.digital\/de\/wp-json\/wp\/v2\/comments?post=12689"}],"version-history":[{"count":27,"href":"https:\/\/festival.hfd.digital\/de\/wp-json\/wp\/v2\/pages\/12689\/revisions"}],"predecessor-version":[{"id":13242,"href":"https:\/\/festival.hfd.digital\/de\/wp-json\/wp\/v2\/pages\/12689\/revisions\/13242"}],"wp:attachment":[{"href":"https:\/\/festival.hfd.digital\/de\/wp-json\/wp\/v2\/media?parent=12689"}],"curies":[{"name":"wp","href":"https:\/\/api.w.org\/{rel}","templated":true}]}}