{"id":12410,"date":"2025-12-18T13:42:41","date_gmt":"2025-12-18T12:42:41","guid":{"rendered":"https:\/\/festival.hfd.digital\/de\/?page_id=12410"},"modified":"2026-01-16T11:52:41","modified_gmt":"2026-01-16T10:52:41","slug":"sounding-board","status":"publish","type":"page","link":"https:\/\/festival.hfd.digital\/de\/sounding-board\/","title":{"rendered":"Sounding Board"},"content":{"rendered":"\n<p>Das Sounding Board ber\u00e4t das Team des University:Future Festivals. Ziel ist es, Impulse zur inhaltlichen und methodischen Weiterentwicklung des U:FF 2026 zu sammeln. Das Sounding Board besteht aus 10 Personen, die alle wichtigen Stakeholdergruppen des Festivals abdecken.<\/p>\n\n\n\n<div class=\"wp-block-columns is-layout-flex wp-container-core-columns-is-layout-9d6595d7 wp-block-columns-is-layout-flex\">\n<div class=\"wp-block-column is-layout-flow wp-block-column-is-layout-flow\">\n<figure class=\"wp-block-image size-full is-resized is-style-rounded wp-duotone-rgb000-rgb255253253-1\"><img loading=\"lazy\" decoding=\"async\" width=\"1340\" height=\"893\" src=\"https:\/\/festival.hfd.digital\/de\/wp-content\/uploads\/sites\/3\/2025\/12\/linn-friedrichs.jpg\" alt=\"\" class=\"wp-image-12413\" style=\"aspect-ratio:1;object-fit:cover;width:320px\" srcset=\"https:\/\/festival.hfd.digital\/de\/wp-content\/uploads\/sites\/3\/2025\/12\/linn-friedrichs.jpg 1340w, https:\/\/festival.hfd.digital\/de\/wp-content\/uploads\/sites\/3\/2025\/12\/linn-friedrichs-250x167.jpg 250w, https:\/\/festival.hfd.digital\/de\/wp-content\/uploads\/sites\/3\/2025\/12\/linn-friedrichs-700x466.jpg 700w, https:\/\/festival.hfd.digital\/de\/wp-content\/uploads\/sites\/3\/2025\/12\/linn-friedrichs-768x512.jpg 768w, https:\/\/festival.hfd.digital\/de\/wp-content\/uploads\/sites\/3\/2025\/12\/linn-friedrichs-120x80.jpg 120w\" sizes=\"auto, (max-width: 1340px) 100vw, 1340px\" \/><\/figure>\n\n\n\n<p class=\"has-text-align-center\"><strong>Linn Friedrichs<\/strong><br>Moderatorin, Learning &amp; development consultant<\/p>\n<\/div>\n\n\n\n<div class=\"wp-block-column is-layout-flow wp-block-column-is-layout-flow\">\n<figure class=\"wp-block-image size-full is-resized is-style-rounded wp-duotone-000000-ffffff-2\"><img loading=\"lazy\" decoding=\"async\" width=\"306\" height=\"306\" src=\"https:\/\/festival.hfd.digital\/de\/wp-content\/uploads\/sites\/3\/2025\/12\/aljoscha-burchardt.jpg\" alt=\"\" class=\"wp-image-12412\" style=\"aspect-ratio:1;object-fit:cover;width:320px\" srcset=\"https:\/\/festival.hfd.digital\/de\/wp-content\/uploads\/sites\/3\/2025\/12\/aljoscha-burchardt.jpg 306w, https:\/\/festival.hfd.digital\/de\/wp-content\/uploads\/sites\/3\/2025\/12\/aljoscha-burchardt-250x250.jpg 250w, https:\/\/festival.hfd.digital\/de\/wp-content\/uploads\/sites\/3\/2025\/12\/aljoscha-burchardt-150x150.jpg 150w, https:\/\/festival.hfd.digital\/de\/wp-content\/uploads\/sites\/3\/2025\/12\/aljoscha-burchardt-120x120.jpg 120w\" sizes=\"auto, (max-width: 306px) 100vw, 306px\" \/><\/figure>\n\n\n\n<p class=\"has-text-align-center\"><strong>Aljoscha Burchardt<\/strong><br>Principal Researcher beim Deutschen Forschungszentrum f\u00fcr K\u00fcnstliche Intelligenz (DFKI)<\/p>\n<\/div>\n\n\n\n<div class=\"wp-block-column is-layout-flow wp-block-column-is-layout-flow\">\n<figure class=\"wp-block-image size-large is-resized is-style-rounded wp-duotone-rgb000-rgb255253253-3\"><img loading=\"lazy\" decoding=\"async\" width=\"700\" height=\"1050\" src=\"https:\/\/festival.hfd.digital\/de\/wp-content\/uploads\/sites\/3\/2025\/12\/philipp-schmidt-700x1050.jpg\" alt=\"\" class=\"wp-image-12415\" style=\"aspect-ratio:1;object-fit:cover;width:320px\" srcset=\"https:\/\/festival.hfd.digital\/de\/wp-content\/uploads\/sites\/3\/2025\/12\/philipp-schmidt-700x1050.jpg 700w, https:\/\/festival.hfd.digital\/de\/wp-content\/uploads\/sites\/3\/2025\/12\/philipp-schmidt-250x375.jpg 250w, https:\/\/festival.hfd.digital\/de\/wp-content\/uploads\/sites\/3\/2025\/12\/philipp-schmidt-768x1152.jpg 768w, https:\/\/festival.hfd.digital\/de\/wp-content\/uploads\/sites\/3\/2025\/12\/philipp-schmidt-1024x1536.jpg 1024w, https:\/\/festival.hfd.digital\/de\/wp-content\/uploads\/sites\/3\/2025\/12\/philipp-schmidt-120x180.jpg 120w, https:\/\/festival.hfd.digital\/de\/wp-content\/uploads\/sites\/3\/2025\/12\/philipp-schmidt.jpg 1333w\" sizes=\"auto, (max-width: 700px) 100vw, 700px\" \/><\/figure>\n\n\n\n<p class=\"has-text-align-center\"><strong>Philipp Schmidt<br><\/strong>VP Technology Innovation bei Axim Collaborative<\/p>\n<\/div>\n<\/div>\n\n\n\n<div class=\"wp-block-columns is-layout-flex wp-container-core-columns-is-layout-9d6595d7 wp-block-columns-is-layout-flex\">\n<div class=\"wp-block-column is-layout-flow wp-block-column-is-layout-flow\">\n<figure class=\"wp-block-image size-full is-resized is-style-rounded wp-duotone-000000-ffffff-4\"><img loading=\"lazy\" decoding=\"async\" width=\"1920\" height=\"2560\" src=\"https:\/\/festival.hfd.digital\/de\/wp-content\/uploads\/sites\/3\/2025\/12\/Moritz-Ettl.png\" alt=\"\" class=\"wp-image-12426\" style=\"aspect-ratio:1;object-fit:cover;width:320px\" srcset=\"https:\/\/festival.hfd.digital\/de\/wp-content\/uploads\/sites\/3\/2025\/12\/Moritz-Ettl.png 1920w, https:\/\/festival.hfd.digital\/de\/wp-content\/uploads\/sites\/3\/2025\/12\/Moritz-Ettl-250x333.png 250w, https:\/\/festival.hfd.digital\/de\/wp-content\/uploads\/sites\/3\/2025\/12\/Moritz-Ettl-700x933.png 700w, https:\/\/festival.hfd.digital\/de\/wp-content\/uploads\/sites\/3\/2025\/12\/Moritz-Ettl-768x1024.png 768w, https:\/\/festival.hfd.digital\/de\/wp-content\/uploads\/sites\/3\/2025\/12\/Moritz-Ettl-1152x1536.png 1152w, https:\/\/festival.hfd.digital\/de\/wp-content\/uploads\/sites\/3\/2025\/12\/Moritz-Ettl-1536x2048.png 1536w, https:\/\/festival.hfd.digital\/de\/wp-content\/uploads\/sites\/3\/2025\/12\/Moritz-Ettl-120x160.png 120w\" sizes=\"auto, (max-width: 1920px) 100vw, 1920px\" \/><\/figure>\n\n\n\n<p class=\"has-text-align-center\"><strong>Moritz Ettl<\/strong><br>Gr\u00fcnder und Gesch\u00e4ftsf\u00fchrer von Forever Day One<\/p>\n<\/div>\n\n\n\n<div class=\"wp-block-column is-layout-flow wp-block-column-is-layout-flow\">\n<figure class=\"wp-block-image size-full is-resized is-style-rounded wp-duotone-000000-ffffff-5\"><img loading=\"lazy\" decoding=\"async\" width=\"700\" height=\"700\" src=\"https:\/\/festival.hfd.digital\/de\/wp-content\/uploads\/sites\/3\/2025\/12\/Design-ohne-Titel-700x700-4.png\" alt=\"\" class=\"wp-image-12421\" style=\"aspect-ratio:1;object-fit:cover;width:320px;height:auto\" srcset=\"https:\/\/festival.hfd.digital\/de\/wp-content\/uploads\/sites\/3\/2025\/12\/Design-ohne-Titel-700x700-4.png 700w, https:\/\/festival.hfd.digital\/de\/wp-content\/uploads\/sites\/3\/2025\/12\/Design-ohne-Titel-700x700-4-250x250.png 250w, https:\/\/festival.hfd.digital\/de\/wp-content\/uploads\/sites\/3\/2025\/12\/Design-ohne-Titel-700x700-4-150x150.png 150w, https:\/\/festival.hfd.digital\/de\/wp-content\/uploads\/sites\/3\/2025\/12\/Design-ohne-Titel-700x700-4-120x120.png 120w\" sizes=\"auto, (max-width: 700px) 100vw, 700px\" \/><\/figure>\n\n\n\n<p class=\"has-text-align-center\"><strong>Silke Hertel<\/strong><br>Prorektorin f\u00fcr Studium und Lehre der Universit\u00e4t Heidelberg<\/p>\n<\/div>\n\n\n\n<div class=\"wp-block-column is-layout-flow wp-block-column-is-layout-flow\">\n<figure class=\"wp-block-image size-full is-resized is-style-rounded wp-duotone-rgb000-rgb255253253-6\"><img loading=\"lazy\" decoding=\"async\" width=\"400\" height=\"400\" src=\"https:\/\/festival.hfd.digital\/de\/wp-content\/uploads\/sites\/3\/2025\/12\/fbf2-400o400o1-DdQLbSjDYVfyuHz5nooD8L.jpg\" alt=\"\" class=\"wp-image-12424\" style=\"aspect-ratio:1;object-fit:cover;width:320px\" srcset=\"https:\/\/festival.hfd.digital\/de\/wp-content\/uploads\/sites\/3\/2025\/12\/fbf2-400o400o1-DdQLbSjDYVfyuHz5nooD8L.jpg 400w, https:\/\/festival.hfd.digital\/de\/wp-content\/uploads\/sites\/3\/2025\/12\/fbf2-400o400o1-DdQLbSjDYVfyuHz5nooD8L-250x250.jpg 250w, https:\/\/festival.hfd.digital\/de\/wp-content\/uploads\/sites\/3\/2025\/12\/fbf2-400o400o1-DdQLbSjDYVfyuHz5nooD8L-150x150.jpg 150w, https:\/\/festival.hfd.digital\/de\/wp-content\/uploads\/sites\/3\/2025\/12\/fbf2-400o400o1-DdQLbSjDYVfyuHz5nooD8L-120x120.jpg 120w\" sizes=\"auto, (max-width: 400px) 100vw, 400px\" \/><\/figure>\n\n\n\n<p class=\"has-text-align-center\"><strong>Susanne Staude<br><\/strong>Pr\u00e4sidentin der Hochschule Ruhr West<\/p>\n<\/div>\n<\/div>\n\n\n\n<div class=\"wp-block-columns is-layout-flex wp-container-core-columns-is-layout-9d6595d7 wp-block-columns-is-layout-flex\">\n<div class=\"wp-block-column is-layout-flow wp-block-column-is-layout-flow\">\n<figure class=\"wp-block-image size-full is-resized is-style-rounded wp-duotone-000000-ffffff-7\"><img loading=\"lazy\" decoding=\"async\" width=\"250\" height=\"250\" src=\"https:\/\/festival.hfd.digital\/de\/wp-content\/uploads\/sites\/3\/2025\/12\/Foto-Antje-Michel-250x250-1.jpg\" alt=\"\" class=\"wp-image-12417\" style=\"aspect-ratio:1;object-fit:cover;width:320px\" srcset=\"https:\/\/festival.hfd.digital\/de\/wp-content\/uploads\/sites\/3\/2025\/12\/Foto-Antje-Michel-250x250-1.jpg 250w, https:\/\/festival.hfd.digital\/de\/wp-content\/uploads\/sites\/3\/2025\/12\/Foto-Antje-Michel-250x250-1-150x150.jpg 150w, https:\/\/festival.hfd.digital\/de\/wp-content\/uploads\/sites\/3\/2025\/12\/Foto-Antje-Michel-250x250-1-120x120.jpg 120w\" sizes=\"auto, (max-width: 250px) 100vw, 250px\" \/><\/figure>\n\n\n\n<p class=\"has-text-align-center\"><strong>Antje Michel<\/strong><br>Professorin f\u00fcr Informationsdidaktik und Wissenstransfer an der FH Potsdam<\/p>\n<\/div>\n\n\n\n<div class=\"wp-block-column is-layout-flow wp-block-column-is-layout-flow\">\n<figure class=\"wp-block-image size-full is-resized is-style-rounded wp-duotone-000000-ffffff-8\"><img loading=\"lazy\" decoding=\"async\" width=\"2048\" height=\"1463\" src=\"https:\/\/festival.hfd.digital\/de\/wp-content\/uploads\/sites\/3\/2025\/12\/ben-lenk-ostendorf.jpg\" alt=\"\" class=\"wp-image-12414\" style=\"aspect-ratio:1;object-fit:cover;width:320px;height:auto\" srcset=\"https:\/\/festival.hfd.digital\/de\/wp-content\/uploads\/sites\/3\/2025\/12\/ben-lenk-ostendorf.jpg 2048w, https:\/\/festival.hfd.digital\/de\/wp-content\/uploads\/sites\/3\/2025\/12\/ben-lenk-ostendorf-250x179.jpg 250w, https:\/\/festival.hfd.digital\/de\/wp-content\/uploads\/sites\/3\/2025\/12\/ben-lenk-ostendorf-700x500.jpg 700w, https:\/\/festival.hfd.digital\/de\/wp-content\/uploads\/sites\/3\/2025\/12\/ben-lenk-ostendorf-768x549.jpg 768w, https:\/\/festival.hfd.digital\/de\/wp-content\/uploads\/sites\/3\/2025\/12\/ben-lenk-ostendorf-1536x1097.jpg 1536w, https:\/\/festival.hfd.digital\/de\/wp-content\/uploads\/sites\/3\/2025\/12\/ben-lenk-ostendorf-120x86.jpg 120w\" sizes=\"auto, (max-width: 2048px) 100vw, 2048px\" \/><\/figure>\n\n\n\n<p class=\"has-text-align-center\"><strong>Ben Lenk-Ostendorf<\/strong><br>Leiter der AI Guides, TU M\u00fcnchen<\/p>\n<\/div>\n\n\n\n<div class=\"wp-block-column is-layout-flow wp-block-column-is-layout-flow\">\n<figure class=\"wp-block-image size-full is-resized is-style-rounded wp-duotone-rgb000-rgb255253253-9\"><img loading=\"lazy\" decoding=\"async\" width=\"250\" height=\"250\" src=\"https:\/\/festival.hfd.digital\/de\/wp-content\/uploads\/sites\/3\/2026\/01\/23b59cc8-62bc-4635-a9ce-47a1db37f20c.png\" alt=\"\" class=\"wp-image-12507\" style=\"aspect-ratio:1;object-fit:cover;width:320px\" srcset=\"https:\/\/festival.hfd.digital\/de\/wp-content\/uploads\/sites\/3\/2026\/01\/23b59cc8-62bc-4635-a9ce-47a1db37f20c.png 250w, https:\/\/festival.hfd.digital\/de\/wp-content\/uploads\/sites\/3\/2026\/01\/23b59cc8-62bc-4635-a9ce-47a1db37f20c-150x150.png 150w, https:\/\/festival.hfd.digital\/de\/wp-content\/uploads\/sites\/3\/2026\/01\/23b59cc8-62bc-4635-a9ce-47a1db37f20c-120x120.png 120w\" sizes=\"auto, (max-width: 250px) 100vw, 250px\" \/><\/figure>\n\n\n\n<p class=\"has-text-align-center\"><strong>Franziska Richter<br><\/strong>Referentin Digitale Transformation Lehre und Hochschuldidaktik Universit\u00e4t Bremen<\/p>\n<\/div>\n<\/div>\n\n\n\n<div class=\"wp-block-columns is-layout-flex wp-container-core-columns-is-layout-9d6595d7 wp-block-columns-is-layout-flex\">\n<div class=\"wp-block-column is-layout-flow wp-block-column-is-layout-flow\">\n<figure class=\"wp-block-image size-full is-resized is-style-rounded wp-duotone-000000-ffffff-10\"><img loading=\"lazy\" decoding=\"async\" width=\"300\" height=\"300\" src=\"https:\/\/festival.hfd.digital\/de\/wp-content\/uploads\/sites\/3\/2025\/12\/UFF25_Jury_Bigger-Picture_Korner.jpg\" alt=\"\" class=\"wp-image-12423\" style=\"aspect-ratio:1;object-fit:cover;width:320px\" srcset=\"https:\/\/festival.hfd.digital\/de\/wp-content\/uploads\/sites\/3\/2025\/12\/UFF25_Jury_Bigger-Picture_Korner.jpg 300w, https:\/\/festival.hfd.digital\/de\/wp-content\/uploads\/sites\/3\/2025\/12\/UFF25_Jury_Bigger-Picture_Korner-250x250.jpg 250w, https:\/\/festival.hfd.digital\/de\/wp-content\/uploads\/sites\/3\/2025\/12\/UFF25_Jury_Bigger-Picture_Korner-150x150.jpg 150w, https:\/\/festival.hfd.digital\/de\/wp-content\/uploads\/sites\/3\/2025\/12\/UFF25_Jury_Bigger-Picture_Korner-120x120.jpg 120w\" sizes=\"auto, (max-width: 300px) 100vw, 300px\" \/><\/figure>\n\n\n\n<p class=\"has-text-align-center\"><strong>Thomas Korner<\/strong><br>Leiter Innovation Lab ZHAW Z\u00fcrich<\/p>\n<\/div>\n\n\n\n<div class=\"wp-block-column is-layout-flow wp-block-column-is-layout-flow\">\n<p class=\"has-text-align-center\"><\/p>\n<\/div>\n\n\n\n<div class=\"wp-block-column is-layout-flow wp-block-column-is-layout-flow\">\n<p class=\"has-text-align-center\"><\/p>\n<\/div>\n<\/div>\n\n\n\n<p><\/p>\n","protected":false},"excerpt":{"rendered":"Das Sounding Board ber\u00e4t das Team des University:Future Festivals. Ziel ist es, Impulse zur inhaltlichen und methodischen Weiterentwicklung des U:FF 2026 zu sammeln. Das Sounding Board besteht aus 10 Personen, die alle wichtigen Stakeholdergruppen des Festivals abdecken. Linn FriedrichsModeratorin, Learning &amp; development consultant Aljoscha BurchardtPrincipal Researcher beim Deutschen Forschungszentrum f\u00fcr K\u00fcnstliche Intelligenz (DFKI) Philipp SchmidtVP&#8230; <a class=\"view-article\" href=\"https:\/\/festival.hfd.digital\/de\/sounding-board\/\">View Article<\/a>","protected":false},"author":46,"featured_media":0,"parent":0,"menu_order":0,"comment_status":"closed","ping_status":"closed","template":"","meta":{"_acf_changed":false,"inline_featured_image":false,"footnotes":""},"class_list":["post-12410","page","type-page","status-publish","hentry"],"acf":[],"yoast_head":"<!-- This site is optimized with the Yoast SEO plugin v27.3 - https:\/\/yoast.com\/product\/yoast-seo-wordpress\/ -->\n<title>Sounding Board - University:Future Festival 2026<\/title>\n<meta name=\"description\" content=\"Mitglieder des Sounding Boards beraten das Team des University:Future Festivals und geben Impluse zur inhaltlichen und methodischen Weiterentwicklung.\" \/>\n<meta name=\"robots\" content=\"index, follow, max-snippet:-1, max-image-preview:large, max-video-preview:-1\" \/>\n<link rel=\"canonical\" href=\"https:\/\/festival.hfd.digital\/de\/sounding-board\/\" \/>\n<meta property=\"og:locale\" content=\"de_DE\" \/>\n<meta property=\"og:type\" content=\"article\" \/>\n<meta property=\"og:title\" content=\"Sounding Board - University:Future Festival 2026\" \/>\n<meta property=\"og:description\" content=\"Mitglieder des Sounding Boards beraten das Team des University:Future Festivals und geben Impluse zur inhaltlichen und methodischen Weiterentwicklung.\" \/>\n<meta property=\"og:url\" content=\"https:\/\/festival.hfd.digital\/de\/sounding-board\/\" \/>\n<meta property=\"og:site_name\" content=\"University:Future Festival 2026\" \/>\n<meta property=\"article:modified_time\" content=\"2026-01-16T10:52:41+00:00\" \/>\n<meta property=\"og:image\" content=\"https:\/\/festival.hfd.digital\/de\/wp-content\/uploads\/sites\/3\/2025\/12\/linn-friedrichs.jpg\" \/>\n\t<meta property=\"og:image:width\" content=\"1340\" \/>\n\t<meta property=\"og:image:height\" content=\"893\" \/>\n\t<meta property=\"og:image:type\" content=\"image\/jpeg\" \/>\n<meta name=\"twitter:card\" content=\"summary_large_image\" \/>\n<meta name=\"twitter:label1\" content=\"Gesch\u00e4tzte Lesezeit\" \/>\n\t<meta name=\"twitter:data1\" content=\"3\u00a0Minuten\" \/>\n<script type=\"application\/ld+json\" class=\"yoast-schema-graph\">{\"@context\":\"https:\\\/\\\/schema.org\",\"@graph\":[{\"@type\":\"WebPage\",\"@id\":\"https:\\\/\\\/festival.hfd.digital\\\/de\\\/sounding-board\\\/\",\"url\":\"https:\\\/\\\/festival.hfd.digital\\\/de\\\/sounding-board\\\/\",\"name\":\"Sounding Board - University:Future Festival 2026\",\"isPartOf\":{\"@id\":\"https:\\\/\\\/festival.hfd.digital\\\/de\\\/#website\"},\"primaryImageOfPage\":{\"@id\":\"https:\\\/\\\/festival.hfd.digital\\\/de\\\/sounding-board\\\/#primaryimage\"},\"image\":{\"@id\":\"https:\\\/\\\/festival.hfd.digital\\\/de\\\/sounding-board\\\/#primaryimage\"},\"thumbnailUrl\":\"https:\\\/\\\/festival.hfd.digital\\\/de\\\/wp-content\\\/uploads\\\/sites\\\/3\\\/2025\\\/12\\\/linn-friedrichs.jpg\",\"datePublished\":\"2025-12-18T12:42:41+00:00\",\"dateModified\":\"2026-01-16T10:52:41+00:00\",\"description\":\"Mitglieder des Sounding Boards beraten das Team des University:Future Festivals und geben Impluse zur inhaltlichen und methodischen Weiterentwicklung.\",\"inLanguage\":\"de\",\"potentialAction\":[{\"@type\":\"ReadAction\",\"target\":[\"https:\\\/\\\/festival.hfd.digital\\\/de\\\/sounding-board\\\/\"]}]},{\"@type\":\"ImageObject\",\"inLanguage\":\"de\",\"@id\":\"https:\\\/\\\/festival.hfd.digital\\\/de\\\/sounding-board\\\/#primaryimage\",\"url\":\"https:\\\/\\\/festival.hfd.digital\\\/de\\\/wp-content\\\/uploads\\\/sites\\\/3\\\/2025\\\/12\\\/linn-friedrichs.jpg\",\"contentUrl\":\"https:\\\/\\\/festival.hfd.digital\\\/de\\\/wp-content\\\/uploads\\\/sites\\\/3\\\/2025\\\/12\\\/linn-friedrichs.jpg\",\"width\":1340,\"height\":893},{\"@type\":\"WebSite\",\"@id\":\"https:\\\/\\\/festival.hfd.digital\\\/de\\\/#website\",\"url\":\"https:\\\/\\\/festival.hfd.digital\\\/de\\\/\",\"name\":\"University:Future Festival 2026\",\"description\":\"Das j\u00e4hrliche Festival zur Zukunft der Hochschulbildung.\",\"potentialAction\":[{\"@type\":\"SearchAction\",\"target\":{\"@type\":\"EntryPoint\",\"urlTemplate\":\"https:\\\/\\\/festival.hfd.digital\\\/de\\\/?s={search_term_string}\"},\"query-input\":{\"@type\":\"PropertyValueSpecification\",\"valueRequired\":true,\"valueName\":\"search_term_string\"}}],\"inLanguage\":\"de\"}]}<\/script>\n<!-- \/ Yoast SEO plugin. -->","yoast_head_json":{"title":"Sounding Board - University:Future Festival 2026","description":"Mitglieder des Sounding Boards beraten das Team des University:Future Festivals und geben Impluse zur inhaltlichen und methodischen Weiterentwicklung.","robots":{"index":"index","follow":"follow","max-snippet":"max-snippet:-1","max-image-preview":"max-image-preview:large","max-video-preview":"max-video-preview:-1"},"canonical":"https:\/\/festival.hfd.digital\/de\/sounding-board\/","og_locale":"de_DE","og_type":"article","og_title":"Sounding Board - University:Future Festival 2026","og_description":"Mitglieder des Sounding Boards beraten das Team des University:Future Festivals und geben Impluse zur inhaltlichen und methodischen Weiterentwicklung.","og_url":"https:\/\/festival.hfd.digital\/de\/sounding-board\/","og_site_name":"University:Future Festival 2026","article_modified_time":"2026-01-16T10:52:41+00:00","og_image":[{"width":1340,"height":893,"url":"https:\/\/festival.hfd.digital\/de\/wp-content\/uploads\/sites\/3\/2025\/12\/linn-friedrichs.jpg","type":"image\/jpeg"}],"twitter_card":"summary_large_image","twitter_misc":{"Gesch\u00e4tzte Lesezeit":"3\u00a0Minuten"},"schema":{"@context":"https:\/\/schema.org","@graph":[{"@type":"WebPage","@id":"https:\/\/festival.hfd.digital\/de\/sounding-board\/","url":"https:\/\/festival.hfd.digital\/de\/sounding-board\/","name":"Sounding Board - University:Future Festival 2026","isPartOf":{"@id":"https:\/\/festival.hfd.digital\/de\/#website"},"primaryImageOfPage":{"@id":"https:\/\/festival.hfd.digital\/de\/sounding-board\/#primaryimage"},"image":{"@id":"https:\/\/festival.hfd.digital\/de\/sounding-board\/#primaryimage"},"thumbnailUrl":"https:\/\/festival.hfd.digital\/de\/wp-content\/uploads\/sites\/3\/2025\/12\/linn-friedrichs.jpg","datePublished":"2025-12-18T12:42:41+00:00","dateModified":"2026-01-16T10:52:41+00:00","description":"Mitglieder des Sounding Boards beraten das Team des University:Future Festivals und geben Impluse zur inhaltlichen und methodischen Weiterentwicklung.","inLanguage":"de","potentialAction":[{"@type":"ReadAction","target":["https:\/\/festival.hfd.digital\/de\/sounding-board\/"]}]},{"@type":"ImageObject","inLanguage":"de","@id":"https:\/\/festival.hfd.digital\/de\/sounding-board\/#primaryimage","url":"https:\/\/festival.hfd.digital\/de\/wp-content\/uploads\/sites\/3\/2025\/12\/linn-friedrichs.jpg","contentUrl":"https:\/\/festival.hfd.digital\/de\/wp-content\/uploads\/sites\/3\/2025\/12\/linn-friedrichs.jpg","width":1340,"height":893},{"@type":"WebSite","@id":"https:\/\/festival.hfd.digital\/de\/#website","url":"https:\/\/festival.hfd.digital\/de\/","name":"University:Future Festival 2026","description":"Das j\u00e4hrliche Festival zur Zukunft der Hochschulbildung.","potentialAction":[{"@type":"SearchAction","target":{"@type":"EntryPoint","urlTemplate":"https:\/\/festival.hfd.digital\/de\/?s={search_term_string}"},"query-input":{"@type":"PropertyValueSpecification","valueRequired":true,"valueName":"search_term_string"}}],"inLanguage":"de"}]}},"_links":{"self":[{"href":"https:\/\/festival.hfd.digital\/de\/wp-json\/wp\/v2\/pages\/12410","targetHints":{"allow":["GET"]}}],"collection":[{"href":"https:\/\/festival.hfd.digital\/de\/wp-json\/wp\/v2\/pages"}],"about":[{"href":"https:\/\/festival.hfd.digital\/de\/wp-json\/wp\/v2\/types\/page"}],"author":[{"embeddable":true,"href":"https:\/\/festival.hfd.digital\/de\/wp-json\/wp\/v2\/users\/46"}],"replies":[{"embeddable":true,"href":"https:\/\/festival.hfd.digital\/de\/wp-json\/wp\/v2\/comments?post=12410"}],"version-history":[{"count":12,"href":"https:\/\/festival.hfd.digital\/de\/wp-json\/wp\/v2\/pages\/12410\/revisions"}],"predecessor-version":[{"id":12508,"href":"https:\/\/festival.hfd.digital\/de\/wp-json\/wp\/v2\/pages\/12410\/revisions\/12508"}],"wp:attachment":[{"href":"https:\/\/festival.hfd.digital\/de\/wp-json\/wp\/v2\/media?parent=12410"}],"curies":[{"name":"wp","href":"https:\/\/api.w.org\/{rel}","templated":true}]}}