{"id":12221,"date":"2025-11-28T17:02:21","date_gmt":"2025-11-28T16:02:21","guid":{"rendered":"https:\/\/festival.hfd.digital\/de\/?page_id=12221"},"modified":"2026-04-07T12:40:00","modified_gmt":"2026-04-07T11:40:00","slug":"tracks-2026","status":"publish","type":"page","link":"https:\/\/festival.hfd.digital\/de\/tracks-2026\/","title":{"rendered":"Tracks 2026"},"content":{"rendered":"\n<p>Das Programm des University:Future Festivals ist in sieben Tracks gegliedert. Die Tracks spiegeln die Themen wider, die unsere Communities bewegen. Sie basieren auf den Ergebnissen einer Community-Umfrage, Erfahrungen aus vergangenen Veranstaltungen sowie strategischer Setzung.<\/p>\n\n\n\n<h2 class=\"wp-block-heading\"><strong><strong>The bigger picture<\/strong><\/strong><\/h2>\n\n\n\n<p><em>Under Pressure<\/em>: So beschreiben wir die Situation in der Hochschulwelt und so erleben viele den Zustand der Gesellschaft. Hochschulen pr\u00e4gen demokratische Kultur, wirken in gesellschaftliche Transformationsprozesse hinein und m\u00fcssen zugleich auf geopolitische, soziale und \u00f6kologische Herausforderungen reagieren. <em>The bigger picture<\/em> fragt: Welche Strategien helfen Hochschulen, die Polykrise erfolgreich zu bew\u00e4ltigen? Und wie k\u00f6nnen sie einen positiven Beitrag zur gesellschaftlichen Entwicklung leisten?&nbsp;<\/p>\n\n\n\n<p>Zum <em>bigger picture<\/em> z\u00e4hlt auch das Thema Nachhaltigkeit. Es umfasst mehr als \u00d6kologie; es hat eine fundamentale, soziale und globale Dimension. Wie k\u00f6nnen Hochschulen ihre globale Verantwortung wahrnehmen? Wie kann der Hochschulbetrieb klimaneutral und ressourcenschonend gestaltet werden? Wie kann Nachhaltigkeit f\u00e4cher\u00fcbergreifend und curricular fest verankert werden, statt nur ein Wahlfach zu sein?&nbsp;<\/p>\n\n\n\n<p>In diesem Track geht es dar\u00fcber hinaus um die Zukunft als Methode: Wie k\u00f6nnen wir angemessen \u00fcber Szenarien und Entwicklungen nachdenken? Wo sind Futuring-Methoden hilfreich und wo nur ein Add-On?<br>Wir suchen im Track <em>The bigger picture<\/em> insbesondere Beitr\u00e4ge, die Denk- und Handlungsr\u00e4ume er\u00f6ffnen.<\/p>\n\n\n\n<p><em>Zu den Themen des Tracks z\u00e4hlen unter anderem: Polykrise, Politik, Umgang mit Ungewissheit, langfristige Ver\u00e4nderungen, Megatrends, demografischer Wandel, Nachhaltigkeitsmanagement, Bildung f\u00fcr nachhaltige Entwicklung, grundlegende Werte von Hochschulen, Futuring<\/em><\/p>\n\n\n\n<h2 class=\"wp-block-heading\"><strong><strong>AI, Technology &amp; Infrastructures<\/strong><\/strong><\/h2>\n\n\n\n<p>K\u00fcnstliche Intelligenz und andere emerging technologies ver\u00e4ndern Lehre, Lernen und Pr\u00fcfungskultur fundamental. <em>AI, Technology &amp; Infrastructures<\/em> adressiert die grundlegenden Fragen, die sich daraus ergeben. <\/p>\n\n\n\n<p>Etablierte didaktische Praktiken stehen auf dem Pr\u00fcfstand: Welche didaktischen Konzepte sind zukunftsf\u00e4hig? Wie gehen Hochschulen mit Pr\u00fcfungsformaten wie Hausarbeiten, Online-Pr\u00fcfungen oder Lernportfolios im Zeitalter von KI um? Wie k\u00f6nnen KI-Tools den Unterricht spannender machen, Lernprozesse personalisieren oder Barrieren abbauen?&nbsp;<\/p>\n\n\n\n<p>KI und andere Technologien wie Robotik, Quantencomputingn und Brain-Computer-Interfaces&nbsp; pr\u00e4gen Hochschulen auch als Organisationen nachhaltig: Wie k\u00f6nnen Hochschulen sichere, zukunftsf\u00e4hige Strukturen aufbauen? Welche Chancen entstehen durch Prozessoptimierung und Automatisierung? Wie k\u00f6nnen Emerging Technologies die Zukunft von Lehre und Lernen ver\u00e4ndern? Gesucht sind insbesondere Beitr\u00e4ge, die strategische Handlungsoptionen f\u00fcr Hochschulen aufzeigen.<\/p>\n\n\n\n<p>Gerade in diesen Zeiten stellt sich auch die Frage nach digitaler Souver\u00e4nit\u00e4t: Was bedeutet es, wenn zentrale Services wie Cloud-, Kollaborations- und Lernplattformen von wenigen gro\u00dfen Anbietern kontrolliert werden? Wie k\u00f6nnen Hochschulen moderne Technologien nutzen und dennoch unabh\u00e4ngig bleiben? Und sind Open-Source-Modelle die L\u00f6sung?<\/p>\n\n\n\n<p>Im Track AI &amp; Technology interessieren wir uns f\u00fcr alle Perspektiven: wir suchen nach Informatiker:innen, die ihre L\u00f6sungen pr\u00e4sentieren. Wir suchen nach Didaktiker:innen, die neue Konzepte zeigen. Wir suchen nach Organisationsentwickler:innen, die zeigen, was durch neue Technologien m\u00f6glich wird. Und wir suchen nach Menschen, die bewusst Kontrapunkte zu etablierten Narrativen setzen.<\/p>\n\n\n\n<p><em>Zu den Themen des Tracks z\u00e4hlen unter anderem: KI-Infrastrukturen, Lehre mit KI, Prompting, Tools, KI-Kompetenzen, didaktische Praxisbeispiele, Einfluss auf F\u00e4cher, Virtual Reality, Extended Reality, Cybersecurity, Learning Analytics, Open Source, Data Governance, digitale Souver\u00e4nit\u00e4t sowie ganz generell technische Entwicklungen in der Bildung und dar\u00fcber hinaus.<\/em><\/p>\n\n\n\n<div class=\"wp-block-group\"><div class=\"wp-block-group__inner-container is-layout-constrained wp-block-group-is-layout-constrained\">\n<h2 class=\"wp-block-heading\">Connected University<\/h2>\n<\/div><\/div>\n\n\n\n<p>Der neue Track <em>Connected University<\/em> adressiert Offenheit in all ihren Aspekten: Offenheit im Sinne von Transfer und Zusammenarbeit; Offenheit im Sinne von Open Education sowie Offenheit als Haltung im Umgang mit Wandel und Unwissenheit.&nbsp;<\/p>\n\n\n\n<p>Transfer und Kooperation waren nie so wichtig wie heute: Die gro\u00dfen Herausforderungen unserer Zeit kann keine Hochschule allein bew\u00e4ltigen. Welche Modelle f\u00fcr gemeinsame Services, Plattformen und Ressourcen sind erfolgreich? Wie gelingt der Spagat zwischen notwendiger Netzwerkbildung und der Wahrung der eigenen institutionellen Eigenst\u00e4ndigkeit? Und wie gelingt Transfer, sodass Wissen in Gesellschaft und Praxis wirksam wird?&nbsp;<\/p>\n\n\n\n<p>Wie offen und zug\u00e4nglich kann und muss Bildung sein? Open Educational Practices ver\u00e4ndern p\u00e4dagogische Rollen und erfordern neue Formen professioneller Openness. Welche Anreize braucht es, damit Lehrende Openness als selbstverst\u00e4ndlichen Teil ihrer Arbeit sehen? Und wie k\u00f6nnen Lehrende didaktisch bef\u00e4higt werden, ihre Lehre \u201eoffen\u201c zu gestalten? Gesucht sind Modelle f\u00fcr eine vernetzte und arbeitsteilige \u201eOpen\u201c-Landschaft.<\/p>\n\n\n\n<p>Wenn dieser Track von Offenheit spricht, meint er auch all jene Ideen, die nicht in etablierte Themenkategorien passen. Manche Ideen verbinden viele Bereiche gleichzeitig, andere er\u00f6ffnen ganz neue Perspektiven. In \u201cOpen Universities\u201d&nbsp; ist daher Raum f\u00fcr alle Beitr\u00e4ge, die Grenzen verschieben, die \u00fcberraschen, irritieren und inspirieren.<\/p>\n\n\n\n<p>Wir suchen nach Modellen guter Praxis, die Vernetzung und Offenheit in all ihren Aspekten zeigen.<\/p>\n\n\n\n<p><em>Zu den Themen des Tracks z\u00e4hlen unter anderem: Transfer, Netzwerke, internationale Zusammenarbeit, \u00fcbergreifende Initiativen, Open Educational Practices, Open Educational Resources, Openness<\/em><\/p>\n\n\n\n<h2 class=\"wp-block-heading\">Future Skills<\/h2>\n\n\n\n<p>Future Skills gelten als Schl\u00fcssel, um in einer dynamischen, von Unsicherheit gepr\u00e4gten Welt handlungsf\u00e4hig zu bleiben. Um welche Kompetenzen handelt es sich genau, und wie k\u00f6nnen sie identifiziert und erworben werden? Wie l\u00e4sst sich der Erwerb solcher Kompetenzen in Studium und Lehre verankern? Wie k\u00f6nnen Lehrende selbst auf die Vermittlung vorbereitet werden?<\/p>\n\n\n\n<p>Alle Fragen zu Future Skills geh\u00f6ren zum Festival: Die konkreten Kompetenzen, die Umsetzung des Erwerbs dieser in Studium und Lehre, aber auch das Konzept der Future Skills an sich. Auch kritische Beitr\u00e4ge sind willkommen.&nbsp;<\/p>\n\n\n\n<p>In Zeiten des Fachkr\u00e4ftemangels ist daneben das Thema Upskilling (H\u00f6herqualifizierung) besonders relevant. Wie sehen Beispiele erfolgreicher Kooperationen zwischen Hochschulen und Unternehmen aus?<\/p>\n\n\n\n<p><em>Zu den Themen des Tracks z\u00e4hlen unter anderem: Future Skills, Data Literacy, Digital Literacy, Soft Skills, Medienkompetenz, und Pers\u00f6nlichkeitsentwicklung, Upskilling, Weiterbildung<\/em><\/p>\n\n\n\n<h2 class=\"wp-block-heading\"><strong><strong>Innovative Learning<\/strong><\/strong><\/h2>\n\n\n\n<p>Gesellschaftlicher und technologischer Wandel erfordern eine Weiterentwicklung der Lernkultur &#8211; und zwar auf allen Ebenen. Gleichzeitig stellen finanzielle Engp\u00e4sse und hohe Arbeitsbelastung Lehre vor zus\u00e4tzliche Herausforderungen. Darum geht es bei <em>Innovative Learning<\/em>.<\/p>\n\n\n\n<p>Der erste Schwerpunkt von <em>Innovative Learning<\/em> ist nat\u00fcrlich die Lehre: Wie gestalten wir Lehre motivierend und partizipativ? Welche Rolle spielen agile und transformative Didaktik, Coaching-Ans\u00e4tze oder der Einsatz spielerischer Elemente? Wie kann gute Lehre auch mit einem begrenzten Budget umgesetzt werden? Welche Rolle spielt die hochschuldidaktische Qualifizierung, um Lehrende zu unterst\u00fctzen? Wo verankern wir Support- und Beratungsservices curricular? Und welche Rolle spielt das Design physischer und virtueller R\u00e4ume?&nbsp;<\/p>\n\n\n\n<p>Der zweite Schwerpunkt sind Curricula als zentraler Hebel f\u00fcr Ver\u00e4nderung in Studium und Lehre. Wie lassen sich Studieng\u00e4nge reformieren, ohne an starre Strukturen zu sto\u00dfen? Wie gelingt die Balance zwischen Spezialisierung und Konsolidierung, zwischen Disziplinarit\u00e4t und Interdisziplinarit\u00e4t? Welche Rolle spielen Micro-Degrees und Micro-Credentials?&nbsp;<\/p>\n\n\n\n<p>Wir werfen zudem ein besonderes Augenmerk auf die Lehrkr\u00e4ftebildung, die eine zentrale Schnittstelle zwischen Hochschule, Schule und Gesellschaft ist. Wie muss sich die Hochschuldidaktik im Lehramt \u00e4ndern, um angehende Lehrkr\u00e4fte zu Lernbegleiter:innen auszubilden? Und wie kann man Lehrenden die Kompetenz vermitteln, Lernenden bei einem kritisch-reflektierten Umgang mit KI anzuleiten? Und wie k\u00f6nnen angehende Lehrkr\u00e4fte jene professionelle Offenheit entwickeln, die sie bef\u00e4higt, mit Ungewissheit umzugehen und Bildungsprozesse in einer sich wandelnden Welt aktiv mitzugestalten?<\/p>\n\n\n\n<p>Wir suchen nach Ideen mit Breitenwirkung: Wie k\u00f6nnen die vielen hervorragenden Beispiele guter Lehre f\u00fcr alle zug\u00e4nglich gemacht und in Curricula verankert werden? Wir laden daher besonders Projekte zur Einreichung von Sessions ein, die an einer Skalierung guter Lehre und an Transferoptionen arbeiten.<\/p>\n\n\n\n<p><em>Zu den Themen des Tracks z\u00e4hlen unter anderem:<\/em> <em>Innovative Lehrkonzepte, Lerndesign, Studierendenzentrierung, Lernerfolgs-Empirie, Lehrkr\u00e4ftebildung, Curriculumentwicklung, partizipative Veranstaltungsformate, Gamification in der Lehre, hybride Lehre und Lernarchitekturen.<\/em><\/p>\n\n\n\n<h2 class=\"wp-block-heading\"><strong>People<\/strong><\/h2>\n\n\n\n<p>Mit <em>Under Pressure<\/em> l\u00e4sst sich die Situation vieler Menschen im Hochschulsystem treffend beschreiben. Daher stellt der Track <em>People<\/em> die Menschen<em> <\/em>in den Mittelpunkt. Gesucht sind skalierbare Strategien und Konzepte, die Hochschulen zu einladenden und inklusiven Orten machen.<\/p>\n\n\n\n<p>Ein Fokus dieses Tracks ist Mental Health: Wir erleben eine Zunahme psychischer Belastungen bei Studierenden und Mitarbeitenden. Wie k\u00f6nnen wir an Hochschulen eine Kultur der Wertsch\u00e4tzung und eine konstruktive Fehlerkultur f\u00f6rdern? Wie k\u00f6nnen psychologische Unterst\u00fctzungsangebote niedrigschwellig und bedarfsgerecht ausgebaut werden?<\/p>\n\n\n\n<p>Weiterhin geht es um Fragen von Diversit\u00e4t und Inklusion: Welche Rolle spielen Technologien und digitale Tools f\u00fcr Barrierefreiheit und Inklusion? Und wie l\u00e4sst sich Hochschule zu einem gerechten Ort f\u00fcr alle gestalten \u2013 unabh\u00e4ngig von sozialer Herkunft, Geschlecht oder ethnischem Hintergrund?<\/p>\n\n\n\n<p>Au\u00dferdem sprechen wir \u00fcber Partizipation: Denn studentisches Engagement ist entscheidend f\u00fcr eine lebendige Campuskultur. Wie kann die Mitbestimmung von Studierenden \u00fcber die Gremienarbeit hinaus institutionell gest\u00e4rkt werden? Welche Angebote sind n\u00f6tig, um Studienabbr\u00fcche zu verringern und alle Studierenden zur Teilhabe zu bef\u00e4higen?<\/p>\n\n\n\n<p><em>Zu den Themen des Tracks z\u00e4hlen unter anderem: Partizipation, Inklusion, Students as Partners, Diversit\u00e4t, Barrierefreiheit, Zug\u00e4nglichkeit, \u00d6ffnung der Hochschule, Studierendenzentrierung, Digitalkultur sowie psychische Gesundheit, Mental Health und Wellbeing<\/em>.<\/p>\n\n\n\n<h2 class=\"wp-block-heading\"><strong><strong>Structures &amp; Strategies<\/strong><\/strong><\/h2>\n\n\n\n<p>Im digitalen Wandel und in einem internationalen Umfeld m\u00fcssen Hochschulen ihre Prozesse und Strukturen anpassen. Der Track <em>Structures &amp; Strategies<\/em> dreht sich um die Entwicklung der Hochschule als Organisation.<\/p>\n\n\n\n<p>Hochschulen sind oft durch historisch gewachsene Strukturen und Silos gepr\u00e4gt. Demgegen\u00fcber steht der Anspruch zum agilen Handeln. Wie kann die daf\u00fcr notwendige Organisationsentwicklung strategisch gesteuert werden? Wie modernisieren wir Verwaltungsprozesse? Wie kann Digitalisierung in der Breite gelingen, auch wenn \u00f6ffentliche F\u00f6rderungen auslaufen?&nbsp;<\/p>\n\n\n\n<p>Ein besonderer Schwerpunkt des Tracks ist die Personalentwicklung: Der demografische und technologische Wandel erfordert ein Hinterfragen von Strukturen, Rollen und Prozessen. Wie sichern Hochschulen den Wissenstransfer, wenn erfahrene Lehrende und Verwaltungsmitarbeitende gehen? Wie k\u00f6nnen Hochschulen mit dem akuten Fachkr\u00e4ftemangel, besonders bei IT- und Datenspezialist:innen, umgehen? Welche Rolle spielen attraktive Karrierepfade, Bindungsstrategien und Employer Branding?&nbsp;<\/p>\n\n\n\n<p>Gesucht sind erfolgreiche Strategien f\u00fcr Changemanagement, Personal- und Organisationsentwicklung.<\/p>\n\n\n\n<p><em>Zu den Themen des Tracks z\u00e4hlen unter anderem: Verwaltung, Change Management, Organisationsentwicklung, Prozessmanagement, demokratische Hochschulstrukturen, Hochschulstrategie, New Work, die Hochschule als Arbeitgeber, Internationalisierung, Qualit\u00e4tsmanagement, Alumnibeziehungen<\/em>.<\/p>\n","protected":false},"excerpt":{"rendered":"Das Programm des University:Future Festivals ist in sieben Tracks gegliedert. Die Tracks spiegeln die Themen wider, die unsere Communities bewegen. Sie basieren auf den Ergebnissen einer Community-Umfrage, Erfahrungen aus vergangenen Veranstaltungen sowie strategischer Setzung. The bigger picture Under Pressure: So beschreiben wir die Situation in der Hochschulwelt und so erleben viele den Zustand der Gesellschaft&#8230;. <a class=\"view-article\" href=\"https:\/\/festival.hfd.digital\/de\/tracks-2026\/\">View Article<\/a>","protected":false},"author":4,"featured_media":0,"parent":0,"menu_order":0,"comment_status":"closed","ping_status":"closed","template":"","meta":{"_acf_changed":false,"inline_featured_image":false,"footnotes":""},"class_list":["post-12221","page","type-page","status-publish","hentry"],"acf":[],"yoast_head":"<!-- This site is optimized with the Yoast SEO plugin v27.3 - https:\/\/yoast.com\/product\/yoast-seo-wordpress\/ -->\n<title>Tracks 2026 - University:Future Festival 2026<\/title>\n<meta name=\"description\" content=\"Das Programm des University:Future Festivals ist in sieben thematische Tracks gegliedert.\" \/>\n<meta name=\"robots\" content=\"index, follow, max-snippet:-1, max-image-preview:large, max-video-preview:-1\" \/>\n<link rel=\"canonical\" href=\"https:\/\/festival.hfd.digital\/de\/tracks-2026\/\" \/>\n<meta property=\"og:locale\" content=\"de_DE\" \/>\n<meta property=\"og:type\" content=\"article\" \/>\n<meta property=\"og:title\" content=\"University:Future Festivals: Sieben thematische Tracks\" \/>\n<meta property=\"og:description\" content=\"Das Programm des University:Future Festivals ist in sieben thematische Tracks gegliedert.\" \/>\n<meta property=\"og:url\" content=\"https:\/\/festival.hfd.digital\/de\/tracks-2026\/\" \/>\n<meta property=\"og:site_name\" content=\"University:Future Festival 2026\" \/>\n<meta property=\"article:modified_time\" content=\"2026-04-07T11:40:00+00:00\" \/>\n<meta property=\"og:image\" content=\"https:\/\/festival.hfd.digital\/de\/wp-content\/uploads\/sites\/3\/2025\/11\/Sharepics-UFF-2026_169.png\" \/>\n\t<meta property=\"og:image:width\" content=\"1920\" \/>\n\t<meta property=\"og:image:height\" content=\"1080\" \/>\n\t<meta property=\"og:image:type\" content=\"image\/png\" \/>\n<meta name=\"twitter:card\" content=\"summary_large_image\" \/>\n<meta name=\"twitter:label1\" content=\"Gesch\u00e4tzte Lesezeit\" \/>\n\t<meta name=\"twitter:data1\" content=\"9\u00a0Minuten\" \/>\n<script type=\"application\/ld+json\" class=\"yoast-schema-graph\">{\"@context\":\"https:\\\/\\\/schema.org\",\"@graph\":[{\"@type\":\"WebPage\",\"@id\":\"https:\\\/\\\/festival.hfd.digital\\\/de\\\/tracks-2026\\\/\",\"url\":\"https:\\\/\\\/festival.hfd.digital\\\/de\\\/tracks-2026\\\/\",\"name\":\"Tracks 2026 - University:Future Festival 2026\",\"isPartOf\":{\"@id\":\"https:\\\/\\\/festival.hfd.digital\\\/de\\\/#website\"},\"datePublished\":\"2025-11-28T16:02:21+00:00\",\"dateModified\":\"2026-04-07T11:40:00+00:00\",\"description\":\"Das Programm des University:Future Festivals ist in sieben thematische Tracks gegliedert.\",\"inLanguage\":\"de\",\"potentialAction\":[{\"@type\":\"ReadAction\",\"target\":[\"https:\\\/\\\/festival.hfd.digital\\\/de\\\/tracks-2026\\\/\"]}]},{\"@type\":\"WebSite\",\"@id\":\"https:\\\/\\\/festival.hfd.digital\\\/de\\\/#website\",\"url\":\"https:\\\/\\\/festival.hfd.digital\\\/de\\\/\",\"name\":\"University:Future Festival 2026\",\"description\":\"Das j\u00e4hrliche Festival zur Zukunft der Hochschulbildung.\",\"potentialAction\":[{\"@type\":\"SearchAction\",\"target\":{\"@type\":\"EntryPoint\",\"urlTemplate\":\"https:\\\/\\\/festival.hfd.digital\\\/de\\\/?s={search_term_string}\"},\"query-input\":{\"@type\":\"PropertyValueSpecification\",\"valueRequired\":true,\"valueName\":\"search_term_string\"}}],\"inLanguage\":\"de\"}]}<\/script>\n<!-- \/ Yoast SEO plugin. -->","yoast_head_json":{"title":"Tracks 2026 - University:Future Festival 2026","description":"Das Programm des University:Future Festivals ist in sieben thematische Tracks gegliedert.","robots":{"index":"index","follow":"follow","max-snippet":"max-snippet:-1","max-image-preview":"max-image-preview:large","max-video-preview":"max-video-preview:-1"},"canonical":"https:\/\/festival.hfd.digital\/de\/tracks-2026\/","og_locale":"de_DE","og_type":"article","og_title":"University:Future Festivals: Sieben thematische Tracks","og_description":"Das Programm des University:Future Festivals ist in sieben thematische Tracks gegliedert.","og_url":"https:\/\/festival.hfd.digital\/de\/tracks-2026\/","og_site_name":"University:Future Festival 2026","article_modified_time":"2026-04-07T11:40:00+00:00","og_image":[{"width":1920,"height":1080,"url":"https:\/\/festival.hfd.digital\/de\/wp-content\/uploads\/sites\/3\/2025\/11\/Sharepics-UFF-2026_169.png","type":"image\/png"}],"twitter_card":"summary_large_image","twitter_misc":{"Gesch\u00e4tzte Lesezeit":"9\u00a0Minuten"},"schema":{"@context":"https:\/\/schema.org","@graph":[{"@type":"WebPage","@id":"https:\/\/festival.hfd.digital\/de\/tracks-2026\/","url":"https:\/\/festival.hfd.digital\/de\/tracks-2026\/","name":"Tracks 2026 - University:Future Festival 2026","isPartOf":{"@id":"https:\/\/festival.hfd.digital\/de\/#website"},"datePublished":"2025-11-28T16:02:21+00:00","dateModified":"2026-04-07T11:40:00+00:00","description":"Das Programm des University:Future Festivals ist in sieben thematische Tracks gegliedert.","inLanguage":"de","potentialAction":[{"@type":"ReadAction","target":["https:\/\/festival.hfd.digital\/de\/tracks-2026\/"]}]},{"@type":"WebSite","@id":"https:\/\/festival.hfd.digital\/de\/#website","url":"https:\/\/festival.hfd.digital\/de\/","name":"University:Future Festival 2026","description":"Das j\u00e4hrliche Festival zur Zukunft der Hochschulbildung.","potentialAction":[{"@type":"SearchAction","target":{"@type":"EntryPoint","urlTemplate":"https:\/\/festival.hfd.digital\/de\/?s={search_term_string}"},"query-input":{"@type":"PropertyValueSpecification","valueRequired":true,"valueName":"search_term_string"}}],"inLanguage":"de"}]}},"_links":{"self":[{"href":"https:\/\/festival.hfd.digital\/de\/wp-json\/wp\/v2\/pages\/12221","targetHints":{"allow":["GET"]}}],"collection":[{"href":"https:\/\/festival.hfd.digital\/de\/wp-json\/wp\/v2\/pages"}],"about":[{"href":"https:\/\/festival.hfd.digital\/de\/wp-json\/wp\/v2\/types\/page"}],"author":[{"embeddable":true,"href":"https:\/\/festival.hfd.digital\/de\/wp-json\/wp\/v2\/users\/4"}],"replies":[{"embeddable":true,"href":"https:\/\/festival.hfd.digital\/de\/wp-json\/wp\/v2\/comments?post=12221"}],"version-history":[{"count":7,"href":"https:\/\/festival.hfd.digital\/de\/wp-json\/wp\/v2\/pages\/12221\/revisions"}],"predecessor-version":[{"id":12665,"href":"https:\/\/festival.hfd.digital\/de\/wp-json\/wp\/v2\/pages\/12221\/revisions\/12665"}],"wp:attachment":[{"href":"https:\/\/festival.hfd.digital\/de\/wp-json\/wp\/v2\/media?parent=12221"}],"curies":[{"name":"wp","href":"https:\/\/api.w.org\/{rel}","templated":true}]}}