{"id":12210,"date":"2025-11-28T15:19:33","date_gmt":"2025-11-28T14:19:33","guid":{"rendered":"https:\/\/festival.hfd.digital\/de\/?page_id=12210"},"modified":"2026-03-27T11:33:33","modified_gmt":"2026-03-27T10:33:33","slug":"under-pressure-home-2026","status":"publish","type":"page","link":"https:\/\/festival.hfd.digital\/de\/","title":{"rendered":"Vom 22. bis 24. Juni 2026 geht das\u00a0University:Future Festival unter dem Motto Under Pressure\u00a0in die n\u00e4chste Runde!"},"content":{"rendered":"\n<p>Das University:Future Festival (U:FF) ist die gr\u00f6\u00dfte Veranstaltung zur (digitalen) <strong>Zukunft der akademischen Bildung<\/strong>. Es bietet als Leitveranstaltung zur Digitalisierung in Studium und Lehre Orientierung, Vernetzung und Inspiration. Und das <strong>communityorientiert <\/strong>und offen f\u00fcr alle! Inhaltlich besch\u00e4ftigt sich das Festival mit einem breiten Themenspektrum rund um KI, Architekturen, Technik, Strategieentwicklung, Kompetenzen, Didaktik und vielem mehr. Es richtet sich dabei an alle, die sich mit Gegenwart und Zukunft akademischer Bildung besch\u00e4ftigen: Hochschulbesch\u00e4ftigte und Studierende; Forschung und Politik; Unternehmen, Zivilgesellschaft und K\u00fcnstler:innen. <a href=\"https:\/\/festival.hfd.digital\/de\/tickets-2026\/\">Hier geht es zu den Tickets. <\/a><\/p>\n\n\n\n<p>Das University:Future Festival ist eine Kooperation zwischen <strong><a href=\"https:\/\/hochschulforumdigitalisierung.de\/\" target=\"_blank\" rel=\"noreferrer noopener\">Hochschulforum Digitalisierung<\/a><\/strong>, <strong><a href=\"https:\/\/stiftung-hochschullehre.de\/\" target=\"_blank\" rel=\"noreferrer noopener\">Stiftung Innovation in der Hochschullehre<\/a><\/strong> und <strong><a href=\"https:\/\/www.stifterverband.org\/\" target=\"_blank\" rel=\"noreferrer noopener\">Stifterverband<\/a><\/strong>.<\/p>\n\n\n\n<p><a href=\"https:\/\/festival.hfd.digital\/de\/save-the-date-2026\/\"><\/a><\/p>\n\n\n\n<p><a href=\"https:\/\/festival.hfd.digital\/de\/save-the-date-2026\/\"><\/a><\/p>\n","protected":false},"excerpt":{"rendered":"Das University:Future Festival (U:FF) ist die gr\u00f6\u00dfte Veranstaltung zur (digitalen) Zukunft der akademischen Bildung. Es bietet als Leitveranstaltung zur Digitalisierung in Studium und Lehre Orientierung, Vernetzung und Inspiration. Und das communityorientiert und offen f\u00fcr alle! Inhaltlich besch\u00e4ftigt sich das Festival mit einem breiten Themenspektrum rund um KI, Architekturen, Technik, Strategieentwicklung, Kompetenzen, Didaktik und vielem mehr&#8230;. <a class=\"view-article\" href=\"https:\/\/festival.hfd.digital\/de\/\">View Article<\/a>","protected":false},"author":42,"featured_media":12338,"parent":0,"menu_order":0,"comment_status":"closed","ping_status":"closed","template":"front-page-2026.php","meta":{"_acf_changed":false,"inline_featured_image":false,"footnotes":""},"class_list":["post-12210","page","type-page","status-publish","has-post-thumbnail","hentry"],"acf":[],"yoast_head":"<!-- This site is optimized with the Yoast SEO plugin v27.2 - https:\/\/yoast.com\/product\/yoast-seo-wordpress\/ -->\n<title>Vom 22. bis 24. Juni 2026 geht das\u00a0University:Future Festival unter dem Motto Under Pressure\u00a0in die n\u00e4chste Runde! - University:Future Festival 2026<\/title>\n<meta name=\"robots\" content=\"index, follow, max-snippet:-1, max-image-preview:large, max-video-preview:-1\" \/>\n<link rel=\"canonical\" href=\"https:\/\/festival.hfd.digital\/de\/\" \/>\n<meta property=\"og:locale\" content=\"de_DE\" \/>\n<meta property=\"og:type\" content=\"article\" \/>\n<meta property=\"og:title\" content=\"Vom 22. bis 24. Juni 2026 geht das\u00a0University:Future Festival unter dem Motto Under Pressure\u00a0in die n\u00e4chste Runde! - University:Future Festival 2026\" \/>\n<meta property=\"og:description\" content=\"Das University:Future Festival (U:FF) ist die gr\u00f6\u00dfte Veranstaltung zur (digitalen) Zukunft der akademischen Bildung. Es bietet als Leitveranstaltung zur Digitalisierung in Studium und Lehre Orientierung, Vernetzung und Inspiration. Und das communityorientiert und offen f\u00fcr alle! Inhaltlich besch\u00e4ftigt sich das Festival mit einem breiten Themenspektrum rund um KI, Architekturen, Technik, Strategieentwicklung, Kompetenzen, Didaktik und vielem mehr.... View Article\" \/>\n<meta property=\"og:url\" content=\"https:\/\/festival.hfd.digital\/de\/\" \/>\n<meta property=\"og:site_name\" content=\"University:Future Festival 2026\" \/>\n<meta property=\"article:modified_time\" content=\"2026-03-27T10:33:33+00:00\" \/>\n<meta property=\"og:image\" content=\"https:\/\/festival.hfd.digital\/de\/wp-content\/uploads\/sites\/3\/2025\/12\/UFF2026_Share.png\" \/>\n\t<meta property=\"og:image:width\" content=\"1200\" \/>\n\t<meta property=\"og:image:height\" content=\"630\" \/>\n\t<meta property=\"og:image:type\" content=\"image\/png\" \/>\n<meta name=\"twitter:card\" content=\"summary_large_image\" \/>\n<meta name=\"twitter:label1\" content=\"Gesch\u00e4tzte Lesezeit\" \/>\n\t<meta name=\"twitter:data1\" content=\"1\u00a0Minute\" \/>\n<script type=\"application\/ld+json\" class=\"yoast-schema-graph\">{\"@context\":\"https:\/\/schema.org\",\"@graph\":[{\"@type\":\"WebPage\",\"@id\":\"https:\/\/festival.hfd.digital\/de\/\",\"url\":\"https:\/\/festival.hfd.digital\/de\/\",\"name\":\"Vom 22. bis 24. Juni 2026 geht das\u00a0University:Future Festival unter dem Motto Under Pressure\u00a0in die n\u00e4chste Runde! - University:Future Festival 2026\",\"isPartOf\":{\"@id\":\"https:\/\/festival.hfd.digital\/de\/#website\"},\"primaryImageOfPage\":{\"@id\":\"https:\/\/festival.hfd.digital\/de\/#primaryimage\"},\"image\":{\"@id\":\"https:\/\/festival.hfd.digital\/de\/#primaryimage\"},\"thumbnailUrl\":\"https:\/\/festival.hfd.digital\/de\/wp-content\/uploads\/sites\/3\/2025\/12\/UFF2026_Share.png\",\"datePublished\":\"2025-11-28T14:19:33+00:00\",\"dateModified\":\"2026-03-27T10:33:33+00:00\",\"inLanguage\":\"de\",\"potentialAction\":[{\"@type\":\"ReadAction\",\"target\":[\"https:\/\/festival.hfd.digital\/de\/\"]}]},{\"@type\":\"ImageObject\",\"inLanguage\":\"de\",\"@id\":\"https:\/\/festival.hfd.digital\/de\/#primaryimage\",\"url\":\"https:\/\/festival.hfd.digital\/de\/wp-content\/uploads\/sites\/3\/2025\/12\/UFF2026_Share.png\",\"contentUrl\":\"https:\/\/festival.hfd.digital\/de\/wp-content\/uploads\/sites\/3\/2025\/12\/UFF2026_Share.png\",\"width\":1200,\"height\":630},{\"@type\":\"WebSite\",\"@id\":\"https:\/\/festival.hfd.digital\/de\/#website\",\"url\":\"https:\/\/festival.hfd.digital\/de\/\",\"name\":\"University:Future Festival 2026\",\"description\":\"Das j\u00e4hrliche Festival zur Zukunft der Hochschulbildung.\",\"potentialAction\":[{\"@type\":\"SearchAction\",\"target\":{\"@type\":\"EntryPoint\",\"urlTemplate\":\"https:\/\/festival.hfd.digital\/de\/?s={search_term_string}\"},\"query-input\":{\"@type\":\"PropertyValueSpecification\",\"valueRequired\":true,\"valueName\":\"search_term_string\"}}],\"inLanguage\":\"de\"}]}<\/script>\n<!-- \/ Yoast SEO plugin. -->","yoast_head_json":{"title":"Vom 22. bis 24. Juni 2026 geht das\u00a0University:Future Festival unter dem Motto Under Pressure\u00a0in die n\u00e4chste Runde! - University:Future Festival 2026","robots":{"index":"index","follow":"follow","max-snippet":"max-snippet:-1","max-image-preview":"max-image-preview:large","max-video-preview":"max-video-preview:-1"},"canonical":"https:\/\/festival.hfd.digital\/de\/","og_locale":"de_DE","og_type":"article","og_title":"Vom 22. bis 24. Juni 2026 geht das\u00a0University:Future Festival unter dem Motto Under Pressure\u00a0in die n\u00e4chste Runde! - University:Future Festival 2026","og_description":"Das University:Future Festival (U:FF) ist die gr\u00f6\u00dfte Veranstaltung zur (digitalen) Zukunft der akademischen Bildung. Es bietet als Leitveranstaltung zur Digitalisierung in Studium und Lehre Orientierung, Vernetzung und Inspiration. Und das communityorientiert und offen f\u00fcr alle! Inhaltlich besch\u00e4ftigt sich das Festival mit einem breiten Themenspektrum rund um KI, Architekturen, Technik, Strategieentwicklung, Kompetenzen, Didaktik und vielem mehr.... View Article","og_url":"https:\/\/festival.hfd.digital\/de\/","og_site_name":"University:Future Festival 2026","article_modified_time":"2026-03-27T10:33:33+00:00","og_image":[{"width":1200,"height":630,"url":"https:\/\/festival.hfd.digital\/de\/wp-content\/uploads\/sites\/3\/2025\/12\/UFF2026_Share.png","type":"image\/png"}],"twitter_card":"summary_large_image","twitter_misc":{"Gesch\u00e4tzte Lesezeit":"1\u00a0Minute"},"schema":{"@context":"https:\/\/schema.org","@graph":[{"@type":"WebPage","@id":"https:\/\/festival.hfd.digital\/de\/","url":"https:\/\/festival.hfd.digital\/de\/","name":"Vom 22. bis 24. Juni 2026 geht das\u00a0University:Future Festival unter dem Motto Under Pressure\u00a0in die n\u00e4chste Runde! - University:Future Festival 2026","isPartOf":{"@id":"https:\/\/festival.hfd.digital\/de\/#website"},"primaryImageOfPage":{"@id":"https:\/\/festival.hfd.digital\/de\/#primaryimage"},"image":{"@id":"https:\/\/festival.hfd.digital\/de\/#primaryimage"},"thumbnailUrl":"https:\/\/festival.hfd.digital\/de\/wp-content\/uploads\/sites\/3\/2025\/12\/UFF2026_Share.png","datePublished":"2025-11-28T14:19:33+00:00","dateModified":"2026-03-27T10:33:33+00:00","inLanguage":"de","potentialAction":[{"@type":"ReadAction","target":["https:\/\/festival.hfd.digital\/de\/"]}]},{"@type":"ImageObject","inLanguage":"de","@id":"https:\/\/festival.hfd.digital\/de\/#primaryimage","url":"https:\/\/festival.hfd.digital\/de\/wp-content\/uploads\/sites\/3\/2025\/12\/UFF2026_Share.png","contentUrl":"https:\/\/festival.hfd.digital\/de\/wp-content\/uploads\/sites\/3\/2025\/12\/UFF2026_Share.png","width":1200,"height":630},{"@type":"WebSite","@id":"https:\/\/festival.hfd.digital\/de\/#website","url":"https:\/\/festival.hfd.digital\/de\/","name":"University:Future Festival 2026","description":"Das j\u00e4hrliche Festival zur Zukunft der Hochschulbildung.","potentialAction":[{"@type":"SearchAction","target":{"@type":"EntryPoint","urlTemplate":"https:\/\/festival.hfd.digital\/de\/?s={search_term_string}"},"query-input":{"@type":"PropertyValueSpecification","valueRequired":true,"valueName":"search_term_string"}}],"inLanguage":"de"}]}},"_links":{"self":[{"href":"https:\/\/festival.hfd.digital\/de\/wp-json\/wp\/v2\/pages\/12210","targetHints":{"allow":["GET"]}}],"collection":[{"href":"https:\/\/festival.hfd.digital\/de\/wp-json\/wp\/v2\/pages"}],"about":[{"href":"https:\/\/festival.hfd.digital\/de\/wp-json\/wp\/v2\/types\/page"}],"author":[{"embeddable":true,"href":"https:\/\/festival.hfd.digital\/de\/wp-json\/wp\/v2\/users\/42"}],"replies":[{"embeddable":true,"href":"https:\/\/festival.hfd.digital\/de\/wp-json\/wp\/v2\/comments?post=12210"}],"version-history":[{"count":32,"href":"https:\/\/festival.hfd.digital\/de\/wp-json\/wp\/v2\/pages\/12210\/revisions"}],"predecessor-version":[{"id":12659,"href":"https:\/\/festival.hfd.digital\/de\/wp-json\/wp\/v2\/pages\/12210\/revisions\/12659"}],"wp:featuredmedia":[{"embeddable":true,"href":"https:\/\/festival.hfd.digital\/de\/wp-json\/wp\/v2\/media\/12338"}],"wp:attachment":[{"href":"https:\/\/festival.hfd.digital\/de\/wp-json\/wp\/v2\/media?parent=12210"}],"curies":[{"name":"wp","href":"https:\/\/api.w.org\/{rel}","templated":true}]}}