{"id":12047,"date":"2025-11-28T16:57:56","date_gmt":"2025-11-28T15:57:56","guid":{"rendered":"https:\/\/festival.hfd.digital\/de\/?page_id=12047"},"modified":"2026-03-20T13:47:12","modified_gmt":"2026-03-20T12:47:12","slug":"unsere-praesenzbuehnen-2026","status":"publish","type":"page","link":"https:\/\/festival.hfd.digital\/de\/unsere-praesenzbuehnen-2026\/","title":{"rendered":"Pr\u00e4senzb\u00fchnen 2026"},"content":{"rendered":"\n<p><strong>Das University:Future Festival ist ein dreit\u00e4giges hybrides Event und schafft vom 22. bis 24. Juni 2026 f\u00fcnf Orte, an denen die Teilnehmenden zusammenkommen k\u00f6nnen.<\/strong><\/p>\n\n\n\n<p>Alle unsere B\u00fchnen bieten herausragende Speaker:innen, M\u00f6glichkeiten zur Vernetzung und spezielle lokale Angebote.<\/p>\n\n\n\n<p class=\"has-text-align-left\">In <strong>Berlin <\/strong>pr\u00e4sentieren wir die Hauptb\u00fchne des Festivals. Dort erwarteten Sie nationale und internationale Expert:innen sowie Beitr\u00e4ge unserer Community. Die B\u00fchne in Berlin findet am 22. und am 23. Juni 2026 statt. Das Programm startet am 22. Juni voraussichtlich um 09:30 Uhr und endet am 23. Juni um 17:30 Uhr. Am Abend des 23. Juni folgt ein Empfang, zu dem alle Teilnehmenden eingeladen sind. Location: Festsaal Kreuzberg, Am Flutgraben 2, 12435 Berlin.<\/p>\n\n\n\n<p>Auf der <strong>NRW:Stage in Essen<\/strong> steht Innovative Learning im Mittelpunkt. Im Fokus stehen aktuelle Ans\u00e4tze und Entwicklungen rund um digitale Lehre, Barrierefreiheit und die Lehr- und Lernmethoden der Zukunft. Neben dem inhaltlichen B\u00fchnenprogramm bietet die NRW:Stage vielf\u00e4ltige M\u00f6glichkeiten zur Vernetzung und zum Austausch. Au\u00dferdem findet das Netzwerktreffen Digitale Barrierefreiheit.nrw im Rahmen der Partnerb\u00fchne statt. Organisiert wird die NRW:Stage von <a href=\"https:\/\/www.orca.nrw\/\">ORCA.nrw<\/a>, den Netzwerken hdw nrw und Hochschuldidaktik NRW, KI:edu.nrw, Moodle.nrw und ILIAS.nrw sowie dem Kompetenzzentrum Digitale Barrierefreiheit.nrw und dem Universit\u00e4tsverbund digiLL. Die B\u00fchne findet am 22. Juni 2026 statt. Location: Unperfekthaus, Friedrich-Ebert-Stra\u00dfe 18-20, 45127 Essen.<\/p>\n\n\n\n<p>Studium und Lehre \u2013 als Wunschvorstellung und Forschungsgegenstand, als bereits gelebte Praxis und manchmal auch als Dystopie. Im Fokus der <strong>Future-Tech:Stage in Braunschweig<\/strong> stehen Emerging Technologies und die Frage, wie sie Lernr\u00e4ume, Pr\u00fcfungsformate und Hochschulkultur ver\u00e4ndern. Die <a href=\"https:\/\/www.tu-braunschweig.de\/\">TU Braunschweig<\/a> beleuchtet das Thema aus verschiedenen Perspektiven: technisch und didaktisch, aber auch strategisch und menschlich. Neben den inhaltlichen Aspekten bietet der Veranstaltungsort zahlreiche M\u00f6glichkeiten, sich innerhalb und au\u00dferhalb des Programms zu vernetzen und den hochschul\u00fcbergreifenden Dialog zu f\u00f6rdern. Organisiert wird die Future-Tech:Stage<strong> <\/strong>vom\u00a0<a href=\"https:\/\/eur04.safelinks.protection.outlook.com\/?url=https%3A%2F%2Fwww.tu-braunschweig.de%2Fprojekthaus%2Flabs%2Femerging-tech-lab&amp;data=05%7C02%7CSwantje.Hennings%40stifterverband.de%7Cedb6debc977c47185c8e08de86754c6b%7Cc6ff58bc993e4bdb8d106013e2cd361f%7C0%7C0%7C639096035529911344%7CUnknown%7CTWFpbGZsb3d8eyJFbXB0eU1hcGkiOnRydWUsIlYiOiIwLjAuMDAwMCIsIlAiOiJXaW4zMiIsIkFOIjoiTWFpbCIsIldUIjoyfQ%3D%3D%7C0%7C%7C%7C&amp;sdata=mXB%2F9H7ItU1a8IvrtlZ8MTDCtbv7SVZ8OGAQL9VYs5c%3D&amp;reserved=0\">Emerging Tech Lab<\/a>, einem Teilprojekt des Digitale Lehre Hub Niedersachsen, unter Beteiligung der TU Braunschweig, der Leuphana Universit\u00e4t L\u00fcneburg, der Ostfalia Hochschule f\u00fcr angewandte Wissenschaften, der Universit\u00e4t Hildesheim, des Leibniz-Instituts f\u00fcr Bildungsmedien | Georg-Eckert-Institut und dem Stifterverband. Dar\u00fcber hinaus bietet das\u00a0<a href=\"https:\/\/eur04.safelinks.protection.outlook.com\/?url=https%3A%2F%2Fwww.tu-braunschweig.de%2Fmedialab&amp;data=05%7C02%7CSwantje.Hennings%40stifterverband.de%7Cedb6debc977c47185c8e08de86754c6b%7Cc6ff58bc993e4bdb8d106013e2cd361f%7C0%7C0%7C639096035529919129%7CUnknown%7CTWFpbGZsb3d8eyJFbXB0eU1hcGkiOnRydWUsIlYiOiIwLjAuMDAwMCIsIlAiOiJXaW4zMiIsIkFOIjoiTWFpbCIsIldUIjoyfQ%3D%3D%7C0%7C%7C%7C&amp;sdata=XQli0QN4r%2FGdFEP78bWVwrnIpyjYF2V24yPUc4J0jp4%3D&amp;reserved=0\">Media Lab<\/a>\u00a0mit der Media Lab:Stage eine zweite Pr\u00e4senzb\u00fchne und besch\u00e4ftigt sich unter anderem mit dem Thema virtuelle Lernr\u00e4ume. Die Future-Tech:Stage und Media Lab:Stage finden am 23. Juni 2026 im Altgeb\u00e4ude der TU Braunschweig statt (Pockelsstra\u00dfe 4, 38106 Braunschweig).<\/p>\n\n\n\n<p>An der <strong>Partnerb\u00fchne in Graz<\/strong> diskutiert die <a href=\"https:\/\/www.tugraz.at\/\">TU Graz<\/a> gemeinsam mit Expert:innen, Hochschulangeh\u00f6rigen und Interessierten die Bedeutung von K\u00fcnstlicher Intelligenz f\u00fcr Hochschulen. Im Fokus stehen der praktische Einsatz und die Auswirkungen von KI in Forschung, Lehre und Verwaltung. Die AI Force:Stage in Graz findet am 23. Juni 2026 statt. Location<strong>:<\/strong> Erdgeschoss des Geb\u00e4udes der Stremayrgasse 30, 8010 Graz, \u00d6sterreich.<\/p>\n\n\n\n<p>In <strong>N\u00fcrnberg <\/strong>gestalten die <a href=\"https:\/\/www.th-nuernberg.de\/\">Technische Hochschule<\/a> und die <a href=\"https:\/\/www.utn.de\/\">Technische Universit\u00e4t<\/a> zum dritten Mal die gemeinsame Partnerb\u00fchne <strong>\u201eShifting:Stage\u201c<\/strong>. Am 23. Juni 2026 bietet die B\u00fchne einen exklusiven Einblick in innovative Lehr-Lernans\u00e4tze und stellt neueste Forschungsergebnisse vor. Location<strong>:<\/strong> Ohm Innovation Center, Brucknerstra\u00dfe 11, 90429 N\u00fcrnberg.<\/p>\n\n\n\n<p>Auf der <strong>Open for Change:Stage in Hamburg<\/strong> laden die <a href=\"https:\/\/www.uni-hamburg.de\/\">Universit\u00e4t Hamburg<\/a> und das <a href=\"https:\/\/oercamp.de\/\">#OERcamp<\/a> gemeinsam ein, Offenheit als Schl\u00fcssel f\u00fcr die Zukunft der Schule und der Lehrkr\u00e4ftebildung neu zu denken. Im Mittelpunkt stehen Fragen nach offenen Haltungen, offenen Praktiken und offenen Institutionen: Wie k\u00f6nnen Hochschulen Lehramtsstudierende auf eine Welt vorbereiten, in der Wandel die Regel ist? Welche Rolle spielen OER und OEP dabei \u2013 und wie l\u00e4sst sich Offenheit als professionelle Kompetenz verankern? Die B\u00fchne bringt Wissenschaftler:innen, Praktiker:innen und Interessierte zusammen, die gemeinsam nach Wegen suchen, Bildung mutiger, flexibler und gemeinschaftlicher zu gestalten. Kurze Inputs, inspirierende Perspektiven und Raum f\u00fcr Austausch machen die Open for Change-Stage zu einem Ort f\u00fcr Impulse und Vernetzung zwischen Hochschule, Schule und Bildungscommunity. Die B\u00fchne in Hamburg findet am 24. Juni 2026 statt. Location<strong>:<\/strong> YU GARDEN, Feldbrunnenstra\u00dfe 67, 20148 Hamburg.<\/p>\n\n\n\n<p><\/p>\n","protected":false},"excerpt":{"rendered":"Das University:Future Festival ist ein dreit\u00e4giges hybrides Event und schafft vom 22. bis 24. Juni 2026 f\u00fcnf Orte, an denen die Teilnehmenden zusammenkommen k\u00f6nnen. Alle unsere B\u00fchnen bieten herausragende Speaker:innen, M\u00f6glichkeiten zur Vernetzung und spezielle lokale Angebote. In Berlin pr\u00e4sentieren wir die Hauptb\u00fchne des Festivals. Dort erwarteten Sie nationale und internationale Expert:innen sowie Beitr\u00e4ge unserer&#8230; <a class=\"view-article\" href=\"https:\/\/festival.hfd.digital\/de\/unsere-praesenzbuehnen-2026\/\">View Article<\/a>","protected":false},"author":24,"featured_media":0,"parent":0,"menu_order":0,"comment_status":"closed","ping_status":"closed","template":"","meta":{"_acf_changed":false,"inline_featured_image":false,"footnotes":""},"class_list":["post-12047","page","type-page","status-publish","hentry"],"acf":[],"yoast_head":"<!-- This site is optimized with the Yoast SEO plugin v27.2 - https:\/\/yoast.com\/product\/yoast-seo-wordpress\/ -->\n<title>Pr\u00e4senzb\u00fchnen 2026 - University:Future Festival 2026<\/title>\n<meta name=\"description\" content=\"Das University:Future Festival ist ein dreit\u00e4giges hybrides Event und schafft vom 22. bis 24. Juni 2026 f\u00fcnf Orte, an denen die Teilnehmenden zusammenkommen k\u00f6nnen.\" \/>\n<meta name=\"robots\" content=\"index, follow, max-snippet:-1, max-image-preview:large, max-video-preview:-1\" \/>\n<link rel=\"canonical\" href=\"https:\/\/festival.hfd.digital\/de\/unsere-praesenzbuehnen-2026\/\" \/>\n<meta property=\"og:locale\" content=\"de_DE\" \/>\n<meta property=\"og:type\" content=\"article\" \/>\n<meta property=\"og:title\" content=\"University:Future Festival: Pr\u00e4senzstandorte\" \/>\n<meta property=\"og:description\" content=\"Das University:Future Festival ist ein dreit\u00e4giges hybrides Event und schafft vom 22. bis 24. Juni 2026 f\u00fcnf Orte, an denen die Teilnehmenden zusammenkommen k\u00f6nnen.\" \/>\n<meta property=\"og:url\" content=\"https:\/\/festival.hfd.digital\/de\/unsere-praesenzbuehnen-2026\/\" \/>\n<meta property=\"og:site_name\" content=\"University:Future Festival 2026\" \/>\n<meta property=\"article:modified_time\" content=\"2026-03-20T12:47:12+00:00\" \/>\n<meta property=\"og:image\" content=\"https:\/\/festival.hfd.digital\/de\/wp-content\/uploads\/sites\/3\/2025\/11\/Sharepics-UFF-2026_169.png\" \/>\n\t<meta property=\"og:image:width\" content=\"1920\" \/>\n\t<meta property=\"og:image:height\" content=\"1080\" \/>\n\t<meta property=\"og:image:type\" content=\"image\/png\" \/>\n<meta name=\"twitter:card\" content=\"summary_large_image\" \/>\n<meta name=\"twitter:label1\" content=\"Gesch\u00e4tzte Lesezeit\" \/>\n\t<meta name=\"twitter:data1\" content=\"4\u00a0Minuten\" \/>\n<script type=\"application\/ld+json\" class=\"yoast-schema-graph\">{\"@context\":\"https:\/\/schema.org\",\"@graph\":[{\"@type\":\"WebPage\",\"@id\":\"https:\/\/festival.hfd.digital\/de\/unsere-praesenzbuehnen-2026\/\",\"url\":\"https:\/\/festival.hfd.digital\/de\/unsere-praesenzbuehnen-2026\/\",\"name\":\"Pr\u00e4senzb\u00fchnen 2026 - University:Future Festival 2026\",\"isPartOf\":{\"@id\":\"https:\/\/festival.hfd.digital\/de\/#website\"},\"datePublished\":\"2025-11-28T15:57:56+00:00\",\"dateModified\":\"2026-03-20T12:47:12+00:00\",\"description\":\"Das University:Future Festival ist ein dreit\u00e4giges hybrides Event und schafft vom 22. bis 24. Juni 2026 f\u00fcnf Orte, an denen die Teilnehmenden zusammenkommen k\u00f6nnen.\",\"inLanguage\":\"de\",\"potentialAction\":[{\"@type\":\"ReadAction\",\"target\":[\"https:\/\/festival.hfd.digital\/de\/unsere-praesenzbuehnen-2026\/\"]}]},{\"@type\":\"WebSite\",\"@id\":\"https:\/\/festival.hfd.digital\/de\/#website\",\"url\":\"https:\/\/festival.hfd.digital\/de\/\",\"name\":\"University:Future Festival 2026\",\"description\":\"Das j\u00e4hrliche Festival zur Zukunft der Hochschulbildung.\",\"potentialAction\":[{\"@type\":\"SearchAction\",\"target\":{\"@type\":\"EntryPoint\",\"urlTemplate\":\"https:\/\/festival.hfd.digital\/de\/?s={search_term_string}\"},\"query-input\":{\"@type\":\"PropertyValueSpecification\",\"valueRequired\":true,\"valueName\":\"search_term_string\"}}],\"inLanguage\":\"de\"}]}<\/script>\n<!-- \/ Yoast SEO plugin. -->","yoast_head_json":{"title":"Pr\u00e4senzb\u00fchnen 2026 - University:Future Festival 2026","description":"Das University:Future Festival ist ein dreit\u00e4giges hybrides Event und schafft vom 22. bis 24. Juni 2026 f\u00fcnf Orte, an denen die Teilnehmenden zusammenkommen k\u00f6nnen.","robots":{"index":"index","follow":"follow","max-snippet":"max-snippet:-1","max-image-preview":"max-image-preview:large","max-video-preview":"max-video-preview:-1"},"canonical":"https:\/\/festival.hfd.digital\/de\/unsere-praesenzbuehnen-2026\/","og_locale":"de_DE","og_type":"article","og_title":"University:Future Festival: Pr\u00e4senzstandorte","og_description":"Das University:Future Festival ist ein dreit\u00e4giges hybrides Event und schafft vom 22. bis 24. Juni 2026 f\u00fcnf Orte, an denen die Teilnehmenden zusammenkommen k\u00f6nnen.","og_url":"https:\/\/festival.hfd.digital\/de\/unsere-praesenzbuehnen-2026\/","og_site_name":"University:Future Festival 2026","article_modified_time":"2026-03-20T12:47:12+00:00","og_image":[{"width":1920,"height":1080,"url":"https:\/\/festival.hfd.digital\/de\/wp-content\/uploads\/sites\/3\/2025\/11\/Sharepics-UFF-2026_169.png","type":"image\/png"}],"twitter_card":"summary_large_image","twitter_misc":{"Gesch\u00e4tzte Lesezeit":"4\u00a0Minuten"},"schema":{"@context":"https:\/\/schema.org","@graph":[{"@type":"WebPage","@id":"https:\/\/festival.hfd.digital\/de\/unsere-praesenzbuehnen-2026\/","url":"https:\/\/festival.hfd.digital\/de\/unsere-praesenzbuehnen-2026\/","name":"Pr\u00e4senzb\u00fchnen 2026 - University:Future Festival 2026","isPartOf":{"@id":"https:\/\/festival.hfd.digital\/de\/#website"},"datePublished":"2025-11-28T15:57:56+00:00","dateModified":"2026-03-20T12:47:12+00:00","description":"Das University:Future Festival ist ein dreit\u00e4giges hybrides Event und schafft vom 22. bis 24. Juni 2026 f\u00fcnf Orte, an denen die Teilnehmenden zusammenkommen k\u00f6nnen.","inLanguage":"de","potentialAction":[{"@type":"ReadAction","target":["https:\/\/festival.hfd.digital\/de\/unsere-praesenzbuehnen-2026\/"]}]},{"@type":"WebSite","@id":"https:\/\/festival.hfd.digital\/de\/#website","url":"https:\/\/festival.hfd.digital\/de\/","name":"University:Future Festival 2026","description":"Das j\u00e4hrliche Festival zur Zukunft der Hochschulbildung.","potentialAction":[{"@type":"SearchAction","target":{"@type":"EntryPoint","urlTemplate":"https:\/\/festival.hfd.digital\/de\/?s={search_term_string}"},"query-input":{"@type":"PropertyValueSpecification","valueRequired":true,"valueName":"search_term_string"}}],"inLanguage":"de"}]}},"_links":{"self":[{"href":"https:\/\/festival.hfd.digital\/de\/wp-json\/wp\/v2\/pages\/12047","targetHints":{"allow":["GET"]}}],"collection":[{"href":"https:\/\/festival.hfd.digital\/de\/wp-json\/wp\/v2\/pages"}],"about":[{"href":"https:\/\/festival.hfd.digital\/de\/wp-json\/wp\/v2\/types\/page"}],"author":[{"embeddable":true,"href":"https:\/\/festival.hfd.digital\/de\/wp-json\/wp\/v2\/users\/24"}],"replies":[{"embeddable":true,"href":"https:\/\/festival.hfd.digital\/de\/wp-json\/wp\/v2\/comments?post=12047"}],"version-history":[{"count":19,"href":"https:\/\/festival.hfd.digital\/de\/wp-json\/wp\/v2\/pages\/12047\/revisions"}],"predecessor-version":[{"id":12657,"href":"https:\/\/festival.hfd.digital\/de\/wp-json\/wp\/v2\/pages\/12047\/revisions\/12657"}],"wp:attachment":[{"href":"https:\/\/festival.hfd.digital\/de\/wp-json\/wp\/v2\/media?parent=12047"}],"curies":[{"name":"wp","href":"https:\/\/api.w.org\/{rel}","templated":true}]}}