{"id":12029,"date":"2025-11-20T13:02:24","date_gmt":"2025-11-20T12:02:24","guid":{"rendered":"https:\/\/festival.hfd.digital\/de\/?page_id=12029"},"modified":"2025-12-16T11:09:43","modified_gmt":"2025-12-16T10:09:43","slug":"tickets-2026","status":"publish","type":"page","link":"https:\/\/festival.hfd.digital\/de\/tickets-2026\/","title":{"rendered":"Tickets"},"content":{"rendered":"\n<p><strong>Seien Sie dabei, wenn vom 22. bis 24. Juni die sechste Ausgabe des University:Future Festivals stattfindet. Unter dem Motto <em>Under Pressure<\/em><\/strong> <strong>bietet das Festival drei Tage lang eine Plattform f\u00fcr Austausch, Diskussion und Networking. Das Ticketing ist ge\u00f6ffnet!<\/strong><\/p>\n\n\n\n<p>Das University:Future Festival ist ein digital first Event. Das bedeutet: Alle Programmpunkte finden online statt und nahezu alle Teilnehmenden sind online dabei. Zur Vernetzung bieten wir limitierte Pr\u00e4senztickets f\u00fcr<a href=\"https:\/\/festival.hfd.digital\/de\/unsere-praesenzbuehnen-2026\/\"> B\u00fchnen in Berlin (22.\/23. Juni), Essen (22.Juni), Braunschweig (23. Juni), Hamburg (24. Juni)<\/a>, <a href=\"https:\/\/festival.hfd.digital\/de\/unsere-praesenzbuehnen-2026\/\">N\u00fcrnberg (23. Juni) und Graz (23. Juni)<\/a> an.<\/p>\n\n\n\n<p><strong>Englischsprachige<\/strong> <strong>Programmpunkte<\/strong> finden Sie in Berlin und digital. Das Programm der Partnerb\u00fchnen in Braunschweig, Essen, Hamburg, N\u00fcrnberg und Graz ist in <strong>deutscher<\/strong> Sprache.<\/p>\n\n\n\n<div class=\"wp-block-buttons is-layout-flex wp-block-buttons-is-layout-flex\">\n<div class=\"wp-block-button\"><a class=\"wp-block-button__link wp-element-button\" href=\"https:\/\/www.talque.com\/go\/ticket\/6yulUns1cED8DM2Ltn52\/shop\">Hier geht es zu den Tickets<\/a><\/div>\n<\/div>\n\n\n\n<p><strong>Sowohl die Online- als auch die Pr\u00e4senzteilnahme sind kostenfrei. <\/strong>Das Programm mit allen B\u00fchnen ist im vollen Umfang nur digital erlebbar.&nbsp;<\/p>\n\n\n\n<p class=\"has-black-color has-text-color\">Sollten Sie an einem Pr\u00e4senz-Standort teilnehmen wollen, bieten wir Ihnen hier vor allem weitere Austauschm\u00f6glichkeiten. Weitere Informationen zur den Pr\u00e4senz-Standorten finden Sie <a href=\"https:\/\/festival.hfd.digital\/de\/unsere-praesenzbuehnen-2026\/\">hier<\/a>.<\/p>\n\n\n\n<p>Auch mit einem Pr\u00e4senz-Ticket erhalten Sie Zugang zur digitalen Veranstaltungsplattform, Sie m\u00fcssen sich also nur einmal registrieren.<\/p>\n\n\n\n<figure class=\"wp-block-image size-full\"><img loading=\"lazy\" decoding=\"async\" width=\"1920\" height=\"1080\" src=\"https:\/\/festival.hfd.digital\/de\/wp-content\/uploads\/sites\/3\/2025\/11\/GIF-UFF-2025-DE-1.gif\" alt=\"\" class=\"wp-image-12308\" \/><\/figure>\n","protected":false},"excerpt":{"rendered":"Seien Sie dabei, wenn vom 22. bis 24. Juni die sechste Ausgabe des University:Future Festivals stattfindet. Unter dem Motto Under Pressure bietet das Festival drei Tage lang eine Plattform f\u00fcr Austausch, Diskussion und Networking. Das Ticketing ist ge\u00f6ffnet! Das University:Future Festival ist ein digital first Event. Das bedeutet: Alle Programmpunkte finden online statt und nahezu&#8230; <a class=\"view-article\" href=\"https:\/\/festival.hfd.digital\/de\/tickets-2026\/\">View Article<\/a>","protected":false},"author":24,"featured_media":0,"parent":0,"menu_order":0,"comment_status":"closed","ping_status":"closed","template":"","meta":{"_acf_changed":false,"inline_featured_image":false,"footnotes":""},"class_list":["post-12029","page","type-page","status-publish","hentry"],"acf":[],"yoast_head":"<!-- This site is optimized with the Yoast SEO plugin v27.3 - https:\/\/yoast.com\/product\/yoast-seo-wordpress\/ -->\n<title>Tickets - University:Future Festival 2026<\/title>\n<meta name=\"description\" content=\"Sichern Sie sich jetzt Ihr Ticket und nehmen Sie in Berlin, Braunschweig, Graz, N\u00fcrnberg, Hamburg und in NRW oder digital am U:FF 2026 teil!\" \/>\n<meta name=\"robots\" content=\"index, follow, max-snippet:-1, max-image-preview:large, max-video-preview:-1\" \/>\n<link rel=\"canonical\" href=\"https:\/\/festival.hfd.digital\/de\/tickets-2026\/\" \/>\n<meta property=\"og:locale\" content=\"de_DE\" \/>\n<meta property=\"og:type\" content=\"article\" \/>\n<meta property=\"og:title\" content=\"Tickets - University:Future Festival 2026\" \/>\n<meta property=\"og:description\" content=\"Sichern Sie sich jetzt Ihr Ticket und nehmen Sie in Berlin, Braunschweig, Graz, N\u00fcrnberg, Hamburg und in NRW oder digital am U:FF 2026 teil!\" \/>\n<meta property=\"og:url\" content=\"https:\/\/festival.hfd.digital\/de\/tickets-2026\/\" \/>\n<meta property=\"og:site_name\" content=\"University:Future Festival 2026\" \/>\n<meta property=\"article:modified_time\" content=\"2025-12-16T10:09:43+00:00\" \/>\n<meta property=\"og:image\" content=\"https:\/\/festival.hfd.digital\/de\/wp-content\/uploads\/sites\/3\/2025\/11\/GIF-UFF-2025-DE-1.gif\" \/>\n\t<meta property=\"og:image:width\" content=\"900\" \/>\n\t<meta property=\"og:image:height\" content=\"506\" \/>\n\t<meta property=\"og:image:type\" content=\"image\/gif\" \/>\n<meta name=\"twitter:card\" content=\"summary_large_image\" \/>\n<meta name=\"twitter:label1\" content=\"Gesch\u00e4tzte Lesezeit\" \/>\n\t<meta name=\"twitter:data1\" content=\"2\u00a0Minuten\" \/>\n<script type=\"application\/ld+json\" class=\"yoast-schema-graph\">{\"@context\":\"https:\\\/\\\/schema.org\",\"@graph\":[{\"@type\":\"WebPage\",\"@id\":\"https:\\\/\\\/festival.hfd.digital\\\/de\\\/tickets-2026\\\/\",\"url\":\"https:\\\/\\\/festival.hfd.digital\\\/de\\\/tickets-2026\\\/\",\"name\":\"Tickets - University:Future Festival 2026\",\"isPartOf\":{\"@id\":\"https:\\\/\\\/festival.hfd.digital\\\/de\\\/#website\"},\"primaryImageOfPage\":{\"@id\":\"https:\\\/\\\/festival.hfd.digital\\\/de\\\/tickets-2026\\\/#primaryimage\"},\"image\":{\"@id\":\"https:\\\/\\\/festival.hfd.digital\\\/de\\\/tickets-2026\\\/#primaryimage\"},\"thumbnailUrl\":\"https:\\\/\\\/festival.hfd.digital\\\/de\\\/wp-content\\\/uploads\\\/sites\\\/3\\\/2025\\\/11\\\/GIF-UFF-2025-DE-1.gif\",\"datePublished\":\"2025-11-20T12:02:24+00:00\",\"dateModified\":\"2025-12-16T10:09:43+00:00\",\"description\":\"Sichern Sie sich jetzt Ihr Ticket und nehmen Sie in Berlin, Braunschweig, Graz, N\u00fcrnberg, Hamburg und in NRW oder digital am U:FF 2026 teil!\",\"inLanguage\":\"de\",\"potentialAction\":[{\"@type\":\"ReadAction\",\"target\":[\"https:\\\/\\\/festival.hfd.digital\\\/de\\\/tickets-2026\\\/\"]}]},{\"@type\":\"ImageObject\",\"inLanguage\":\"de\",\"@id\":\"https:\\\/\\\/festival.hfd.digital\\\/de\\\/tickets-2026\\\/#primaryimage\",\"url\":\"https:\\\/\\\/festival.hfd.digital\\\/de\\\/wp-content\\\/uploads\\\/sites\\\/3\\\/2025\\\/11\\\/GIF-UFF-2025-DE-1.gif\",\"contentUrl\":\"https:\\\/\\\/festival.hfd.digital\\\/de\\\/wp-content\\\/uploads\\\/sites\\\/3\\\/2025\\\/11\\\/GIF-UFF-2025-DE-1.gif\",\"width\":1920,\"height\":1080},{\"@type\":\"WebSite\",\"@id\":\"https:\\\/\\\/festival.hfd.digital\\\/de\\\/#website\",\"url\":\"https:\\\/\\\/festival.hfd.digital\\\/de\\\/\",\"name\":\"University:Future Festival 2026\",\"description\":\"Das j\u00e4hrliche Festival zur Zukunft der Hochschulbildung.\",\"potentialAction\":[{\"@type\":\"SearchAction\",\"target\":{\"@type\":\"EntryPoint\",\"urlTemplate\":\"https:\\\/\\\/festival.hfd.digital\\\/de\\\/?s={search_term_string}\"},\"query-input\":{\"@type\":\"PropertyValueSpecification\",\"valueRequired\":true,\"valueName\":\"search_term_string\"}}],\"inLanguage\":\"de\"}]}<\/script>\n<!-- \/ Yoast SEO plugin. -->","yoast_head_json":{"title":"Tickets - University:Future Festival 2026","description":"Sichern Sie sich jetzt Ihr Ticket und nehmen Sie in Berlin, Braunschweig, Graz, N\u00fcrnberg, Hamburg und in NRW oder digital am U:FF 2026 teil!","robots":{"index":"index","follow":"follow","max-snippet":"max-snippet:-1","max-image-preview":"max-image-preview:large","max-video-preview":"max-video-preview:-1"},"canonical":"https:\/\/festival.hfd.digital\/de\/tickets-2026\/","og_locale":"de_DE","og_type":"article","og_title":"Tickets - University:Future Festival 2026","og_description":"Sichern Sie sich jetzt Ihr Ticket und nehmen Sie in Berlin, Braunschweig, Graz, N\u00fcrnberg, Hamburg und in NRW oder digital am U:FF 2026 teil!","og_url":"https:\/\/festival.hfd.digital\/de\/tickets-2026\/","og_site_name":"University:Future Festival 2026","article_modified_time":"2025-12-16T10:09:43+00:00","og_image":[{"url":"https:\/\/festival.hfd.digital\/de\/wp-content\/uploads\/sites\/3\/2025\/11\/GIF-UFF-2025-DE-1.gif","width":900,"height":506,"type":"image\/gif"}],"twitter_card":"summary_large_image","twitter_misc":{"Gesch\u00e4tzte Lesezeit":"2\u00a0Minuten"},"schema":{"@context":"https:\/\/schema.org","@graph":[{"@type":"WebPage","@id":"https:\/\/festival.hfd.digital\/de\/tickets-2026\/","url":"https:\/\/festival.hfd.digital\/de\/tickets-2026\/","name":"Tickets - University:Future Festival 2026","isPartOf":{"@id":"https:\/\/festival.hfd.digital\/de\/#website"},"primaryImageOfPage":{"@id":"https:\/\/festival.hfd.digital\/de\/tickets-2026\/#primaryimage"},"image":{"@id":"https:\/\/festival.hfd.digital\/de\/tickets-2026\/#primaryimage"},"thumbnailUrl":"https:\/\/festival.hfd.digital\/de\/wp-content\/uploads\/sites\/3\/2025\/11\/GIF-UFF-2025-DE-1.gif","datePublished":"2025-11-20T12:02:24+00:00","dateModified":"2025-12-16T10:09:43+00:00","description":"Sichern Sie sich jetzt Ihr Ticket und nehmen Sie in Berlin, Braunschweig, Graz, N\u00fcrnberg, Hamburg und in NRW oder digital am U:FF 2026 teil!","inLanguage":"de","potentialAction":[{"@type":"ReadAction","target":["https:\/\/festival.hfd.digital\/de\/tickets-2026\/"]}]},{"@type":"ImageObject","inLanguage":"de","@id":"https:\/\/festival.hfd.digital\/de\/tickets-2026\/#primaryimage","url":"https:\/\/festival.hfd.digital\/de\/wp-content\/uploads\/sites\/3\/2025\/11\/GIF-UFF-2025-DE-1.gif","contentUrl":"https:\/\/festival.hfd.digital\/de\/wp-content\/uploads\/sites\/3\/2025\/11\/GIF-UFF-2025-DE-1.gif","width":1920,"height":1080},{"@type":"WebSite","@id":"https:\/\/festival.hfd.digital\/de\/#website","url":"https:\/\/festival.hfd.digital\/de\/","name":"University:Future Festival 2026","description":"Das j\u00e4hrliche Festival zur Zukunft der Hochschulbildung.","potentialAction":[{"@type":"SearchAction","target":{"@type":"EntryPoint","urlTemplate":"https:\/\/festival.hfd.digital\/de\/?s={search_term_string}"},"query-input":{"@type":"PropertyValueSpecification","valueRequired":true,"valueName":"search_term_string"}}],"inLanguage":"de"}]}},"_links":{"self":[{"href":"https:\/\/festival.hfd.digital\/de\/wp-json\/wp\/v2\/pages\/12029","targetHints":{"allow":["GET"]}}],"collection":[{"href":"https:\/\/festival.hfd.digital\/de\/wp-json\/wp\/v2\/pages"}],"about":[{"href":"https:\/\/festival.hfd.digital\/de\/wp-json\/wp\/v2\/types\/page"}],"author":[{"embeddable":true,"href":"https:\/\/festival.hfd.digital\/de\/wp-json\/wp\/v2\/users\/24"}],"replies":[{"embeddable":true,"href":"https:\/\/festival.hfd.digital\/de\/wp-json\/wp\/v2\/comments?post=12029"}],"version-history":[{"count":15,"href":"https:\/\/festival.hfd.digital\/de\/wp-json\/wp\/v2\/pages\/12029\/revisions"}],"predecessor-version":[{"id":12407,"href":"https:\/\/festival.hfd.digital\/de\/wp-json\/wp\/v2\/pages\/12029\/revisions\/12407"}],"wp:attachment":[{"href":"https:\/\/festival.hfd.digital\/de\/wp-json\/wp\/v2\/media?parent=12029"}],"curies":[{"name":"wp","href":"https:\/\/api.w.org\/{rel}","templated":true}]}}