{"id":11980,"date":"2025-11-28T16:58:31","date_gmt":"2025-11-28T15:58:31","guid":{"rendered":"https:\/\/festival.hfd.digital\/de\/?page_id=11980"},"modified":"2026-02-17T11:15:27","modified_gmt":"2026-02-17T10:15:27","slug":"faqs-2026","status":"publish","type":"page","link":"https:\/\/festival.hfd.digital\/de\/faqs-2026\/","title":{"rendered":"FAQs Calls"},"content":{"rendered":"\n<p>Hier finden Sie Antworten auf h\u00e4ufig gestellte Fragen zum University:Future Festival 2026 sowie zu den Calls. Sollte Ihre Frage in den FAQs nicht beantwortet werden, erreichen Sie unser <a href=\"https:\/\/festival.hfd.digital\/de\/team\/\">Team<\/a> unter: <a href=\"mailto:festival_programm@hochschulforum.org\">festival_programm@hochschulforum.org<\/a><\/p>\n\n\n\n<p><\/p>\n\n\n\n<ol class=\"wp-block-list\">\n<li><strong>Call for Participation<\/strong>\n<ul class=\"wp-block-list\">\n<li><a href=\"#allgemeines-cfp\">Allgemeines<\/a><\/li>\n\n\n\n<li><a href=\"#sessionize-cfp\" id=\"#sessionize-cfp\">Sessionize<\/a><\/li>\n\n\n\n<li><a href=\"#bewerbung-cfp\">Bewerbung<\/a><\/li>\n<\/ul>\n<\/li>\n\n\n\n<li><strong>Call for Arts &amp; Experience<\/strong>\n<ul class=\"wp-block-list\">\n<li><a href=\"#allgemeines-arts\">Allgemeines<\/a><\/li>\n\n\n\n<li><a href=\"#Sessionize-arts\" id=\"#Sessionize-arts\">Sessionize<\/a><\/li>\n\n\n\n<li><a href=\"#bewerbung-arts\">Bewerbung<\/a><\/li>\n<\/ul>\n<\/li>\n<\/ol>\n\n\n\n<h2 class=\"wp-block-heading has-text-color\" style=\"color:#2e5cfb\">Call for Participation<\/h2>\n\n\n\n<h3 class=\"wp-block-heading has-black-color has-text-color\" id=\"allgemeines-cfp\">1. Allgemeines<\/h3>\n\n\n\n<p><strong>Wer kann einreichen?<\/strong><br>Alle k\u00f6nnen einreichen! Wir bewerten die Einreichungen ausschlie\u00dflich nach ihrer inhaltlichen Qualit\u00e4t und ob sie thematisch zum&nbsp;Themenfokus des University:Future Festivals passen. Besonders wollen wir Hochschulangeh\u00f6rige, Studierende, Unternehmen, Zivilgesellschaft und Internationals ansprechen.<\/p>\n\n\n\n<p><strong>Was macht eine gute Session aus?<\/strong><br>Idealerweise wird bereits durch einen starken (und m\u00f6glichst kurzen!) Titel Interesse f\u00fcr das Thema geweckt. Die Session sollte \u00fcber eine reine Projektvorstellung hinausgehen. Trauen Sie sich, authentisch, kreativ und meinungsstark zu sein!<\/p>\n\n\n\n<p><strong>In welchen Sprachen kann ich einreichen?<\/strong><br>Sie k\u00f6nnen Ihre Ideen auf Deutsch oder Englisch einreichen. Achten Sie dabei darauf, dass die Sprache der Einreichung und gehaltenen Session \u00fcbereinstimmend sind. Eine \u00dcbersetzung findet nicht statt.<\/p>\n\n\n\n<p><strong>Werden Einreichungen auch nach der Deadline akzeptiert?<\/strong><br>Leider k\u00f6nnen wir keine Einreichungen nach der Frist ber\u00fccksichtigen. Der Call for Participation endete am 16. Februar 2026.<\/p>\n\n\n\n<p><strong>Welche Formate sind m\u00f6glich?<\/strong><br>Folgende Formate sind vorgesehen:<\/p>\n\n\n\n<ol class=\"wp-block-list\">\n<li><strong>Inputs<\/strong>: 30-min\u00fctige Inputs zu einem Thema durch ein oder mehrere Personen. Der Fokus sollte dabei auf anwendbarem Wissen liegen. Die Form kann variieren, am verbreitetsten ist der Vortrag mit anschlie\u00dfender Diskussion.<\/li>\n\n\n\n<li><strong>Lightning Talks:<\/strong> 5-min\u00fctige Kurz-Inputs durch maximal zwei Personen.&nbsp;<\/li>\n\n\n\n<li><strong>Diskussionen: <\/strong>Eine 30 oder 60-min\u00fctige dynamische und diverse Diskussion durch mehrere Personen. Die geplanten Mitdiskutant:innen m\u00fcssen in der Einreichung genannt werden.<\/li>\n\n\n\n<li><strong>Workshops<\/strong>: 60 oder 120-min\u00fctige interaktive Formate mit&nbsp;begrenzten Teilnehmendenzahlen (standardm\u00e4\u00dfig maximal 50).<\/li>\n\n\n\n<li><strong>Trainings<\/strong>: 60 oder120-min\u00fctige Lerneinheiten.<\/li>\n\n\n\n<li><strong>Labs<\/strong>: 90 oder 120-min\u00fctige Mitmach-Formate. Session-Gebende bringen eine Idee, ein Problem oder einen Prototyp mit und entwickelt ihn gemeinsam mit dem Publikum bis zu einem konkreten Ergebnis weiter.<\/li>\n<\/ol>\n\n\n\n<p><strong>Welcher Unterschied besteht zwischen Workshops und Trainings?<\/strong><br>Es gibt eine gewisse N\u00e4he der beiden Formate zueinander. Folgende Informationen sollten helfen, Ihre Einreichung richtig einzuordnen:<\/p>\n\n\n\n<ol class=\"wp-block-list\">\n<li>W\u00e4hrend Workshops in der Regel dazu dienen, ein Thema gemeinsam zu erarbeiten, haben Trainings stets ein definiertes Lernziel.<\/li>\n\n\n\n<li>Bei Workshops liegt der Fokus auf Interaktion. Anbieter von Trainings k\u00f6nnen den angemessenen Grad an Interaktivit\u00e4t frei bestimmen.<\/li>\n\n\n\n<li>Workshops sind stets begrenzt in der Teilnehmendenzahl (standardm\u00e4\u00dfig 50, geringere Zahlen nach Absprache). Trainings sind unbegrenzt.<\/li>\n<\/ol>\n\n\n\n<p><strong><strong>Welche Tracks gibt es beim University:Future Festival? Und warum muss ich mich entscheiden?<\/strong><\/strong><br>Das Programm des University:Future Festivals ist in sieben Tracks gegliedert. Die Tracks spiegeln die Themen wider, die unsere Communities bewegen. Sie basieren auf den Ergebnissen einer Community-Umfrage, Erfahrungen aus vergangenen Veranstaltungen sowie strategischer Setzung.<br><a href=\"https:\/\/festival.hfd.digital\/de\/tracks-2026\/\">Einen \u00dcberblick \u00fcber die Tracks finden Sie hier. <\/a><\/p>\n\n\n\n<p><strong>Wie werden die Beitr\u00e4ge bewertet?<\/strong><br>Nach Ende der Einreichungsfrist wird Ihr Vorschlag durch eine Track-Jury begutachtet. Die Track-Jurys setzen sich aus Fachleuten im jeweiligen Bereich, Studierenden sowie Vertreter:innen von Hochschulforum, Stiftung Innovation in der Hochschullehre und B\u00fchnenpartnern zusammen. Wir achten darauf, dass Ihr Beitrag von mindestens drei Personen gelesen und bewertet wird, in der Regel sind es mehr. In einer zweiten Stufe kommen die Leitungen der Track-Jurys zusammen und entscheiden \u00fcber die Setzung des finalen Programms. Die Mitglieder der Jury werden vor Ende des Calls auf dieser Website bekanntgegeben. Sp\u00e4testens Mitte April 2026 erhalten sie eine Entscheidung von der Jury.<\/p>\n\n\n\n<p><strong>Muss ich bei dem physischen Event vor Ort sein, wenn ich angenommen werde?<\/strong><br>Nein, eine virtuelle Beteiligung ist sogar der Standardfall. Nur einzelne Einreichungen werden eingeladen, um in Pr\u00e4senz stattzufinden. Lediglich die Labs finden ausschlie\u00dflich in Pr\u00e4senz statt.<\/p>\n\n\n\n<p><strong>Kann ich meine Session von vor Ort halten, wenn ich angenommen werde?<\/strong><br>Das Festival ist &#8222;digital first&#8220; und das gilt auch f\u00fcr alle Programmbeitr\u00e4ge. Dennoch k\u00f6nnen wir voraussichtlich vielen interessierten Speaker:innen einen ruhigen Ort f\u00fcr Vortr\u00e4ge bieten. Wir k\u00f6nnen Ihnen dies allerdings erst nach Festsetzung des Programms verbindlich zusagen. Workshops und Trainings, welche am letzten Tag des Festivals stattfinden, sind generell digital zu halten.<\/p>\n\n\n\n<p><strong>Welche Technologie und Tools werden zur Verf\u00fcgung gestellt?<\/strong><br>Vereinfacht gesagt: Unsere digitalen R\u00e4ume werden einen \u00e4hnlichen Funktionsumfang haben wie Zoom. Wir stellen Ihnen daneben stets ein Miro-Board zur Verf\u00fcgung. Sollten Sie bestimmte Dinge brauchen, wenden Sie sich bitte an uns unter <a href=\"mailto:festival_programm@hochschulforum.org\">festival_programm@hochschulforum.org<\/a>.<\/p>\n\n\n\n<p><strong>Ich habe ein Produkt oder eine Dienstleistung, die f\u00fcr das Publikum spannend ist. Kann ich einen Session-Vorschlag einreichen, um meine Idee zu promoten?<\/strong><br>Ja, aber wahrscheinlich wird Ihre Einreichung keinen Erfolg haben. Sessions sollten immer Lernerfahrungen sein. Das hei\u00dft: Erw\u00e4hnen Sie Ihre Produkte und Projekte gerne \u2013 aber fokussieren Sie auf Wissensvermittlung. Beispiel: \u201cWir haben eine Lernplattform aufgebaut und mussten dabei schwierige und unvorhergesehene Probleme l\u00f6sen\u201d ist spannender als \u201cWir haben eine neue, tolle Lernplattform\u201d.<\/p>\n\n\n\n<p><strong>Gibt es eine Frauenquote?<\/strong><br>Ja. Mindestens 50 Prozent der Vortragenden sollen weiblich sein.<\/p>\n\n\n\n<p><strong>Gibt es eine Studierendenquote?<\/strong><br>Nein. Allerdings ist es uns besonders wichtig, studentischen Stimmen eine B\u00fchne zu bieten. Deshalb freuen wir uns sehr auf Ihre Einreichungen!<\/p>\n\n\n\n<h3 class=\"wp-block-heading has-black-color has-text-color\" id=\"sessionize-cfp\">2. Sessionize<\/h3>\n\n\n\n<p><strong>Was ist Sessionize und wozu nutzt das Festival die Daten?<\/strong><br>Das University:Future Festival ist sehr gro\u00df, entsprechend sind die Jury- und Programmsetzungsprozesse komplex. Konkret sprechen wir von bis zu 1.000 Einreichungen und einem finalen Programm mit etwa 300 Sessions von etwa 600 Speaker:innen (Zahlen variieren von Jahr zu Jahr). Bei der Gr\u00f6\u00dfe des Festivals ist es notwendig, eine spezialisierte Anwendung f\u00fcr den gesamten Programmprozess zu nutzen, in unserem Fall Sessionize. Wir nutzen Sessionize f\u00fcr die Sammlung aller Einreichung, die Bewertungen durch die Jurys, die Programmsetzung sowie gro\u00dfe Teile der Kommunikation mit den Beitragenden. Das auf der Website sp\u00e4ter sichtbare Programm speist sich per API aus Sessionize, so dass Speaker:innen selbst\u00e4ndig auch nach Programmver\u00f6ffentlichungen inhaltliche Anpassungen vornehmen k\u00f6nnen. Sessionize ist in der EU registriert, konkret in Kroatien und f\u00e4llt entsprechend unter die DSGVO.<\/p>\n\n\n\n<p><strong>Brauche ich einen Account bei Sessionize, um mich am Call zu beteiligen?<\/strong><br>Ja. Eine Einreichung ist immer an mindestens eine:n Speaker:in gebunden. Zum Erstellen eines Speaker:innen-Profils bedarf es eines Accounts. Bitte beachten Sie, dass Sie nur die E-Mailadressen Ihrer Co-Speaker:innen hinterlegen k\u00f6nnen. Ihre Co-Speaker:innen m\u00fcssen dann selbst\u00e4ndig ihr Profil anlegen.<\/p>\n\n\n\n<p><strong>Ich will eine Session f\u00fcr eine andere Person einreichen. Geht das?<\/strong><br>Nein. Aus Datenschutzgr\u00fcnden m\u00fcssen Speaker:innen sich selbst anmelden.<\/p>\n\n\n\n<p><strong>Was geschieht, wenn ich mich nicht mehr einloggen kann?<\/strong><br>Bitte \u00fcberpr\u00fcfen Sie noch einmal Ihre Anmeldedaten (E-Mail und Passwort), und ob Sie sich in der richtigen Domain anmelden. Wenn das Problem auch nach mehreren Versuchen besteht, hilft unser Team weiter: <a href=\"mailto:festival_programm@hochschulforum.org\">festival_programm@hochschulforum.org<\/a><\/p>\n\n\n\n<h3 class=\"wp-block-heading\" id=\"bewerbung-cfp\">3. Bewerbung<\/h3>\n\n\n\n<p><strong>Ich m\u00f6chte eine Diskussion einreichen: M\u00fcssen alle Redner:innen bereits best\u00e4tigt sein?<\/strong><br>Ja, die geplanten Mitdiskutant:innen m\u00fcssen in der Einreichung genannt werden.<\/p>\n\n\n\n<p><strong>Schritt f\u00fcr Schritt: Wie funktioniert die Speaker:innen-Registrierung und wie reiche ich meine Idee beim Call ein?<\/strong><\/p>\n\n\n\n<ol class=\"wp-block-list\">\n<li><strong>Schritt:<\/strong> F\u00fcr das Einreichen einer Session klicken Sie im Men\u00fc auf \u201cCall\u201d und dann &#8222;Call for Participation&#8220;.<\/li>\n\n\n\n<li><strong>Schritt:<\/strong> Auf der \u00dcbersichtsseite des Calls finden Sie unten einen Button f\u00fcr das Formular des Call for Particpation.<\/li>\n\n\n\n<li><strong>Schritt:<\/strong> Legen Sie einen Account in unserem Call-Tool Sessionize an. Besitzen Sie bereits einen Account bei Sessionize, k\u00f6nnen Sie nat\u00fcrlich den bestehenden auch f\u00fcr die Einreichung beim University:Future Festival nutzen.<\/li>\n\n\n\n<li><strong>Schritt:&nbsp;<\/strong> F\u00fcllen Sie alle erforderlichen Punkte des Formulars aus.<\/li>\n\n\n\n<li><strong>Schritt:<\/strong> Schlie\u00dfen Sie ihre Einreichung ab, indem Sie auf den Button \u201csubmit session\u201d klicken.&nbsp;<\/li>\n\n\n\n<li><strong>Schritt:<\/strong> Ihre Einreichung wurde nun automatisch abgeschlossen und wird von der Jury im Auswahlprozess ber\u00fccksichtigt. Sie werden informiert sobald eine Entscheidung gefallen ist.<\/li>\n<\/ol>\n\n\n\n<p><strong>Werden die Angaben im Call-for-Participation-Tool \u00f6ffentlich sichtbar gemacht?<\/strong><br>Die Angaben werden erst dann ver\u00f6ffentlicht, wenn ein Beitrag angenommen wurde. Dies gilt nat\u00fcrlich nur f\u00fcr die Informationen, welche f\u00fcr Besucher:innen relevant sind. Kontaktinformationen und andere pers\u00f6nliche Daten werden nicht ver\u00f6ffentlicht.<\/p>\n\n\n\n<p><strong>Welche Zeichenlimits gibt es?<\/strong><br>Die Beschreibung Ihrer Session muss zwischen 200 und 2.000 Zeichen lang sein. Des Weiteren m\u00fcssen Sie zus\u00e4tzlich eine Kurzbeschreibung Ihrer Session einreichen, welche im Programm erscheinen wird, wenn Sie angenommen werden. Ihre Selbstbeschreibung als Speaker:in kann eine L\u00e4nge von 100 bis 800 Zeichen haben.<\/p>\n\n\n\n<p><strong>Kann ich beim Call for Participation mehrere Vorschl\u00e4ge einreichen?<\/strong><br>Ja. Es k\u00f6nnen mehrere Beitr\u00e4ge eingereicht werden.<\/p>\n\n\n\n<p><strong>Kann ich meinen Vorschlag im Call-Formular noch bearbeiten?<\/strong><br>Ja, erst nach Ende des Calls am 16. Februar 2026 werden die Einreichungen gesperrt und bleiben somit unver\u00e4nderlich. Bei m\u00f6glichen Unklarheiten werden wir Sie kontaktieren.<\/p>\n\n\n\n<p><strong>Meine Session ist nicht ver\u00f6ffentlicht. Haben Sie sie bekommen?<\/strong><br>Wenn Sie sich in dem Call-Tool einloggen und Ihre Session auffindbar ist, dann haben wir Sie auch erhalten.<\/p>\n\n\n\n<p><strong>Wie bekomme ich Hilfe bei nicht-technischen Call for Participation-Fragen?<\/strong><br>Etwaige Fragen, die sich durch dieses FAQ nicht l\u00f6sen lassen, richten Sie bitte an: <a href=\"mailto:festival_programm@hochschulforum.org\">festival_programm@hochschulforum.org<\/a><\/p>\n\n\n\n<p><strong>Wie erfahre ich, ob mein Beitrag angenommen wurde?<\/strong><br>Sobald der Auswahlprozess der Jury abgeschlossen ist, werden wir uns mit Ihnen in Verbindung setzen. Das wird voraussichtlich Mitte April 2026 passieren.<\/p>\n\n\n\n<h2 class=\"wp-block-heading has-text-color\" style=\"color:#2e5cfb\">Call for Arts &amp; Experience<\/h2>\n\n\n\n<h3 class=\"wp-block-heading has-black-color has-text-color\" id=\"allgemeines-arts\">1. Allgemeines<\/h3>\n\n\n\n<p><strong>Wer kann einreichen?<\/strong><br>Alle k\u00f6nnen einreichen! Wir bewerten die Einreichungen ausschlie\u00dflich nach ihrer inhaltlichen Qualit\u00e4t und ob sie thematisch zum Themenfokus des University:Future Festivals passen. Besonders sprechen wir an: Kunst- und Kulturschaffende, die sich dem Festivalmotto <em>Under Pressure<\/em> k\u00fcnstlerisch n\u00e4hern und Hochschulangeh\u00f6rige, die auf kreative Weise Besucher:innen zum Mitmachen und Nachdenken anregen.<\/p>\n\n\n\n<p><strong>Welche Formate sind m\u00f6glich?<\/strong><br>Prinzipiell ist alles denkbar, was sich mit den Festivalthemen auseinandersetzt und logistisch machbar ist. Wir freuen uns auf \u00dcberraschungen und eine Vielfalt an Themen und Formaten!<\/p>\n\n\n\n<p><strong>Wo werden die Projekte ausgestellt?<\/strong><br>Die ausgew\u00e4hlten Beitr\u00e4ge aus dem Call for Arts &amp; Experience werden nicht auf einer der B\u00fchnen, sondern in unserem Experience:Space im Zentrum der Berliner Mainstage pr\u00e4sentiert. Teilweise wird auch an unseren Partnerb\u00fchnen Platz sein.<\/p>\n\n\n\n<p><strong>Was wird an Infrastruktur zur Verf\u00fcgung gestellt?<\/strong><br>Wir stellen den notwendigen Platz (2 x 3 Meter, in Einzelf\u00e4llen auch mehr), Strom und Internet. Dar\u00fcber hinaus stehen wir jederzeit f\u00fcr Fragen zu Formaten und Machbarkeit zur Verf\u00fcgung.&nbsp;<\/p>\n\n\n\n<p><strong>Welche Kosten werden \u00fcbernommen?&nbsp;<\/strong><br>\u00dcbernachtungs- und Reisekosten werden f\u00fcr maximal zwei Personen pro Projekt \u00fcbernommen.<br>\u00dcber die \u00dcbernahme weiterer Kosten kann erst nach Ablauf der Frist entschieden werden. Hierf\u00fcr ist es wichtig, dass Sie uns die anfallenden Kosten (inkl. Reisekosten, Materialtransport, \u00dcbernachtung, &#8230;) mitteilen.<\/p>\n\n\n\n<h3 class=\"wp-block-heading\" id=\"Sessionize-arts\">2. Sessionize<\/h3>\n\n\n\n<p><strong>Was ist Sessionize und wozu nutzt das Festival die Daten?<\/strong><br>Das University:Future Festival ist sehr gro\u00df, entsprechend sind die Jury- und Programmsetzungsprozesse komplex. Konkret sprechen wir von bis zu 1.000 Einreichungen und einem finalen Programm mit etwa 300 Sessions von etwa 600 Speaker:innen (Zahlen variieren von Jahr zu Jahr). Bei der Gr\u00f6\u00dfe des Festivals ist es notwendig, eine spezialisierte Anwendung f\u00fcr den gesamten Programmprozess zu nutzen, in unserem Fall Sessionize. Wir nutzen Sessionize f\u00fcr die Sammlung aller Einreichung, die Bewertungen durch die Jurys, die Programmsetzung sowie gro\u00dfe Teile der Kommunikation mit den Beitragenden. Das auf der Website sp\u00e4ter sichtbare Programm speist sich per API aus Sessionize, so dass Speaker:innen selbst\u00e4ndig auch nach Programmver\u00f6ffentlichungen inhaltliche Anpassungen vornehmen k\u00f6nnen. Sessionize ist in der EU registriert, konkret in Kroatien und f\u00e4llt entsprechend unter die DSGVO.<\/p>\n\n\n\n<p><strong>Brauche ich einen Account bei Sessionize, um mich am Call zu beteiligen?<\/strong><br>Ja. Eine Einreichung ist immer an mindestens eine Person gebunden. Zum Erstellen eines Profils bedarf es eines Accounts. Es k\u00f6nnen bis zu 5 Personen pro Projekt angegeben werden. Bitte beachten Sie, dass:<\/p>\n\n\n\n<ul class=\"wp-block-list\">\n<li>Sie nur die E-Mailadressen Ihrer Kolleg:innen hinterlegen k\u00f6nnen. Ihre Kolleg:innen m\u00fcssen dann selbst\u00e4ndig ihr Profil anlegen.<\/li>\n\n\n\n<li>Wir Reisekosten nur f\u00fcr maximal zwei Personen pro Einreichung \u00fcbernehmen k\u00f6nnen<\/li>\n<\/ul>\n\n\n\n<h3 class=\"wp-block-heading\">3. Bewerbung<\/h3>\n\n\n\n<p><strong>Kann ich mehrere Projekte\/ Formate einreichen?<\/strong><br>Ja. Es k\u00f6nnen mehrere Projekte\/ Formate pro Person eingereicht werden.<\/p>\n\n\n\n<p><strong>Kann ich meinen Vorschlag im Call-Formular noch bearbeiten?<\/strong><br>Ja, erst nach Ende des Calls am 16. Februar 2026 die Einreichungen gesperrt und bleiben somit unver\u00e4nderlich. Bei m\u00f6glichen Unklarheiten werden wir Sie kontaktieren.<\/p>\n\n\n\n<p><strong>Wie werden die Beitr\u00e4ge bewertet?<\/strong><br>Nach Ende der Einreichungsfrist wird Ihr Vorschlag durch Mitglieder des Organisations-Teams&nbsp; begutachtet und auf Umsetzbarkeit gepr\u00fcft. Frist ist der 16. Februar 2026.<\/p>\n\n\n\n<p><strong>Wie und wann erfahre ich, ob mein Projekt angenommen wurde?<\/strong><br>Sobald der Auswahlprozess der Jury abgeschlossen ist, werden wir uns mit Ihnen in Verbindung setzen. Das wird voraussichtlich bis Mitte M\u00e4rz 2026 passieren.<\/p>\n\n\n\n<p><strong>Wo bekomme ich Hilfe bei weiteren Fragen?<\/strong><br>Etwaige Fragen, die sich durch dieses FAQ nicht l\u00f6sen lassen, richten Sie bitte an: <a href=\"mailto:festival_programm@hochschulforum.org\">festival_programm@hochschulforum.org<\/a><\/p>\n","protected":false},"excerpt":{"rendered":"Hier finden Sie Antworten auf h\u00e4ufig gestellte Fragen zum University:Future Festival 2026 sowie zu den Calls. Sollte Ihre Frage in den FAQs nicht beantwortet werden, erreichen Sie unser Team unter: festival_programm@hochschulforum.org Call for Participation 1. Allgemeines Wer kann einreichen?Alle k\u00f6nnen einreichen! Wir bewerten die Einreichungen ausschlie\u00dflich nach ihrer inhaltlichen Qualit\u00e4t und ob sie thematisch zum&nbsp;Themenfokus&#8230; <a class=\"view-article\" href=\"https:\/\/festival.hfd.digital\/de\/faqs-2026\/\">View Article<\/a>","protected":false},"author":24,"featured_media":12262,"parent":0,"menu_order":0,"comment_status":"open","ping_status":"closed","template":"","meta":{"_acf_changed":false,"inline_featured_image":false,"footnotes":""},"class_list":["post-11980","page","type-page","status-publish","has-post-thumbnail","hentry"],"acf":[],"yoast_head":"<!-- This site is optimized with the Yoast SEO plugin v27.3 - https:\/\/yoast.com\/product\/yoast-seo-wordpress\/ -->\n<title>FAQs Calls - University:Future Festival 2026<\/title>\n<meta name=\"description\" content=\"Hier finden Sie Antworten auf h\u00e4ufig gestellte Fragen zu unseren Calls!\" \/>\n<meta name=\"robots\" content=\"index, follow, max-snippet:-1, max-image-preview:large, max-video-preview:-1\" \/>\n<link rel=\"canonical\" href=\"https:\/\/festival.hfd.digital\/de\/faqs-2026\/\" \/>\n<meta property=\"og:locale\" content=\"de_DE\" \/>\n<meta property=\"og:type\" content=\"article\" \/>\n<meta property=\"og:title\" content=\"FAQs Calls - University:Future Festival 2026\" \/>\n<meta property=\"og:description\" content=\"Hier finden Sie Antworten auf h\u00e4ufig gestellte Fragen zu unseren Calls!\" \/>\n<meta property=\"og:url\" content=\"https:\/\/festival.hfd.digital\/de\/faqs-2026\/\" \/>\n<meta property=\"og:site_name\" content=\"University:Future Festival 2026\" \/>\n<meta property=\"article:modified_time\" content=\"2026-02-17T10:15:27+00:00\" \/>\n<meta property=\"og:image\" content=\"https:\/\/festival.hfd.digital\/de\/wp-content\/uploads\/sites\/3\/2025\/11\/Sharepics-UFF-2026_169.png\" \/>\n\t<meta property=\"og:image:width\" content=\"1920\" \/>\n\t<meta property=\"og:image:height\" content=\"1080\" \/>\n\t<meta property=\"og:image:type\" content=\"image\/png\" \/>\n<meta name=\"twitter:card\" content=\"summary_large_image\" \/>\n<meta name=\"twitter:label1\" content=\"Gesch\u00e4tzte Lesezeit\" \/>\n\t<meta name=\"twitter:data1\" content=\"11\u00a0Minuten\" \/>\n<script type=\"application\/ld+json\" class=\"yoast-schema-graph\">{\"@context\":\"https:\\\/\\\/schema.org\",\"@graph\":[{\"@type\":\"WebPage\",\"@id\":\"https:\\\/\\\/festival.hfd.digital\\\/de\\\/faqs-2026\\\/\",\"url\":\"https:\\\/\\\/festival.hfd.digital\\\/de\\\/faqs-2026\\\/\",\"name\":\"FAQs Calls - University:Future Festival 2026\",\"isPartOf\":{\"@id\":\"https:\\\/\\\/festival.hfd.digital\\\/de\\\/#website\"},\"primaryImageOfPage\":{\"@id\":\"https:\\\/\\\/festival.hfd.digital\\\/de\\\/faqs-2026\\\/#primaryimage\"},\"image\":{\"@id\":\"https:\\\/\\\/festival.hfd.digital\\\/de\\\/faqs-2026\\\/#primaryimage\"},\"thumbnailUrl\":\"https:\\\/\\\/festival.hfd.digital\\\/de\\\/wp-content\\\/uploads\\\/sites\\\/3\\\/2025\\\/11\\\/Sharepics-UFF-2026_169.png\",\"datePublished\":\"2025-11-28T15:58:31+00:00\",\"dateModified\":\"2026-02-17T10:15:27+00:00\",\"description\":\"Hier finden Sie Antworten auf h\u00e4ufig gestellte Fragen zu unseren Calls!\",\"inLanguage\":\"de\",\"potentialAction\":[{\"@type\":\"ReadAction\",\"target\":[\"https:\\\/\\\/festival.hfd.digital\\\/de\\\/faqs-2026\\\/\"]}]},{\"@type\":\"ImageObject\",\"inLanguage\":\"de\",\"@id\":\"https:\\\/\\\/festival.hfd.digital\\\/de\\\/faqs-2026\\\/#primaryimage\",\"url\":\"https:\\\/\\\/festival.hfd.digital\\\/de\\\/wp-content\\\/uploads\\\/sites\\\/3\\\/2025\\\/11\\\/Sharepics-UFF-2026_169.png\",\"contentUrl\":\"https:\\\/\\\/festival.hfd.digital\\\/de\\\/wp-content\\\/uploads\\\/sites\\\/3\\\/2025\\\/11\\\/Sharepics-UFF-2026_169.png\",\"width\":1920,\"height\":1080,\"caption\":\"Sharepics UFF 2026\"},{\"@type\":\"WebSite\",\"@id\":\"https:\\\/\\\/festival.hfd.digital\\\/de\\\/#website\",\"url\":\"https:\\\/\\\/festival.hfd.digital\\\/de\\\/\",\"name\":\"University:Future Festival 2026\",\"description\":\"Das j\u00e4hrliche Festival zur Zukunft der Hochschulbildung.\",\"potentialAction\":[{\"@type\":\"SearchAction\",\"target\":{\"@type\":\"EntryPoint\",\"urlTemplate\":\"https:\\\/\\\/festival.hfd.digital\\\/de\\\/?s={search_term_string}\"},\"query-input\":{\"@type\":\"PropertyValueSpecification\",\"valueRequired\":true,\"valueName\":\"search_term_string\"}}],\"inLanguage\":\"de\"}]}<\/script>\n<!-- \/ Yoast SEO plugin. -->","yoast_head_json":{"title":"FAQs Calls - University:Future Festival 2026","description":"Hier finden Sie Antworten auf h\u00e4ufig gestellte Fragen zu unseren Calls!","robots":{"index":"index","follow":"follow","max-snippet":"max-snippet:-1","max-image-preview":"max-image-preview:large","max-video-preview":"max-video-preview:-1"},"canonical":"https:\/\/festival.hfd.digital\/de\/faqs-2026\/","og_locale":"de_DE","og_type":"article","og_title":"FAQs Calls - University:Future Festival 2026","og_description":"Hier finden Sie Antworten auf h\u00e4ufig gestellte Fragen zu unseren Calls!","og_url":"https:\/\/festival.hfd.digital\/de\/faqs-2026\/","og_site_name":"University:Future Festival 2026","article_modified_time":"2026-02-17T10:15:27+00:00","og_image":[{"width":1920,"height":1080,"url":"https:\/\/festival.hfd.digital\/de\/wp-content\/uploads\/sites\/3\/2025\/11\/Sharepics-UFF-2026_169.png","type":"image\/png"}],"twitter_card":"summary_large_image","twitter_misc":{"Gesch\u00e4tzte Lesezeit":"11\u00a0Minuten"},"schema":{"@context":"https:\/\/schema.org","@graph":[{"@type":"WebPage","@id":"https:\/\/festival.hfd.digital\/de\/faqs-2026\/","url":"https:\/\/festival.hfd.digital\/de\/faqs-2026\/","name":"FAQs Calls - University:Future Festival 2026","isPartOf":{"@id":"https:\/\/festival.hfd.digital\/de\/#website"},"primaryImageOfPage":{"@id":"https:\/\/festival.hfd.digital\/de\/faqs-2026\/#primaryimage"},"image":{"@id":"https:\/\/festival.hfd.digital\/de\/faqs-2026\/#primaryimage"},"thumbnailUrl":"https:\/\/festival.hfd.digital\/de\/wp-content\/uploads\/sites\/3\/2025\/11\/Sharepics-UFF-2026_169.png","datePublished":"2025-11-28T15:58:31+00:00","dateModified":"2026-02-17T10:15:27+00:00","description":"Hier finden Sie Antworten auf h\u00e4ufig gestellte Fragen zu unseren Calls!","inLanguage":"de","potentialAction":[{"@type":"ReadAction","target":["https:\/\/festival.hfd.digital\/de\/faqs-2026\/"]}]},{"@type":"ImageObject","inLanguage":"de","@id":"https:\/\/festival.hfd.digital\/de\/faqs-2026\/#primaryimage","url":"https:\/\/festival.hfd.digital\/de\/wp-content\/uploads\/sites\/3\/2025\/11\/Sharepics-UFF-2026_169.png","contentUrl":"https:\/\/festival.hfd.digital\/de\/wp-content\/uploads\/sites\/3\/2025\/11\/Sharepics-UFF-2026_169.png","width":1920,"height":1080,"caption":"Sharepics UFF 2026"},{"@type":"WebSite","@id":"https:\/\/festival.hfd.digital\/de\/#website","url":"https:\/\/festival.hfd.digital\/de\/","name":"University:Future Festival 2026","description":"Das j\u00e4hrliche Festival zur Zukunft der Hochschulbildung.","potentialAction":[{"@type":"SearchAction","target":{"@type":"EntryPoint","urlTemplate":"https:\/\/festival.hfd.digital\/de\/?s={search_term_string}"},"query-input":{"@type":"PropertyValueSpecification","valueRequired":true,"valueName":"search_term_string"}}],"inLanguage":"de"}]}},"_links":{"self":[{"href":"https:\/\/festival.hfd.digital\/de\/wp-json\/wp\/v2\/pages\/11980","targetHints":{"allow":["GET"]}}],"collection":[{"href":"https:\/\/festival.hfd.digital\/de\/wp-json\/wp\/v2\/pages"}],"about":[{"href":"https:\/\/festival.hfd.digital\/de\/wp-json\/wp\/v2\/types\/page"}],"author":[{"embeddable":true,"href":"https:\/\/festival.hfd.digital\/de\/wp-json\/wp\/v2\/users\/24"}],"replies":[{"embeddable":true,"href":"https:\/\/festival.hfd.digital\/de\/wp-json\/wp\/v2\/comments?post=11980"}],"version-history":[{"count":23,"href":"https:\/\/festival.hfd.digital\/de\/wp-json\/wp\/v2\/pages\/11980\/revisions"}],"predecessor-version":[{"id":12588,"href":"https:\/\/festival.hfd.digital\/de\/wp-json\/wp\/v2\/pages\/11980\/revisions\/12588"}],"wp:featuredmedia":[{"embeddable":true,"href":"https:\/\/festival.hfd.digital\/de\/wp-json\/wp\/v2\/media\/12262"}],"wp:attachment":[{"href":"https:\/\/festival.hfd.digital\/de\/wp-json\/wp\/v2\/media?parent=11980"}],"curies":[{"name":"wp","href":"https:\/\/api.w.org\/{rel}","templated":true}]}}