{"id":11976,"date":"2025-11-20T16:46:42","date_gmt":"2025-11-20T15:46:42","guid":{"rendered":"https:\/\/festival.hfd.digital\/de\/?page_id=11976"},"modified":"2026-02-17T11:10:41","modified_gmt":"2026-02-17T10:10:41","slug":"call-for-arts-experience-2026","status":"publish","type":"page","link":"https:\/\/festival.hfd.digital\/de\/call-for-arts-experience-2026\/","title":{"rendered":"Call for Arts &amp; Experience- Der Call f\u00fcr Ideen zum Anfassen 2026"},"content":{"rendered":"\n<p><strong>Der Call ist geschlossen. Vielen Dank f\u00fcr Ihre Einreichungen!<\/strong><\/p>\n\n\n\n<p><strong>Der Call for Participation des University:Future Festivals 2026 &#8211; Under Pressure lief vom 01. Dezember 2025 bis zum 16. Februar 2026. Gesucht waren kreative Einreichungen aller Art. <\/strong><\/p>\n\n\n\n<p><strong>Hier finden Sie nochmal unsere Ausschreibung:<\/strong><\/p>\n\n\n\n<p>Wie klingt Zukunft? Wie f\u00fchlt sie sich an? Welche Farben, Formen und Bewegungen sehen wir, wenn wir ge\u00fcbte Praktiken in der Bildung hinterfragen?<\/p>\n\n\n\n<p>Auch 2026 wollen wir Zukunft beim <strong>University:Future Festival &#8211;\u00a0Under Pressure<\/strong> nicht nur diskutieren, sondern sp\u00fcrbar machen. Daf\u00fcr \u00f6ffnen wir den Experience:Space in\u00a0Berlin und an den anderen Standorten: ein Ort voller \u00dcberraschungen, an dem sich Visionen jenseits klassischer B\u00fchnen- und Workshop-Formate entfalten.<\/p>\n\n\n\n<h2 class=\"wp-block-heading\"><strong>Das Motto: <em>Under Pressure<\/em><\/strong><\/h2>\n\n\n\n<p><em>Under Pressure<\/em> beschreibt die heutige Realit\u00e4t der Hochschulen: finanzieller Druck, technologische Transformation, gesellschaftliche Spaltung und demographischer Wandel sind nur einige der Herausforderungen, mit denen sie konfrontiert sind. Wir blenden diese Probleme nicht aus, sondern stellen sie ins Zentrum der Diskussion, um gemeinsam nach L\u00f6sungen zu suchen.<\/p>\n\n\n\n<p>Denn Druck kann auch Treibstoff sein: Er formt, beschleunigt und bringt Neues hervor. Druck testet, welche Ideen und Strukturen zukunftsf\u00e4hig sind und welche neu gedacht werden m\u00fcssen. Unter Druck wird sichtbar, was Hochschulen resilient macht &#8211; und das m\u00f6chten wir auf dem U:FF sichtbar machen.<\/p>\n\n\n\n<h2 class=\"wp-block-heading\"><strong>Was wir suchen<\/strong><\/h2>\n\n\n\n<p>Wir suchen innovative, \u00fcberraschende und kreative Beitr\u00e4ge zum Anfassen und Ausprobieren, die unsere Besucher:innen zum Lachen und Staunen bringen und die digitale Transformation der Hochschulbildung erlebbar machen. Ob Roboter, tanzende Gem\u00e4lde, Hololenses, kreatives Brainstorming oder sprechende Teppiche \u2013 wir sind gespannt, wie Sie die Zukunft greifbar machen!<\/p>\n\n\n\n<div class=\"wp-block-columns is-layout-flex wp-container-core-columns-is-layout-9d6595d7 wp-block-columns-is-layout-flex\">\n<div class=\"wp-block-column is-layout-flow wp-block-column-is-layout-flow\">\n<figure class=\"wp-block-image size-large\"><img loading=\"lazy\" decoding=\"async\" width=\"700\" height=\"467\" src=\"https:\/\/festival.hfd.digital\/de\/wp-content\/uploads\/sites\/3\/2025\/12\/54534089492_bd4272dbc0_o-700x467.jpg\" alt=\"\" class=\"wp-image-12383\" srcset=\"https:\/\/festival.hfd.digital\/de\/wp-content\/uploads\/sites\/3\/2025\/12\/54534089492_bd4272dbc0_o-700x467.jpg 700w, https:\/\/festival.hfd.digital\/de\/wp-content\/uploads\/sites\/3\/2025\/12\/54534089492_bd4272dbc0_o-250x167.jpg 250w, https:\/\/festival.hfd.digital\/de\/wp-content\/uploads\/sites\/3\/2025\/12\/54534089492_bd4272dbc0_o-768x512.jpg 768w, https:\/\/festival.hfd.digital\/de\/wp-content\/uploads\/sites\/3\/2025\/12\/54534089492_bd4272dbc0_o-1536x1024.jpg 1536w, https:\/\/festival.hfd.digital\/de\/wp-content\/uploads\/sites\/3\/2025\/12\/54534089492_bd4272dbc0_o-120x80.jpg 120w\" sizes=\"auto, (max-width: 700px) 100vw, 700px\" \/><\/figure>\n<\/div>\n\n\n\n<div class=\"wp-block-column is-layout-flow wp-block-column-is-layout-flow\">\n<figure class=\"wp-block-image size-full\"><img loading=\"lazy\" decoding=\"async\" width=\"8192\" height=\"5464\" src=\"https:\/\/festival.hfd.digital\/de\/wp-content\/uploads\/sites\/3\/2025\/12\/54535158149_f0408cf4d5_o-1-1.jpg\" alt=\"\" class=\"wp-image-12396\" srcset=\"https:\/\/festival.hfd.digital\/de\/wp-content\/uploads\/sites\/3\/2025\/12\/54535158149_f0408cf4d5_o-1-1.jpg 8192w, https:\/\/festival.hfd.digital\/de\/wp-content\/uploads\/sites\/3\/2025\/12\/54535158149_f0408cf4d5_o-1-1-250x167.jpg 250w, https:\/\/festival.hfd.digital\/de\/wp-content\/uploads\/sites\/3\/2025\/12\/54535158149_f0408cf4d5_o-1-1-768x512.jpg 768w, https:\/\/festival.hfd.digital\/de\/wp-content\/uploads\/sites\/3\/2025\/12\/54535158149_f0408cf4d5_o-1-1-1536x1025.jpg 1536w\" sizes=\"auto, (max-width: 8192px) 100vw, 8192px\" \/><\/figure>\n<\/div>\n<\/div>\n\n\n\n<h2 class=\"wp-block-heading\"><strong>Wen wir suchen<\/strong> <strong>\u2013 Zielgruppen des Calls<\/strong><\/h2>\n\n\n\n<p>Wir suchen alle, die Lust haben, Inspiration zum Anfassen zu bieten: Von der Robotik-Ingenieurin bis zum VR-Weltenbauer, von der bildenden K\u00fcnstlerin bis zum Aktivisten, von forschenden K\u00f6pfen bis zu Studierenden mit einer verr\u00fcckten Idee.<\/p>\n\n\n\n<h2 class=\"wp-block-heading\" id=\"Umsetzung\"><strong>Umsetzung<\/strong><\/h2>\n\n\n\n<p>Alle ausgew\u00e4hlten Beitr\u00e4ge werden vor Ort im Experience:Space umgesetzt. Platz, Strom und Internet stellen wir \u2013 Sie bringen die Idee. Alles ist denkbar, solange es zum Festival und dem diesj\u00e4hrigen Motto passt und technisch sowie logistisch umsetzbar ist. Bei Fragen stehen wir jederzeit zur Verf\u00fcgung.<\/p>\n\n\n\n<h2 class=\"wp-block-heading\" id=\"Ablauf\"><strong>Ablauf des Calls<\/strong><\/h2>\n\n\n\n<p>Der Call for Arts &amp; Experience des University:Future Festivals 2026<strong> lief bis zum 16. Februar 2026.<\/strong><br>Im Anschluss pr\u00fcft das Organisationsteam die Einreichungen auf Machbarkeit.<br>Bis Mitte M\u00e4rz 2026 erfahren Sie, ob Ihr Beitrag dabei ist.<\/p>\n\n\n\n<div class=\"wp-block-columns is-layout-flex wp-container-core-columns-is-layout-9d6595d7 wp-block-columns-is-layout-flex\">\n<div class=\"wp-block-column is-layout-flow wp-block-column-is-layout-flow\">\n<figure class=\"wp-block-image size-large\"><img loading=\"lazy\" decoding=\"async\" width=\"8192\" height=\"5464\" src=\"https:\/\/festival.hfd.digital\/de\/wp-content\/uploads\/sites\/3\/2025\/12\/54535155524_cb050b8a67_o.jpg\" alt=\"\" class=\"wp-image-12391\" srcset=\"https:\/\/festival.hfd.digital\/de\/wp-content\/uploads\/sites\/3\/2025\/12\/54535155524_cb050b8a67_o.jpg 8192w, https:\/\/festival.hfd.digital\/de\/wp-content\/uploads\/sites\/3\/2025\/12\/54535155524_cb050b8a67_o-250x167.jpg 250w, https:\/\/festival.hfd.digital\/de\/wp-content\/uploads\/sites\/3\/2025\/12\/54535155524_cb050b8a67_o-768x512.jpg 768w, https:\/\/festival.hfd.digital\/de\/wp-content\/uploads\/sites\/3\/2025\/12\/54535155524_cb050b8a67_o-1536x1025.jpg 1536w\" sizes=\"auto, (max-width: 8192px) 100vw, 8192px\" \/><\/figure>\n<\/div>\n\n\n\n<div class=\"wp-block-column is-layout-flow wp-block-column-is-layout-flow\">\n<figure class=\"wp-block-image size-large\"><img loading=\"lazy\" decoding=\"async\" width=\"8192\" height=\"5464\" src=\"https:\/\/festival.hfd.digital\/de\/wp-content\/uploads\/sites\/3\/2025\/12\/54532415839_04e4058278_o-3.jpg\" alt=\"\" class=\"wp-image-12393\" srcset=\"https:\/\/festival.hfd.digital\/de\/wp-content\/uploads\/sites\/3\/2025\/12\/54532415839_04e4058278_o-3.jpg 8192w, https:\/\/festival.hfd.digital\/de\/wp-content\/uploads\/sites\/3\/2025\/12\/54532415839_04e4058278_o-3-250x167.jpg 250w, https:\/\/festival.hfd.digital\/de\/wp-content\/uploads\/sites\/3\/2025\/12\/54532415839_04e4058278_o-3-768x512.jpg 768w, https:\/\/festival.hfd.digital\/de\/wp-content\/uploads\/sites\/3\/2025\/12\/54532415839_04e4058278_o-3-1536x1025.jpg 1536w\" sizes=\"auto, (max-width: 8192px) 100vw, 8192px\" \/><\/figure>\n<\/div>\n<\/div>\n\n\n\n<p><strong>Bei weiteren R\u00fcckfragen wenden Sie sich bitte an:<\/strong><\/p>\n\n\n\n<p><strong>Johanna Leifeld<br><\/strong><a href=\"mailto:Johanna.Leifeld@CHE.de\">Johanna.Leifeld@CHE.de<\/a><br>+ 49 5241 9761-44<\/p>\n\n\n\n<p><strong>Henrike Menze<br><\/strong><a href=\"mailto:menze@hochschulforum.org\">menze@hochschulforum.org<\/a><br>+ 49 173 2534701<\/p>\n","protected":false},"excerpt":{"rendered":"Der Call ist geschlossen. Vielen Dank f\u00fcr Ihre Einreichungen! Der Call for Participation des University:Future Festivals 2026 &#8211; Under Pressure lief vom 01. Dezember 2025 bis zum 16. Februar 2026. Gesucht waren kreative Einreichungen aller Art. Hier finden Sie nochmal unsere Ausschreibung: Wie klingt Zukunft? Wie f\u00fchlt sie sich an? Welche Farben, Formen und Bewegungen&#8230; <a class=\"view-article\" href=\"https:\/\/festival.hfd.digital\/de\/call-for-arts-experience-2026\/\">View Article<\/a>","protected":false},"author":24,"featured_media":12262,"parent":0,"menu_order":0,"comment_status":"closed","ping_status":"closed","template":"","meta":{"_acf_changed":false,"inline_featured_image":false,"footnotes":""},"class_list":["post-11976","page","type-page","status-publish","has-post-thumbnail","hentry"],"acf":[],"yoast_head":"<!-- This site is optimized with the Yoast SEO plugin v27.3 - https:\/\/yoast.com\/product\/yoast-seo-wordpress\/ -->\n<title>Call for Arts &amp; Experience- Der Call f\u00fcr Ideen zum Anfassen 2026 - University:Future Festival 2026<\/title>\n<meta name=\"description\" content=\"Der Call for Arts &amp; Experience f\u00fcr das U:FF 2026 ist ge\u00f6ffnet! Roboter, tanzende Gem\u00e4lde oder sprechende Teppiche - wir sind gespannt auf Ihre Werke und Ideen!\" \/>\n<meta name=\"robots\" content=\"index, follow, max-snippet:-1, max-image-preview:large, max-video-preview:-1\" \/>\n<link rel=\"canonical\" href=\"https:\/\/festival.hfd.digital\/de\/call-for-arts-experience-2026\/\" \/>\n<meta property=\"og:locale\" content=\"de_DE\" \/>\n<meta property=\"og:type\" content=\"article\" \/>\n<meta property=\"og:title\" content=\"call-for-arts-experience-2026\" \/>\n<meta property=\"og:description\" content=\"Der Call for Arts &amp; Experience f\u00fcr das U:FF 2026 ist ge\u00f6ffnet! Roboter, tanzende Gem\u00e4lde oder sprechende Teppiche - wir sind gespannt auf Ihre Werke und Ideen!\" \/>\n<meta property=\"og:url\" content=\"https:\/\/festival.hfd.digital\/de\/call-for-arts-experience-2026\/\" \/>\n<meta property=\"og:site_name\" content=\"University:Future Festival 2026\" \/>\n<meta property=\"article:modified_time\" content=\"2026-02-17T10:10:41+00:00\" \/>\n<meta property=\"og:image\" content=\"https:\/\/festival.hfd.digital\/de\/wp-content\/uploads\/sites\/3\/2025\/11\/Sharepics-UFF-2026_169.png\" \/>\n\t<meta property=\"og:image:width\" content=\"1920\" \/>\n\t<meta property=\"og:image:height\" content=\"1080\" \/>\n\t<meta property=\"og:image:type\" content=\"image\/png\" \/>\n<meta name=\"twitter:card\" content=\"summary_large_image\" \/>\n<meta name=\"twitter:label1\" content=\"Gesch\u00e4tzte Lesezeit\" \/>\n\t<meta name=\"twitter:data1\" content=\"4\u00a0Minuten\" \/>\n<script type=\"application\/ld+json\" class=\"yoast-schema-graph\">{\"@context\":\"https:\\\/\\\/schema.org\",\"@graph\":[{\"@type\":\"WebPage\",\"@id\":\"https:\\\/\\\/festival.hfd.digital\\\/de\\\/call-for-arts-experience-2026\\\/\",\"url\":\"https:\\\/\\\/festival.hfd.digital\\\/de\\\/call-for-arts-experience-2026\\\/\",\"name\":\"Call for Arts &amp; Experience- Der Call f\u00fcr Ideen zum Anfassen 2026 - University:Future Festival 2026\",\"isPartOf\":{\"@id\":\"https:\\\/\\\/festival.hfd.digital\\\/de\\\/#website\"},\"primaryImageOfPage\":{\"@id\":\"https:\\\/\\\/festival.hfd.digital\\\/de\\\/call-for-arts-experience-2026\\\/#primaryimage\"},\"image\":{\"@id\":\"https:\\\/\\\/festival.hfd.digital\\\/de\\\/call-for-arts-experience-2026\\\/#primaryimage\"},\"thumbnailUrl\":\"https:\\\/\\\/festival.hfd.digital\\\/de\\\/wp-content\\\/uploads\\\/sites\\\/3\\\/2025\\\/11\\\/Sharepics-UFF-2026_169.png\",\"datePublished\":\"2025-11-20T15:46:42+00:00\",\"dateModified\":\"2026-02-17T10:10:41+00:00\",\"description\":\"Der Call for Arts & Experience f\u00fcr das U:FF 2026 ist ge\u00f6ffnet! Roboter, tanzende Gem\u00e4lde oder sprechende Teppiche - wir sind gespannt auf Ihre Werke und Ideen!\",\"inLanguage\":\"de\",\"potentialAction\":[{\"@type\":\"ReadAction\",\"target\":[\"https:\\\/\\\/festival.hfd.digital\\\/de\\\/call-for-arts-experience-2026\\\/\"]}]},{\"@type\":\"ImageObject\",\"inLanguage\":\"de\",\"@id\":\"https:\\\/\\\/festival.hfd.digital\\\/de\\\/call-for-arts-experience-2026\\\/#primaryimage\",\"url\":\"https:\\\/\\\/festival.hfd.digital\\\/de\\\/wp-content\\\/uploads\\\/sites\\\/3\\\/2025\\\/11\\\/Sharepics-UFF-2026_169.png\",\"contentUrl\":\"https:\\\/\\\/festival.hfd.digital\\\/de\\\/wp-content\\\/uploads\\\/sites\\\/3\\\/2025\\\/11\\\/Sharepics-UFF-2026_169.png\",\"width\":1920,\"height\":1080,\"caption\":\"Sharepics UFF 2026\"},{\"@type\":\"WebSite\",\"@id\":\"https:\\\/\\\/festival.hfd.digital\\\/de\\\/#website\",\"url\":\"https:\\\/\\\/festival.hfd.digital\\\/de\\\/\",\"name\":\"University:Future Festival 2026\",\"description\":\"Das j\u00e4hrliche Festival zur Zukunft der Hochschulbildung.\",\"potentialAction\":[{\"@type\":\"SearchAction\",\"target\":{\"@type\":\"EntryPoint\",\"urlTemplate\":\"https:\\\/\\\/festival.hfd.digital\\\/de\\\/?s={search_term_string}\"},\"query-input\":{\"@type\":\"PropertyValueSpecification\",\"valueRequired\":true,\"valueName\":\"search_term_string\"}}],\"inLanguage\":\"de\"}]}<\/script>\n<!-- \/ Yoast SEO plugin. -->","yoast_head_json":{"title":"Call for Arts &amp; Experience- Der Call f\u00fcr Ideen zum Anfassen 2026 - University:Future Festival 2026","description":"Der Call for Arts & Experience f\u00fcr das U:FF 2026 ist ge\u00f6ffnet! Roboter, tanzende Gem\u00e4lde oder sprechende Teppiche - wir sind gespannt auf Ihre Werke und Ideen!","robots":{"index":"index","follow":"follow","max-snippet":"max-snippet:-1","max-image-preview":"max-image-preview:large","max-video-preview":"max-video-preview:-1"},"canonical":"https:\/\/festival.hfd.digital\/de\/call-for-arts-experience-2026\/","og_locale":"de_DE","og_type":"article","og_title":"call-for-arts-experience-2026","og_description":"Der Call for Arts & Experience f\u00fcr das U:FF 2026 ist ge\u00f6ffnet! Roboter, tanzende Gem\u00e4lde oder sprechende Teppiche - wir sind gespannt auf Ihre Werke und Ideen!","og_url":"https:\/\/festival.hfd.digital\/de\/call-for-arts-experience-2026\/","og_site_name":"University:Future Festival 2026","article_modified_time":"2026-02-17T10:10:41+00:00","og_image":[{"width":1920,"height":1080,"url":"https:\/\/festival.hfd.digital\/de\/wp-content\/uploads\/sites\/3\/2025\/11\/Sharepics-UFF-2026_169.png","type":"image\/png"}],"twitter_card":"summary_large_image","twitter_misc":{"Gesch\u00e4tzte Lesezeit":"4\u00a0Minuten"},"schema":{"@context":"https:\/\/schema.org","@graph":[{"@type":"WebPage","@id":"https:\/\/festival.hfd.digital\/de\/call-for-arts-experience-2026\/","url":"https:\/\/festival.hfd.digital\/de\/call-for-arts-experience-2026\/","name":"Call for Arts &amp; Experience- Der Call f\u00fcr Ideen zum Anfassen 2026 - University:Future Festival 2026","isPartOf":{"@id":"https:\/\/festival.hfd.digital\/de\/#website"},"primaryImageOfPage":{"@id":"https:\/\/festival.hfd.digital\/de\/call-for-arts-experience-2026\/#primaryimage"},"image":{"@id":"https:\/\/festival.hfd.digital\/de\/call-for-arts-experience-2026\/#primaryimage"},"thumbnailUrl":"https:\/\/festival.hfd.digital\/de\/wp-content\/uploads\/sites\/3\/2025\/11\/Sharepics-UFF-2026_169.png","datePublished":"2025-11-20T15:46:42+00:00","dateModified":"2026-02-17T10:10:41+00:00","description":"Der Call for Arts & Experience f\u00fcr das U:FF 2026 ist ge\u00f6ffnet! Roboter, tanzende Gem\u00e4lde oder sprechende Teppiche - wir sind gespannt auf Ihre Werke und Ideen!","inLanguage":"de","potentialAction":[{"@type":"ReadAction","target":["https:\/\/festival.hfd.digital\/de\/call-for-arts-experience-2026\/"]}]},{"@type":"ImageObject","inLanguage":"de","@id":"https:\/\/festival.hfd.digital\/de\/call-for-arts-experience-2026\/#primaryimage","url":"https:\/\/festival.hfd.digital\/de\/wp-content\/uploads\/sites\/3\/2025\/11\/Sharepics-UFF-2026_169.png","contentUrl":"https:\/\/festival.hfd.digital\/de\/wp-content\/uploads\/sites\/3\/2025\/11\/Sharepics-UFF-2026_169.png","width":1920,"height":1080,"caption":"Sharepics UFF 2026"},{"@type":"WebSite","@id":"https:\/\/festival.hfd.digital\/de\/#website","url":"https:\/\/festival.hfd.digital\/de\/","name":"University:Future Festival 2026","description":"Das j\u00e4hrliche Festival zur Zukunft der Hochschulbildung.","potentialAction":[{"@type":"SearchAction","target":{"@type":"EntryPoint","urlTemplate":"https:\/\/festival.hfd.digital\/de\/?s={search_term_string}"},"query-input":{"@type":"PropertyValueSpecification","valueRequired":true,"valueName":"search_term_string"}}],"inLanguage":"de"}]}},"_links":{"self":[{"href":"https:\/\/festival.hfd.digital\/de\/wp-json\/wp\/v2\/pages\/11976","targetHints":{"allow":["GET"]}}],"collection":[{"href":"https:\/\/festival.hfd.digital\/de\/wp-json\/wp\/v2\/pages"}],"about":[{"href":"https:\/\/festival.hfd.digital\/de\/wp-json\/wp\/v2\/types\/page"}],"author":[{"embeddable":true,"href":"https:\/\/festival.hfd.digital\/de\/wp-json\/wp\/v2\/users\/24"}],"replies":[{"embeddable":true,"href":"https:\/\/festival.hfd.digital\/de\/wp-json\/wp\/v2\/comments?post=11976"}],"version-history":[{"count":22,"href":"https:\/\/festival.hfd.digital\/de\/wp-json\/wp\/v2\/pages\/11976\/revisions"}],"predecessor-version":[{"id":12585,"href":"https:\/\/festival.hfd.digital\/de\/wp-json\/wp\/v2\/pages\/11976\/revisions\/12585"}],"wp:featuredmedia":[{"embeddable":true,"href":"https:\/\/festival.hfd.digital\/de\/wp-json\/wp\/v2\/media\/12262"}],"wp:attachment":[{"href":"https:\/\/festival.hfd.digital\/de\/wp-json\/wp\/v2\/media?parent=11976"}],"curies":[{"name":"wp","href":"https:\/\/api.w.org\/{rel}","templated":true}]}}