{"id":11958,"date":"2025-11-20T16:46:37","date_gmt":"2025-11-20T15:46:37","guid":{"rendered":"https:\/\/festival.hfd.digital\/de\/?page_id=11958"},"modified":"2026-04-08T14:50:38","modified_gmt":"2026-04-08T13:50:38","slug":"call-for-participation-2026","status":"publish","type":"page","link":"https:\/\/festival.hfd.digital\/de\/call-for-participation-2026\/","title":{"rendered":"Call for Participation 2026"},"content":{"rendered":"\n<p><strong>Der Call ist geschlossen. Vielen Dank f\u00fcr Ihre Einreichungen!<\/strong><\/p>\n\n\n\n<p><strong>Der Call for Participation des <\/strong><em><strong>University:Future Festivals 2026 &#8211; Under Pressure<\/strong><\/em><strong><em>&nbsp;<\/em>lief vom 01. Dezember bis zum 16. Februar 2026. Wir suchten Talks, Workshops, Diskussionen, Mikrofortbildungen, Labs und andere Formate. Dabei geht es stets um (digitale) Innovationen in der akademischen Bildung und dar\u00fcber hinaus. <\/strong><\/p>\n\n\n\n<p><strong>Hier finden Sie nochmal unsere Ausschreibung:<\/strong><\/p>\n\n\n\n<p>Das Programm des University:Future Festivals lebt von Ihren Einreichungen. Gestalten Sie das Festival durch Ihre Ideen mit! Was wir suchen: Alles von der vision\u00e4ren und \u00fcberraschenden Erkenntnis, \u00fcber konkrete lehrreiche Problembeschreibungen bis hin zu spannenden L\u00f6sungsans\u00e4tzen und Herangehensweisen.<\/p>\n\n\n\n<p>Bitte beachten Sie: Der Call for Participation ist f\u00fcr alle Beitr\u00e4ge gedacht, die in ein zeitliches Programmraster passen. Bitte schauen Sie auch auf unsere <a href=\"https:\/\/festival.hfd.digital\/de\/calls-2026\/\">anderen Calls<\/a>.<\/p>\n\n\n\n<h1 class=\"wp-block-heading\">Das Motto: <em>Under Pressure<\/em><\/h1>\n\n\n\n<p><em>Under Pressure<\/em> beschreibt die heutige Realit\u00e4t der Hochschulen: finanzieller Druck, technologische Transformation, gesellschaftliche Spaltung und demographischer Wandel sind nur einige der Herausforderungen, mit denen sie konfrontiert sind. Wir blenden diese Probleme nicht aus, sondern stellen sie ins Zentrum der Diskussion, um gemeinsam nach L\u00f6sungen zu suchen.<\/p>\n\n\n\n<p>Denn Druck kann auch Treibstoff sein: Er formt, beschleunigt und bringt Neues hervor. Druck testet, welche Ideen und Strukturen zukunftsf\u00e4hig sind und welche neu gedacht werden m\u00fcssen. In Drucksituationen wird sichtbar, was Hochschulen resilient macht &#8211; und das m\u00f6chten wir auf dem U:FF sichtbar machen.<\/p>\n\n\n\n<div class=\"wp-block-group\"><div class=\"wp-block-group__inner-container is-layout-constrained wp-block-group-is-layout-constrained\">\n<h1 class=\"wp-block-heading\">Tracks<\/h1>\n\n\n\n<p>Das Programm des University:Future Festivals ist in sieben Tracks gegliedert. Die Tracks spiegeln die Themen wider, die unsere Communities bewegen. Sie basieren auf den Ergebnissen einer Community-Umfrage, Erfahrungen aus vergangenen Veranstaltungen sowie strategischer Setzung. <a href=\"https:\/\/festival.hfd.digital\/de\/tracks-2026\/\">Sie finden einen \u00dcberblick \u00fcber alle Tracks hier.<\/a><\/p>\n<\/div><\/div>\n\n\n\n<h1 class=\"wp-block-heading\" id=\"Zielgruppe\">\u00dcber den Call<\/h1>\n\n\n\n<h2 class=\"wp-block-heading\"><strong>Wen wir suchen: Zielgruppen des Calls<\/strong><\/h2>\n\n\n\n<p>Jede:r kann am Call for Participation des University:Future Festivals 2026 teilnehmen \u2013 denn Hochschulbildung geht uns alle an. Wir sind sehr daran interessiert, innovative Ideen und Good-Practice-Beispiele aus der ganzen Welt ins Festivalprogramm zu bringen. Insbesondere sprechen wir an:<\/p>\n\n\n\n<p><strong>Hochschulangeh\u00f6rige:<\/strong> Die Hauptzielgruppe des Festivals sind Personen, die an Hochschulen t\u00e4tig sind \u2013 als Lehrende, als Didaktiker:innen, als Leitungspersonen oder als Mitarbeitende in der Verwaltung. Darunter fallen nat\u00fcrlich auch Mitarbeitende von Supporteinrichtungen wie IT, Datenschutz oder Rechtsabteilungen. Repr\u00e4sentant:innen privater Bildungseinrichtungen sind genauso zur Teilnahme aufgerufen wie Personen aus \u00f6ffentlich-rechtlichen Hochschulen.&nbsp;<\/p>\n\n\n\n<p><strong>Studierende: <\/strong>Die Stimme von Studierenden zu verst\u00e4rken, ist dem U:FF ein besonderes Anliegen. Wir laden studentische Organisationen und Individuen ein, ihre Ideen, Perspektiven, Meinungen und Forderungen auf dem Festival zu pr\u00e4sentieren.<\/p>\n\n\n\n<p><strong>Zivilgesellschaft:<\/strong> Perspektiven auf akademische Bildung sind aus vielen gesellschaftlichen Sektoren relevant. Wir suchen Menschen aus allen Bereichen, die zur Zukunft der (digitalen) Hochschulbildung etwas zu sagen haben.<\/p>\n\n\n\n<p><strong>Unternehmen:<\/strong> EdTechs und andere Unternehmen bieten innovative L\u00f6sungen, haben Bildungsbedarfe f\u00fcr Ihre Mitarbeitenden und sind wichtige Kooperationspartner f\u00fcr Hochschulen in Studium und Weiterbildung. Sie bieten f\u00fcr viele Herausforderungen innovative L\u00f6sungen. Bitte beachten Sie, dass reine Produkt-Pitches nicht Teil des Programms werden k\u00f6nnen.<\/p>\n\n\n\n<h2 class=\"wp-block-heading\" id=\"Formate\">Formate: Was wir suchen<\/h2>\n\n\n\n<p>Sie k\u00f6nnen im Rahmen des Calls for Participation zum University:Future Festival 2026 eine Reihe an Formaten einreichen. Bitte beachten Sie dabei, dass am letzten Veranstaltungstag ausschlie\u00dflich digitale Formate angeboten werden.<\/p>\n\n\n\n<figure class=\"wp-block-table\"><table class=\"has-fixed-layout\"><tbody><tr><td><strong>Format<\/strong><\/td><td><strong>Beschreibung<\/strong><\/td><td><strong>Dauer<\/strong><\/td><td><strong>Ort<\/strong><\/td><\/tr><tr><td>Inputs<\/td><td>Inputs zu einem Thema durch eine oder mehrere Personen. Der Fokus sollte dabei auf anwendbarem Wissen liegen. Die Form kann variieren, am verbreitetsten ist der Vortrag (ca. 20 Minuten) mit anschlie\u00dfender Diskussion.&nbsp;<br>Es sollen maximal zwei Personen Inputgebende sein, eine gr\u00f6\u00dfere Zahl ist inhaltlich zu begr\u00fcnden.&nbsp;<\/td><td>30 Minuten<\/td><td>Digital, einzelne Einreichungen werden auf Pr\u00e4senz-B\u00fchnen geladen<\/td><\/tr><tr><td>Lightning Talks<\/td><td>Kurz-Inputs durch maximal zwei Personen.<\/td><td>5 Minuten<\/td><td>Digital<\/td><\/tr><tr><td>Diskussionen<\/td><td>Eine dynamische und diverse Diskussion durch mehrere Personen. Die geplanten Mitdiskutant:innen m\u00fcssen in der Einreichung genannt werden.&nbsp;<br>Pro Diskutant:in sollten durchschnittlich mindestens 10 Minuten Redezeit eingeplant werden, d.h. bei einer 30 min\u00fctigen Diskussion: max. drei Diskutant:innen, bei 60 Minuten vier bis f\u00fcnf.&nbsp;<\/td><td>30 o. 60 Minuten<\/td><td>Digital, einzelne Einreichungen werden auf B\u00fchnen geladen<\/td><\/tr><tr><td>Workshops<\/td><td>Interaktive Formate mit begrenzten Teilnehmendenzahlen (standardm\u00e4\u00dfig maximal 50 Personen). Eine aktive Arbeit mit den Teilnehmenden wird vorausgesetzt.<\/td><td>60 o. 120 Minuten<\/td><td>Digital, einzelne Workshop werden eingeladen, um in Pr\u00e4senz stattzufinden<\/td><\/tr><tr><td>Trainings<\/td><td>Kurze Lerneinheiten. Hier ist die Teilnehmendenzahl unbegrenzt. Eine aktive Arbeit mit Teilnehmenden ist optional und abh\u00e4ngig vom Lernziel.<\/td><td>60 o. 120 Minuten<\/td><td>Digital, einzelne Trainings rein in Pr\u00e4senz<\/td><\/tr><tr><td>Labs<\/td><td>Das \u201eLab\u201c ist ein Mitmach\u2011Format: Session-Gebende bringen eine Idee, ein Problem oder einen Prototyp mit und entwickelt ihn gemeinsam mit dem Publikum weiter. Ein Lab ist immer interaktiv und endet mit einem konkreten Ergebnis (z.B. einem Artefakt oder einem Kurz-Paper). Bei der Einreichung sind daher Ziel, das Modus der Teilnehmendenbeteiligung sowie der angestrebte Output zu benennen.<\/td><td>90 oder 120 Minuten<\/td><td>Vor Ort oder digital<\/td><\/tr><\/tbody><\/table><\/figure>\n\n\n\n<h2 class=\"wp-block-heading\" id=\"Formate\"><strong>Orte: Wo Sie pr\u00e4sentieren k\u00f6nnen<\/strong><\/h2>\n\n\n\n<p>Das University:Future Festival ist eine hybride Digital-First-Veranstaltung mit voraussichtlich f\u00fcnf B\u00fchnen in Deutschland und \u00d6sterreich. Anders gesagt: <strong>Unser Format ist ungew\u00f6hnlich<\/strong>.<\/p>\n\n\n\n<p>Wir bitten Sie daher um eine Info, von wo aus Sie pr\u00e4sentieren k\u00f6nnen und wollen:<\/p>\n\n\n\n<ul class=\"wp-block-list\">\n<li>Der <strong>Standard ist die Pr\u00e4sentation aus dem digitalen Raum<\/strong>.<\/li>\n\n\n\n<li>Es ist m\u00f6glich, dass wir Sie zu einer <strong>Pr\u00e4sentation an einer unserer physischen B\u00fchnen einladen<\/strong>. In dem Fall pr\u00e4sentieren Sie vor Ort und werden auf die digitale Plattform gestreamt. Deshalb fragen wir Ihre prinzipielle Bereitschaft zur Anreise ab.<\/li>\n<\/ul>\n\n\n\n<p>Bitte beachten Sie: Wenn wir Sie mit einem Input auf eine unserer B\u00fchnen einladen, begrenzen wir die Anzahl an Personen aus Kostengr\u00fcnden im Regelfall auf zwei.<\/p>\n\n\n\n<h2 class=\"wp-block-heading\" id=\"Inhalte\">Inhalte: Was wir suchen<\/h2>\n\n\n\n<p><strong>Eine gute Einreichung macht Folgendes aus:<\/strong><\/p>\n\n\n\n<ul class=\"wp-block-list\">\n<li>L\u00f6sungsans\u00e4tze, Relevanz, Haltung, Aktualit\u00e4t, konstruktive Kritik: Wir wollen verschiedene Blickwinkel beleuchten. Wir begr\u00fc\u00dfen eine breite Palette an Themen und Perspektiven.<\/li>\n\n\n\n<li>Unterhaltsames: Wir suchen gute Inhalte &#8211; und m\u00f6chten diese auch gut aufbereitet sehen.<\/li>\n\n\n\n<li>Referenz zu Motto und Tracks: Stellen Sie in Titel und Beschreibung eine Verbindung zum Festivalmotto sowie zum jeweiligen Track her.<\/li>\n\n\n\n<li>Vielfalt: Eine ausgewogene Geschlechterbalance, Sichtbarkeit von People of Colour sowie Menschen, die sich nicht dem traditionellen bin\u00e4ren Geschlechterverst\u00e4ndnis zugeh\u00f6rig f\u00fchlen, sind uns ein besonderes Anliegen.<\/li>\n\n\n\n<li>Keine Verkaufspr\u00e4sentationen. Reine Produkt-Marketing-Pitches und offensichtliche Werbung werden nicht ber\u00fccksichtigt.<\/li>\n<\/ul>\n\n\n\n<h2 class=\"wp-block-heading\"><strong>Sondercluster<\/strong><\/h2>\n\n\n\n<p>Quer zur Track-Logik k\u00f6nnen sich Einreichende f\u00fcr ein Sondercluster bewerben. In der Programm\u00fcbersicht werden die erfolgreichen Einreichungen entsprechend markiert. F\u00fcr eine erfolgreiche Einreichung ist es <em>nicht<\/em> relevant, sich f\u00fcr ein Sondercluster zu bewerben. Es handelt sich lediglich um eine zweite M\u00f6glichkeit zur Orientierung im Programm. Folgende Sondercluster stehen zur Auswahl:<\/p>\n\n\n\n<p><strong>\ud83d\udea8Fringe<\/strong>: Unerwartete Verbindungen, kontraintuitive Thesen oder radikale Format\u2011Experimente. Kriterien: Mindestens eines von folgenden Dingen muss erf\u00fcllt sein: (a) ungewohnte Kombinationen (z.B. \u201cGame-Design trifft Pr\u00fcfungsrecht\u201d), (b) neues Format, (c) Gegen\u2011Narrativ, (d) spielerisches Experiment mit Lernziel.<\/p>\n\n\n\n<p><strong><strong>\ud83d\udd04<\/strong>Fail &amp; Learn:<\/strong> Gescheiterte Projekte, aus denen sich Do\u2019s und Don\u2019ts ableiten lassen.<\/p>\n\n\n\n<p><strong>\ud83c\udf0dGlobal Perspectives:<\/strong> Ideen, Perspektiven und Erkenntnisse aus dem Ausland, die f\u00fcr die DACH-Region wertvoll sind. Kriterium: Transfergedanke wird klar dargelegt.<\/p>\n\n\n\n<p><strong>\ud83d\udcdaStudent Voices<\/strong>: Beitr\u00e4ge von Studierenden. Kriterium: Die Beitr\u00e4ge m\u00fcssen ma\u00dfgeblich von Studierenden eingereicht sein<\/p>\n\n\n\n<p><strong>\ud83c\udf31\u00d6kologische Nachhaltigkeit:<\/strong> Beitr\u00e4ge mit einem \u00f6kologischen Ansatz. Kriterium: Die Beitr\u00e4ge m\u00fcssen ein besonderen Fokus auf das Thema Nachhaltigkeit legen<\/p>\n\n\n\n<h1 class=\"wp-block-heading\" id=\"Ablauf\"><strong>Ablauf des Calls&nbsp;<\/strong><\/h1>\n\n\n\n<p>Der Call for Participation des University:Future Festivals 2026 lief bis zum 16. Februar 2026. Nach Ende der Einreichungsfrist wird Ihr Vorschlag durch eine Track-Jury begutachtet. Die Track-Jurys setzen sich aus Fachleuten im jeweiligen Bereich, Studierenden sowie Vertreter:innen von Hochschulforum Digitalisierung, der Stiftung Innovation in der Hochschullehre und B\u00fchnenpartnern zusammen. Wir achten darauf, dass Ihr Beitrag von mindestens f\u00fcnf Personen gelesen und bewertet wird, in der Regel sind es mehr.<\/p>\n\n\n\n<p>In einer zweiten Stufe kommen die Leitungen der Track-Jurys zusammen und entscheiden \u00fcber die Setzung des Programms. Sp\u00e4testens Mitte April 2026 erhalten Sie eine Entscheidung von der Jury.<\/p>\n\n\n\n<p>Im Falle einer negativen Entscheidung erhalten Sie von uns eine Begr\u00fcndung.<\/p>\n\n\n\n<h2 class=\"wp-block-heading\"><\/h2>\n\n\n\n<p><strong>Bei weiteren R\u00fcckfragen wenden Sie sich bitte an:<\/strong><\/p>\n\n\n\n<p>Lavinia Hoesch<br><a href=\"mailto:festival_programm@hochschulforum.org\" target=\"_blank\" rel=\"noreferrer noopener\">festival_programm@hochschulforum.org<\/a><br>+49 (0) 173 7675093<\/p>\n","protected":false},"excerpt":{"rendered":"Der Call ist geschlossen. Vielen Dank f\u00fcr Ihre Einreichungen! Der Call for Participation des University:Future Festivals 2026 &#8211; Under Pressure&nbsp;lief vom 01. Dezember bis zum 16. Februar 2026. Wir suchten Talks, Workshops, Diskussionen, Mikrofortbildungen, Labs und andere Formate. Dabei geht es stets um (digitale) Innovationen in der akademischen Bildung und dar\u00fcber hinaus. Hier finden Sie&#8230; <a class=\"view-article\" href=\"https:\/\/festival.hfd.digital\/de\/call-for-participation-2026\/\">View Article<\/a>","protected":false},"author":27,"featured_media":12262,"parent":0,"menu_order":0,"comment_status":"closed","ping_status":"closed","template":"","meta":{"_acf_changed":false,"inline_featured_image":false,"footnotes":""},"class_list":["post-11958","page","type-page","status-publish","has-post-thumbnail","hentry"],"acf":[],"yoast_head":"<!-- This site is optimized with the Yoast SEO plugin v27.2 - https:\/\/yoast.com\/product\/yoast-seo-wordpress\/ -->\n<title>Call for Participation 2026 - University:Future Festival 2026<\/title>\n<meta name=\"description\" content=\"Jede:r kann am Call for Participation des University:Future Festivals 2026 teilnehmen \u2013 denn Hochschulbildung geht uns alle an.\" \/>\n<meta name=\"robots\" content=\"index, follow, max-snippet:-1, max-image-preview:large, max-video-preview:-1\" \/>\n<link rel=\"canonical\" href=\"https:\/\/festival.hfd.digital\/de\/call-for-participation-2026\/\" \/>\n<meta property=\"og:locale\" content=\"de_DE\" \/>\n<meta property=\"og:type\" content=\"article\" \/>\n<meta property=\"og:title\" content=\"Call for Participation - U:FF 2026\" \/>\n<meta property=\"og:description\" content=\"Jede:r kann am Call for Participation des University:Future Festivals 2026 teilnehmen \u2013 denn Hochschulbildung geht uns alle an.\" \/>\n<meta property=\"og:url\" content=\"https:\/\/festival.hfd.digital\/de\/call-for-participation-2026\/\" \/>\n<meta property=\"og:site_name\" content=\"University:Future Festival 2026\" \/>\n<meta property=\"article:modified_time\" content=\"2026-04-08T13:50:38+00:00\" \/>\n<meta property=\"og:image\" content=\"https:\/\/festival.hfd.digital\/de\/wp-content\/uploads\/sites\/3\/2025\/11\/Sharepics-UFF-2026_169.png\" \/>\n\t<meta property=\"og:image:width\" content=\"1920\" \/>\n\t<meta property=\"og:image:height\" content=\"1080\" \/>\n\t<meta property=\"og:image:type\" content=\"image\/png\" \/>\n<meta name=\"twitter:card\" content=\"summary_large_image\" \/>\n<meta name=\"twitter:label1\" content=\"Gesch\u00e4tzte Lesezeit\" \/>\n\t<meta name=\"twitter:data1\" content=\"8\u00a0Minuten\" \/>\n<script type=\"application\/ld+json\" class=\"yoast-schema-graph\">{\"@context\":\"https:\/\/schema.org\",\"@graph\":[{\"@type\":\"WebPage\",\"@id\":\"https:\/\/festival.hfd.digital\/de\/call-for-participation-2026\/\",\"url\":\"https:\/\/festival.hfd.digital\/de\/call-for-participation-2026\/\",\"name\":\"Call for Participation 2026 - University:Future Festival 2026\",\"isPartOf\":{\"@id\":\"https:\/\/festival.hfd.digital\/de\/#website\"},\"primaryImageOfPage\":{\"@id\":\"https:\/\/festival.hfd.digital\/de\/call-for-participation-2026\/#primaryimage\"},\"image\":{\"@id\":\"https:\/\/festival.hfd.digital\/de\/call-for-participation-2026\/#primaryimage\"},\"thumbnailUrl\":\"https:\/\/festival.hfd.digital\/de\/wp-content\/uploads\/sites\/3\/2025\/11\/Sharepics-UFF-2026_169.png\",\"datePublished\":\"2025-11-20T15:46:37+00:00\",\"dateModified\":\"2026-04-08T13:50:38+00:00\",\"description\":\"Jede:r kann am Call for Participation des University:Future Festivals 2026 teilnehmen \u2013 denn Hochschulbildung geht uns alle an.\",\"inLanguage\":\"de\",\"potentialAction\":[{\"@type\":\"ReadAction\",\"target\":[\"https:\/\/festival.hfd.digital\/de\/call-for-participation-2026\/\"]}]},{\"@type\":\"ImageObject\",\"inLanguage\":\"de\",\"@id\":\"https:\/\/festival.hfd.digital\/de\/call-for-participation-2026\/#primaryimage\",\"url\":\"https:\/\/festival.hfd.digital\/de\/wp-content\/uploads\/sites\/3\/2025\/11\/Sharepics-UFF-2026_169.png\",\"contentUrl\":\"https:\/\/festival.hfd.digital\/de\/wp-content\/uploads\/sites\/3\/2025\/11\/Sharepics-UFF-2026_169.png\",\"width\":1920,\"height\":1080,\"caption\":\"Sharepics UFF 2026\"},{\"@type\":\"WebSite\",\"@id\":\"https:\/\/festival.hfd.digital\/de\/#website\",\"url\":\"https:\/\/festival.hfd.digital\/de\/\",\"name\":\"University:Future Festival 2026\",\"description\":\"Das j\u00e4hrliche Festival zur Zukunft der Hochschulbildung.\",\"potentialAction\":[{\"@type\":\"SearchAction\",\"target\":{\"@type\":\"EntryPoint\",\"urlTemplate\":\"https:\/\/festival.hfd.digital\/de\/?s={search_term_string}\"},\"query-input\":{\"@type\":\"PropertyValueSpecification\",\"valueRequired\":true,\"valueName\":\"search_term_string\"}}],\"inLanguage\":\"de\"}]}<\/script>\n<!-- \/ Yoast SEO plugin. -->","yoast_head_json":{"title":"Call for Participation 2026 - University:Future Festival 2026","description":"Jede:r kann am Call for Participation des University:Future Festivals 2026 teilnehmen \u2013 denn Hochschulbildung geht uns alle an.","robots":{"index":"index","follow":"follow","max-snippet":"max-snippet:-1","max-image-preview":"max-image-preview:large","max-video-preview":"max-video-preview:-1"},"canonical":"https:\/\/festival.hfd.digital\/de\/call-for-participation-2026\/","og_locale":"de_DE","og_type":"article","og_title":"Call for Participation - U:FF 2026","og_description":"Jede:r kann am Call for Participation des University:Future Festivals 2026 teilnehmen \u2013 denn Hochschulbildung geht uns alle an.","og_url":"https:\/\/festival.hfd.digital\/de\/call-for-participation-2026\/","og_site_name":"University:Future Festival 2026","article_modified_time":"2026-04-08T13:50:38+00:00","og_image":[{"width":1920,"height":1080,"url":"https:\/\/festival.hfd.digital\/de\/wp-content\/uploads\/sites\/3\/2025\/11\/Sharepics-UFF-2026_169.png","type":"image\/png"}],"twitter_card":"summary_large_image","twitter_misc":{"Gesch\u00e4tzte Lesezeit":"8\u00a0Minuten"},"schema":{"@context":"https:\/\/schema.org","@graph":[{"@type":"WebPage","@id":"https:\/\/festival.hfd.digital\/de\/call-for-participation-2026\/","url":"https:\/\/festival.hfd.digital\/de\/call-for-participation-2026\/","name":"Call for Participation 2026 - University:Future Festival 2026","isPartOf":{"@id":"https:\/\/festival.hfd.digital\/de\/#website"},"primaryImageOfPage":{"@id":"https:\/\/festival.hfd.digital\/de\/call-for-participation-2026\/#primaryimage"},"image":{"@id":"https:\/\/festival.hfd.digital\/de\/call-for-participation-2026\/#primaryimage"},"thumbnailUrl":"https:\/\/festival.hfd.digital\/de\/wp-content\/uploads\/sites\/3\/2025\/11\/Sharepics-UFF-2026_169.png","datePublished":"2025-11-20T15:46:37+00:00","dateModified":"2026-04-08T13:50:38+00:00","description":"Jede:r kann am Call for Participation des University:Future Festivals 2026 teilnehmen \u2013 denn Hochschulbildung geht uns alle an.","inLanguage":"de","potentialAction":[{"@type":"ReadAction","target":["https:\/\/festival.hfd.digital\/de\/call-for-participation-2026\/"]}]},{"@type":"ImageObject","inLanguage":"de","@id":"https:\/\/festival.hfd.digital\/de\/call-for-participation-2026\/#primaryimage","url":"https:\/\/festival.hfd.digital\/de\/wp-content\/uploads\/sites\/3\/2025\/11\/Sharepics-UFF-2026_169.png","contentUrl":"https:\/\/festival.hfd.digital\/de\/wp-content\/uploads\/sites\/3\/2025\/11\/Sharepics-UFF-2026_169.png","width":1920,"height":1080,"caption":"Sharepics UFF 2026"},{"@type":"WebSite","@id":"https:\/\/festival.hfd.digital\/de\/#website","url":"https:\/\/festival.hfd.digital\/de\/","name":"University:Future Festival 2026","description":"Das j\u00e4hrliche Festival zur Zukunft der Hochschulbildung.","potentialAction":[{"@type":"SearchAction","target":{"@type":"EntryPoint","urlTemplate":"https:\/\/festival.hfd.digital\/de\/?s={search_term_string}"},"query-input":{"@type":"PropertyValueSpecification","valueRequired":true,"valueName":"search_term_string"}}],"inLanguage":"de"}]}},"_links":{"self":[{"href":"https:\/\/festival.hfd.digital\/de\/wp-json\/wp\/v2\/pages\/11958","targetHints":{"allow":["GET"]}}],"collection":[{"href":"https:\/\/festival.hfd.digital\/de\/wp-json\/wp\/v2\/pages"}],"about":[{"href":"https:\/\/festival.hfd.digital\/de\/wp-json\/wp\/v2\/types\/page"}],"author":[{"embeddable":true,"href":"https:\/\/festival.hfd.digital\/de\/wp-json\/wp\/v2\/users\/27"}],"replies":[{"embeddable":true,"href":"https:\/\/festival.hfd.digital\/de\/wp-json\/wp\/v2\/comments?post=11958"}],"version-history":[{"count":45,"href":"https:\/\/festival.hfd.digital\/de\/wp-json\/wp\/v2\/pages\/11958\/revisions"}],"predecessor-version":[{"id":12680,"href":"https:\/\/festival.hfd.digital\/de\/wp-json\/wp\/v2\/pages\/11958\/revisions\/12680"}],"wp:featuredmedia":[{"embeddable":true,"href":"https:\/\/festival.hfd.digital\/de\/wp-json\/wp\/v2\/media\/12262"}],"wp:attachment":[{"href":"https:\/\/festival.hfd.digital\/de\/wp-json\/wp\/v2\/media?parent=11958"}],"curies":[{"name":"wp","href":"https:\/\/api.w.org\/{rel}","templated":true}]}}