{"id":11561,"date":"2025-07-17T15:49:42","date_gmt":"2025-07-17T15:49:42","guid":{"rendered":"https:\/\/festival.hfd.digital\/de\/?page_id=11561"},"modified":"2026-04-08T10:04:34","modified_gmt":"2026-04-08T09:04:34","slug":"recap-universityfuture-festival-2025","status":"publish","type":"page","link":"https:\/\/festival.hfd.digital\/de\/recap-universityfuture-festival-2025\/","title":{"rendered":"Recap: University:Future Festival 2025"},"content":{"rendered":"\n<p>Die f\u00fcnfte Ausgabe des University:Future Festivals fand vom 13. bis 15. Mai 2025 unter dem Motto \/imagine statt. Drei Tage lang stand die (digitale) Zukunft der akademischen Bildung im Fokus mit spannenden Impulsen, interaktiven Sessions und innovativen Ideen.<\/p>\n\n\n\n<p>Wie gestalten Hochschulen den Umgang mit K\u00fcnstlicher Intelligenz? Und welche digitalen Kompetenzen sind k\u00fcnftig entscheidend f\u00fcr Studium und Beruf? Kaum ein anderes Format bietet so viel Raum f\u00fcr diese Fragen wie das University:Future Festival: die zentrale Veranstaltung zur (digitalen) Zukunft der Hochschulbildung. Mit \u00fcber <a href=\"https:\/\/festival.hfd.digital\/de\/speakerinnen-2025\/\">600 Speaker:innen<\/a> und mehr als <a href=\"https:\/\/festival.hfd.digital\/de\/programm-2025\/\">330 Programmpunkten<\/a>, darunter Vortr\u00e4ge, Diskussionen, Workshops und praxisnahe Trainings in deutscher und englischer Sprache, bot das Festival erneut einen einzigartigen Rahmen f\u00fcr Austausch, Impulse und Vernetzung. Drei Tage lang stand die digitale Transformation der akademischen Bildung im Mittelpunkt.<\/p>\n\n\n\n<p>2025 markierte einen besonderen Meilenstein den University:Future Festivals: Erstmals wurde das Event standort\u00fcbergreifend in der gesamten DACH-Region umgesetzt: mit <a href=\"https:\/\/festival.hfd.digital\/de\/unsere-praesenzbuehnen-2025\/\">Graz, Z\u00fcrich, Braunschweig, N\u00fcrnberg und der Mainstage in Berlin als zentrale Veranstaltungsorte<\/a>. Eindr\u00fccke von den einzelnen Standorten finden Sie in unserer <a href=\"https:\/\/www.flickr.com\/photos\/hfddigital\/albums\/72177720326241371\/\">Fotogalerie<\/a>.<\/p>\n\n\n\n<p>Wie bereits in den Vorjahren fand das U:FF auch wieder hybrid statt mit Schwerpunkt auf die digitale Teilnahme. Der virtuelle Raum wurde gezielt genutzt, um noch mehr Menschen zu erreichen und den Austausch \u00fcber regionale Grenzen hinweg zu erm\u00f6glichen.<\/p>\n\n\n\n<h3 class=\"wp-block-heading\"><strong>On-Demand Programm<\/strong><\/h3>\n\n\n\n<p>Das digitale Konzept des Festivals erm\u00f6glichte es auch in diesem Jahr ortsunabh\u00e4ngig pers\u00f6nliche Programmh\u00f6hepunkte mitzuerleben, live oder im Nachgang. <\/p>\n\n\n\n<p>Sie konnten nicht in Echtzeit teilnehmen oder m\u00f6chten einzelne Inhalte in Ruhe nachverfolgen? Ab sofort stehen alle Inhalte des U:FF 2025 als On-Demand-Videos in <a href=\"https:\/\/www.youtube.com\/@HochschulforumDigitalisierung\/playlists\">Playlisten auf dem&nbsp;Youtube-Kanal des Hochschulforum Digitalisierung<\/a> oder  direkt in der Programm\u00fcbersicht auf unserer Website<strong> <\/strong>zur Verf\u00fcgung!<\/p>\n\n\n\n<ul class=\"wp-block-list\">\n<li><a href=\"https:\/\/www.youtube.com\/watch?v=gAJDj2W0kJg&amp;list=PLDE3NyZgHoK7F99rwbNm75Q4dU6qLlMfr\">Hier<\/a>&nbsp;finden Sie alle Videos vom University Future:Festival 2025.<\/li>\n\n\n\n<li>Alle englischsprachigen Videos: <a href=\"https:\/\/www.youtube.com\/watch?v=hSXc-ufZWzc&amp;list=PLDE3NyZgHoK6jcUqPOYkRiLheMw2n3YFb\">Playlist<\/a><\/li>\n\n\n\n<li>Playlists nach Tracks: <a href=\"https:\/\/www.youtube.com\/watch?v=63zdzR97O4w&amp;list=PLDE3NyZgHoK5X9YEx30fcwLunCAnAdlBr\">The bigger picture<\/a>, <a href=\"https:\/\/www.youtube.com\/watch?v=q2zBqlESQiE&amp;list=PLDE3NyZgHoK5yOfvZXUULonlplklntujp\">AI &amp; Technology<\/a>, <a href=\"https:\/\/www.youtube.com\/watch?v=sXgnVppgaJs&amp;list=PLDE3NyZgHoK57M5WoLwRAem4JkWNJuSjr\">Future Skills<\/a>, <a href=\"https:\/\/www.youtube.com\/watch?v=IP1vZ5lpwNI&amp;list=PLDE3NyZgHoK40zp6dBmW4DlYsByevNayS\">Innovative Learning<\/a>, <a href=\"https:\/\/www.youtube.com\/watch?v=hSXc-ufZWzc&amp;list=PLDE3NyZgHoK6jcUqPOYkRiLheMw2n3YFb\">People<\/a>, <a href=\"https:\/\/www.youtube.com\/watch?v=gAJDj2W0kJg&amp;list=PLDE3NyZgHoK626n9zB6eCHVgjsH-FNvap\">Structures &amp; Strategies<\/a>.<\/li>\n\n\n\n<li>Playlists nach B\u00fchnen: <a href=\"https:\/\/www.youtube.com\/watch?v=djRgog4eagQ&amp;list=PLDE3NyZgHoK6p_guw2IKZ5e4yQauRJRRR\">Shifting:Stage N\u00fcrnberg<\/a>, <a href=\"https:\/\/www.youtube.com\/watch?v=h4rEoU91xEQ&amp;list=PLDE3NyZgHoK79euEi0NYU5bwgsO6FnooR\">AI:STage TU Graz<\/a>, <a href=\"https:\/\/www.youtube.com\/watch?v=ekNHGr5_f80&amp;list=PLDE3NyZgHoK6ol6-wOB0SC4fEW_2mJKGz\">AI-Edu:Stage Zurich<\/a>, <a href=\"https:\/\/www.youtube.com\/watch?v=ovV6BMERRlg&amp;list=PLDE3NyZgHoK5705BsyDAxUpuPpXoaBh8m\">Future-Tech:Stage TU Braunschweig<\/a>, <a href=\"https:\/\/www.youtube.com\/watch?v=Hx-9UaxXMCU&amp;list=PLDE3NyZgHoK4ru84RBNPA9usTJ1fQQUsi\">Landing:Stage Berlin<\/a>, <a href=\"https:\/\/www.youtube.com\/watch?v=Hx-9UaxXMCU&amp;list=PLDE3NyZgHoK4ru84RBNPA9usTJ1fQQUsi\">Garden:Stage Berlin<\/a>.<\/li>\n<\/ul>\n\n\n\n<p><\/p>\n\n\n\n<figure class=\"wp-block-embed is-type-video is-provider-youtube wp-block-embed-youtube wp-embed-aspect-16-9 wp-has-aspect-ratio\"><div class=\"wp-block-embed__wrapper\">\n<div class=\"BorlabsCookie _brlbs-cb-youtube\"><div class=\"_brlbs-content-blocker\"> <div class=\"_brlbs-embed _brlbs-video-youtube\"> <img decoding=\"async\" class=\"_brlbs-thumbnail\" src=\"https:\/\/festival.hfd.digital\/de\/wp-content\/plugins\/borlabs-cookie\/assets\/images\/cb-no-thumbnail.png\" alt=\"YouTube\"> <div class=\"_brlbs-caption\"> <p>Mit dem Aufruf des Videos erkl\u00f6rst du dich einverstanden, dass Deine Daten an YouTube \u00fcbermittelt werden und dass Du die <a href=\"https:\/\/policies.google.com\/privacy\" target=\"_blank\" rel=\"nofollow noopener noreferrer\">Datenschutzerkl\u00e4rung<\/a> gelesen hast.<\/p> <p><a class=\"_brlbs-btn _brlbs-icon-play-white\" href=\"#\" data-borlabs-cookie-unblock role=\"button\">Einverstanden und Video laden<\/a><\/p> <p><label><input type=\"checkbox\" name=\"unblockAll\" value=\"1\" checked> <small>YouTube immer entsperren<\/small><\/label><\/p> <\/div> <\/div> <\/div><div class=\"borlabs-hide\" data-borlabs-cookie-type=\"content-blocker\" data-borlabs-cookie-id=\"youtube\"><script type=\"text\/template\">PGlmcmFtZSB0aXRsZT0iRXLDtmZmbnVuZyBUYWcgMSAtIEphbm9zY2hrYSwgTWFuc2Jyw7xnZ2UsIEZyYW5rLCBMYXVuZXJ0IC0gVW5pdmVyc2l0eTpGdXR1cmUgRmVzdGl2YWwgMjAyNSIgd2lkdGg9IjkwMCIgaGVpZ2h0PSI1MDYiIHNyYz0iaHR0cHM6Ly93d3cueW91dHViZS1ub2Nvb2tpZS5jb20vZW1iZWQvRHZCTUplNFluUWM\/bGlzdD1QTERFM055WmdIb0s3Rjk5cndiTm03NVE0ZFU2cUxsTWZyIiBmcmFtZWJvcmRlcj0iMCIgYWxsb3c9ImFjY2VsZXJvbWV0ZXI7IGF1dG9wbGF5OyBjbGlwYm9hcmQtd3JpdGU7IGVuY3J5cHRlZC1tZWRpYTsgZ3lyb3Njb3BlOyBwaWN0dXJlLWluLXBpY3R1cmU7IHdlYi1zaGFyZSIgcmVmZXJyZXJwb2xpY3k9InN0cmljdC1vcmlnaW4td2hlbi1jcm9zcy1vcmlnaW4iIGFsbG93ZnVsbHNjcmVlbj48L2lmcmFtZT4=<\/script><\/div><\/div>\n<\/div><\/figure>\n\n\n\n<div class=\"wp-block-columns is-layout-flex wp-container-core-columns-is-layout-9d6595d7 wp-block-columns-is-layout-flex\">\n<div class=\"wp-block-column is-layout-flow wp-block-column-is-layout-flow\">\n<div class=\"wp-block-buttons is-layout-flex wp-block-buttons-is-layout-flex\">\n<div class=\"wp-block-button\"><a class=\"wp-block-button__link has-medium-font-size has-custom-font-size wp-element-button\" href=\"https:\/\/festival.hfd.digital\/de\/programm-2025\/\">Programm 2025<\/a><\/div>\n<\/div>\n<\/div>\n\n\n\n<div class=\"wp-block-column is-layout-flow wp-block-column-is-layout-flow\">\n<div class=\"wp-block-buttons is-layout-flex wp-block-buttons-is-layout-flex\">\n<div class=\"wp-block-button\"><a class=\"wp-block-button__link has-medium-font-size has-custom-font-size wp-element-button\" href=\"https:\/\/festival.hfd.digital\/de\/die-tracks-2025\/\">Tracks 2025<\/a><\/div>\n<\/div>\n<\/div>\n\n\n\n<div class=\"wp-block-column is-layout-flow wp-block-column-is-layout-flow\">\n<div class=\"wp-block-buttons is-layout-flex wp-block-buttons-is-layout-flex\">\n<div class=\"wp-block-button\"><a class=\"wp-block-button__link has-medium-font-size has-custom-font-size wp-element-button\" href=\"https:\/\/festival.hfd.digital\/de\/speakerinnen-2025\/\">Speaker:innen 2025<\/a><\/div>\n<\/div>\n<\/div>\n<\/div>\n\n\n\n<p>Das University:Future Festival ist eine Kooperation zwischen&nbsp;<a href=\"https:\/\/eur04.safelinks.protection.outlook.com\/?url=https%3A%2F%2Fhochschulforumdigitalisierung.de%2F&amp;data=05%7C01%7CSebastian.Horndasch%40stifterverband.de%7C41d2cf1a01d7405f964508db3f3e8c25%7Cc6ff58bc993e4bdb8d106013e2cd361f%7C0%7C0%7C638173310096782011%7CUnknown%7CTWFpbGZsb3d8eyJWIjoiMC4wLjAwMDAiLCJQIjoiV2luMzIiLCJBTiI6Ik1haWwiLCJXVCI6Mn0%3D%7C3000%7C%7C%7C&amp;sdata=syb49JBr%2B43W6pA3OYqxumlJYcYHjcOTCJbluuyxMOQ%3D&amp;reserved=0\" target=\"_blank\" rel=\"noreferrer noopener\">Hochschulforum Digitalisierung<\/a>,&nbsp;<a href=\"https:\/\/eur04.safelinks.protection.outlook.com\/?url=https%3A%2F%2Fstiftung-hochschullehre.de%2F&amp;data=05%7C01%7CSebastian.Horndasch%40stifterverband.de%7C41d2cf1a01d7405f964508db3f3e8c25%7Cc6ff58bc993e4bdb8d106013e2cd361f%7C0%7C0%7C638173310096782011%7CUnknown%7CTWFpbGZsb3d8eyJWIjoiMC4wLjAwMDAiLCJQIjoiV2luMzIiLCJBTiI6Ik1haWwiLCJXVCI6Mn0%3D%7C3000%7C%7C%7C&amp;sdata=t0Hmwac6qeo%2BZC%2B6gsaPAoi567HLvq71hwHLqfyL%2FCM%3D&amp;reserved=0\" target=\"_blank\" rel=\"noreferrer noopener\">Stiftung Innovation in der Hochschullehre<\/a>&nbsp;und&nbsp;<a href=\"https:\/\/www.stifterverband.org\/\" target=\"_blank\" rel=\"noreferrer noopener\">Stifterverband<\/a>.<\/p>\n\n\n\n<p><\/p>\n\n\n\n<h3 class=\"wp-block-heading\">Das Motto 2025: \/imagine<\/h3>\n\n\n\n<p>Das Festivalmotto 2025 ist&nbsp;<em>\/imagine<\/em>. Es ist eine Aufforderung an alle, in&nbsp; diesen politisch und gesellschaftlich schwierigen Zeiten grunds\u00e4tzlich, kreativ, kritisch und vor allem selbst zu denken.&nbsp;<\/p>\n\n\n\n<p>Das Motto<em>&nbsp;&nbsp;<\/em>adressiert alle Ebenen der Hochschulentwicklung:&nbsp;<em>\/imagine<\/em>&nbsp;agile und zukunftsf\u00e4hige Hochschul-Strukturen!&nbsp;<em>\/imagine<\/em>&nbsp;innovative Lehre an allen Hochschulen!&nbsp;<em>\/imagine<\/em>&nbsp;digital souver\u00e4ne und modern ausgestattete Institutionen!&nbsp;<em>\/imagine<\/em>&nbsp;einen klugen und nachhaltigen Einsatz von KI in der Hochschullehre.<\/p>\n\n\n\n<p>Bei einer bekannten Bilder-KI startet&nbsp;<em>\/imagine<\/em>&nbsp;den Befehl zum Erschaffen eines neuen Bildes. Durch die Referenz auf die Kommandozeile sowie auf K\u00fcnstliche Intelligenz r\u00fccken wir auch aktuelle technische Fragestellungen in den Mittelpunkt des Festivals.<\/p>\n\n\n\n<p><\/p>\n\n\n\n<h3 class=\"wp-block-heading\"><strong>Was das University:Future Festival 2025 besonders machte<\/strong><\/h3>\n\n\n\n<p><strong>Gr\u00f6\u00dfe und \u00dcberblick:&nbsp;<\/strong>Das U:FF 2025 bot als gr\u00f6\u00dftes Event seiner Art in der DACH-Region einen einzigartigen \u00dcberblick \u00fcber Zuk\u00fcnfte terti\u00e4rer Bildung und ist damit DER Ort f\u00fcr inhaltliche Inspirationen.<\/p>\n\n\n\n<p><strong>Community-basiert:&nbsp;<\/strong>Unsere Community trifft sich nicht nur ein Mal im Jahr zum Festival \u2013 wir arbeiten das ganze Jahr \u00fcber vertrauensvoll miteinander. Inhalte und Formate des U:FF speisen sich zu einem gro\u00dfen Teil aus den diversen Communities von HFD und der Stiftung Innovation in der Hochschullehre. Mitglieder der Community begeistern andere und teilen Informationen \u00fcber das Festival.<\/p>\n\n\n\n<p><strong>Innovativ und bunt:&nbsp;<\/strong>Das U:FF strebt immer nach Innovationen \u2013 in Inhalten und Formaten. Hierzu z\u00e4hlten 2025 k\u00fcnstlerische Interventionen, neue und diverse Formatideen sowie eine zeitgem\u00e4\u00dfe digitale und analoge Event-Erfahrung.<\/p>\n\n\n\n<p><strong>R\u00e4ume neu gedacht<\/strong>: Das University:Future Festival findet gleichzeitig im digitalen Raum und an mehreren Standorten in der DACH-Region statt.&nbsp;Durch die Digitalit\u00e4t erreichen wir eine hohe Zug\u00e4nglichkeit und ein umfangreiches Programm. Die Pr\u00e4senzb\u00fchnen erm\u00f6glichen Vernetzung und pers\u00f6nliches Erleben.&nbsp;<a href=\"https:\/\/festival.hfd.digital\/de\/unsere-praesenzbuehnen-2025\/\">2025 gab es erstmalig neben Berlin, Braunschweig und N\u00fcrnberg auch Standorte in Graz und Z\u00fcrich.<\/a><\/p>\n\n\n\n<p><\/p>\n","protected":false},"excerpt":{"rendered":"Die f\u00fcnfte Ausgabe des University:Future Festivals fand vom 13. bis 15. Mai 2025 unter dem Motto \/imagine statt. Drei Tage lang stand die (digitale) Zukunft der akademischen Bildung im Fokus mit spannenden Impulsen, interaktiven Sessions und innovativen Ideen. Wie gestalten Hochschulen den Umgang mit K\u00fcnstlicher Intelligenz? Und welche digitalen Kompetenzen sind k\u00fcnftig entscheidend f\u00fcr Studium&#8230; <a class=\"view-article\" href=\"https:\/\/festival.hfd.digital\/de\/recap-universityfuture-festival-2025\/\">View Article<\/a>","protected":false},"author":46,"featured_media":0,"parent":0,"menu_order":0,"comment_status":"closed","ping_status":"closed","template":"","meta":{"_acf_changed":false,"inline_featured_image":false,"footnotes":""},"class_list":["post-11561","page","type-page","status-publish","hentry"],"acf":[],"yoast_head":"<!-- This site is optimized with the Yoast SEO plugin v27.3 - https:\/\/yoast.com\/product\/yoast-seo-wordpress\/ -->\n<title>Recap: University:Future Festival 2025 - University:Future Festival 2026<\/title>\n<meta name=\"description\" content=\"Das University:Future Festival fand 2025 vom 13-15. Mai statt. Sehen Sie sich das Programm noch einmal an und schauen Sie sich die Sessions auf Abruf an.\" \/>\n<meta name=\"robots\" content=\"index, follow, max-snippet:-1, max-image-preview:large, max-video-preview:-1\" \/>\n<link rel=\"canonical\" href=\"https:\/\/festival.hfd.digital\/de\/recap-universityfuture-festival-2025\/\" \/>\n<meta property=\"og:locale\" content=\"de_DE\" \/>\n<meta property=\"og:type\" content=\"article\" \/>\n<meta property=\"og:title\" content=\"Recap: University:Future Festival 2025 - University:Future Festival 2026\" \/>\n<meta property=\"og:description\" content=\"Das University:Future Festival fand 2025 vom 13-15. Mai statt. Sehen Sie sich das Programm noch einmal an und schauen Sie sich die Sessions auf Abruf an.\" \/>\n<meta property=\"og:url\" content=\"https:\/\/festival.hfd.digital\/de\/recap-universityfuture-festival-2025\/\" \/>\n<meta property=\"og:site_name\" content=\"University:Future Festival 2026\" \/>\n<meta property=\"article:modified_time\" content=\"2026-04-08T09:04:34+00:00\" \/>\n<meta name=\"twitter:card\" content=\"summary_large_image\" \/>\n<meta name=\"twitter:label1\" content=\"Gesch\u00e4tzte Lesezeit\" \/>\n\t<meta name=\"twitter:data1\" content=\"4\u00a0Minuten\" \/>\n<script type=\"application\/ld+json\" class=\"yoast-schema-graph\">{\"@context\":\"https:\\\/\\\/schema.org\",\"@graph\":[{\"@type\":\"WebPage\",\"@id\":\"https:\\\/\\\/festival.hfd.digital\\\/de\\\/recap-universityfuture-festival-2025\\\/\",\"url\":\"https:\\\/\\\/festival.hfd.digital\\\/de\\\/recap-universityfuture-festival-2025\\\/\",\"name\":\"Recap: University:Future Festival 2025 - University:Future Festival 2026\",\"isPartOf\":{\"@id\":\"https:\\\/\\\/festival.hfd.digital\\\/de\\\/#website\"},\"datePublished\":\"2025-07-17T15:49:42+00:00\",\"dateModified\":\"2026-04-08T09:04:34+00:00\",\"description\":\"Das University:Future Festival fand 2025 vom 13-15. Mai statt. Sehen Sie sich das Programm noch einmal an und schauen Sie sich die Sessions auf Abruf an.\",\"inLanguage\":\"de\",\"potentialAction\":[{\"@type\":\"ReadAction\",\"target\":[\"https:\\\/\\\/festival.hfd.digital\\\/de\\\/recap-universityfuture-festival-2025\\\/\"]}]},{\"@type\":\"WebSite\",\"@id\":\"https:\\\/\\\/festival.hfd.digital\\\/de\\\/#website\",\"url\":\"https:\\\/\\\/festival.hfd.digital\\\/de\\\/\",\"name\":\"University:Future Festival 2026\",\"description\":\"Das j\u00e4hrliche Festival zur Zukunft der Hochschulbildung.\",\"potentialAction\":[{\"@type\":\"SearchAction\",\"target\":{\"@type\":\"EntryPoint\",\"urlTemplate\":\"https:\\\/\\\/festival.hfd.digital\\\/de\\\/?s={search_term_string}\"},\"query-input\":{\"@type\":\"PropertyValueSpecification\",\"valueRequired\":true,\"valueName\":\"search_term_string\"}}],\"inLanguage\":\"de\"}]}<\/script>\n<!-- \/ Yoast SEO plugin. -->","yoast_head_json":{"title":"Recap: University:Future Festival 2025 - University:Future Festival 2026","description":"Das University:Future Festival fand 2025 vom 13-15. Mai statt. Sehen Sie sich das Programm noch einmal an und schauen Sie sich die Sessions auf Abruf an.","robots":{"index":"index","follow":"follow","max-snippet":"max-snippet:-1","max-image-preview":"max-image-preview:large","max-video-preview":"max-video-preview:-1"},"canonical":"https:\/\/festival.hfd.digital\/de\/recap-universityfuture-festival-2025\/","og_locale":"de_DE","og_type":"article","og_title":"Recap: University:Future Festival 2025 - University:Future Festival 2026","og_description":"Das University:Future Festival fand 2025 vom 13-15. Mai statt. Sehen Sie sich das Programm noch einmal an und schauen Sie sich die Sessions auf Abruf an.","og_url":"https:\/\/festival.hfd.digital\/de\/recap-universityfuture-festival-2025\/","og_site_name":"University:Future Festival 2026","article_modified_time":"2026-04-08T09:04:34+00:00","twitter_card":"summary_large_image","twitter_misc":{"Gesch\u00e4tzte Lesezeit":"4\u00a0Minuten"},"schema":{"@context":"https:\/\/schema.org","@graph":[{"@type":"WebPage","@id":"https:\/\/festival.hfd.digital\/de\/recap-universityfuture-festival-2025\/","url":"https:\/\/festival.hfd.digital\/de\/recap-universityfuture-festival-2025\/","name":"Recap: University:Future Festival 2025 - University:Future Festival 2026","isPartOf":{"@id":"https:\/\/festival.hfd.digital\/de\/#website"},"datePublished":"2025-07-17T15:49:42+00:00","dateModified":"2026-04-08T09:04:34+00:00","description":"Das University:Future Festival fand 2025 vom 13-15. Mai statt. Sehen Sie sich das Programm noch einmal an und schauen Sie sich die Sessions auf Abruf an.","inLanguage":"de","potentialAction":[{"@type":"ReadAction","target":["https:\/\/festival.hfd.digital\/de\/recap-universityfuture-festival-2025\/"]}]},{"@type":"WebSite","@id":"https:\/\/festival.hfd.digital\/de\/#website","url":"https:\/\/festival.hfd.digital\/de\/","name":"University:Future Festival 2026","description":"Das j\u00e4hrliche Festival zur Zukunft der Hochschulbildung.","potentialAction":[{"@type":"SearchAction","target":{"@type":"EntryPoint","urlTemplate":"https:\/\/festival.hfd.digital\/de\/?s={search_term_string}"},"query-input":{"@type":"PropertyValueSpecification","valueRequired":true,"valueName":"search_term_string"}}],"inLanguage":"de"}]}},"_links":{"self":[{"href":"https:\/\/festival.hfd.digital\/de\/wp-json\/wp\/v2\/pages\/11561","targetHints":{"allow":["GET"]}}],"collection":[{"href":"https:\/\/festival.hfd.digital\/de\/wp-json\/wp\/v2\/pages"}],"about":[{"href":"https:\/\/festival.hfd.digital\/de\/wp-json\/wp\/v2\/types\/page"}],"author":[{"embeddable":true,"href":"https:\/\/festival.hfd.digital\/de\/wp-json\/wp\/v2\/users\/46"}],"replies":[{"embeddable":true,"href":"https:\/\/festival.hfd.digital\/de\/wp-json\/wp\/v2\/comments?post=11561"}],"version-history":[{"count":8,"href":"https:\/\/festival.hfd.digital\/de\/wp-json\/wp\/v2\/pages\/11561\/revisions"}],"predecessor-version":[{"id":12678,"href":"https:\/\/festival.hfd.digital\/de\/wp-json\/wp\/v2\/pages\/11561\/revisions\/12678"}],"wp:attachment":[{"href":"https:\/\/festival.hfd.digital\/de\/wp-json\/wp\/v2\/media?parent=11561"}],"curies":[{"name":"wp","href":"https:\/\/api.w.org\/{rel}","templated":true}]}}