{"id":10698,"date":"2025-03-17T09:39:04","date_gmt":"2025-03-17T09:39:04","guid":{"rendered":"https:\/\/festival.hfd.digital\/de\/?page_id=10698"},"modified":"2025-05-20T13:53:15","modified_gmt":"2025-05-20T13:53:15","slug":"programm-stages-2025","status":"publish","type":"page","link":"https:\/\/festival.hfd.digital\/de\/programm-stages-2025\/","title":{"rendered":"\u00dcber die Stages 2025"},"content":{"rendered":"\n<p><strong>Garden:Stage Berlin (13. &amp; 14. Mai 2025):<\/strong> Die physische Hauptb\u00fchne des Festivals. Hier wurden geladene Keynotes und ausgew\u00e4hlte Beitr\u00e4ge aus der Community gezeigt.<\/p>\n\n\n\n<p><strong>Landing:Stage Berlin<\/strong> <strong>(13. &amp; 14. Mai 2025):<\/strong> Eine physische B\u00fchne in Berlin, die live auf die Startseite der Eventplattform \u00fcbertragen wurde.<\/p>\n\n\n\n<p><strong>Future-Tech:Stage TU Braunschweig &amp; Media Lab:TU Braunschweig (13. Mai 2025):<\/strong> Die beiden B\u00fchne in Braunschweig wurden organisiert von der <a href=\"https:\/\/www.tu-braunschweig.de\/\">Technischen Universit\u00e4t Braunschweig<\/a>. Schwerpunkt: Future Tech.<\/p>\n\n\n\n<p><strong>AI:Stage TU Graz (13. Mai 2025):<\/strong> Die B\u00fchne in Graz wurde organisiert von der <a href=\"https:\/\/www.tugraz.at\/\">TU Graz<\/a>. Inhaltlich ging es hier um die Bedeutung von K\u00fcnstlicher Intelligenz f\u00fcr Hochschulen.<\/p>\n\n\n\n<p><strong>Shifting-Stage N\u00fcrnberg (14. Mai 2025):<\/strong>&nbsp;Die N\u00fcrnberger B\u00fchne des Festivals, organisiert von der&nbsp;<a href=\"https:\/\/www.th-nuernberg.de\/\" target=\"_blank\" rel=\"noreferrer noopener\">Technischen Hochschule N\u00fcrnberg<\/a>&nbsp;und der&nbsp;<a href=\"https:\/\/www.utn.de\/\" target=\"_blank\" rel=\"noreferrer noopener\">Technischen Universit\u00e4t N\u00fcrnberg<\/a>. Schwerpunkt: Innovative Lehr-Lernans\u00e4tze.<\/p>\n\n\n\n<p><strong>AI-Edu:Stage Zurich <strong>(14. Mai 2025)<\/strong>:<\/strong> Die B\u00fchne in Z\u00fcrich wurde organisiert von der <a href=\"https:\/\/ethz.ch\/de.html\">ETH Z\u00fcrich<\/a> und dem <a href=\"https:\/\/www.switzerland-innovation.com\/\">Switzerland Innovation Park<\/a>. Schwerpunkt: K\u00fcnstliche Intelligenz.<\/p>\n\n\n\n<p><strong>StIL-Stage (digital):&nbsp;<\/strong>Eine digitale B\u00fchne mit Beitr\u00e4gen von durch die <a href=\"https:\/\/stiftung-hochschullehre.de\/\" target=\"_blank\" rel=\"noreferrer noopener\">Stiftung Innovation in der Hochschullehre<\/a> (StIL) gef\u00f6rderten Projekten.<\/p>\n\n\n\n<p><strong>Digital 1-11:&nbsp;<\/strong>Digitale B\u00fchnen mit Beitr\u00e4gen aus allen Tracks.<\/p>\n\n\n\n<p><strong>Pr\u00e4senz-Workshop Berlin\/Graz\/Braunschweig\/Z\u00fcrich\/N\u00fcrnberg &amp; Networking Berlin:<\/strong> Workshops und Netzwerkevents, die nur vor Ort an einer der Pr\u00e4senzb\u00fchnen stattfanden. An diesen Programmpunkten konnten sie nur teilnehmen, wenn sie ein Ticket f\u00fcr die jeweilige B\u00fchne haben und vor Ort sind.<\/p>\n\n\n\n<figure class=\"wp-block-image size-large is-resized\"><img loading=\"lazy\" decoding=\"async\" width=\"700\" height=\"394\" src=\"https:\/\/festival.hfd.digital\/de\/wp-content\/uploads\/sites\/3\/2025\/03\/UFF-IMMER-DIGITAL-700x394.png\" alt=\"Das U:FF 2025 findet immer digital und am 13. &amp; 14. Mai auch an verschiedenen Pr\u00e4senzstandorten statt. \" class=\"wp-image-10700\" style=\"width:840px;height:auto\" srcset=\"https:\/\/festival.hfd.digital\/de\/wp-content\/uploads\/sites\/3\/2025\/03\/UFF-IMMER-DIGITAL-700x394.png 700w, https:\/\/festival.hfd.digital\/de\/wp-content\/uploads\/sites\/3\/2025\/03\/UFF-IMMER-DIGITAL-250x141.png 250w, https:\/\/festival.hfd.digital\/de\/wp-content\/uploads\/sites\/3\/2025\/03\/UFF-IMMER-DIGITAL-768x432.png 768w, https:\/\/festival.hfd.digital\/de\/wp-content\/uploads\/sites\/3\/2025\/03\/UFF-IMMER-DIGITAL-1536x864.png 1536w, https:\/\/festival.hfd.digital\/de\/wp-content\/uploads\/sites\/3\/2025\/03\/UFF-IMMER-DIGITAL-120x68.png 120w, https:\/\/festival.hfd.digital\/de\/wp-content\/uploads\/sites\/3\/2025\/03\/UFF-IMMER-DIGITAL.png 1920w\" sizes=\"auto, (max-width: 700px) 100vw, 700px\" \/><\/figure>\n","protected":false},"excerpt":{"rendered":"Garden:Stage Berlin (13. &amp; 14. Mai 2025): Die physische Hauptb\u00fchne des Festivals. Hier wurden geladene Keynotes und ausgew\u00e4hlte Beitr\u00e4ge aus der Community gezeigt. Landing:Stage Berlin (13. &amp; 14. Mai 2025): Eine physische B\u00fchne in Berlin, die live auf die Startseite der Eventplattform \u00fcbertragen wurde. Future-Tech:Stage TU Braunschweig &amp; Media Lab:TU Braunschweig (13. Mai 2025): Die&#8230; <a class=\"view-article\" href=\"https:\/\/festival.hfd.digital\/de\/programm-stages-2025\/\">View Article<\/a>","protected":false},"author":24,"featured_media":0,"parent":0,"menu_order":0,"comment_status":"closed","ping_status":"closed","template":"","meta":{"_acf_changed":false,"inline_featured_image":false,"footnotes":""},"class_list":["post-10698","page","type-page","status-publish","hentry"],"acf":[],"yoast_head":"<!-- This site is optimized with the Yoast SEO plugin v27.2 - https:\/\/yoast.com\/product\/yoast-seo-wordpress\/ -->\n<title>\u00dcber die Stages 2025 - University:Future Festival 2026<\/title>\n<meta name=\"description\" content=\"Das University:Future Festival 2025 findet immer digital und am 13. &amp; 14. Mai auch an verschiedenen Pr\u00e4senzstandorten statt.\" \/>\n<meta name=\"robots\" content=\"index, follow, max-snippet:-1, max-image-preview:large, max-video-preview:-1\" \/>\n<link rel=\"canonical\" href=\"https:\/\/festival.hfd.digital\/de\/programm-stages-2025\/\" \/>\n<meta property=\"og:locale\" content=\"de_DE\" \/>\n<meta property=\"og:type\" content=\"article\" \/>\n<meta property=\"og:title\" content=\"University:Future Festival 2025 - \/imagine\" \/>\n<meta property=\"og:description\" content=\"Das University:Future Festival 2025 findet immer digital und am 13. &amp; 14. Mai auch an verschiedenen Pr\u00e4senzstandorten statt.\" \/>\n<meta property=\"og:url\" content=\"https:\/\/festival.hfd.digital\/de\/programm-stages-2025\/\" \/>\n<meta property=\"og:site_name\" content=\"University:Future Festival 2026\" \/>\n<meta property=\"article:modified_time\" content=\"2025-05-20T13:53:15+00:00\" \/>\n<meta property=\"og:image\" content=\"https:\/\/festival.hfd.digital\/de\/wp-content\/uploads\/sites\/3\/2024\/11\/31.10.-Motto-imagine.png\" \/>\n\t<meta property=\"og:image:width\" content=\"1920\" \/>\n\t<meta property=\"og:image:height\" content=\"1080\" \/>\n\t<meta property=\"og:image:type\" content=\"image\/png\" \/>\n<meta name=\"twitter:card\" content=\"summary_large_image\" \/>\n<meta name=\"twitter:label1\" content=\"Gesch\u00e4tzte Lesezeit\" \/>\n\t<meta name=\"twitter:data1\" content=\"2\u00a0Minuten\" \/>\n<script type=\"application\/ld+json\" class=\"yoast-schema-graph\">{\"@context\":\"https:\/\/schema.org\",\"@graph\":[{\"@type\":\"WebPage\",\"@id\":\"https:\/\/festival.hfd.digital\/de\/programm-stages-2025\/\",\"url\":\"https:\/\/festival.hfd.digital\/de\/programm-stages-2025\/\",\"name\":\"\u00dcber die Stages 2025 - University:Future Festival 2026\",\"isPartOf\":{\"@id\":\"https:\/\/festival.hfd.digital\/de\/#website\"},\"primaryImageOfPage\":{\"@id\":\"https:\/\/festival.hfd.digital\/de\/programm-stages-2025\/#primaryimage\"},\"image\":{\"@id\":\"https:\/\/festival.hfd.digital\/de\/programm-stages-2025\/#primaryimage\"},\"thumbnailUrl\":\"https:\/\/festival.hfd.digital\/de\/wp-content\/uploads\/sites\/3\/2025\/03\/UFF-IMMER-DIGITAL-700x394.png\",\"datePublished\":\"2025-03-17T09:39:04+00:00\",\"dateModified\":\"2025-05-20T13:53:15+00:00\",\"description\":\"Das University:Future Festival 2025 findet immer digital und am 13. & 14. Mai auch an verschiedenen Pr\u00e4senzstandorten statt.\",\"inLanguage\":\"de\",\"potentialAction\":[{\"@type\":\"ReadAction\",\"target\":[\"https:\/\/festival.hfd.digital\/de\/programm-stages-2025\/\"]}]},{\"@type\":\"ImageObject\",\"inLanguage\":\"de\",\"@id\":\"https:\/\/festival.hfd.digital\/de\/programm-stages-2025\/#primaryimage\",\"url\":\"https:\/\/festival.hfd.digital\/de\/wp-content\/uploads\/sites\/3\/2025\/03\/UFF-IMMER-DIGITAL.png\",\"contentUrl\":\"https:\/\/festival.hfd.digital\/de\/wp-content\/uploads\/sites\/3\/2025\/03\/UFF-IMMER-DIGITAL.png\",\"width\":1920,\"height\":1080},{\"@type\":\"WebSite\",\"@id\":\"https:\/\/festival.hfd.digital\/de\/#website\",\"url\":\"https:\/\/festival.hfd.digital\/de\/\",\"name\":\"University:Future Festival 2026\",\"description\":\"Das j\u00e4hrliche Festival zur Zukunft der Hochschulbildung.\",\"potentialAction\":[{\"@type\":\"SearchAction\",\"target\":{\"@type\":\"EntryPoint\",\"urlTemplate\":\"https:\/\/festival.hfd.digital\/de\/?s={search_term_string}\"},\"query-input\":{\"@type\":\"PropertyValueSpecification\",\"valueRequired\":true,\"valueName\":\"search_term_string\"}}],\"inLanguage\":\"de\"}]}<\/script>\n<!-- \/ Yoast SEO plugin. -->","yoast_head_json":{"title":"\u00dcber die Stages 2025 - University:Future Festival 2026","description":"Das University:Future Festival 2025 findet immer digital und am 13. & 14. Mai auch an verschiedenen Pr\u00e4senzstandorten statt.","robots":{"index":"index","follow":"follow","max-snippet":"max-snippet:-1","max-image-preview":"max-image-preview:large","max-video-preview":"max-video-preview:-1"},"canonical":"https:\/\/festival.hfd.digital\/de\/programm-stages-2025\/","og_locale":"de_DE","og_type":"article","og_title":"University:Future Festival 2025 - \/imagine","og_description":"Das University:Future Festival 2025 findet immer digital und am 13. & 14. Mai auch an verschiedenen Pr\u00e4senzstandorten statt.","og_url":"https:\/\/festival.hfd.digital\/de\/programm-stages-2025\/","og_site_name":"University:Future Festival 2026","article_modified_time":"2025-05-20T13:53:15+00:00","og_image":[{"width":1920,"height":1080,"url":"https:\/\/festival.hfd.digital\/de\/wp-content\/uploads\/sites\/3\/2024\/11\/31.10.-Motto-imagine.png","type":"image\/png"}],"twitter_card":"summary_large_image","twitter_misc":{"Gesch\u00e4tzte Lesezeit":"2\u00a0Minuten"},"schema":{"@context":"https:\/\/schema.org","@graph":[{"@type":"WebPage","@id":"https:\/\/festival.hfd.digital\/de\/programm-stages-2025\/","url":"https:\/\/festival.hfd.digital\/de\/programm-stages-2025\/","name":"\u00dcber die Stages 2025 - University:Future Festival 2026","isPartOf":{"@id":"https:\/\/festival.hfd.digital\/de\/#website"},"primaryImageOfPage":{"@id":"https:\/\/festival.hfd.digital\/de\/programm-stages-2025\/#primaryimage"},"image":{"@id":"https:\/\/festival.hfd.digital\/de\/programm-stages-2025\/#primaryimage"},"thumbnailUrl":"https:\/\/festival.hfd.digital\/de\/wp-content\/uploads\/sites\/3\/2025\/03\/UFF-IMMER-DIGITAL-700x394.png","datePublished":"2025-03-17T09:39:04+00:00","dateModified":"2025-05-20T13:53:15+00:00","description":"Das University:Future Festival 2025 findet immer digital und am 13. & 14. Mai auch an verschiedenen Pr\u00e4senzstandorten statt.","inLanguage":"de","potentialAction":[{"@type":"ReadAction","target":["https:\/\/festival.hfd.digital\/de\/programm-stages-2025\/"]}]},{"@type":"ImageObject","inLanguage":"de","@id":"https:\/\/festival.hfd.digital\/de\/programm-stages-2025\/#primaryimage","url":"https:\/\/festival.hfd.digital\/de\/wp-content\/uploads\/sites\/3\/2025\/03\/UFF-IMMER-DIGITAL.png","contentUrl":"https:\/\/festival.hfd.digital\/de\/wp-content\/uploads\/sites\/3\/2025\/03\/UFF-IMMER-DIGITAL.png","width":1920,"height":1080},{"@type":"WebSite","@id":"https:\/\/festival.hfd.digital\/de\/#website","url":"https:\/\/festival.hfd.digital\/de\/","name":"University:Future Festival 2026","description":"Das j\u00e4hrliche Festival zur Zukunft der Hochschulbildung.","potentialAction":[{"@type":"SearchAction","target":{"@type":"EntryPoint","urlTemplate":"https:\/\/festival.hfd.digital\/de\/?s={search_term_string}"},"query-input":{"@type":"PropertyValueSpecification","valueRequired":true,"valueName":"search_term_string"}}],"inLanguage":"de"}]}},"_links":{"self":[{"href":"https:\/\/festival.hfd.digital\/de\/wp-json\/wp\/v2\/pages\/10698","targetHints":{"allow":["GET"]}}],"collection":[{"href":"https:\/\/festival.hfd.digital\/de\/wp-json\/wp\/v2\/pages"}],"about":[{"href":"https:\/\/festival.hfd.digital\/de\/wp-json\/wp\/v2\/types\/page"}],"author":[{"embeddable":true,"href":"https:\/\/festival.hfd.digital\/de\/wp-json\/wp\/v2\/users\/24"}],"replies":[{"embeddable":true,"href":"https:\/\/festival.hfd.digital\/de\/wp-json\/wp\/v2\/comments?post=10698"}],"version-history":[{"count":3,"href":"https:\/\/festival.hfd.digital\/de\/wp-json\/wp\/v2\/pages\/10698\/revisions"}],"predecessor-version":[{"id":11510,"href":"https:\/\/festival.hfd.digital\/de\/wp-json\/wp\/v2\/pages\/10698\/revisions\/11510"}],"wp:attachment":[{"href":"https:\/\/festival.hfd.digital\/de\/wp-json\/wp\/v2\/media?parent=10698"}],"curies":[{"name":"wp","href":"https:\/\/api.w.org\/{rel}","templated":true}]}}