{"id":10672,"date":"2025-03-20T09:26:10","date_gmt":"2025-03-20T09:26:10","guid":{"rendered":"https:\/\/festival.hfd.digital\/de\/?page_id=10672"},"modified":"2026-04-10T15:48:56","modified_gmt":"2026-04-10T14:48:56","slug":"praesenzbuehne-zurich-2025","status":"publish","type":"page","link":"https:\/\/festival.hfd.digital\/de\/praesenzbuehne-zurich-2025\/","title":{"rendered":"AI-Edu:Stage Z\u00fcrich 2025"},"content":{"rendered":"\n<h5 class=\"wp-block-heading\">Die B\u00fchne der\u00a0<a href=\"https:\/\/ethz.ch\/\">ETH Z\u00fcrich<\/a>\u00a0und des <a href=\"https:\/\/innovationparkzurich.com\/en\/\">Switzerland Innovation Park Zurich<\/a> konzentrierte sich auf die Anwendung von K\u00fcnstlicher Intelligenz zur Unterst\u00fctzung der Hochschullehre: konkrete Werkzeuge und Plattformen, Techniken und Technologien, Strukturen und Infrastrukturen. Teilnehmende konnten sich auf regen Austausch rund um diesen n\u00e4chsten Schritt der Digitalisierung in Lehre und Lernen freuen. Die AI Edu:Stage in Z\u00fcrich fand am Mittwoch, den 14. Mai 2025 statt.\u00a0<\/h5>\n\n\n\n<p><\/p>\n\n\n<div class=\"wp-block-image is-style-default\">\n<figure class=\"aligncenter size-large\"><img loading=\"lazy\" decoding=\"async\" width=\"700\" height=\"525\" src=\"https:\/\/festival.hfd.digital\/de\/wp-content\/uploads\/sites\/3\/2025\/03\/Stage-Sharepic_Zuerich-700x525.png\" alt=\"Die AI-Edu:Stage Z\u00fcrich findet am 14. Mai 2025 statt.\" class=\"wp-image-10674\" srcset=\"https:\/\/festival.hfd.digital\/de\/wp-content\/uploads\/sites\/3\/2025\/03\/Stage-Sharepic_Zuerich-700x525.png 700w, https:\/\/festival.hfd.digital\/de\/wp-content\/uploads\/sites\/3\/2025\/03\/Stage-Sharepic_Zuerich-250x188.png 250w, https:\/\/festival.hfd.digital\/de\/wp-content\/uploads\/sites\/3\/2025\/03\/Stage-Sharepic_Zuerich-768x576.png 768w, https:\/\/festival.hfd.digital\/de\/wp-content\/uploads\/sites\/3\/2025\/03\/Stage-Sharepic_Zuerich-1536x1152.png 1536w, https:\/\/festival.hfd.digital\/de\/wp-content\/uploads\/sites\/3\/2025\/03\/Stage-Sharepic_Zuerich-120x90.png 120w, https:\/\/festival.hfd.digital\/de\/wp-content\/uploads\/sites\/3\/2025\/03\/Stage-Sharepic_Zuerich.png 1920w\" sizes=\"auto, (max-width: 700px) 100vw, 700px\" \/><\/figure>\n<\/div>\n\n\n<p><\/p>\n\n\n\n<p><strong>Eckdaten<\/strong>: Das Programm begann am 14. Mai um 09:00 Uhr und endete um circa 17:00 Uhr.<\/p>\n\n\n\n<p><strong>Location<\/strong>: Innovationspark Z\u00fcrich, Wangenstrasse 68, 8600 Duebendorf, Schweiz.<\/p>\n\n\n\n<p><a href=\"#keynotes\">Keynote-Speaker:innen <\/a><br><a href=\"#B\u00fchnenprogramm\">B\u00fchnenprogramm<\/a><br><a href=\"#rahmenprogramm\">Rahmenprogramm<\/a><br><a href=\"#on-demand\">On-Demand<\/a><\/p>\n\n\n\n<h2 class=\"wp-block-heading\" id=\"keynotes\">Keynote-Speaker:innen (Auswahl)<\/h2>\n\n\n\n<div class=\"wp-block-columns is-layout-flex wp-container-core-columns-is-layout-9d6595d7 wp-block-columns-is-layout-flex\">\n<div class=\"wp-block-column is-layout-flow wp-block-column-is-layout-flow\">\n<figure class=\"wp-block-image size-full is-style-rounded wp-duotone-unset-1\"><img loading=\"lazy\" decoding=\"async\" width=\"2371\" height=\"2560\" src=\"https:\/\/festival.hfd.digital\/de\/wp-content\/uploads\/sites\/3\/2025\/03\/Kate-Maxwell-Headshot-2021-neu-scaled.jpg\" alt=\"\" class=\"wp-image-11032\" style=\"aspect-ratio:1;object-fit:cover\" srcset=\"https:\/\/festival.hfd.digital\/de\/wp-content\/uploads\/sites\/3\/2025\/03\/Kate-Maxwell-Headshot-2021-neu-scaled.jpg 2371w, https:\/\/festival.hfd.digital\/de\/wp-content\/uploads\/sites\/3\/2025\/03\/Kate-Maxwell-Headshot-2021-neu-250x270.jpg 250w, https:\/\/festival.hfd.digital\/de\/wp-content\/uploads\/sites\/3\/2025\/03\/Kate-Maxwell-Headshot-2021-neu-700x756.jpg 700w, https:\/\/festival.hfd.digital\/de\/wp-content\/uploads\/sites\/3\/2025\/03\/Kate-Maxwell-Headshot-2021-neu-768x829.jpg 768w, https:\/\/festival.hfd.digital\/de\/wp-content\/uploads\/sites\/3\/2025\/03\/Kate-Maxwell-Headshot-2021-neu-1422x1536.jpg 1422w, https:\/\/festival.hfd.digital\/de\/wp-content\/uploads\/sites\/3\/2025\/03\/Kate-Maxwell-Headshot-2021-neu-1897x2048.jpg 1897w, https:\/\/festival.hfd.digital\/de\/wp-content\/uploads\/sites\/3\/2025\/03\/Kate-Maxwell-Headshot-2021-neu-120x130.jpg 120w\" sizes=\"auto, (max-width: 2371px) 100vw, 2371px\" \/><\/figure>\n\n\n\n<p class=\"has-text-align-center\"><strong>Kate Maxwell<\/strong><br>General Manager f\u00fcr Worldwide Education Industry bei Microsoft<br><\/p>\n<\/div>\n\n\n\n<div class=\"wp-block-column is-layout-flow wp-block-column-is-layout-flow\">\n<figure class=\"wp-block-image size-full is-style-rounded wp-duotone-unset-2\"><img loading=\"lazy\" decoding=\"async\" width=\"600\" height=\"800\" src=\"https:\/\/festival.hfd.digital\/de\/wp-content\/uploads\/sites\/3\/2025\/03\/mrinmaya-sachan.jpg\" alt=\"\" class=\"wp-image-11034\" style=\"aspect-ratio:1;object-fit:cover\" srcset=\"https:\/\/festival.hfd.digital\/de\/wp-content\/uploads\/sites\/3\/2025\/03\/mrinmaya-sachan.jpg 600w, https:\/\/festival.hfd.digital\/de\/wp-content\/uploads\/sites\/3\/2025\/03\/mrinmaya-sachan-250x333.jpg 250w, https:\/\/festival.hfd.digital\/de\/wp-content\/uploads\/sites\/3\/2025\/03\/mrinmaya-sachan-120x160.jpg 120w\" sizes=\"auto, (max-width: 600px) 100vw, 600px\" \/><\/figure>\n\n\n\n<p class=\"has-text-align-center\"><strong>Mrinmaya Sachan<br><\/strong>Assistenz Professor in Informatik an der ETH Z\u00fcrich<\/p>\n<\/div>\n\n\n\n<div class=\"wp-block-column is-layout-flow wp-block-column-is-layout-flow\">\n<figure class=\"wp-block-image size-full is-style-rounded wp-duotone-unset-3\"><img loading=\"lazy\" decoding=\"async\" width=\"1990\" height=\"2048\" src=\"https:\/\/festival.hfd.digital\/de\/wp-content\/uploads\/sites\/3\/2025\/03\/alireza-darvishy.jpg\" alt=\"\" class=\"wp-image-11035\" style=\"aspect-ratio:1;object-fit:cover\" srcset=\"https:\/\/festival.hfd.digital\/de\/wp-content\/uploads\/sites\/3\/2025\/03\/alireza-darvishy.jpg 1990w, https:\/\/festival.hfd.digital\/de\/wp-content\/uploads\/sites\/3\/2025\/03\/alireza-darvishy-250x257.jpg 250w, https:\/\/festival.hfd.digital\/de\/wp-content\/uploads\/sites\/3\/2025\/03\/alireza-darvishy-700x720.jpg 700w, https:\/\/festival.hfd.digital\/de\/wp-content\/uploads\/sites\/3\/2025\/03\/alireza-darvishy-768x790.jpg 768w, https:\/\/festival.hfd.digital\/de\/wp-content\/uploads\/sites\/3\/2025\/03\/alireza-darvishy-1493x1536.jpg 1493w, https:\/\/festival.hfd.digital\/de\/wp-content\/uploads\/sites\/3\/2025\/03\/alireza-darvishy-120x123.jpg 120w\" sizes=\"auto, (max-width: 1990px) 100vw, 1990px\" \/><\/figure>\n\n\n\n<p class=\"has-text-align-center\"><strong>Alireza Darvishy<\/strong><br>ZHAW, Professor in Informatik mit Spezialisierung in ICT-Accessibility<\/p>\n<\/div>\n<\/div>\n\n\n\n<h2 class=\"wp-block-heading\">B\u00fchnenprogramm<\/h2>\n\n\n\n<figure class=\"wp-block-table is-style-stripes\"><table><thead><tr><th><\/th><th class=\"has-text-align-left\" data-align=\"left\"><strong>AI-Edu:Stage Zurich<\/strong><\/th><th class=\"has-text-align-left\" data-align=\"left\"><strong>Pr\u00e4senz-Workshops Z\u00fcrich<\/strong><\/th><\/tr><\/thead><tbody><tr><td>09:00&nbsp;\u201309:30&nbsp;Uhr<\/td><td class=\"has-text-align-left\" data-align=\"left\"><a href=\"https:\/\/festival.hfd.digital\/de\/sessions-2025\/?id=879184\">Er\u00f6ffnung der AI-Edu:Stage Z\u00fcrich<\/a><\/td><td class=\"has-text-align-left\" data-align=\"left\"><\/td><\/tr><tr><td>09:35&nbsp;\u201310:05&nbsp;Uhr<\/td><td class=\"has-text-align-left\" data-align=\"left\"><a href=\"https:\/\/festival.hfd.digital\/de\/sessions-2025\/?id=879186\">AI for Education<\/a><\/td><td class=\"has-text-align-left\" data-align=\"left\"><\/td><\/tr><tr><td><\/td><td class=\"has-text-align-left\" data-align=\"left\"><em>Pause <\/em><\/td><td class=\"has-text-align-left\" data-align=\"left\"><\/td><\/tr><tr><td>10:20&nbsp;\u201311:25&nbsp;Uhr<\/td><td class=\"has-text-align-left\" data-align=\"left\"><a href=\"https:\/\/festival.hfd.digital\/de\/sessions-2025\/?id=879188\">Higher Education in the AI Era<\/a><\/td><td class=\"has-text-align-left\" data-align=\"left\"><\/td><\/tr><tr><td><\/td><td class=\"has-text-align-left\" data-align=\"left\"><em>Pause <\/em><\/td><td class=\"has-text-align-left\" data-align=\"left\"><\/td><\/tr><tr><td>11:40&nbsp;\u201312:10&nbsp;Uhr<\/td><td class=\"has-text-align-left\" data-align=\"left\"><a href=\"https:\/\/festival.hfd.digital\/de\/sessions-2025\/?id=836953\">Future of Accessible Mathematical and Chart Content in PDFs<\/a><\/td><td class=\"has-text-align-left\" data-align=\"left\"><a href=\"https:\/\/festival.hfd.digital\/de\/sessions-2025\/?id=813781\">KI auf Ma\u00df: CustomGPTs f\u00fcr den Hochschulalltag<\/a><br>(bis 12:45&nbsp;Uhr)<\/td><\/tr><tr><td>12:15&nbsp;\u201312:45&nbsp;Uhr<\/td><td class=\"has-text-align-left\" data-align=\"left\"><a href=\"https:\/\/festival.hfd.digital\/de\/sessions-2025\/?id=841531\">Stell dir Vor: Eine andere k\u00fcnstliche Intelligenz ist m\u00f6glich!<\/a><\/td><td class=\"has-text-align-left\" data-align=\"left\"><\/td><\/tr><tr><td><\/td><td class=\"has-text-align-left\" data-align=\"left\"><em>Mittagspause <\/em><\/td><td class=\"has-text-align-left\" data-align=\"left\"><\/td><\/tr><tr><td>13:45&nbsp;\u201314:15&nbsp;Uhr<\/td><td class=\"has-text-align-left\" data-align=\"left\"><a href=\"https:\/\/festival.hfd.digital\/de\/sessions-2025\/?id=838295\">Imagine AI Literacy: Studierende als KI-Multiplikator*innen<\/a><\/td><td class=\"has-text-align-left\" data-align=\"left\"><a href=\"https:\/\/festival.hfd.digital\/de\/sessions-2025\/?id=841770\">Offene KI als didaktische Chance<br><\/a>(bis 14:50 Uhr)<\/td><\/tr><tr><td>14:20&nbsp;\u201314:50&nbsp;Uhr<\/td><td class=\"has-text-align-left\" data-align=\"left\"><a href=\"https:\/\/festival.hfd.digital\/de\/sessions-2025\/?id=882408\">Design einer Lernumgebung f\u00fcr den kritischen Umgang mit KI<\/a><\/td><td class=\"has-text-align-left\" data-align=\"left\"><\/td><\/tr><tr><td><\/td><td class=\"has-text-align-left\" data-align=\"left\"><em>Pause<\/em><\/td><td class=\"has-text-align-left\" data-align=\"left\"><\/td><\/tr><tr><td>15:05&nbsp;\u201315:35&nbsp;Uhr<\/td><td class=\"has-text-align-left\" data-align=\"left\"><a href=\"https:\/\/festival.hfd.digital\/de\/programm-2025\/programm-14-05-2025\/#timetable\">Generalizable and Interpretable Models of Learning<\/a><\/td><td class=\"has-text-align-left\" data-align=\"left\"><a href=\"https:\/\/festival.hfd.digital\/de\/sessions-2025\/?id=841618\">Jailbreak an AI! KI-Bots an die Grenzen bringen<\/a><br>(bis 16:10 Uhr)<\/td><\/tr><tr><td>15:40&nbsp;\u201316:10&nbsp;Uhr<\/td><td class=\"has-text-align-left\" data-align=\"left\"><a href=\"https:\/\/festival.hfd.digital\/de\/sessions-2025\/?id=840891\">\/imagine KI-Fortbildungen f\u00fcr alle Lehrenden \u2013 Wege zur innovativen Lehre<\/a><\/td><td class=\"has-text-align-left\" data-align=\"left\"><\/td><\/tr><tr><td><\/td><td class=\"has-text-align-left\" data-align=\"left\"><em>Pause<\/em><\/td><td class=\"has-text-align-left\" data-align=\"left\"><\/td><\/tr><tr><td>16:25&nbsp;\u201316:55&nbsp;Uhr<\/td><td class=\"has-text-align-left\" data-align=\"left\"><a href=\"https:\/\/festival.hfd.digital\/de\/sessions-2025\/?id=841822\">Generative Artificial Intelligence and Well-Being in Higher Education<\/a><\/td><td class=\"has-text-align-left\" data-align=\"left\"><\/td><\/tr><tr><td>17:00 \u2013 <br>17:30 Uhr<\/td><td class=\"has-text-align-left\" data-align=\"left\"><a href=\"https:\/\/festival.hfd.digital\/de\/sessions-2025\/?id=841774\">ChallengING the Future: AI-Based Coaching meets Challenge-Based Learning<\/a><\/td><td class=\"has-text-align-left\" data-align=\"left\"><\/td><\/tr><tr><td>17:30 \u2013 <br>18:00 Uhr<\/td><td class=\"has-text-align-left\" data-align=\"left\"><a href=\"https:\/\/festival.hfd.digital\/de\/sessions-2025\/?id=892403\">Closing der AI-Edu:Stage Z\u00fcrich<\/a><\/td><td class=\"has-text-align-left\" data-align=\"left\"><\/td><\/tr><\/tbody><\/table><\/figure>\n\n\n\n<p><\/p>\n\n\n\n<p>Alle <strong>B\u00fchnenprogrammpunkte<\/strong> der AI-Edu:Stage Z\u00fcrich finden Sie in unserer Programm\u00fcbersicht.<\/p>\n\n\n\n<div class=\"wp-block-buttons is-layout-flex wp-block-buttons-is-layout-flex\">\n<div class=\"wp-block-button has-custom-font-size has-medium-font-size\"><a class=\"wp-block-button__link wp-element-button\" href=\"https:\/\/festival.hfd.digital\/de\/programm-2025\/\" target=\"_blank\" rel=\"noreferrer noopener\">Hier geht es zur Programm\u00fcbersicht<\/a><\/div>\n<\/div>\n\n\n\n<h2 class=\"wp-block-heading\" id=\"rahmenprogramm\"><strong>Rahmenprogramm<\/strong><\/h2>\n\n\n\n<p><strong>AI Mirror &#8211; How would you imagine yourself?<\/strong><br>Bereits jetzt ist es mit k\u00fcnstlichen neuronalen Netzen m\u00f6glich aus einem Prompt beliebige Bilder in Echtzeit zu erzeugen. Wie w\u00e4re es aber, sich selbst in diese generierten Bilder zu begeben? Durch die Verkn\u00fcpfung mit einem Tiefenbild erschafften wir den AI Mirror. Mit der interaktiven Installation wollten wir spielerisch die M\u00f6glichkeiten und Grenzen dieses neuen Feldes zeigen, sowie durch Visualisierungen Einblicke ins Innere der KI erm\u00f6glichen und so zum Nachdenken und Austauschen anregen.<br>&#8211; Martin Reckziegel<\/p>\n\n\n\n<p><strong>Comparative Assessment \u2013 Markov-Modellierung mit Roboter-Instrumenten<\/strong><br>Die Installation erforschte die kreative Interaktion zwischen Mensch und Maschine. Mechatronische Instrumente reagieren auf Eingaben des Publikums, die mithilfe von Markov-Modellen und neuronalen Netzwerken weiterentwickelt werden. So entstand ein Dialog, der k\u00fcnstlerische Synergien zwischen menschlicher Intuition und maschineller Pr\u00e4zision aufzeigte. Das Projekt hinterfragte Urheberschaft, Kontrolle und das kreative Potenzial von Algorithmen.<br>&#8211; Tobias Euler<\/p>\n\n\n\n<p><strong>Das KI-Kochstudio: Erstelle individualisierte Lernspiele mit ChatGPT und Co.<\/strong><br>Willkommen im KI-Kochstudio! Ich brachte die Zutaten f\u00fcr ein gutes Lernspiel mithilfe von LLMs wie ChatGPT mit, und die Teilnehmenden konnten sich auf dieser Basis ihr eigenes Lernspiel &#8222;kochen&#8220;. Am Ende konnte die &#8222;Rezeptkarte&#8220; mit nach Hause genommen und dort weiterentwickelt werden.<br>&#8211; Jennifer Fritz<\/p>\n\n\n\n<h4 class=\"wp-block-heading\">Abendveranstaltung<\/h4>\n\n\n\n<p>In Z\u00fcrich gab es einen gemeinsamen Ausklang am Abend nach dem Event.<\/p>\n\n\n\n<h2 class=\"wp-block-heading\" id=\"on-demand\">On-Demand<\/h2>\n\n\n\n<p>Videos von der AI-Edu:Stage Z\u00fcrich finden Sie nach dem U:FF 25 auf dem YouTube-Kanal des Hochschulforums Digitalisierung.<\/p>\n\n\n\n<p>Die Pr\u00e4senzb\u00fchne in Z\u00fcrich wird organisiert von der <a href=\"https:\/\/ethz.ch\/\">ETH Z\u00fcrich<\/a>.<\/p>\n\n\n\n<div class=\"wp-block-buttons is-layout-flex wp-block-buttons-is-layout-flex\">\n<div class=\"wp-block-button\"><a class=\"wp-block-button__link wp-element-button\" href=\"https:\/\/festival.hfd.digital\/de\/tickets\/\">Sichern Sie sich hier ihr Ticket<\/a><\/div>\n<\/div>\n","protected":false},"excerpt":{"rendered":"Die B\u00fchne der\u00a0ETH Z\u00fcrich\u00a0und des Switzerland Innovation Park Zurich konzentrierte sich auf die Anwendung von K\u00fcnstlicher Intelligenz zur Unterst\u00fctzung der Hochschullehre: konkrete Werkzeuge und Plattformen, Techniken und Technologien, Strukturen und Infrastrukturen. Teilnehmende konnten sich auf regen Austausch rund um diesen n\u00e4chsten Schritt der Digitalisierung in Lehre und Lernen freuen. Die AI Edu:Stage in Z\u00fcrich fand&#8230; <a class=\"view-article\" href=\"https:\/\/festival.hfd.digital\/de\/praesenzbuehne-zurich-2025\/\">View Article<\/a>","protected":false},"author":3,"featured_media":0,"parent":0,"menu_order":0,"comment_status":"closed","ping_status":"closed","template":"","meta":{"_acf_changed":false,"inline_featured_image":false,"footnotes":""},"class_list":["post-10672","page","type-page","status-publish","hentry"],"acf":[],"yoast_head":"<!-- This site is optimized with the Yoast SEO plugin v27.3 - https:\/\/yoast.com\/product\/yoast-seo-wordpress\/ -->\n<title>AI-Edu:Stage Z\u00fcrich 2025 - University:Future Festival 2026<\/title>\n<meta name=\"description\" content=\"Am 14. Mai 2025 zeigt die AI Edu:Stage der ETH Z\u00fcrich den Einsatz von KI in der Hochschullehre mit Fokus auf Werkzeuge und Plattformen.\" \/>\n<meta name=\"robots\" content=\"index, follow, max-snippet:-1, max-image-preview:large, max-video-preview:-1\" \/>\n<link rel=\"canonical\" href=\"https:\/\/festival.hfd.digital\/de\/praesenzbuehne-zurich-2025\/\" \/>\n<meta property=\"og:locale\" content=\"de_DE\" \/>\n<meta property=\"og:type\" content=\"article\" \/>\n<meta property=\"og:title\" content=\"AI-Edu:Stage Z\u00fcrich\" \/>\n<meta property=\"og:description\" content=\"Am 14. Mai 2025 zeigt die AI Edu:Stage der ETH Z\u00fcrich den Einsatz von KI in der Hochschullehre mit Fokus auf Werkzeuge und Plattformen.\" \/>\n<meta property=\"og:url\" content=\"https:\/\/festival.hfd.digital\/de\/praesenzbuehne-zurich-2025\/\" \/>\n<meta property=\"og:site_name\" content=\"University:Future Festival 2026\" \/>\n<meta property=\"article:modified_time\" content=\"2026-04-10T14:48:56+00:00\" \/>\n<meta property=\"og:image\" content=\"https:\/\/festival.hfd.digital\/de\/wp-content\/uploads\/sites\/3\/2025\/03\/Stage-Sharepic_Zuerich-700x525.png\" \/>\n\t<meta property=\"og:image:width\" content=\"700\" \/>\n\t<meta property=\"og:image:height\" content=\"525\" \/>\n\t<meta property=\"og:image:type\" content=\"image\/png\" \/>\n<meta name=\"twitter:card\" content=\"summary_large_image\" \/>\n<meta name=\"twitter:label1\" content=\"Gesch\u00e4tzte Lesezeit\" \/>\n\t<meta name=\"twitter:data1\" content=\"4\u00a0Minuten\" \/>\n<script type=\"application\/ld+json\" class=\"yoast-schema-graph\">{\"@context\":\"https:\\\/\\\/schema.org\",\"@graph\":[{\"@type\":\"WebPage\",\"@id\":\"https:\\\/\\\/festival.hfd.digital\\\/de\\\/praesenzbuehne-zurich-2025\\\/\",\"url\":\"https:\\\/\\\/festival.hfd.digital\\\/de\\\/praesenzbuehne-zurich-2025\\\/\",\"name\":\"AI-Edu:Stage Z\u00fcrich 2025 - University:Future Festival 2026\",\"isPartOf\":{\"@id\":\"https:\\\/\\\/festival.hfd.digital\\\/de\\\/#website\"},\"primaryImageOfPage\":{\"@id\":\"https:\\\/\\\/festival.hfd.digital\\\/de\\\/praesenzbuehne-zurich-2025\\\/#primaryimage\"},\"image\":{\"@id\":\"https:\\\/\\\/festival.hfd.digital\\\/de\\\/praesenzbuehne-zurich-2025\\\/#primaryimage\"},\"thumbnailUrl\":\"https:\\\/\\\/festival.hfd.digital\\\/de\\\/wp-content\\\/uploads\\\/sites\\\/3\\\/2025\\\/03\\\/Stage-Sharepic_Zuerich-700x525.png\",\"datePublished\":\"2025-03-20T09:26:10+00:00\",\"dateModified\":\"2026-04-10T14:48:56+00:00\",\"description\":\"Am 14. Mai 2025 zeigt die AI Edu:Stage der ETH Z\u00fcrich den Einsatz von KI in der Hochschullehre mit Fokus auf Werkzeuge und Plattformen.\",\"inLanguage\":\"de\",\"potentialAction\":[{\"@type\":\"ReadAction\",\"target\":[\"https:\\\/\\\/festival.hfd.digital\\\/de\\\/praesenzbuehne-zurich-2025\\\/\"]}]},{\"@type\":\"ImageObject\",\"inLanguage\":\"de\",\"@id\":\"https:\\\/\\\/festival.hfd.digital\\\/de\\\/praesenzbuehne-zurich-2025\\\/#primaryimage\",\"url\":\"https:\\\/\\\/festival.hfd.digital\\\/de\\\/wp-content\\\/uploads\\\/sites\\\/3\\\/2025\\\/03\\\/Stage-Sharepic_Zuerich.png\",\"contentUrl\":\"https:\\\/\\\/festival.hfd.digital\\\/de\\\/wp-content\\\/uploads\\\/sites\\\/3\\\/2025\\\/03\\\/Stage-Sharepic_Zuerich.png\",\"width\":1920,\"height\":1440},{\"@type\":\"WebSite\",\"@id\":\"https:\\\/\\\/festival.hfd.digital\\\/de\\\/#website\",\"url\":\"https:\\\/\\\/festival.hfd.digital\\\/de\\\/\",\"name\":\"University:Future Festival 2026\",\"description\":\"Das j\u00e4hrliche Festival zur Zukunft der Hochschulbildung.\",\"potentialAction\":[{\"@type\":\"SearchAction\",\"target\":{\"@type\":\"EntryPoint\",\"urlTemplate\":\"https:\\\/\\\/festival.hfd.digital\\\/de\\\/?s={search_term_string}\"},\"query-input\":{\"@type\":\"PropertyValueSpecification\",\"valueRequired\":true,\"valueName\":\"search_term_string\"}}],\"inLanguage\":\"de\"}]}<\/script>\n<!-- \/ Yoast SEO plugin. -->","yoast_head_json":{"title":"AI-Edu:Stage Z\u00fcrich 2025 - University:Future Festival 2026","description":"Am 14. Mai 2025 zeigt die AI Edu:Stage der ETH Z\u00fcrich den Einsatz von KI in der Hochschullehre mit Fokus auf Werkzeuge und Plattformen.","robots":{"index":"index","follow":"follow","max-snippet":"max-snippet:-1","max-image-preview":"max-image-preview:large","max-video-preview":"max-video-preview:-1"},"canonical":"https:\/\/festival.hfd.digital\/de\/praesenzbuehne-zurich-2025\/","og_locale":"de_DE","og_type":"article","og_title":"AI-Edu:Stage Z\u00fcrich","og_description":"Am 14. Mai 2025 zeigt die AI Edu:Stage der ETH Z\u00fcrich den Einsatz von KI in der Hochschullehre mit Fokus auf Werkzeuge und Plattformen.","og_url":"https:\/\/festival.hfd.digital\/de\/praesenzbuehne-zurich-2025\/","og_site_name":"University:Future Festival 2026","article_modified_time":"2026-04-10T14:48:56+00:00","og_image":[{"width":700,"height":525,"url":"https:\/\/festival.hfd.digital\/de\/wp-content\/uploads\/sites\/3\/2025\/03\/Stage-Sharepic_Zuerich-700x525.png","type":"image\/png"}],"twitter_card":"summary_large_image","twitter_misc":{"Gesch\u00e4tzte Lesezeit":"4\u00a0Minuten"},"schema":{"@context":"https:\/\/schema.org","@graph":[{"@type":"WebPage","@id":"https:\/\/festival.hfd.digital\/de\/praesenzbuehne-zurich-2025\/","url":"https:\/\/festival.hfd.digital\/de\/praesenzbuehne-zurich-2025\/","name":"AI-Edu:Stage Z\u00fcrich 2025 - University:Future Festival 2026","isPartOf":{"@id":"https:\/\/festival.hfd.digital\/de\/#website"},"primaryImageOfPage":{"@id":"https:\/\/festival.hfd.digital\/de\/praesenzbuehne-zurich-2025\/#primaryimage"},"image":{"@id":"https:\/\/festival.hfd.digital\/de\/praesenzbuehne-zurich-2025\/#primaryimage"},"thumbnailUrl":"https:\/\/festival.hfd.digital\/de\/wp-content\/uploads\/sites\/3\/2025\/03\/Stage-Sharepic_Zuerich-700x525.png","datePublished":"2025-03-20T09:26:10+00:00","dateModified":"2026-04-10T14:48:56+00:00","description":"Am 14. Mai 2025 zeigt die AI Edu:Stage der ETH Z\u00fcrich den Einsatz von KI in der Hochschullehre mit Fokus auf Werkzeuge und Plattformen.","inLanguage":"de","potentialAction":[{"@type":"ReadAction","target":["https:\/\/festival.hfd.digital\/de\/praesenzbuehne-zurich-2025\/"]}]},{"@type":"ImageObject","inLanguage":"de","@id":"https:\/\/festival.hfd.digital\/de\/praesenzbuehne-zurich-2025\/#primaryimage","url":"https:\/\/festival.hfd.digital\/de\/wp-content\/uploads\/sites\/3\/2025\/03\/Stage-Sharepic_Zuerich.png","contentUrl":"https:\/\/festival.hfd.digital\/de\/wp-content\/uploads\/sites\/3\/2025\/03\/Stage-Sharepic_Zuerich.png","width":1920,"height":1440},{"@type":"WebSite","@id":"https:\/\/festival.hfd.digital\/de\/#website","url":"https:\/\/festival.hfd.digital\/de\/","name":"University:Future Festival 2026","description":"Das j\u00e4hrliche Festival zur Zukunft der Hochschulbildung.","potentialAction":[{"@type":"SearchAction","target":{"@type":"EntryPoint","urlTemplate":"https:\/\/festival.hfd.digital\/de\/?s={search_term_string}"},"query-input":{"@type":"PropertyValueSpecification","valueRequired":true,"valueName":"search_term_string"}}],"inLanguage":"de"}]}},"_links":{"self":[{"href":"https:\/\/festival.hfd.digital\/de\/wp-json\/wp\/v2\/pages\/10672","targetHints":{"allow":["GET"]}}],"collection":[{"href":"https:\/\/festival.hfd.digital\/de\/wp-json\/wp\/v2\/pages"}],"about":[{"href":"https:\/\/festival.hfd.digital\/de\/wp-json\/wp\/v2\/types\/page"}],"author":[{"embeddable":true,"href":"https:\/\/festival.hfd.digital\/de\/wp-json\/wp\/v2\/users\/3"}],"replies":[{"embeddable":true,"href":"https:\/\/festival.hfd.digital\/de\/wp-json\/wp\/v2\/comments?post=10672"}],"version-history":[{"count":37,"href":"https:\/\/festival.hfd.digital\/de\/wp-json\/wp\/v2\/pages\/10672\/revisions"}],"predecessor-version":[{"id":12685,"href":"https:\/\/festival.hfd.digital\/de\/wp-json\/wp\/v2\/pages\/10672\/revisions\/12685"}],"wp:attachment":[{"href":"https:\/\/festival.hfd.digital\/de\/wp-json\/wp\/v2\/media?parent=10672"}],"curies":[{"name":"wp","href":"https:\/\/api.w.org\/{rel}","templated":true}]}}