{"id":10457,"date":"2025-02-14T14:59:04","date_gmt":"2025-02-14T14:59:04","guid":{"rendered":"https:\/\/festival.hfd.digital\/de\/?page_id=10457"},"modified":"2025-02-26T16:36:04","modified_gmt":"2025-02-26T16:36:04","slug":"keynotes2025","status":"publish","type":"page","link":"https:\/\/festival.hfd.digital\/de\/keynotes2025\/","title":{"rendered":"Die Keynote-Speaker:innen 2025"},"content":{"rendered":"\n<p><\/p>\n\n\n\n<div class=\"wp-block-columns is-layout-flex wp-container-core-columns-is-layout-9d6595d7 wp-block-columns-is-layout-flex\">\n<div class=\"wp-block-column is-layout-flow wp-block-column-is-layout-flow\">\n<div class=\"wp-block-columns is-layout-flex wp-container-core-columns-is-layout-9d6595d7 wp-block-columns-is-layout-flex\">\n<div class=\"wp-block-column is-layout-flow wp-block-column-is-layout-flow\" style=\"flex-basis:100%\"><div class=\"wp-block-image is-style-rounded wp-duotone-unset-1\">\n<figure class=\"aligncenter size-large is-resized\"><img loading=\"lazy\" decoding=\"async\" width=\"700\" height=\"466\" src=\"https:\/\/festival.hfd.digital\/de\/wp-content\/uploads\/sites\/3\/2025\/02\/Julia-Freudenberg-Hacker-School_Pressefoto-1-700x466.jpg\" alt=\"\" class=\"wp-image-10443\" style=\"aspect-ratio:1;object-fit:cover;width:449px;height:auto\" srcset=\"https:\/\/festival.hfd.digital\/de\/wp-content\/uploads\/sites\/3\/2025\/02\/Julia-Freudenberg-Hacker-School_Pressefoto-1-700x466.jpg 700w, https:\/\/festival.hfd.digital\/de\/wp-content\/uploads\/sites\/3\/2025\/02\/Julia-Freudenberg-Hacker-School_Pressefoto-1-250x166.jpg 250w, https:\/\/festival.hfd.digital\/de\/wp-content\/uploads\/sites\/3\/2025\/02\/Julia-Freudenberg-Hacker-School_Pressefoto-1-768x511.jpg 768w, https:\/\/festival.hfd.digital\/de\/wp-content\/uploads\/sites\/3\/2025\/02\/Julia-Freudenberg-Hacker-School_Pressefoto-1-1536x1022.jpg 1536w, https:\/\/festival.hfd.digital\/de\/wp-content\/uploads\/sites\/3\/2025\/02\/Julia-Freudenberg-Hacker-School_Pressefoto-1-2048x1363.jpg 2048w, https:\/\/festival.hfd.digital\/de\/wp-content\/uploads\/sites\/3\/2025\/02\/Julia-Freudenberg-Hacker-School_Pressefoto-1-120x80.jpg 120w\" sizes=\"auto, (max-width: 700px) 100vw, 700px\" \/><\/figure>\n<\/div><\/div>\n<\/div>\n<\/div>\n\n\n\n<div class=\"wp-block-column is-layout-flow wp-block-column-is-layout-flow\">\n<h2 class=\"wp-block-heading has-text-align-left\" id=\"atwell\">Julia Freudenberg<\/h2>\n\n\n\n<p>Dr. Julia Freudenberg ist seit 2017 die CEO der Hacker School gGmbH in Hamburg. Nach Berufst\u00e4tigkeit in der freien Wirtschaft, Studium und Promotion \u00fcbernahm sie die Leitung der gemeinn\u00fctzigen Organisation, deren Vision es ist, die Jugend f\u00fcr das Programmieren zu begeistern, ihr die 21st Century Skills zu vermitteln sowie M\u00f6glichkeiten in der IT-Berufswelt aufzuzeigen. Der Fokus der Hacker School liegt auf Kursangeboten an Schulen und damit auch dem Empowern von M\u00e4dchen und sozio\u00f6konomisch benachteiligten Jugendlichen. Erfolgskonzept f\u00fcr die Durchf\u00fchrung sind nachhaltige Kooperationen mit Unternehmen und Hochschulen. Als engagierte Netzwerkerin macht sich Dr. Julia Freudenberg bundesweit f\u00fcr die digitale Bildung stark und verfasste 2024 auch ein viel beachtetes Buch zum Thema: Hack the world a better place.<\/p>\n<\/div>\n<\/div>\n\n\n\n<div class=\"wp-block-group\"><div class=\"wp-block-group__inner-container is-layout-constrained wp-block-group-is-layout-constrained\">\n<div class=\"wp-block-columns is-layout-flex wp-container-core-columns-is-layout-9d6595d7 wp-block-columns-is-layout-flex\">\n<div class=\"wp-block-column is-layout-flow wp-block-column-is-layout-flow\">\n<h2 class=\"wp-block-heading has-text-align-left\" id=\"brandenburg\">Sven Sch\u00fctt<\/h2>\n\n\n\n<p class=\"has-text-align-left\">Dr. Sven Sch\u00fctt ist seit 2010 bei der IU und hat sie zu Deutschlands gr\u00f6\u00dfter Universit\u00e4t und einem f\u00fchrenden EdTech-Unternehmen entwickelt.<\/p>\n\n\n\n<p class=\"has-text-align-left\">Zuvor war er Gesch\u00e4ftsf\u00fchrer der Hertie School und leitete die Reform der deutschen Arbeitsmarktdienstleistungen. Er arbeitete als Berater bei McKinsey &amp; Co und promovierte 2001 am Max-Planck-Institut f\u00fcr Neurobiologie, Lernen und Datenwissenschaft.<br><br><\/p>\n<\/div>\n\n\n\n<div class=\"wp-block-column is-layout-flow wp-block-column-is-layout-flow\">\n<div class=\"wp-block-columns is-layout-flex wp-container-core-columns-is-layout-9d6595d7 wp-block-columns-is-layout-flex\">\n<div class=\"wp-block-column is-layout-flow wp-block-column-is-layout-flow\" style=\"flex-basis:100%\"><div class=\"wp-block-image is-style-rounded wp-duotone-unset-2\">\n<figure class=\"aligncenter size-large is-resized\"><img loading=\"lazy\" decoding=\"async\" width=\"700\" height=\"1050\" src=\"https:\/\/festival.hfd.digital\/de\/wp-content\/uploads\/sites\/3\/2025\/02\/Foto-Sven-Schuett-1-700x1050.jpg\" alt=\"\" class=\"wp-image-10445\" style=\"aspect-ratio:1;object-fit:cover;width:449px\" srcset=\"https:\/\/festival.hfd.digital\/de\/wp-content\/uploads\/sites\/3\/2025\/02\/Foto-Sven-Schuett-1-700x1050.jpg 700w, https:\/\/festival.hfd.digital\/de\/wp-content\/uploads\/sites\/3\/2025\/02\/Foto-Sven-Schuett-1-250x375.jpg 250w, https:\/\/festival.hfd.digital\/de\/wp-content\/uploads\/sites\/3\/2025\/02\/Foto-Sven-Schuett-1-768x1152.jpg 768w, https:\/\/festival.hfd.digital\/de\/wp-content\/uploads\/sites\/3\/2025\/02\/Foto-Sven-Schuett-1-120x180.jpg 120w, https:\/\/festival.hfd.digital\/de\/wp-content\/uploads\/sites\/3\/2025\/02\/Foto-Sven-Schuett-1.jpg 800w\" sizes=\"auto, (max-width: 700px) 100vw, 700px\" \/><\/figure>\n<\/div><\/div>\n<\/div>\n<\/div>\n<\/div>\n<\/div><\/div>\n\n\n\n<div class=\"wp-block-columns is-layout-flex wp-container-core-columns-is-layout-9d6595d7 wp-block-columns-is-layout-flex\">\n<div class=\"wp-block-column is-layout-flow wp-block-column-is-layout-flow\">\n<div class=\"wp-block-columns is-layout-flex wp-container-core-columns-is-layout-9d6595d7 wp-block-columns-is-layout-flex\">\n<div class=\"wp-block-column is-layout-flow wp-block-column-is-layout-flow\" style=\"flex-basis:100%\"><div class=\"wp-block-image is-style-rounded wp-duotone-unset-3\">\n<figure class=\"aligncenter size-full is-resized\"><img loading=\"lazy\" decoding=\"async\" width=\"640\" height=\"480\" src=\"https:\/\/festival.hfd.digital\/de\/wp-content\/uploads\/sites\/3\/2025\/02\/Christoph-Biemann-1-1.jpg\" alt=\"\" class=\"wp-image-10444\" style=\"aspect-ratio:1;object-fit:cover;width:449px\" srcset=\"https:\/\/festival.hfd.digital\/de\/wp-content\/uploads\/sites\/3\/2025\/02\/Christoph-Biemann-1-1.jpg 640w, https:\/\/festival.hfd.digital\/de\/wp-content\/uploads\/sites\/3\/2025\/02\/Christoph-Biemann-1-1-250x188.jpg 250w, https:\/\/festival.hfd.digital\/de\/wp-content\/uploads\/sites\/3\/2025\/02\/Christoph-Biemann-1-1-120x90.jpg 120w\" sizes=\"auto, (max-width: 640px) 100vw, 640px\" \/><\/figure>\n<\/div><\/div>\n<\/div>\n<\/div>\n\n\n\n<div class=\"wp-block-column is-layout-flow wp-block-column-is-layout-flow\">\n<h2 class=\"wp-block-heading has-text-align-left\" id=\"dimitrov\">Christoph Biemann <\/h2>\n\n\n\n<p>Christoph Biemann, 72 Jahre alt, ist Vater von vier Kindern und stolzer Opa von neun Enkeln. Seit \u00fcber 50 Jahren pr\u00e4gt er \u201eDie Sendung mit der Maus\u201c \u2013 meist hinter, aber auch immer wieder vor der Kamera. Mit seinen kreativen Erkl\u00e4rungen und seinem ikonischen gr\u00fcnen Pullover begeistert er Generationen von Zuschauer*innen. Sein Beitrag zur Wissensvermittlung f\u00fcr Kinder ist au\u00dfergew\u00f6hnlich wertvoll und pr\u00e4gt bis heute die Bildungslandschaft. Auch abseits der Maus engagiert er sich f\u00fcr verst\u00e4ndliche und spannende Wissenschaftskommunikation.<br><\/p>\n<\/div>\n<\/div>\n\n\n\n<div class=\"wp-block-columns is-layout-flex wp-container-core-columns-is-layout-9d6595d7 wp-block-columns-is-layout-flex\">\n<div class=\"wp-block-column is-layout-flow wp-block-column-is-layout-flow\">\n<h2 class=\"wp-block-heading has-text-align-left\" id=\"frank\">Lisa Niendorf <\/h2>\n\n\n\n<p class=\"has-text-align-left\">Lisa Niendorf ist Bildungsforscherin und als \u201eLehrkraft f\u00fcr besondere Aufgaben\u201c an der Humboldt-Universit\u00e4t zu Berlin t\u00e4tig. Dort leitet sie Seminare rund um das Pflichtpraktikum in der Lehramtsausbildung. Neben ihrer Lehrt\u00e4tigkeit engagiert sie sich online als \u201eFrauForschung\u201c. Auf Instagram und TikTok teilt sie Einblicke in ihren Alltag als queere Dozentin und Wissenschaftlerin, vermittelt zentrale Erkenntnisse der Bildungsforschung und beleuchtet Herausforderungen in der Lehramtsausbildung. Besonders setzt sich daf\u00fcr ein, das Thema Mental Health im akademischen Bereich zu enttabuisieren und die Hochschule zu einem wertsch\u00e4tzenden, lebensweltbezogenen und queerfreundlichen Ort zu machen.<br><\/p>\n<\/div>\n\n\n\n<div class=\"wp-block-column is-layout-flow wp-block-column-is-layout-flow\">\n<div class=\"wp-block-columns is-layout-flex wp-container-core-columns-is-layout-9d6595d7 wp-block-columns-is-layout-flex\">\n<div class=\"wp-block-column is-layout-flow wp-block-column-is-layout-flow\" style=\"flex-basis:100%\"><div class=\"wp-block-image is-style-rounded wp-duotone-unset-4\">\n<figure class=\"aligncenter size-large is-resized\"><img loading=\"lazy\" decoding=\"async\" width=\"700\" height=\"1050\" src=\"https:\/\/festival.hfd.digital\/de\/wp-content\/uploads\/sites\/3\/2025\/02\/lisa_niendorf_portraets_30.4.2024_stefan_klenke-1-700x1050.jpg\" alt=\"\" class=\"wp-image-10447\" style=\"aspect-ratio:1;object-fit:cover;width:449px;height:auto\" srcset=\"https:\/\/festival.hfd.digital\/de\/wp-content\/uploads\/sites\/3\/2025\/02\/lisa_niendorf_portraets_30.4.2024_stefan_klenke-1-700x1050.jpg 700w, https:\/\/festival.hfd.digital\/de\/wp-content\/uploads\/sites\/3\/2025\/02\/lisa_niendorf_portraets_30.4.2024_stefan_klenke-1-250x375.jpg 250w, https:\/\/festival.hfd.digital\/de\/wp-content\/uploads\/sites\/3\/2025\/02\/lisa_niendorf_portraets_30.4.2024_stefan_klenke-1-768x1152.jpg 768w, https:\/\/festival.hfd.digital\/de\/wp-content\/uploads\/sites\/3\/2025\/02\/lisa_niendorf_portraets_30.4.2024_stefan_klenke-1-1024x1536.jpg 1024w, https:\/\/festival.hfd.digital\/de\/wp-content\/uploads\/sites\/3\/2025\/02\/lisa_niendorf_portraets_30.4.2024_stefan_klenke-1-1365x2048.jpg 1365w, https:\/\/festival.hfd.digital\/de\/wp-content\/uploads\/sites\/3\/2025\/02\/lisa_niendorf_portraets_30.4.2024_stefan_klenke-1-120x180.jpg 120w, https:\/\/festival.hfd.digital\/de\/wp-content\/uploads\/sites\/3\/2025\/02\/lisa_niendorf_portraets_30.4.2024_stefan_klenke-1-scaled.jpg 1707w\" sizes=\"auto, (max-width: 700px) 100vw, 700px\" \/><\/figure>\n<\/div><\/div>\n<\/div>\n<\/div>\n<\/div>\n\n\n\n<div class=\"wp-block-columns is-layout-flex wp-container-core-columns-is-layout-9d6595d7 wp-block-columns-is-layout-flex\">\n<div class=\"wp-block-column is-layout-flow wp-block-column-is-layout-flow\">\n<div class=\"wp-block-columns is-layout-flex wp-container-core-columns-is-layout-9d6595d7 wp-block-columns-is-layout-flex\">\n<div class=\"wp-block-column is-layout-flow wp-block-column-is-layout-flow\" style=\"flex-basis:100%\"><div class=\"wp-block-image is-style-rounded wp-duotone-unset-5\">\n<figure class=\"aligncenter size-large is-resized\"><img loading=\"lazy\" decoding=\"async\" width=\"700\" height=\"466\" src=\"https:\/\/festival.hfd.digital\/de\/wp-content\/uploads\/sites\/3\/2025\/02\/Ralf-Krauter-1-700x466.jpg\" alt=\"\" class=\"wp-image-10448\" style=\"aspect-ratio:1;object-fit:cover;width:449px;height:auto\" srcset=\"https:\/\/festival.hfd.digital\/de\/wp-content\/uploads\/sites\/3\/2025\/02\/Ralf-Krauter-1-700x466.jpg 700w, https:\/\/festival.hfd.digital\/de\/wp-content\/uploads\/sites\/3\/2025\/02\/Ralf-Krauter-1-250x166.jpg 250w, https:\/\/festival.hfd.digital\/de\/wp-content\/uploads\/sites\/3\/2025\/02\/Ralf-Krauter-1-768x511.jpg 768w, https:\/\/festival.hfd.digital\/de\/wp-content\/uploads\/sites\/3\/2025\/02\/Ralf-Krauter-1-120x80.jpg 120w, https:\/\/festival.hfd.digital\/de\/wp-content\/uploads\/sites\/3\/2025\/02\/Ralf-Krauter-1.jpg 982w\" sizes=\"auto, (max-width: 700px) 100vw, 700px\" \/><\/figure>\n<\/div><\/div>\n<\/div>\n<\/div>\n\n\n\n<div class=\"wp-block-column is-layout-flow wp-block-column-is-layout-flow\">\n<h2 class=\"wp-block-heading has-text-align-left\" id=\"fuller\">Ralf Krauter <\/h2>\n\n\n\n<p>Ralf Krauter, geboren 1972 in Esslingen am Neckar, hat in Stuttgart, Freiburg und Brighton Physik studiert und arbeitet seit 25 Jahren als Reporter, Redakteur und Moderator f\u00fcr das t\u00e4gliche Deutschlandfunk-Wissensmagazin \u201eForschung aktuell\u201c. F\u00fcr die Qualit\u00e4t seiner journalistischen Arbeit wurde er vielfach ausgezeichnet, unter anderem mit dem Georg-von-Holtzbrinck-Preis f\u00fcr Wissenschaftsjournalismus. Seit Juli 2023 ist Ralf Krauter auch Podcast-Host beim w\u00f6chentlichen Dlf-KI-Podcast \u201eKI verstehen\u201c.<br><br><\/p>\n<\/div>\n<\/div>\n\n\n\n<div class=\"wp-block-columns is-layout-flex wp-container-core-columns-is-layout-9d6595d7 wp-block-columns-is-layout-flex\">\n<div class=\"wp-block-column is-layout-flow wp-block-column-is-layout-flow\">\n<h2 class=\"wp-block-heading has-text-align-left\" id=\"gleibs\">Carina Schroeder <\/h2>\n\n\n\n<p>Carina Schroeder (geboren 1988) arbeitet seit 2016 als freie Audio-Journalistin f\u00fcr \u00f6ffentlich-rechtliche Sender. Ihr Schwerpunkt ist Wissenschaftsjournalismus, ihr Herz brennt f\u00fcr Radio-Features und erz\u00e4hlerische Formate. Beim Deutschlandfunk und Deutschlandfunk Kultur ist sie regelm\u00e4\u00dfige Autorin von Beitr\u00e4gen und Radiofeatures. Carina Schroeder ist Podcast-Host bei \u201cKI verstehen\u201d sowie \u201c\u00dcber Podcast\u201d und ist au\u00dferdem als Producerin bei \u201cDer Rest ist Geschichte\u201d im Einsatz.<br><\/p>\n<\/div>\n\n\n\n<div class=\"wp-block-column is-layout-flow wp-block-column-is-layout-flow\">\n<div class=\"wp-block-columns is-layout-flex wp-container-core-columns-is-layout-9d6595d7 wp-block-columns-is-layout-flex\">\n<div class=\"wp-block-column is-layout-flow wp-block-column-is-layout-flow\" style=\"flex-basis:100%\"><div class=\"wp-block-image is-style-rounded wp-duotone-unset-6\">\n<figure class=\"aligncenter size-full is-resized\"><img loading=\"lazy\" decoding=\"async\" width=\"372\" height=\"419\" src=\"https:\/\/festival.hfd.digital\/de\/wp-content\/uploads\/sites\/3\/2025\/02\/Carina-Schroeder-1.jpg\" alt=\"\" class=\"wp-image-10446\" style=\"aspect-ratio:1;object-fit:cover;width:449px;height:auto\" srcset=\"https:\/\/festival.hfd.digital\/de\/wp-content\/uploads\/sites\/3\/2025\/02\/Carina-Schroeder-1.jpg 372w, https:\/\/festival.hfd.digital\/de\/wp-content\/uploads\/sites\/3\/2025\/02\/Carina-Schroeder-1-250x282.jpg 250w, https:\/\/festival.hfd.digital\/de\/wp-content\/uploads\/sites\/3\/2025\/02\/Carina-Schroeder-1-120x135.jpg 120w\" sizes=\"auto, (max-width: 372px) 100vw, 372px\" \/><\/figure>\n<\/div><\/div>\n<\/div>\n<\/div>\n<\/div>\n","protected":false},"excerpt":{"rendered":"Julia Freudenberg Dr. Julia Freudenberg ist seit 2017 die CEO der Hacker School gGmbH in Hamburg. Nach Berufst\u00e4tigkeit in der freien Wirtschaft, Studium und Promotion \u00fcbernahm sie die Leitung der gemeinn\u00fctzigen Organisation, deren Vision es ist, die Jugend f\u00fcr das Programmieren zu begeistern, ihr die 21st Century Skills zu vermitteln sowie M\u00f6glichkeiten in der IT-Berufswelt&#8230; <a class=\"view-article\" href=\"https:\/\/festival.hfd.digital\/de\/keynotes2025\/\">View Article<\/a>","protected":false},"author":3,"featured_media":0,"parent":0,"menu_order":0,"comment_status":"closed","ping_status":"closed","template":"","meta":{"_acf_changed":false,"inline_featured_image":false,"footnotes":""},"class_list":["post-10457","page","type-page","status-publish","hentry"],"acf":[],"yoast_head":"<!-- This site is optimized with the Yoast SEO plugin v27.3 - https:\/\/yoast.com\/product\/yoast-seo-wordpress\/ -->\n<title>Die Keynote-Speaker:innen 2025 - University:Future Festival 2026<\/title>\n<meta name=\"description\" content=\"Unsere spannenden Keynote Speaker:innen f\u00fcr das University:Future Festival 2025.\" \/>\n<meta name=\"robots\" content=\"index, follow, max-snippet:-1, max-image-preview:large, max-video-preview:-1\" \/>\n<link rel=\"canonical\" href=\"https:\/\/festival.hfd.digital\/de\/keynotes2025\/\" \/>\n<meta property=\"og:locale\" content=\"de_DE\" \/>\n<meta property=\"og:type\" content=\"article\" \/>\n<meta property=\"og:title\" content=\"Die Keynote-Speaker:innen 2025 - University:Future Festival 2026\" \/>\n<meta property=\"og:description\" content=\"Unsere spannenden Keynote Speaker:innen f\u00fcr das University:Future Festival 2025.\" \/>\n<meta property=\"og:url\" content=\"https:\/\/festival.hfd.digital\/de\/keynotes2025\/\" \/>\n<meta property=\"og:site_name\" content=\"University:Future Festival 2026\" \/>\n<meta property=\"article:modified_time\" content=\"2025-02-26T16:36:04+00:00\" \/>\n<meta property=\"og:image\" content=\"https:\/\/festival.hfd.digital\/de\/wp-content\/uploads\/sites\/3\/2025\/02\/Julia-Freudenberg-Hacker-School_Pressefoto-1-scaled.jpg\" \/>\n\t<meta property=\"og:image:width\" content=\"2560\" \/>\n\t<meta property=\"og:image:height\" content=\"1704\" \/>\n\t<meta property=\"og:image:type\" content=\"image\/jpeg\" \/>\n<meta name=\"twitter:card\" content=\"summary_large_image\" \/>\n<meta name=\"twitter:label1\" content=\"Gesch\u00e4tzte Lesezeit\" \/>\n\t<meta name=\"twitter:data1\" content=\"4\u00a0Minuten\" \/>\n<script type=\"application\/ld+json\" class=\"yoast-schema-graph\">{\"@context\":\"https:\\\/\\\/schema.org\",\"@graph\":[{\"@type\":\"WebPage\",\"@id\":\"https:\\\/\\\/festival.hfd.digital\\\/de\\\/keynotes2025\\\/\",\"url\":\"https:\\\/\\\/festival.hfd.digital\\\/de\\\/keynotes2025\\\/\",\"name\":\"Die Keynote-Speaker:innen 2025 - University:Future Festival 2026\",\"isPartOf\":{\"@id\":\"https:\\\/\\\/festival.hfd.digital\\\/de\\\/#website\"},\"primaryImageOfPage\":{\"@id\":\"https:\\\/\\\/festival.hfd.digital\\\/de\\\/keynotes2025\\\/#primaryimage\"},\"image\":{\"@id\":\"https:\\\/\\\/festival.hfd.digital\\\/de\\\/keynotes2025\\\/#primaryimage\"},\"thumbnailUrl\":\"https:\\\/\\\/festival.hfd.digital\\\/de\\\/wp-content\\\/uploads\\\/sites\\\/3\\\/2025\\\/02\\\/Julia-Freudenberg-Hacker-School_Pressefoto-1-700x466.jpg\",\"datePublished\":\"2025-02-14T14:59:04+00:00\",\"dateModified\":\"2025-02-26T16:36:04+00:00\",\"description\":\"Unsere spannenden Keynote Speaker:innen f\u00fcr das University:Future Festival 2025.\",\"inLanguage\":\"de\",\"potentialAction\":[{\"@type\":\"ReadAction\",\"target\":[\"https:\\\/\\\/festival.hfd.digital\\\/de\\\/keynotes2025\\\/\"]}]},{\"@type\":\"ImageObject\",\"inLanguage\":\"de\",\"@id\":\"https:\\\/\\\/festival.hfd.digital\\\/de\\\/keynotes2025\\\/#primaryimage\",\"url\":\"https:\\\/\\\/festival.hfd.digital\\\/de\\\/wp-content\\\/uploads\\\/sites\\\/3\\\/2025\\\/02\\\/Julia-Freudenberg-Hacker-School_Pressefoto-1-scaled.jpg\",\"contentUrl\":\"https:\\\/\\\/festival.hfd.digital\\\/de\\\/wp-content\\\/uploads\\\/sites\\\/3\\\/2025\\\/02\\\/Julia-Freudenberg-Hacker-School_Pressefoto-1-scaled.jpg\",\"width\":2560,\"height\":1704},{\"@type\":\"WebSite\",\"@id\":\"https:\\\/\\\/festival.hfd.digital\\\/de\\\/#website\",\"url\":\"https:\\\/\\\/festival.hfd.digital\\\/de\\\/\",\"name\":\"University:Future Festival 2026\",\"description\":\"Das j\u00e4hrliche Festival zur Zukunft der Hochschulbildung.\",\"potentialAction\":[{\"@type\":\"SearchAction\",\"target\":{\"@type\":\"EntryPoint\",\"urlTemplate\":\"https:\\\/\\\/festival.hfd.digital\\\/de\\\/?s={search_term_string}\"},\"query-input\":{\"@type\":\"PropertyValueSpecification\",\"valueRequired\":true,\"valueName\":\"search_term_string\"}}],\"inLanguage\":\"de\"}]}<\/script>\n<!-- \/ Yoast SEO plugin. -->","yoast_head_json":{"title":"Die Keynote-Speaker:innen 2025 - University:Future Festival 2026","description":"Unsere spannenden Keynote Speaker:innen f\u00fcr das University:Future Festival 2025.","robots":{"index":"index","follow":"follow","max-snippet":"max-snippet:-1","max-image-preview":"max-image-preview:large","max-video-preview":"max-video-preview:-1"},"canonical":"https:\/\/festival.hfd.digital\/de\/keynotes2025\/","og_locale":"de_DE","og_type":"article","og_title":"Die Keynote-Speaker:innen 2025 - University:Future Festival 2026","og_description":"Unsere spannenden Keynote Speaker:innen f\u00fcr das University:Future Festival 2025.","og_url":"https:\/\/festival.hfd.digital\/de\/keynotes2025\/","og_site_name":"University:Future Festival 2026","article_modified_time":"2025-02-26T16:36:04+00:00","og_image":[{"width":2560,"height":1704,"url":"https:\/\/festival.hfd.digital\/de\/wp-content\/uploads\/sites\/3\/2025\/02\/Julia-Freudenberg-Hacker-School_Pressefoto-1-scaled.jpg","type":"image\/jpeg"}],"twitter_card":"summary_large_image","twitter_misc":{"Gesch\u00e4tzte Lesezeit":"4\u00a0Minuten"},"schema":{"@context":"https:\/\/schema.org","@graph":[{"@type":"WebPage","@id":"https:\/\/festival.hfd.digital\/de\/keynotes2025\/","url":"https:\/\/festival.hfd.digital\/de\/keynotes2025\/","name":"Die Keynote-Speaker:innen 2025 - University:Future Festival 2026","isPartOf":{"@id":"https:\/\/festival.hfd.digital\/de\/#website"},"primaryImageOfPage":{"@id":"https:\/\/festival.hfd.digital\/de\/keynotes2025\/#primaryimage"},"image":{"@id":"https:\/\/festival.hfd.digital\/de\/keynotes2025\/#primaryimage"},"thumbnailUrl":"https:\/\/festival.hfd.digital\/de\/wp-content\/uploads\/sites\/3\/2025\/02\/Julia-Freudenberg-Hacker-School_Pressefoto-1-700x466.jpg","datePublished":"2025-02-14T14:59:04+00:00","dateModified":"2025-02-26T16:36:04+00:00","description":"Unsere spannenden Keynote Speaker:innen f\u00fcr das University:Future Festival 2025.","inLanguage":"de","potentialAction":[{"@type":"ReadAction","target":["https:\/\/festival.hfd.digital\/de\/keynotes2025\/"]}]},{"@type":"ImageObject","inLanguage":"de","@id":"https:\/\/festival.hfd.digital\/de\/keynotes2025\/#primaryimage","url":"https:\/\/festival.hfd.digital\/de\/wp-content\/uploads\/sites\/3\/2025\/02\/Julia-Freudenberg-Hacker-School_Pressefoto-1-scaled.jpg","contentUrl":"https:\/\/festival.hfd.digital\/de\/wp-content\/uploads\/sites\/3\/2025\/02\/Julia-Freudenberg-Hacker-School_Pressefoto-1-scaled.jpg","width":2560,"height":1704},{"@type":"WebSite","@id":"https:\/\/festival.hfd.digital\/de\/#website","url":"https:\/\/festival.hfd.digital\/de\/","name":"University:Future Festival 2026","description":"Das j\u00e4hrliche Festival zur Zukunft der Hochschulbildung.","potentialAction":[{"@type":"SearchAction","target":{"@type":"EntryPoint","urlTemplate":"https:\/\/festival.hfd.digital\/de\/?s={search_term_string}"},"query-input":{"@type":"PropertyValueSpecification","valueRequired":true,"valueName":"search_term_string"}}],"inLanguage":"de"}]}},"_links":{"self":[{"href":"https:\/\/festival.hfd.digital\/de\/wp-json\/wp\/v2\/pages\/10457","targetHints":{"allow":["GET"]}}],"collection":[{"href":"https:\/\/festival.hfd.digital\/de\/wp-json\/wp\/v2\/pages"}],"about":[{"href":"https:\/\/festival.hfd.digital\/de\/wp-json\/wp\/v2\/types\/page"}],"author":[{"embeddable":true,"href":"https:\/\/festival.hfd.digital\/de\/wp-json\/wp\/v2\/users\/3"}],"replies":[{"embeddable":true,"href":"https:\/\/festival.hfd.digital\/de\/wp-json\/wp\/v2\/comments?post=10457"}],"version-history":[{"count":2,"href":"https:\/\/festival.hfd.digital\/de\/wp-json\/wp\/v2\/pages\/10457\/revisions"}],"predecessor-version":[{"id":10461,"href":"https:\/\/festival.hfd.digital\/de\/wp-json\/wp\/v2\/pages\/10457\/revisions\/10461"}],"wp:attachment":[{"href":"https:\/\/festival.hfd.digital\/de\/wp-json\/wp\/v2\/media?parent=10457"}],"curies":[{"name":"wp","href":"https:\/\/api.w.org\/{rel}","templated":true}]}}