{"id":10395,"date":"2025-02-07T12:16:02","date_gmt":"2025-02-07T12:16:02","guid":{"rendered":"https:\/\/festival.hfd.digital\/de\/?page_id=10395"},"modified":"2026-03-16T16:52:36","modified_gmt":"2026-03-16T15:52:36","slug":"call-for-volunteers-sessionhost-digital","status":"publish","type":"page","link":"https:\/\/festival.hfd.digital\/de\/call-for-volunteers-sessionhost-digital\/","title":{"rendered":"Call for Volunteers &#8211; Session:Hosts (digital)"},"content":{"rendered":"<div class=\"wp-block-image\">\n<figure class=\"aligncenter size-large is-resized\"><img loading=\"lazy\" decoding=\"async\" width=\"2560\" height=\"1707\" src=\"https:\/\/festival.hfd.digital\/de\/wp-content\/uploads\/sites\/3\/2025\/02\/53830393175_86272c7c85_o-edited-scaled.jpg\" alt=\"\" class=\"wp-image-10495\" style=\"width:840px;height:auto\" srcset=\"https:\/\/festival.hfd.digital\/de\/wp-content\/uploads\/sites\/3\/2025\/02\/53830393175_86272c7c85_o-edited-scaled.jpg 2560w, https:\/\/festival.hfd.digital\/de\/wp-content\/uploads\/sites\/3\/2025\/02\/53830393175_86272c7c85_o-edited-250x167.jpg 250w, https:\/\/festival.hfd.digital\/de\/wp-content\/uploads\/sites\/3\/2025\/02\/53830393175_86272c7c85_o-edited-700x467.jpg 700w, https:\/\/festival.hfd.digital\/de\/wp-content\/uploads\/sites\/3\/2025\/02\/53830393175_86272c7c85_o-edited-768x512.jpg 768w, https:\/\/festival.hfd.digital\/de\/wp-content\/uploads\/sites\/3\/2025\/02\/53830393175_86272c7c85_o-edited-1536x1024.jpg 1536w, https:\/\/festival.hfd.digital\/de\/wp-content\/uploads\/sites\/3\/2025\/02\/53830393175_86272c7c85_o-edited-2048x1366.jpg 2048w, https:\/\/festival.hfd.digital\/de\/wp-content\/uploads\/sites\/3\/2025\/02\/53830393175_86272c7c85_o-edited-120x80.jpg 120w\" sizes=\"auto, (max-width: 2560px) 100vw, 2560px\" \/><\/figure>\n<\/div>\n\n\n<p><br>Community-Einbindung wird beim University:Future Festival gro\u00df geschrieben! \u00dcber unseren Call for Volunteers suchen wir deshalb motivierte Session:Hosts, die unsere Speaker:innen digital anmoderieren und w\u00e4hrend der Sessions unterst\u00fctzen.&nbsp;<\/p>\n\n\n\n<h2 class=\"wp-block-heading\"><strong>Was wir suchen<\/strong><\/h2>\n\n\n\n<p>Sie unterst\u00fctzen die Vortragenden als Umsetzungssupport beim reibungslosen Ablauf unterschiedlicher digitaler Formate wie Inputs, Trainings und Workshops (n\u00e4heres zu den unterschiedlichen Formaten gibts <a href=\"https:\/\/festival.hfd.digital\/de\/call-for-participation-2026\/\">hier<\/a>). Als digitale:r Session:Host treffen Sie zusammen mit den Speaker:innen 20 Minuten vor Beginn der Session im virtuellen Raum ein und besprechen, an welchen Stellen diese Ihre Hilfe ben\u00f6tigen. Die Session beginnt damit, dass Sie die Speaker:innen anmoderieren. Danach k\u00f6nnen Sie sich entspannt zur\u00fccklehnen und dem Vortrag lauschen. Sollten Probleme auftreten, sind Sie die erste Ansprechperson. Hierf\u00fcr ist es wichtig, dass Sie sich im Vorfeld mit unserer Plattform vertraut gemacht haben.&nbsp; Aber keine Sorge, ein tiefes technisches Know-How ist nicht erforderlich, da wir f\u00fcr technische Probleme ein Support-Team haben, das jederzeit ansprechbar ist. Alles was Sie \u00fcber die Plattform und den Ablauf der Sessions wissen m\u00fcssen, erhalten Sie von uns im Vorfeld in einem ausf\u00fchrlichen Briefing und einem einst\u00fcndigen Training.&nbsp;<\/p>\n\n\n\n<p>Wir suchen also Unterst\u00fctzung f\u00fcr die technische Begleitung der Sessions. Hierbei handelt es sich nicht um eine inhaltliche Moderation, sondern vielmehr um methodische Unterst\u00fctzung f\u00fcr die Speaker:innen.<\/p>\n\n\n\n<h3 class=\"wp-block-heading\"><strong>Ihre Aufgaben auf einen Blick:&nbsp;<\/strong><\/h3>\n\n\n\n<div class=\"wp-block-group\"><div class=\"wp-block-group__inner-container is-layout-constrained wp-block-group-is-layout-constrained\">\n<ul class=\"wp-block-list\">\n<li>Anmoderation der Speaker:innen<\/li>\n\n\n\n<li>Aufzeichnung der Session<\/li>\n\n\n\n<li>Die \u201cdritte Hand\u201d der Speaker:in sein: Unterst\u00fctzung im Chat, bei technischen Problemen oder \u00e4hnlichen Herausforderungen w\u00e4hrend der Veranstaltung.<\/li>\n\n\n\n<li>Kein tiefes technisches Know-how erforderlich<\/li>\n<\/ul>\n<\/div><\/div>\n\n\n\n<h3 class=\"wp-block-heading\"><strong>Aufwand<\/strong>:&nbsp;<\/h3>\n\n\n\n<p>Abh\u00e4ngig von Ihren Angaben (siehe unten) planen wir Ihren Einsatz. Zus\u00e4tzlich zu Ihrer Unterst\u00fctzung w\u00e4hrend des Festivals m\u00fcssen Sie mit ca. zwei Stunden f\u00fcr das Einarbeiten in die Plattform sowie das Briefing rechnen.<\/p>\n\n\n\n<h3 class=\"wp-block-heading\"><strong>Konkrete Daten<\/strong>:<\/h3>\n\n\n\n<ul class=\"wp-block-list\">\n<li>Briefing am<strong> 8. Juni 2026 um 10 \u2013 11 Uhr und 9. Juni 2026 von 15 \u2013 16&nbsp;Uhr<\/strong> (Die Briefings sind identisch, Sie m\u00fcssen nur einmal teilnehmen)<\/li>\n\n\n\n<li>Einsatz w\u00e4hrend des Festivals vom <strong>22. bis 24. Juni 2026<\/strong> in den von Ihnen gew\u00e4hlten Zeitslots.<\/li>\n<\/ul>\n\n\n\n<h2 class=\"wp-block-heading\"><strong>Unser Dankesch\u00f6n:<\/strong><\/h2>\n\n\n\n<p>Die Arbeit als Session:Host ist nach unserer Erfahrung spannend und lehrreich. Aber nat\u00fcrlich wollen wir uns f\u00fcr die Unterst\u00fctzung bedanken:<\/p>\n\n\n\n<ul class=\"wp-block-list\">\n<li>Sie werden auf der Website namentlich genannt.<\/li>\n\n\n\n<li>Sie erhalten eine Bescheinigung \u00fcber Ihr ehrenamtliches Engagement beim U:FF.<\/li>\n\n\n\n<li>Um das Engagement noch sichtbarer zu machen, k\u00f6nnen Sie die Bescheinigung bei HFDcert \u2013 dem Community Certificate des HFD \u2013 einreichen.<\/li>\n\n\n\n<li>Sie erhalten eine kleine \u00dcberraschung : )&nbsp;<\/li>\n<\/ul>\n\n\n\n<p>Haben Sie Lust bekommen, sich einzubringen und gemeinsam mit uns das diesj\u00e4hrige University:Future Festival zu einem unvergesslichen Erlebnis f\u00fcr alle Beteiligten zu machen? Dann beteiligen Sie sich&nbsp; an unserem Call for Volunteers f\u00fcr das 6. U:FF! Die Ausschreibung l\u00e4uft vom XY bis XY und hier gehts zum Formular.<\/p>\n\n\n\n<p>\u00dcbrigens: Die Teilnahme an einem oder mehreren Pr\u00e4senztagen schlie\u00dft die Arbeit als Session:Host nicht aus. Uns stehen vor Ort in Berlin zwar nur begrenzt Arbeitspl\u00e4tze zur Verf\u00fcgung, aber sprechen Sie uns gerne darauf an und wir schauen, was wir erm\u00f6glichen k\u00f6nnen.&nbsp;<\/p>\n\n\n\n<p>Ob Sie als Session:Host f\u00fcr das diesj\u00e4hrige U:FF ausgew\u00e4hlt wurden, teilen wir Ihnen bis zum 29. Mai 2026 mit.<\/p>\n\n\n\n<h2 class=\"wp-block-heading\">Jetzt bewerben!<\/h2>\n\n\n<div class=\"everest-forms\"><script type='text\/javascript'>\n\/* <![CDATA[ *\/\nvar evf_settings = {\"currency_code\":\"USD\",\"currency_thousands\":\",\",\"currency_decimal\":\".\",\"currency_symbol\":\"$\",\"currency_symbol_pos\":\"left\"}\n\/* ]]> *\/\n<\/script>\n<p class=\"everst-forms-form-disable-notice everest-forms-notice everest-forms-notice--info\">This form is disabled.<\/p><\/div>\n\n\n\n<p><\/p>\n","protected":false},"excerpt":{"rendered":"Community-Einbindung wird beim University:Future Festival gro\u00df geschrieben! \u00dcber unseren Call for Volunteers suchen wir deshalb motivierte Session:Hosts, die unsere Speaker:innen digital anmoderieren und w\u00e4hrend der Sessions unterst\u00fctzen.&nbsp; Was wir suchen Sie unterst\u00fctzen die Vortragenden als Umsetzungssupport beim reibungslosen Ablauf unterschiedlicher digitaler Formate wie Inputs, Trainings und Workshops (n\u00e4heres zu den unterschiedlichen Formaten gibts hier). Als&#8230; <a class=\"view-article\" href=\"https:\/\/festival.hfd.digital\/de\/call-for-volunteers-sessionhost-digital\/\">View Article<\/a>","protected":false},"author":24,"featured_media":0,"parent":0,"menu_order":0,"comment_status":"closed","ping_status":"closed","template":"","meta":{"_acf_changed":false,"inline_featured_image":false,"footnotes":""},"class_list":["post-10395","page","type-page","status-publish","hentry"],"acf":[],"yoast_head":"<!-- This site is optimized with the Yoast SEO plugin v27.3 - https:\/\/yoast.com\/product\/yoast-seo-wordpress\/ -->\n<title>Call for Volunteers - Session:Hosts (digital) - University:Future Festival 2026<\/title>\n<meta name=\"description\" content=\"Der Call for Volunteers ist gestartet! Bewirb dich jetzt als Session:Host und begleite unsere digitalen Formate.\" \/>\n<meta name=\"robots\" content=\"index, follow, max-snippet:-1, max-image-preview:large, max-video-preview:-1\" \/>\n<link rel=\"canonical\" href=\"https:\/\/festival.hfd.digital\/de\/call-for-volunteers-sessionhost-digital\/\" \/>\n<meta property=\"og:locale\" content=\"de_DE\" \/>\n<meta property=\"og:type\" content=\"article\" \/>\n<meta property=\"og:title\" content=\"Call for Volunteers - Session:Hosts (digital) - University:Future Festival 2026\" \/>\n<meta property=\"og:description\" content=\"Der Call for Volunteers ist gestartet! Bewirb dich jetzt als Session:Host und begleite unsere digitalen Formate.\" \/>\n<meta property=\"og:url\" content=\"https:\/\/festival.hfd.digital\/de\/call-for-volunteers-sessionhost-digital\/\" \/>\n<meta property=\"og:site_name\" content=\"University:Future Festival 2026\" \/>\n<meta property=\"article:modified_time\" content=\"2026-03-16T15:52:36+00:00\" \/>\n<meta property=\"og:image\" content=\"https:\/\/festival.hfd.digital\/de\/wp-content\/uploads\/sites\/3\/2025\/02\/53830393175_86272c7c85_o-edited-scaled.jpg\" \/>\n\t<meta property=\"og:image:width\" content=\"2560\" \/>\n\t<meta property=\"og:image:height\" content=\"1707\" \/>\n\t<meta property=\"og:image:type\" content=\"image\/jpeg\" \/>\n<meta name=\"twitter:card\" content=\"summary_large_image\" \/>\n<meta name=\"twitter:label1\" content=\"Gesch\u00e4tzte Lesezeit\" \/>\n\t<meta name=\"twitter:data1\" content=\"3\u00a0Minuten\" \/>\n<script type=\"application\/ld+json\" class=\"yoast-schema-graph\">{\"@context\":\"https:\\\/\\\/schema.org\",\"@graph\":[{\"@type\":\"WebPage\",\"@id\":\"https:\\\/\\\/festival.hfd.digital\\\/de\\\/call-for-volunteers-sessionhost-digital\\\/\",\"url\":\"https:\\\/\\\/festival.hfd.digital\\\/de\\\/call-for-volunteers-sessionhost-digital\\\/\",\"name\":\"Call for Volunteers - Session:Hosts (digital) - University:Future Festival 2026\",\"isPartOf\":{\"@id\":\"https:\\\/\\\/festival.hfd.digital\\\/de\\\/#website\"},\"primaryImageOfPage\":{\"@id\":\"https:\\\/\\\/festival.hfd.digital\\\/de\\\/call-for-volunteers-sessionhost-digital\\\/#primaryimage\"},\"image\":{\"@id\":\"https:\\\/\\\/festival.hfd.digital\\\/de\\\/call-for-volunteers-sessionhost-digital\\\/#primaryimage\"},\"thumbnailUrl\":\"https:\\\/\\\/festival.hfd.digital\\\/de\\\/wp-content\\\/uploads\\\/sites\\\/3\\\/2025\\\/02\\\/53830393175_86272c7c85_o-edited-scaled.jpg\",\"datePublished\":\"2025-02-07T12:16:02+00:00\",\"dateModified\":\"2026-03-16T15:52:36+00:00\",\"description\":\"Der Call for Volunteers ist gestartet! Bewirb dich jetzt als Session:Host und begleite unsere digitalen Formate.\",\"inLanguage\":\"de\",\"potentialAction\":[{\"@type\":\"ReadAction\",\"target\":[\"https:\\\/\\\/festival.hfd.digital\\\/de\\\/call-for-volunteers-sessionhost-digital\\\/\"]}]},{\"@type\":\"ImageObject\",\"inLanguage\":\"de\",\"@id\":\"https:\\\/\\\/festival.hfd.digital\\\/de\\\/call-for-volunteers-sessionhost-digital\\\/#primaryimage\",\"url\":\"https:\\\/\\\/festival.hfd.digital\\\/de\\\/wp-content\\\/uploads\\\/sites\\\/3\\\/2025\\\/02\\\/53830393175_86272c7c85_o-edited-scaled.jpg\",\"contentUrl\":\"https:\\\/\\\/festival.hfd.digital\\\/de\\\/wp-content\\\/uploads\\\/sites\\\/3\\\/2025\\\/02\\\/53830393175_86272c7c85_o-edited-scaled.jpg\",\"width\":2560,\"height\":1707},{\"@type\":\"WebSite\",\"@id\":\"https:\\\/\\\/festival.hfd.digital\\\/de\\\/#website\",\"url\":\"https:\\\/\\\/festival.hfd.digital\\\/de\\\/\",\"name\":\"University:Future Festival 2026\",\"description\":\"Das j\u00e4hrliche Festival zur Zukunft der Hochschulbildung.\",\"potentialAction\":[{\"@type\":\"SearchAction\",\"target\":{\"@type\":\"EntryPoint\",\"urlTemplate\":\"https:\\\/\\\/festival.hfd.digital\\\/de\\\/?s={search_term_string}\"},\"query-input\":{\"@type\":\"PropertyValueSpecification\",\"valueRequired\":true,\"valueName\":\"search_term_string\"}}],\"inLanguage\":\"de\"}]}<\/script>\n<!-- \/ Yoast SEO plugin. -->","yoast_head_json":{"title":"Call for Volunteers - Session:Hosts (digital) - University:Future Festival 2026","description":"Der Call for Volunteers ist gestartet! Bewirb dich jetzt als Session:Host und begleite unsere digitalen Formate.","robots":{"index":"index","follow":"follow","max-snippet":"max-snippet:-1","max-image-preview":"max-image-preview:large","max-video-preview":"max-video-preview:-1"},"canonical":"https:\/\/festival.hfd.digital\/de\/call-for-volunteers-sessionhost-digital\/","og_locale":"de_DE","og_type":"article","og_title":"Call for Volunteers - Session:Hosts (digital) - University:Future Festival 2026","og_description":"Der Call for Volunteers ist gestartet! Bewirb dich jetzt als Session:Host und begleite unsere digitalen Formate.","og_url":"https:\/\/festival.hfd.digital\/de\/call-for-volunteers-sessionhost-digital\/","og_site_name":"University:Future Festival 2026","article_modified_time":"2026-03-16T15:52:36+00:00","og_image":[{"width":2560,"height":1707,"url":"https:\/\/festival.hfd.digital\/de\/wp-content\/uploads\/sites\/3\/2025\/02\/53830393175_86272c7c85_o-edited-scaled.jpg","type":"image\/jpeg"}],"twitter_card":"summary_large_image","twitter_misc":{"Gesch\u00e4tzte Lesezeit":"3\u00a0Minuten"},"schema":{"@context":"https:\/\/schema.org","@graph":[{"@type":"WebPage","@id":"https:\/\/festival.hfd.digital\/de\/call-for-volunteers-sessionhost-digital\/","url":"https:\/\/festival.hfd.digital\/de\/call-for-volunteers-sessionhost-digital\/","name":"Call for Volunteers - Session:Hosts (digital) - University:Future Festival 2026","isPartOf":{"@id":"https:\/\/festival.hfd.digital\/de\/#website"},"primaryImageOfPage":{"@id":"https:\/\/festival.hfd.digital\/de\/call-for-volunteers-sessionhost-digital\/#primaryimage"},"image":{"@id":"https:\/\/festival.hfd.digital\/de\/call-for-volunteers-sessionhost-digital\/#primaryimage"},"thumbnailUrl":"https:\/\/festival.hfd.digital\/de\/wp-content\/uploads\/sites\/3\/2025\/02\/53830393175_86272c7c85_o-edited-scaled.jpg","datePublished":"2025-02-07T12:16:02+00:00","dateModified":"2026-03-16T15:52:36+00:00","description":"Der Call for Volunteers ist gestartet! Bewirb dich jetzt als Session:Host und begleite unsere digitalen Formate.","inLanguage":"de","potentialAction":[{"@type":"ReadAction","target":["https:\/\/festival.hfd.digital\/de\/call-for-volunteers-sessionhost-digital\/"]}]},{"@type":"ImageObject","inLanguage":"de","@id":"https:\/\/festival.hfd.digital\/de\/call-for-volunteers-sessionhost-digital\/#primaryimage","url":"https:\/\/festival.hfd.digital\/de\/wp-content\/uploads\/sites\/3\/2025\/02\/53830393175_86272c7c85_o-edited-scaled.jpg","contentUrl":"https:\/\/festival.hfd.digital\/de\/wp-content\/uploads\/sites\/3\/2025\/02\/53830393175_86272c7c85_o-edited-scaled.jpg","width":2560,"height":1707},{"@type":"WebSite","@id":"https:\/\/festival.hfd.digital\/de\/#website","url":"https:\/\/festival.hfd.digital\/de\/","name":"University:Future Festival 2026","description":"Das j\u00e4hrliche Festival zur Zukunft der Hochschulbildung.","potentialAction":[{"@type":"SearchAction","target":{"@type":"EntryPoint","urlTemplate":"https:\/\/festival.hfd.digital\/de\/?s={search_term_string}"},"query-input":{"@type":"PropertyValueSpecification","valueRequired":true,"valueName":"search_term_string"}}],"inLanguage":"de"}]}},"_links":{"self":[{"href":"https:\/\/festival.hfd.digital\/de\/wp-json\/wp\/v2\/pages\/10395","targetHints":{"allow":["GET"]}}],"collection":[{"href":"https:\/\/festival.hfd.digital\/de\/wp-json\/wp\/v2\/pages"}],"about":[{"href":"https:\/\/festival.hfd.digital\/de\/wp-json\/wp\/v2\/types\/page"}],"author":[{"embeddable":true,"href":"https:\/\/festival.hfd.digital\/de\/wp-json\/wp\/v2\/users\/24"}],"replies":[{"embeddable":true,"href":"https:\/\/festival.hfd.digital\/de\/wp-json\/wp\/v2\/comments?post=10395"}],"version-history":[{"count":37,"href":"https:\/\/festival.hfd.digital\/de\/wp-json\/wp\/v2\/pages\/10395\/revisions"}],"predecessor-version":[{"id":12652,"href":"https:\/\/festival.hfd.digital\/de\/wp-json\/wp\/v2\/pages\/10395\/revisions\/12652"}],"wp:attachment":[{"href":"https:\/\/festival.hfd.digital\/de\/wp-json\/wp\/v2\/media?parent=10395"}],"curies":[{"name":"wp","href":"https:\/\/api.w.org\/{rel}","templated":true}]}}